{"id":2682,"date":"2019-10-21T13:50:25","date_gmt":"2019-10-21T11:50:25","guid":{"rendered":"https:\/\/us.edu.pl\/kandydat\/?page_id=2682"},"modified":"2022-05-12T12:36:27","modified_gmt":"2022-05-12T10:36:27","slug":"zdjecie-do-legitymacji","status":"publish","type":"page","link":"https:\/\/us.edu.pl\/kandydat\/zdjecie-do-legitymacji\/","title":{"rendered":"Format zdj\u0119cia"},"content":{"rendered":"<p>[vc_row][vc_column]\r\n                <div class=\"text-modules\">\r\n                    <div class=\"container\">\r\n                        <h3 class=\"page-title text__title\">Zdj\u0119cia do Elektronicznej Legitymacji Studenckiej<\/h3>\r\n                        <div class=\"text-modules__content\"><p><strong>Zdj\u0119cie do Elektronicznej Legitymacji Studenckiej powinno spe\u0142nia\u0107 te same wymagania, co zdj\u0119cie do dowodu osobistego i paszportu ( zdj\u0119cie biometryczne)<\/strong> .<\/p>\n<ul>\n<li>Fotografia wykonana na jednolitym jasnym tle, z r\u00f3wnomiernym o\u015bwietleniem, maj\u0105ca dobr\u0105 ostro\u015b\u0107 oraz odwzorowuj\u0105ca naturalny kolor sk\u00f3ry, obejmuj\u0105ca wizerunek od wierzcho\u0142ka g\u0142owy do g\u00f3rnej cz\u0119\u015bci bark\u00f3w, tak aby twarz zajmowa\u0142a 70\u201380% fotografii, pokazuj\u0105ca wyra\u017anie oczy, zw\u0142aszcza \u017arenice, z widocznymi brwiami i przedstawiaj\u0105ca osob\u0119 w pozycji frontalnej, z zachowaniem symetrii w pionie, bez nakrycia g\u0142owy i okular\u00f3w z ciemnymi szk\u0142ami, patrz\u0105c\u0105 na wprost z otwartymi oczami nieprzes\u0142oni\u0119tymi w\u0142osami, z naturalnym wyrazem twarzy i zamkni\u0119tymi ustami.<\/li>\n<li>Fotografia powinna by\u0107 wykonana nie wcze\u015bniej ni\u017c 6 miesi\u0119cy przed dniem z\u0142o\u017cenia wniosku.<\/li>\n<li>Zdj\u0119cia powinny by\u0107 dobrej jako\u015bci (wyra\u017ane, o prawid\u0142owej jasno\u015bci, kontra\u015bcie i kolorystyce).<\/li>\n<li>T\u0142o powinno by\u0107 g\u0142adkie i niejaskrawe a kontur g\u0142owy powinien by\u0107 wyra\u017anie widoczny. Niedopuszczalne jest, by w tle wida\u0107 by\u0142o cie\u0144 fotografowanej osoby b\u0105d\u017a inne rozpraszaj\u0105ce uwag\u0119 szczeg\u00f3\u0142y.<\/li>\n<li>Kolory powinny by\u0107 naturalne, niedopuszczalne s\u0105 zdj\u0119cia niekolorowe (czarno-bia\u0142e, sepia).<\/li>\n<li>Do Elektronicznej Legitymacji Studenckiej preferowane jest zdj\u0119cie w formacie JPG o wymiarach 400 x 500 pikseli, co pozwala na wydrukowanie zdj\u0119cia w rozmiarze 2 cm * 2,5 cm z odpowiedni\u0105 jako\u015bci\u0105. Akceptowane s\u0105 r\u00f3wnie\u017c zdj\u0119cia o wi\u0119kszych wymiarach spe\u0142niaj\u0105cych powy\u017csze proporcje.<\/li>\n<\/ul>\n<p><strong>UWAGA:<\/strong><\/p>\n<p>Wgranie zdj\u0119cia do systemu IRK jest obowi\u0105zkowe po zakwalifikowaniu na studia. Poniewa\u017c zdj\u0119cie wymaga uprzedniej weryfikacji i zatwierdzenia w systemie przez pracownika U\u015a, dlatego prosimy nie odk\u0142ada\u0107 przes\u0142ania zdj\u0119cia do IRK na ostatni\u0105 chwil\u0119! Nieumieszczenie zdj\u0119cia na koncie w IRK nie skutkuje wykluczeniem z kwalifikacji. Jest natomiast konieczne do wydrukowania podania o przyj\u0119cie na studia, wymaganego przy sk\u0142adaniu dokument\u00f3w na studia.<\/p>\n<\/div>\r\n                    <\/div>\r\n                <\/div>[\/vc_column][\/vc_row]<\/p>","protected":false},"excerpt":{"rendered":"<p>[vc_row][vc_column][\/vc_column][\/vc_row] [&#8230;]<\/p>\n<p><a class=\"btn btn-secondary understrap-read-more-link\" href=\"https:\/\/us.edu.pl\/kandydat\/zdjecie-do-legitymacji\/\">Read More&#8230;<\/a><\/p>\n","protected":false},"author":31,"featured_media":0,"parent":0,"menu_order":0,"comment_status":"closed","ping_status":"closed","template":"page-templates\/page-with-sidebar-and-bookmarks.php","meta":{"_expiration-date-status":"","_expiration-date":0,"_expiration-date-type":"","_expiration-date-categories":[],"_expiration-date-options":[]},"acf":[],"_links":{"self":[{"href":"https:\/\/us.edu.pl\/kandydat\/wp-json\/wp\/v2\/pages\/2682"}],"collection":[{"href":"https:\/\/us.edu.pl\/kandydat\/wp-json\/wp\/v2\/pages"}],"about":[{"href":"https:\/\/us.edu.pl\/kandydat\/wp-json\/wp\/v2\/types\/page"}],"author":[{"embeddable":true,"href":"https:\/\/us.edu.pl\/kandydat\/wp-json\/wp\/v2\/users\/31"}],"replies":[{"embeddable":true,"href":"https:\/\/us.edu.pl\/kandydat\/wp-json\/wp\/v2\/comments?post=2682"}],"version-history":[{"count":10,"href":"https:\/\/us.edu.pl\/kandydat\/wp-json\/wp\/v2\/pages\/2682\/revisions"}],"predecessor-version":[{"id":8897,"href":"https:\/\/us.edu.pl\/kandydat\/wp-json\/wp\/v2\/pages\/2682\/revisions\/8897"}],"wp:attachment":[{"href":"https:\/\/us.edu.pl\/kandydat\/wp-json\/wp\/v2\/media?parent=2682"}],"curies":[{"name":"wp","href":"https:\/\/api.w.org\/{rel}","templated":true}]}}