{"id":3263,"date":"2019-10-31T09:06:50","date_gmt":"2019-10-31T08:06:50","guid":{"rendered":"https:\/\/us.edu.pl\/kandydat\/?page_id=3263"},"modified":"2019-10-31T09:06:50","modified_gmt":"2019-10-31T08:06:50","slug":"mapa-strony","status":"publish","type":"page","link":"https:\/\/us.edu.pl\/kandydat\/mapa-strony\/","title":{"rendered":"Mapa strony"},"content":{"rendered":"<p>[vc_row][vc_column]\r\n                <div class=\"text-modules\">\r\n                    <div class=\"container\">\r\n                        <h3 class=\"page-title text__title\">Mapa strony<\/h3>\r\n                        <div class=\"text-modules__content\"><div class=\"wsp-container\"><h2 class=\"wsp-pages-title\">Pages<\/h2>\n<ul class=\"wsp-pages-list\">\n<li class=\"page_item page-item-14611\"><a href=\"https:\/\/us.edu.pl\/kandydat\/z-uniwersytetem-slaskim-mozesz-wiecej\/\">Z Uniwersytetem \u015al\u0105skim mo\u017cesz wi\u0119cej!<\/a><\/li>\n<li class=\"page_item page-item-65 page_item_has_children\"><a href=\"https:\/\/us.edu.pl\/kandydat\/\">Strona g\u0142\u00f3wna<\/a>\n<ul class='children'>\n\t<li class=\"page_item page-item-9088 page_item_has_children\"><a href=\"https:\/\/us.edu.pl\/kandydat\/strona-glowna\/lista-kierunkow\/\">Lista kierunk\u00f3w<\/a>\n\t<ul class='children'>\n\t\t<li class=\"page_item page-item-14897\"><a href=\"https:\/\/us.edu.pl\/kandydat\/strona-glowna\/lista-kierunkow\/studiuj-w-chorzowie\/\">Studiuj w Chorzowie<\/a><\/li>\n\t\t<li class=\"page_item page-item-14919\"><a href=\"https:\/\/us.edu.pl\/kandydat\/strona-glowna\/lista-kierunkow\/studiuj-w-sosnowcu\/\">Studiuj w Sosnowcu<\/a><\/li>\n\t<\/ul>\n<\/li>\n<\/ul>\n<\/li>\n<li class=\"page_item page-item-13900\"><a href=\"https:\/\/us.edu.pl\/kandydat\/kandydat-2\/\">kandydat kopia<\/a><\/li>\n<li class=\"page_item page-item-16721 page_item_has_children\"><a href=\"https:\/\/us.edu.pl\/kandydat\/dziki-indeks\/\">Dziki Indeks<\/a>\n<ul class='children'>\n\t<li class=\"page_item page-item-21717\"><a href=\"https:\/\/us.edu.pl\/kandydat\/dziki-indeks\/faq\/\">FAQ<\/a><\/li>\n<\/ul>\n<\/li>\n<li class=\"page_item page-item-1368\"><a href=\"https:\/\/us.edu.pl\/kandydat\/punkty-informacyjne-dla-kandydatow\/\">Punkty informacyjne dla kandydat\u00f3w<\/a><\/li>\n<li class=\"page_item page-item-9056\"><a href=\"https:\/\/us.edu.pl\/kandydat\/szkolenia-i-kursy\/\">Szkolenia i kursy<\/a><\/li>\n<li class=\"page_item page-item-7274\"><a href=\"https:\/\/us.edu.pl\/kandydat\/warsztaty-maturalne-w-uniwersytecie-slaskim-maturzystow\/\">Nocne Powt\u00f3rki Maturalne 2021<\/a><\/li>\n<li class=\"page_item page-item-2682\"><a href=\"https:\/\/us.edu.pl\/kandydat\/zdjecie-do-legitymacji\/\">Format zdj\u0119cia<\/a><\/li>\n<li class=\"page_item page-item-9092\"><a href=\"https:\/\/us.edu.pl\/kandydat\/studia-i-stopnia-oraz-jednolite-magisterskie\/\">Studia I stopnia oraz jednolite magisterskie<\/a><\/li>\n<li class=\"page_item page-item-148 page_item_has_children\"><a href=\"https:\/\/us.edu.pl\/kandydat\/cudzoziemcy\/\">Cudzoziemcy<\/a>\n<ul class='children'>\n\t<li class=\"page_item page-item-14162\"><a href=\"https:\/\/us.edu.pl\/kandydat\/cudzoziemcy\/first-step-to-silesia\/\">First Step to Silesia<\/a><\/li>\n\t<li class=\"page_item page-item-19305\"><a href=\"https:\/\/us.edu.pl\/kandydat\/cudzoziemcy\/wazne-zmiany-dla-kandydatow-zagranicznych-2025-2026\/\">Wa\u017cne zmiany dla kandydat\u00f3w zagranicznych &#8211; 2025\/2026<\/a><\/li>\n\t<li class=\"page_item page-item-151\"><a href=\"https:\/\/us.edu.pl\/kandydat\/cudzoziemcy\/studia-w-polsce\/\">Studia w Polsce<\/a><\/li>\n\t<li class=\"page_item page-item-154\"><a href=\"https:\/\/us.edu.pl\/kandydat\/cudzoziemcy\/jak-aplikowac-na-studia\/\">Jak aplikowa\u0107 na studia?<\/a><\/li>\n\t<li class=\"page_item page-item-159\"><a href=\"https:\/\/us.edu.pl\/kandydat\/cudzoziemcy\/wymagane-dokumenty\/\">Wymagane dokumenty<\/a><\/li>\n\t<li class=\"page_item page-item-165\"><a href=\"https:\/\/us.edu.pl\/kandydat\/cudzoziemcy\/nauka-jezyka-polskiego\/\">Nauka j\u0119zyka polskiego<\/a><\/li>\n\t<li class=\"page_item page-item-169\"><a href=\"https:\/\/us.edu.pl\/kandydat\/cudzoziemcy\/oplaty-za-studia\/\">Cudzoziemcy- op\u0142aty za studia<\/a><\/li>\n\t<li class=\"page_item page-item-172\"><a href=\"https:\/\/us.edu.pl\/kandydat\/cudzoziemcy\/informacje-praktyczne\/\">Informacje praktyczne<\/a><\/li>\n<\/ul>\n<\/li>\n<li class=\"page_item page-item-21666\"><a href=\"https:\/\/us.edu.pl\/kandydat\/digicrea-digital-creativity-art-science\/\">DigiCrea \u2013 Digital Creativity Art &#038; Science<\/a><\/li>\n<li class=\"page_item page-item-677\"><a href=\"https:\/\/us.edu.pl\/kandydat\/oferta-dydaktyczna\/\">Oferta dydaktyczna<\/a><\/li>\n<li class=\"page_item page-item-3263\"><a href=\"https:\/\/us.edu.pl\/kandydat\/mapa-strony\/\">Mapa strony<\/a><\/li>\n<li class=\"page_item page-item-202\"><a href=\"https:\/\/us.edu.pl\/kandydat\/co-po-zlozeniu-dokumentow\/\">Co po z\u0142o\u017ceniu dokument\u00f3w?<\/a><\/li>\n<li class=\"page_item page-item-10708\"><a href=\"https:\/\/us.edu.pl\/kandydat\/nasz-uniwersytet\/\">Nasz Uniwersytet!<\/a><\/li>\n<li class=\"page_item page-item-1278 page_item_has_children\"><a href=\"https:\/\/us.edu.pl\/kandydat\/rekrutacja-na-studia-krok-po-kroku\/\">Rekrutacja na studia &#8211; krok po kroku<\/a>\n<ul class='children'>\n\t<li class=\"page_item page-item-137\"><a href=\"https:\/\/us.edu.pl\/kandydat\/rekrutacja-na-studia-krok-po-kroku\/przebieg-rekrutacji\/\">Przebieg rekrutacji<\/a><\/li>\n\t<li class=\"page_item page-item-139\"><a href=\"https:\/\/us.edu.pl\/kandydat\/rekrutacja-na-studia-krok-po-kroku\/etap-i-rekrutacji\/\">Etap I rekrutacji<\/a><\/li>\n\t<li class=\"page_item page-item-143\"><a href=\"https:\/\/us.edu.pl\/kandydat\/rekrutacja-na-studia-krok-po-kroku\/etap-ii-rekrutacji\/\">Etap II rekrutacji &#8211; po og\u0142oszeniu list os\u00f3b zakwalifikowanych<\/a><\/li>\n\t<li class=\"page_item page-item-180\"><a href=\"https:\/\/us.edu.pl\/kandydat\/rekrutacja-na-studia-krok-po-kroku\/wymagane-dokumenty\/\">Wymagane dokumenty<\/a><\/li>\n\t<li class=\"page_item page-item-571\"><a href=\"https:\/\/us.edu.pl\/kandydat\/rekrutacja-na-studia-krok-po-kroku\/olimpiady-i-konkursy\/\">Olimpiady i konkursy<\/a><\/li>\n\t<li class=\"page_item page-item-534 page_item_has_children\"><a href=\"https:\/\/us.edu.pl\/kandydat\/rekrutacja-na-studia-krok-po-kroku\/oplaty-zwiazane-ze-studiami\/\">Op\u0142aty zwi\u0105zane ze studiami<\/a>\n\t<ul class='children'>\n\t\t<li class=\"page_item page-item-579\"><a href=\"https:\/\/us.edu.pl\/kandydat\/rekrutacja-na-studia-krok-po-kroku\/oplaty-zwiazane-ze-studiami\/oplata-rekrutacyjna\/\">Op\u0142ata rekrutacyjna<\/a><\/li>\n\t\t<li class=\"page_item page-item-602\"><a href=\"https:\/\/us.edu.pl\/kandydat\/rekrutacja-na-studia-krok-po-kroku\/oplaty-zwiazane-ze-studiami\/oplata-za-legitymacje-studencka-i-indeks\/\">Op\u0142ata za legitymacj\u0119 studenck\u0105<\/a><\/li>\n\t\t<li class=\"page_item page-item-608\"><a href=\"https:\/\/us.edu.pl\/kandydat\/rekrutacja-na-studia-krok-po-kroku\/oplaty-zwiazane-ze-studiami\/oplaty-za-uslugi-edukacyjne\/\">Op\u0142aty za us\u0142ugi edukacyjne<\/a><\/li>\n\t\t<li class=\"page_item page-item-628\"><a href=\"https:\/\/us.edu.pl\/kandydat\/rekrutacja-na-studia-krok-po-kroku\/oplaty-zwiazane-ze-studiami\/oplaty-za-wydanie-dokumentow\/\">Op\u0142aty za wydanie dokument\u00f3w<\/a><\/li>\n\t<\/ul>\n<\/li>\n\t<li class=\"page_item page-item-1089\"><a href=\"https:\/\/us.edu.pl\/kandydat\/rekrutacja-na-studia-krok-po-kroku\/progi-punktowe-liczba-kandydatow-na-1-miejsce\/\">Progi punktowe, liczba kandydat\u00f3w na 1 miejsce<\/a><\/li>\n\t<li class=\"page_item page-item-12576\"><a href=\"https:\/\/us.edu.pl\/kandydat\/rekrutacja-na-studia-krok-po-kroku\/dodatkowe-kompetencje-wymagane-od-kandydatow-i-studentow-us\/\">Dodatkowe kompetencje wymagane od kandydat\u00f3w i student\u00f3w U\u015a<\/a><\/li>\n\t<li class=\"page_item page-item-1239\"><a href=\"https:\/\/us.edu.pl\/kandydat\/rekrutacja-na-studia-krok-po-kroku\/najczesciej-zadawane-pytania\/\">Najcz\u0119\u015bciej zadawane pytania<\/a><\/li>\n\t<li class=\"page_item page-item-1827 page_item_has_children\"><a href=\"https:\/\/us.edu.pl\/kandydat\/rekrutacja-na-studia-krok-po-kroku\/przeliczanie-ocen-z-matur\/\">Przeliczanie ocen z matur<\/a>\n\t<ul class='children'>\n\t\t<li class=\"page_item page-item-2147\"><a href=\"https:\/\/us.edu.pl\/kandydat\/rekrutacja-na-studia-krok-po-kroku\/przeliczanie-ocen-z-matur\/nowa-matura\/\">Nowa matura<\/a><\/li>\n\t\t<li class=\"page_item page-item-1928\"><a href=\"https:\/\/us.edu.pl\/kandydat\/rekrutacja-na-studia-krok-po-kroku\/przeliczanie-ocen-z-matur\/matura-miedzynarodowa\/\">Matura mi\u0119dzynarodowa &#8211; dyplom IB<\/a><\/li>\n\t\t<li class=\"page_item page-item-2115\"><a href=\"https:\/\/us.edu.pl\/kandydat\/rekrutacja-na-studia-krok-po-kroku\/przeliczanie-ocen-z-matur\/matura-europejska-dyplom-eb-european-baccalaureate\/\">Matura europejska &#8211; dyplom EB<\/a><\/li>\n\t\t<li class=\"page_item page-item-162\"><a href=\"https:\/\/us.edu.pl\/kandydat\/rekrutacja-na-studia-krok-po-kroku\/przeliczanie-ocen-z-matur\/przeliczanie-zagraniczni\/\">\u015awiadectwa zagraniczne<\/a><\/li>\n\t\t<li class=\"page_item page-item-1856\"><a href=\"https:\/\/us.edu.pl\/kandydat\/rekrutacja-na-studia-krok-po-kroku\/przeliczanie-ocen-z-matur\/stara-matura\/\">Stara matura<\/a><\/li>\n\t\t<li class=\"page_item page-item-2137\"><a href=\"https:\/\/us.edu.pl\/kandydat\/rekrutacja-na-studia-krok-po-kroku\/przeliczanie-ocen-z-matur\/matura-dwujezyczna\/\">Matura dwuj\u0119zyczna<\/a><\/li>\n\t<\/ul>\n<\/li>\n\t<li class=\"page_item page-item-3986\"><a href=\"https:\/\/us.edu.pl\/kandydat\/rekrutacja-na-studia-krok-po-kroku\/kandydaci-ze-specjalnymi-potrzebami-edukacyjnymi\/\">Kandydaci ze specjalnymi potrzebami edukacyjnymi<\/a><\/li>\n\t<li class=\"page_item page-item-8168\"><a href=\"https:\/\/us.edu.pl\/kandydat\/rekrutacja-na-studia-krok-po-kroku\/kandydaci-niepelnoletni\/\">Kandydaci niepe\u0142noletni<\/a><\/li>\n\t<li class=\"page_item page-item-14327\"><a href=\"https:\/\/us.edu.pl\/kandydat\/rekrutacja-na-studia-krok-po-kroku\/kryteria-przyjec-na-rok-akademicki-2025-2026\/\">Kryteria przyj\u0119\u0107 na rok akademicki 2025\/2026<\/a><\/li>\n\t<li class=\"page_item page-item-19761\"><a href=\"https:\/\/us.edu.pl\/kandydat\/rekrutacja-na-studia-krok-po-kroku\/kryteria-przyjec-na-rok-akademicki-2026-2027-2\/\">Kryteria przyj\u0119\u0107 na rok akademicki 2026\/2027<\/a><\/li>\n<\/ul>\n<\/li>\n<li class=\"page_item page-item-1061\"><a href=\"https:\/\/us.edu.pl\/kandydat\/co-po-zlozeniu-dokumentow-na-studia\/\">Co po z\u0142o\u017ceniu dokument\u00f3w na studia?<\/a><\/li>\n<li class=\"page_item page-item-5118\"><a href=\"https:\/\/us.edu.pl\/kandydat\/studia-podyplomowe\/przebieg-rekrutacji\/\">Przebieg rekrutacji<\/a><\/li>\n<\/ul>\n<\/div>\n<\/div>\r\n                    <\/div>\r\n                <\/div>[\/vc_column][\/vc_row]<\/p>","protected":false},"excerpt":{"rendered":"<p>[vc_row][vc_column][\/vc_column][\/vc_row] [&#8230;]<\/p>\n<p><a class=\"btn btn-secondary understrap-read-more-link\" href=\"https:\/\/us.edu.pl\/kandydat\/mapa-strony\/\">Read More&#8230;<\/a><\/p>\n","protected":false},"author":24,"featured_media":0,"parent":0,"menu_order":0,"comment_status":"closed","ping_status":"closed","template":"","meta":{"_expiration-date-status":"saved","_expiration-date":0,"_expiration-date-type":"","_expiration-date-categories":[],"_expiration-date-options":[]},"acf":[],"_links":{"self":[{"href":"https:\/\/us.edu.pl\/kandydat\/wp-json\/wp\/v2\/pages\/3263"}],"collection":[{"href":"https:\/\/us.edu.pl\/kandydat\/wp-json\/wp\/v2\/pages"}],"about":[{"href":"https:\/\/us.edu.pl\/kandydat\/wp-json\/wp\/v2\/types\/page"}],"author":[{"embeddable":true,"href":"https:\/\/us.edu.pl\/kandydat\/wp-json\/wp\/v2\/users\/24"}],"replies":[{"embeddable":true,"href":"https:\/\/us.edu.pl\/kandydat\/wp-json\/wp\/v2\/comments?post=3263"}],"version-history":[{"count":1,"href":"https:\/\/us.edu.pl\/kandydat\/wp-json\/wp\/v2\/pages\/3263\/revisions"}],"predecessor-version":[{"id":3264,"href":"https:\/\/us.edu.pl\/kandydat\/wp-json\/wp\/v2\/pages\/3263\/revisions\/3264"}],"wp:attachment":[{"href":"https:\/\/us.edu.pl\/kandydat\/wp-json\/wp\/v2\/media?parent=3263"}],"curies":[{"name":"wp","href":"https:\/\/api.w.org\/{rel}","templated":true}]}}