{"id":571,"date":"2019-10-03T09:54:45","date_gmt":"2019-10-03T07:54:45","guid":{"rendered":"https:\/\/us.edu.pl\/kandydat\/?page_id=571"},"modified":"2025-05-26T11:09:55","modified_gmt":"2025-05-26T09:09:55","slug":"olimpiady-i-konkursy","status":"publish","type":"page","link":"https:\/\/us.edu.pl\/kandydat\/rekrutacja-na-studia-krok-po-kroku\/olimpiady-i-konkursy\/","title":{"rendered":"Olimpiady i konkursy"},"content":{"rendered":"<p>[vc_row][vc_column]\r\n                <div class=\"text-modules\">\r\n                    <div class=\"container\">\r\n                        <h3 class=\"page-title text__title\">Uprawnienia laureat\u00f3w i finalist\u00f3w olimpiad stopnia centralnego oraz laureat\u00f3w konkurs\u00f3w mi\u0119dzynarodowych i og\u00f3lnopolskich<\/h3>\r\n                        <div class=\"text-modules__content\"><p>Laureaci i finali\u015bci olimpiad stopnia centralnego oraz laureaci konkurs\u00f3w mi\u0119dzynarodowych i\u00a0og\u00f3lnopolskich s\u0105 przyjmowani na I rok studi\u00f3w stacjonarnych pierwszego stopnia i jednolitych studi\u00f3w magisterskich w Uniwersytecie \u015al\u0105skim w Katowicach z pomini\u0119ciem post\u0119powania kwalifikacyjnego.<\/p>\n<p><a href=\"https:\/\/us.edu.pl\/kandydat\/wp-content\/uploads\/sites\/13\/Kandydat\/olimpiady\/2025\/Wykaz-olimpiad-i-uprawnien-w-latach-2025-2026.pdf\" data-mtli=\"mtli_filesize467,00kB\" data-mtli=\"mtli_filesize467,00kB\">Wykaz olimpiad i uprawnie\u0144 w latach 2024\u20132026<\/a><\/p>\n<p><a href=\"https:\/\/us.edu.pl\/kandydat\/wp-content\/uploads\/sites\/13\/Kandydat\/olimpiady\/2025\/Wykaz-konkursow-i-uprawnien-w-latach-2025-2026.pdf\" data-mtli=\"mtli_filesize305,79kB\" data-mtli=\"mtli_filesize305,79kB\">Wykaz konkurs\u00f3w i uprawnie\u0144 w latach 2024\u20132026<\/a><\/p>\n<p>Laureat lub finalista olimpiady stopnia centralnego albo laureat konkursu mi\u0119dzynarodowego lub og\u00f3lnopolskiego korzystaj\u0105cy z ca\u0142kowitego zwolnienia z post\u0119powania kwalifikacyjnego na dany kierunek, rejestruje si\u0119 w <a href=\"https:\/\/irk.us.edu.pl\/pl\/\">systemie IRK<\/a>.<\/p>\n<p>By dokona\u0107 rejestracji w zak\u0142adce MOJE KONTO \u2192 FORMULARZE OSOBOWE \u2192 WYKSZTA\u0141CENIE\u2192 OLIMPIADY I INNE DOKUMENTY DAJ\u0104CE ZWOLNIENIE W REKRUTACJI nale\u017cy:<\/p>\n<ol>\n<li>doda\u0107 dokument i <strong>uzupe\u0142ni\u0107 wszystkie informacje<\/strong> o Twojej olimpiadzie czy konkursie oraz <strong>wgra\u0107 za\u015bwiadczenie<\/strong> o uzyskanym tytule w formie elektronicznej (skan lub zdj\u0119cie),<\/li>\n<li>zapisa\u0107 si\u0119 na wybrany kierunek studi\u00f3w. Nast\u0119pnie wybra\u0107 odpowiedni\u0105 olimpiad\u0119 lub konkurs uprawniaj\u0105cy Ci\u0119 do podj\u0119cia studi\u00f3w z pomini\u0119ciem post\u0119powania kwalifikacyjnego,<\/li>\n<li>wgrany dokument oczekuje na akceptacj\u0119 Dzia\u0142u Kszta\u0142cenia,<\/li>\n<li>je\u015bli wgrany dokument uprawnia Ci\u0119 do podj\u0119cia studi\u00f3w z pomini\u0119ciem post\u0119powania kwalifikacyjnego na wybranym przez Ciebie kierunku, dostaniesz informacj\u0119 na mail o akceptacji olimpiady, a system automatycznie zwolni Ci\u0119 z op\u0142aty rekrutacyjnej.<\/li>\n<\/ol>\n<p>Je\u017celi za\u015bwiadczenie zosta\u0142o ju\u017c zaakceptowane na wybranym kierunku studi\u00f3w, to w przypadku zmiany kierunku prosimy o kontakt z Dzia\u0142em Kszta\u0142cenia. Zmiana kierunku studi\u00f3w i przeniesienie uprawnie\u0144 na inny kierunek s\u0105 mo\u017cliwe do czasu zamkni\u0119cia rejestracji na nowo wskazanym kierunku studi\u00f3w.<\/p>\n<p><strong>Ze zwolnienia z post\u0119powania kwalifikacyjnego na dany kierunek studi\u00f3w mog\u0105 skorzysta\u0107 kandydaci b\u0119d\u0105cy laureatami lub finalistami olimpiady stopnia centralnego jeden raz \u2013 w roku uzyskania \u015bwiadectwa dojrza\u0142o\u015bci lub w roku nast\u0119pnym, niezale\u017cnie od roku uzyskania tytu\u0142u laureata lub finalisty. Kandydaci otrzymuj\u0105 maksymaln\u0105 liczb\u0119 punkt\u00f3w przewidzian\u0105 w post\u0119powaniu kwalifikacyjnym na dany kierunek.<\/strong><\/p>\n<p><span style=\"font-family: verdana, geneva, sans-serif; font-size: 11pt;\">Stypendium rektora otrzymuje student przyj\u0119ty na pierwszy rok studi\u00f3w w roku z\u0142o\u017cenia egzaminu maturalnego, kt\u00f3ry jest: <\/span><\/p>\n<p><span style=\"font-family: verdana, geneva, sans-serif; font-size: 11pt;\">a) laureatem olimpiady mi\u0119dzynarodowej albo laureatem lub finalist\u0105 olimpiady stopnia centralnego, o kt\u00f3rych mowa w przepisach o systemie o\u015bwiaty, <\/span><\/p>\n<p><span style=\"font-family: verdana, geneva, sans-serif; font-size: 11pt;\">b) medalist\u0105 co najmniej wsp\u00f3\u0142zawodnictwa sportowego o tytu\u0142 Mistrza Polski w danym sporcie, o kt\u00f3rym mowa w przepisach o sporcie.<\/span><\/p>\n<p><span style=\"font-size: 11pt; font-family: verdana, geneva, sans-serif;\">Regulaminu \u015bwiadcze\u0144 dla student\u00f3w Uniwersytetu \u015al\u0105skiego w Katowicach dost\u0119pny jest na stronie: <a href=\"https:\/\/us.edu.pl\/student\/wsparcie-i-fundusze\/swiadczenia-stypendia-i-zapomoga\/stypendium-rektora\/\"><span class=\"15\"><span style=\"color: #0563c1; background: white;\">https:\/\/us.edu.pl\/student\/wsparcie-i-fundusze\/swiadczenia-stypendia-i-zapomoga\/stypendium-rektora\/<\/span><\/span><\/a><\/span><\/p>\n<p><span style=\"font-family: verdana, geneva, sans-serif; color: black; background: white; font-size: 11pt;\">Dodatkowo laureaci i finali\u015bci olimpiad stopnia centralnego oraz laureaci konkurs\u00f3w mi\u0119dzynarodowych i og\u00f3lnopolskich, a tak\u017ce finali\u015bci mistrzostw og\u00f3lnopolskich lub mi\u0119dzynarodowych w kategoriach m\u0142odzie\u017cowych w dyscyplinach sportowych uj\u0119tych w rywalizacji sportu akademickiego, mog\u0105 ubiega\u0107 si\u0119 o<span class=\"16\"> Indywidualny Tok Studi\u00f3w (ITS)<\/span>, od momentu rozpocz\u0119cia studi\u00f3w. <\/span><\/p>\n<style type=\"text\/css\">a[data-mtli~=\"mtli_filesize467,00kB\"]:after {content:\" (467,00 kB)\"}a[data-mtli~=\"mtli_filesize305,79kB\"]:after {content:\" (305,79 kB)\"}<\/style><\/div>\r\n                    <\/div>\r\n                <\/div>\r\n                <div class=\"text-modules\">\r\n                    <div class=\"container\">\r\n                        <h3 class=\"page-title text__title\">Uprawnienia dla Finalist\u00f3w Mistrzostw Polski w kategoriach m\u0142odzie\u017cowych, w dyscyplinach sportowych uj\u0119tych w rywalizacji sportu akademickiego<\/h3>\r\n                        <div class=\"text-modules__content\"><p>Sportowcy posiadaj\u0105cy wybitne osi\u0105gni\u0119cia sportowe uj\u0119te w rywalizacji sportu akademickiego, zwolnieni s\u0105 z post\u0119powania kwalifikacyjnego na wymienione ni\u017cej kierunki studi\u00f3w:<\/p>\n<ul>\n<li><a href=\"https:\/\/us.edu.pl\/kandydat\/wp-content\/uploads\/sites\/13\/Kandydat\/olimpiady\/2025\/wykaz-kierunkow.pdf\" data-mtli=\"mtli_filesize207,27kB\" data-mtli=\"mtli_filesize207,27kB\">wykaz kierunk\u00f3w<\/a><\/li>\n<\/ul>\n<p>Dokumentem b\u0119d\u0105cym podstaw\u0105 do uzyskania uprawnie\u0144 jest za\u015bwiadczenie wydane przez polski zwi\u0105zek sportowy, okre\u015blaj\u0105cy rodzaj klasy sportowej, termin jej obowi\u0105zywania oraz osi\u0105gni\u0119cia sportowe.<\/p>\n<p>Podstawa prawna: <a href=\"https:\/\/aktyprawne.us.edu.pl\/d\/8114\/5\/\"><em>Uchwa\u0142a nr 114 Senatu U\u015a zmieniaj\u0105ca uchwa\u0142\u0119 w sprawie szczeg\u00f3\u0142owych zasad przyjmowania\u00a0 na I rok studi\u00f3w laureat\u00f3w i finalist\u00f3w olimpiad stopnia centralnego,\u00a0 laureat\u00f3w konkurs\u00f3w mi\u0119dzynarodowych oraz og\u00f3lnopolskich a tak\u017ce finalist\u00f3w\u00a0 Mistrzostw Polski w kategoriach m\u0142odzie\u017cowych, w dyscyplinach sportowych uj\u0119tych w rywalizacji sportu akademickiego w ramach programu Akademickie Mistrzostwa Polski\u00a0 w latach 2023\/2024, 2024\/2025, 2025\/2026, 2026\/2027 <\/em> <\/a><\/p>\n<style type=\"text\/css\">a[data-mtli~=\"mtli_filesize207,27kB\"]:after {content:\" (207,27 kB)\"}<\/style><\/div>\r\n                    <\/div>\r\n                <\/div>\r\n                <div class=\"text-modules\">\r\n                    <div class=\"container\">\r\n                        <h3 class=\"page-title text__title\">Uprawnienia laureat\u00f3w i finalist\u00f3w olimpiad stopnia centralnego oraz laureat\u00f3w konkurs\u00f3w mi\u0119dzynarodowych i og\u00f3lnopolskich od roku akademickiego 2027\/2028<\/h3>\r\n                        <div class=\"text-modules__content\"><p>Podstawa prawna:<\/p>\n<ul>\n<li><em>Uchwa\u0142a nr 115 Senatu U\u015a zmieniaj\u0105ca uchwa\u0142\u0119 w sprawie szczeg\u00f3\u0142owych zasad przyjmowania\u00a0 na I rok studi\u00f3w laureat\u00f3w i finalist\u00f3w olimpiad stopnia centralnego,\u00a0 laureat\u00f3w konkurs\u00f3w mi\u0119dzynarodowych oraz og\u00f3lnopolskich a tak\u017ce finalist\u00f3w\u00a0 Mistrzostw Polski w kategoriach m\u0142odzie\u017cowych, w dyscyplinach sportowych uj\u0119tych w rywalizacji sportu akademickiego w ramach programu Akademickie Mistrzostwa Polski\u00a0 w roku akademickim 2027\/2028 <\/em><a href=\"https:\/\/aktyprawne.us.edu.pl\/d\/8113\/5\/?tc=66\">Uchwa\u0142a Senatu nr 115\/2025<\/a><\/li>\n<li><em>Uchwa\u0142a nr 116 Senatu U\u015a zmieniaj\u0105ca uchwa\u0142\u0119 w sprawie szczeg\u00f3\u0142owych zasad przyjmowania\u00a0 na I rok studi\u00f3w laureat\u00f3w i finalist\u00f3w olimpiad stopnia centralnego,\u00a0 laureat\u00f3w konkurs\u00f3w mi\u0119dzynarodowych oraz og\u00f3lnopolskich a tak\u017ce finalist\u00f3w\u00a0 Mistrzostw Polski w kategoriach m\u0142odzie\u017cowych, w dyscyplinach sportowych uj\u0119tych w rywalizacji sportu\u00a0 akademickiego w ramach programu Akademickie Mistrzostwa Polski w roku akademickim 2028\/2029 <\/em><a href=\"https:\/\/aktyprawne.us.edu.pl\/d\/8112\/5\/?tc=66\">Uchwa\u0142a Senatu nr 116\/2025<\/a><\/li>\n<li><em>Uchwa\u0142a nr 117 Senatu U\u015a w sprawie szczeg\u00f3\u0142owych zasad przyjmowania\u00a0 na I rok studi\u00f3w laureat\u00f3w i finalist\u00f3w olimpiad stopnia centralnego,\u00a0 laureat\u00f3w konkurs\u00f3w mi\u0119dzynarodowych oraz og\u00f3lnopolskich a tak\u017ce finalist\u00f3w\u00a0 Mistrzostw Polski w kategoriach m\u0142odzie\u017cowych, w dyscyplinach sportowych uj\u0119tych w rywalizacji sportu akademickiego w ramach programu Akademickie Mistrzostwa Polski w roku akademickim 2029\/2030 <\/em><a href=\"https:\/\/aktyprawne.us.edu.pl\/d\/8111\/5\/?tc=66\">Uchwa\u0142a Senatu nr 117\/2025<\/a><\/li>\n<\/ul>\n<p>\n<\/div>\r\n                    <\/div>\r\n                <\/div>[\/vc_column][\/vc_row][vc_row][vc_column]\r\n                <div class='sidebar_moduls sidebar_dropdown color-blue' style='background-color: #EBEBEB'>\r\n                    <h3>Kontakty:<\/h3>\r\n                  \r\n                        <div id='sidebar_dropdown'>\r\n                          <div class='angle-list'>\r\n                            <div>\r\n                              <h5>\r\n                                <a class='dropdown_header_title' href=''>\r\n                                 Informacje na temat uprawnie\u0144 laureat\u00f3w i finalist\u00f3w olimpiad oraz laureta\u00f3w konkurs\u00f3w:\r\n                                <\/a>\r\n                              <\/h5>\r\n                            <\/div>\r\n                        \r\n                            <div>\r\n                              <div class='sidebar__textarea'>\r\n                           \r\n                                 <div>\r\n                                    Dzia\u0142 Kszta\u0142cenia: Katowice, ul. Bankowa 12, pok. 0.29\r\n                                 <\/div>\r\n                                 \r\n                                 <div>\r\n                                    tel.: 32 359 16 22, 32 359 18 80, 32 359 18 10\r\n                                 <\/div>\r\n                                 \r\n                                 <div>\r\n                                    e-mail: <a href=\"mailto:rekrutacja@us.edu.pl\">rekrutacja@us.edu.pl<\/a>\r\n                                 <\/div>\r\n                                  \r\n                              <\/div>\r\n                            <\/div>\r\n                          <\/div><!--.card-->\r\n                        <\/div><!--#dslide_ropdown-->\r\n                  \r\n                        <div id='sidebar_dropdown'>\r\n                          <div class='angle-list'>\r\n                            <div>\r\n                              <h5>\r\n                                <a class='dropdown_header_title' href=''>\r\n                                 Kontakt w sprawie stypendi\u00f3w:\r\n                                <\/a>\r\n                              <\/h5>\r\n                            <\/div>\r\n                        \r\n                            <div>\r\n                              <div class='sidebar__textarea'>\r\n                           \r\n                                 <div>\r\n                                    Biuro Studenckich Spraw Socjalnych, Katowice, ul. Bankowa 12, pok. 0.20,\r\n                                 <\/div>\r\n                                 \r\n                                 <div>\r\n                                    tel. 32 359 20 46\r\n                                 <\/div>\r\n                                 \r\n                                 <div>\r\n                                    e-mail: <a href=\"mailto:bstud@us.edu.pl\">bstud@us.edu.pl<\/a>\n\r\n                                 <\/div>\r\n                                  \r\n                              <\/div>\r\n                            <\/div>\r\n                          <\/div><!--.card-->\r\n                        <\/div><!--#dslide_ropdown-->\r\n                \r\n            <\/div> <!--.sidebar_moduls-->\r\n            [\/vc_column][\/vc_row]<\/p>\n<style type=\"text\/css\">a[data-mtli~=\"mtli_filesize467,00kB\"]:after {content:\" (467,00 kB)\"}a[data-mtli~=\"mtli_filesize305,79kB\"]:after {content:\" (305,79 kB)\"}a[data-mtli~=\"mtli_filesize207,27kB\"]:after {content:\" (207,27 kB)\"}<\/style>","protected":false},"excerpt":{"rendered":"<p>[vc_row][vc_column][\/vc_column][\/vc_row][vc_row][vc_column][\/vc_column][\/vc_row] [&#8230;]<\/p>\n<p><a class=\"btn btn-secondary understrap-read-more-link\" href=\"https:\/\/us.edu.pl\/kandydat\/rekrutacja-na-studia-krok-po-kroku\/olimpiady-i-konkursy\/\">Read More&#8230;<\/a><\/p>\n","protected":false},"author":31,"featured_media":0,"parent":1278,"menu_order":2,"comment_status":"closed","ping_status":"closed","template":"page-templates\/page-with-sidebar-and-bookmarks.php","meta":{"_expiration-date-status":"","_expiration-date":0,"_expiration-date-type":"","_expiration-date-categories":[],"_expiration-date-options":[]},"acf":[],"_links":{"self":[{"href":"https:\/\/us.edu.pl\/kandydat\/wp-json\/wp\/v2\/pages\/571"}],"collection":[{"href":"https:\/\/us.edu.pl\/kandydat\/wp-json\/wp\/v2\/pages"}],"about":[{"href":"https:\/\/us.edu.pl\/kandydat\/wp-json\/wp\/v2\/types\/page"}],"author":[{"embeddable":true,"href":"https:\/\/us.edu.pl\/kandydat\/wp-json\/wp\/v2\/users\/31"}],"replies":[{"embeddable":true,"href":"https:\/\/us.edu.pl\/kandydat\/wp-json\/wp\/v2\/comments?post=571"}],"version-history":[{"count":11,"href":"https:\/\/us.edu.pl\/kandydat\/wp-json\/wp\/v2\/pages\/571\/revisions"}],"predecessor-version":[{"id":18677,"href":"https:\/\/us.edu.pl\/kandydat\/wp-json\/wp\/v2\/pages\/571\/revisions\/18677"}],"up":[{"embeddable":true,"href":"https:\/\/us.edu.pl\/kandydat\/wp-json\/wp\/v2\/pages\/1278"}],"wp:attachment":[{"href":"https:\/\/us.edu.pl\/kandydat\/wp-json\/wp\/v2\/media?parent=571"}],"curies":[{"name":"wp","href":"https:\/\/api.w.org\/{rel}","templated":true}]}}