{"id":602,"date":"2019-10-03T11:29:21","date_gmt":"2019-10-03T09:29:21","guid":{"rendered":"https:\/\/us.edu.pl\/kandydat\/?page_id=602"},"modified":"2025-08-04T14:48:50","modified_gmt":"2025-08-04T12:48:50","slug":"oplata-za-legitymacje-studencka-i-indeks","status":"publish","type":"page","link":"https:\/\/us.edu.pl\/kandydat\/rekrutacja-na-studia-krok-po-kroku\/oplaty-zwiazane-ze-studiami\/oplata-za-legitymacje-studencka-i-indeks\/","title":{"rendered":"Op\u0142ata za legitymacj\u0119 studenck\u0105"},"content":{"rendered":"<p>[vc_row][vc_column]\r\n                <div class=\"text-modules\">\r\n                    <div class=\"container\">\r\n                        <h3 class=\"page-title text__title\">Wysoko\u015b\u0107 op\u0142aty za legitymacj\u0119<\/h3>\r\n                        <div class=\"text-modules__content\"><p>Uczelnia od 1 pa\u017adziernika 2025 r. b\u0119dzie umo\u017cliwia\u0142a nowoprzyj\u0119tym studentom, aktywowanie <strong>bezp\u0142atnej mLegitymacji<\/strong> w aplikacji <strong>mObywatel.<\/strong><\/p>\n<p><strong>Aktywowanie mLegitymacji <\/strong>dla student\u00f3w I roku b\u0119dzie mo\u017cliwe po podpisaniu \u015blubowania.<strong> \u015alubowanie <\/strong>b\u0119dzie dost\u0119pne w <strong>systemie USOSweb od 1 pa\u017adziernika.<\/strong><\/p>\n<p><strong>Studenci b\u0119d\u0105 mogli nadal otrzymywa\u0107 klasyczn\u0105 elektroniczn\u0105 legitymacj\u0119 (plastikowa karta), pod warunkiem z\u0142o\u017cenia wniosku i wniesienia op\u0142aty (22,00 z\u0142). Dotyczy to szczeg\u00f3lnie student\u00f3w bez numeru PESEL.<\/strong><\/p>\n<p>Wszyscy studenci przyj\u0119ci na I rok studi\u00f3w prowadzonych w Uniwersytecie \u015al\u0105skim (studia stacjonarne i niestacjonarne) otrzymaj\u0105 elektroniczn\u0105 legitymacj\u0119 studenck\u0105 (ELS). Kandydaci podejmuj\u0105cy studia na dw\u00f3ch kierunkach wnosz\u0105 op\u0142at\u0119 za jedn\u0105 legitymacj\u0119.<\/p>\n<table style=\"width: 100%; border-collapse: collapse; background-color: #e3dede;\" border=\"1\">\n<tbody>\n<tr>\n<td style=\"width: 575px;\">&nbsp;<\/p>\n<ul>\n<li>Osoby przyj\u0119te (od roku akademickiego 2021\/2022) na studia stacjonarne i niestacjonarne wnosz\u0105 op\u0142at\u0119 za elektroniczn\u0105 legitymacj\u0119 studenck\u0105, w wysoko\u015bci 22,00 z\u0142.<\/li>\n<\/ul>\n<p>&nbsp;<\/td>\n<\/tr>\n<\/tbody>\n<\/table>\n<p>\n<\/div>\r\n                    <\/div>\r\n                <\/div>\r\n                <div class=\"text-modules\">\r\n                    <div class=\"container\">\r\n                        <h3 class=\"page-title text__title\">Numer konta do wp\u0142aty<\/h3>\r\n                        <div class=\"text-modules__content\"><p>Studenci studi\u00f3w stacjonarnych i niestacjonarnych mog\u0105 sprawdzi\u0107 numer konta, loguj\u0105c si\u0119<br \/>\nw <strong><a href=\"https:\/\/usosweb.us.edu.pl\/kontroler.php?_action=actionx:news\/default()\">serwisie USOSweb.<\/a><\/strong><br \/>\nMo\u017cliwo\u015b\u0107 zalogowania do serwisu USOSweb zostaje aktywowana po z\u0142o\u017ceniu przez kandydata wymaganych dokument\u00f3w i dokonaniu wpisu na studia. O termin aktywowania mo\u017cliwo\u015bci logowania do USOSweb prosimy pyta\u0107 w dziekanacie. Numer konta dost\u0119pny jest w serwisie USOSweb, w zak\u0142adce DLA WSZYSTKICH.<\/p>\n<p>Studenci, kt\u00f3rzy studiuj\u0105 kilka kierunk\u00f3w na r\u00f3\u017cnych wydzia\u0142ach, posiadaj\u0105 kilka r\u00f3\u017cnych numer\u00f3w kont, w zale\u017cno\u015bci od liczby wydzia\u0142\u00f3w.<\/p>\n<p>Pomoc w zakresie obs\u0142ugi serwisu USOSweb mo\u017cna r\u00f3wnie\u017c uzyska\u0107 kontaktuj\u0105c si\u0119 z <a href=\"https:\/\/ab.us.edu.pl\/unit?id=605702\"><strong>Dzia\u0142em Informatycznej Obs\u0142ugi Toku Studi\u00f3w<\/strong>.<\/a><\/p>\n<table class=\" alignleft\" style=\"width: 100%; border-collapse: collapse; background-color: #e3dede;\">\n<tbody>\n<tr>\n<td style=\"width: 100%;\"><strong>\u00a0 UWAGA:<\/strong><\/p>\n<ul>\n<li><b>Op\u0142aty za legitymacj\u0119 nie mo\u017cna wnosi\u0107 na konto w systemie IRK.<\/b> Konto jest aktywne tylko w okresie rekrutacji i nale\u017cy wp\u0142aca\u0107 na nie tylko op\u0142at\u0119 rekrutacyjn\u0105. Po zako\u0144czeniu rekrutacji konto ulega likwidacji.<\/li>\n<\/ul>\n<\/td>\n<\/tr>\n<\/tbody>\n<\/table>\n<p>\n<\/div>\r\n                    <\/div>\r\n                <\/div>\r\n\t\t\t\t<div class='container'>\r\n\t\t\t\t\t<div class='list-links list-links_blue'>\r\n\t\t\t\t\t\t  <h2 class='section-title'>Zobacz tak\u017ce :<\/h2>\r\n\t\t\t\t\t\t  <ul>\r\n\t\t\t\t\t\t\t\t<li><a href='https:\/\/us.edu.pl\/kandydat\/zdjecie-do-legitymacji\/'><p>Zdj\u0119cie do Elektronicznej Legitymacji Studenckiej - wymagania<\/p><\/a><\/li>\r\n\t\t\t\t\t\t\t\t<li><a href='https:\/\/us.edu.pl\/student\/studia\/tok-studiow-2\/elektroniczna-legitymacja-studencka-els-i-indeks\/'><p>Wi\u0119cej informacji na temat legitymacji...<\/p><\/a><\/li>\r\n\t\t\t\t\t\t\t\t<li><a href='https:\/\/us.edu.pl\/kandydat\/co-po-zlozeniu-dokumentow-na-studia\/'><p>Co po z\u0142o\u017ceniu dokument\u00f3w na studia?<\/p><\/a><\/li><\/ul>\r\n\t\t\t\t\t<\/div>\r\n\t\t\t\t<\/div>   \r\n\t\t\t\t\t\r\n                <div class='sidebar_moduls sidebar_links color-blue' style='background-color: #FFFFFF'>\r\n                    <h3>Akty prawne:<\/h3>\r\n                    <ul class='angle-list'>\r\n                    <li><a href=\"https:\/\/aktyprawne.us.edu.pl\/d\/3028\/5\/\">Pismo ok\u00f3lne nr 8 Rektora Uniwersytetu \u015al\u0105skiego w Katowicach z dnia 19 czerwca 2019 r. w sprawie wysoko\u015bci op\u0142at pobieranych od student\u00f3w, doktorant\u00f3w, s\u0142uchaczy studi\u00f3w podyplomowych za wydanie dokument\u00f3w pocz\u0105wszy od roku akademickiego 2019\/2020<\/a><\/li><li><a href=\"https:\/\/aktyprawne.us.edu.pl\/d\/1706\/5\/\">Zarz\u0105dzenie nr 77 Rektora Uniwersytetu \u015al\u0105skiego w Katowicach z dnia 17 lipca 2012 r. w sprawie elektronicznych legitymacji studenckich i doktoranckich <\/a><\/li>\r\n                <\/ul>\r\n            <\/div>[\/vc_column][\/vc_row]<\/p>","protected":false},"excerpt":{"rendered":"<p>[vc_row][vc_column][\/vc_column][\/vc_row] [&#8230;]<\/p>\n<p><a class=\"btn btn-secondary understrap-read-more-link\" href=\"https:\/\/us.edu.pl\/kandydat\/rekrutacja-na-studia-krok-po-kroku\/oplaty-zwiazane-ze-studiami\/oplata-za-legitymacje-studencka-i-indeks\/\">Read More&#8230;<\/a><\/p>\n","protected":false},"author":31,"featured_media":0,"parent":534,"menu_order":0,"comment_status":"closed","ping_status":"closed","template":"page-templates\/inner-page.php","meta":{"_expiration-date-status":"","_expiration-date":0,"_expiration-date-type":"","_expiration-date-categories":[],"_expiration-date-options":[]},"acf":[],"_links":{"self":[{"href":"https:\/\/us.edu.pl\/kandydat\/wp-json\/wp\/v2\/pages\/602"}],"collection":[{"href":"https:\/\/us.edu.pl\/kandydat\/wp-json\/wp\/v2\/pages"}],"about":[{"href":"https:\/\/us.edu.pl\/kandydat\/wp-json\/wp\/v2\/types\/page"}],"author":[{"embeddable":true,"href":"https:\/\/us.edu.pl\/kandydat\/wp-json\/wp\/v2\/users\/31"}],"replies":[{"embeddable":true,"href":"https:\/\/us.edu.pl\/kandydat\/wp-json\/wp\/v2\/comments?post=602"}],"version-history":[{"count":11,"href":"https:\/\/us.edu.pl\/kandydat\/wp-json\/wp\/v2\/pages\/602\/revisions"}],"predecessor-version":[{"id":20577,"href":"https:\/\/us.edu.pl\/kandydat\/wp-json\/wp\/v2\/pages\/602\/revisions\/20577"}],"up":[{"embeddable":true,"href":"https:\/\/us.edu.pl\/kandydat\/wp-json\/wp\/v2\/pages\/534"}],"wp:attachment":[{"href":"https:\/\/us.edu.pl\/kandydat\/wp-json\/wp\/v2\/media?parent=602"}],"curies":[{"name":"wp","href":"https:\/\/api.w.org\/{rel}","templated":true}]}}