{"id":608,"date":"2019-10-03T11:46:04","date_gmt":"2019-10-03T09:46:04","guid":{"rendered":"https:\/\/us.edu.pl\/kandydat\/?page_id=608"},"modified":"2025-09-01T13:50:25","modified_gmt":"2025-09-01T11:50:25","slug":"oplaty-za-uslugi-edukacyjne","status":"publish","type":"page","link":"https:\/\/us.edu.pl\/kandydat\/rekrutacja-na-studia-krok-po-kroku\/oplaty-zwiazane-ze-studiami\/oplaty-za-uslugi-edukacyjne\/","title":{"rendered":"Op\u0142aty za us\u0142ugi edukacyjne"},"content":{"rendered":"<p>[vc_row][vc_column]\r\n                <div class=\"text-modules\">\r\n                    <div class=\"container\">\r\n                        \r\n                        <div class=\"text-modules__content\"><\/p>\n<ul>\n<li><strong>Do student\u00f3w (obywateli polskich i cudzoziemc\u00f3w), kt\u00f3rzy\u00a0rozpocz\u0119li studia od roku akademickiego 2021\/2022\u00a0stosuje si\u0119 przepisy\u00a0zarz\u0105dzenia nr 124\/2021 z dnia 7 lipca 2021 <\/strong><a href=\"https:\/\/aktyprawne.us.edu.pl\/423-lista\/d\/5265\/5\/\"><strong>http:\/\/bip.us.edu.pl\/zarzadzenie-nr-1242021<\/strong><\/a><\/li>\n<li><strong>Do student\u00f3w (obywateli polskich i cudzoziemc\u00f3w), kt\u00f3rzy\u00a0rozpocz\u0119li studia od roku akademickiego 2020\/2021\u00a0stosuje si\u0119 przepisy\u00a0zarz\u0105dzenia nr 143\/2020 z dnia 2 wrze\u015bnia 2020 <\/strong><a href=\"https:\/\/aktyprawne.us.edu.pl\/423-lista\/d\/2827\/5\/\"><strong>http:\/\/bip.us.edu.pl\/zarzadzenie-nr-1432020<\/strong><\/a><strong> (ze zm. wprowadzonymi zarz\u0105dzeniem nr 22\/2021 z dnia 3 lutego 2021 Rektora U\u015a: <\/strong><a href=\"https:\/\/aktyprawne.us.edu.pl\/423-lista\/d\/4944\/5\/\"><strong>http:\/\/bip.us.edu.pl\/zarzadzenie-nr-222021<\/strong><strong>)<\/strong><\/a><\/li>\n<li><strong>Do student\u00f3w ( obywateli polskich i cudzoziemc\u00f3w), kt\u00f3rzy<\/strong> <strong>rozpocz\u0119li studia od roku akademickiego 2019\/2020<\/strong> stosuje si\u0119 przepisy <a href=\"https:\/\/aktyprawne.us.edu.pl\/423-lista\/d\/275\/5\/\"><strong>zarz\u0105dzenia nr 86\/2019 z dnia 28 czerwca 2019 Rektora U\u015a.<\/strong><\/a><\/li>\n<li><strong>Do student\u00f3w ( obywateli polskich), kt\u00f3rzy<\/strong> <strong>rozpocz\u0119li studia przed rokiem akademickim 2019\/2020<\/strong> stosuje si\u0119 przepisy <a href=\"https:\/\/aktyprawne.us.edu.pl\/423-lista\/d\/3941\/5\/\"><strong>uchwa\u0142y nr 328 Senatu Uniwersytetu \u015al\u0105skiego w Katowicach z dnia 23 wrze\u015bnia 2014 r.<\/strong><\/a><\/li>\n<li><strong>Do student\u00f3w cudzoziemc\u00f3w, kt\u00f3rzy rozpocz\u0119li studia przed rokiem akademickim 2019\/2020<\/strong> stosuje si\u0119 przepisy <a href=\"https:\/\/aktyprawne.us.edu.pl\/423-lista\/d\/3717\/5\/\"><strong>uchwa\u0142y nr 552 Senatu Uniwersytetu \u015al\u0105skiego w Katowicach z dnia 22 marca 2016 r.<\/strong><\/a><\/li>\n<\/ul>\n<p>\n<\/div>\r\n                    <\/div>\r\n                <\/div>\r\n                <div class='sidebar_moduls sidebar_links color-blue' style='background-color: #FFFFFF'>\r\n                    <h3>Akty prawne:<\/h3>\r\n                    <ul class='angle-list'>\r\n                    <li><a href=\"https:\/\/aktyprawne.us.edu.pl\/d\/8321\/5\/?tc=17\">Zarz\u0105dzenie nr 121 Rektora Uniwersytetu \u015al\u0105skiego w Katowicach z dnia 30 lipca 2025 r. w sprawie zasad pobierania oraz warunk\u00f3w i trybu zwalniania z op\u0142at za \u015bwiadczone us\u0142ugi edukacyjne w zakresie studi\u00f3w pierwszego i drugiego stopnia oraz jednolitych studi\u00f3w magisterskich rozpoczynaj\u0105cych si\u0119 w roku akademickim 2025\/2026<\/a><\/li><li><a href=\"https:\/\/aktyprawne.us.edu.pl\/d\/8192\/5\/\">Zarz\u0105dzenie nr 79 Rektora Uniwersytetu \u015al\u0105skiego w Katowicach z dnia 28 maja 2025 r. w sprawie wysoko\u015bci op\u0142at za us\u0142ugi edukacyjne dla cykli studi\u00f3w pierwszego i drugiego stopnia oraz jednolitych studi\u00f3w magisterskich rozpoczynaj\u0105cych si\u0119 w roku akademickim 2025\/2026<\/a><\/li><li><a href=\"https:\/\/aktyprawne.us.edu.pl\/d\/7422\/5\/\">Zarz\u0105dzenie nr 99 Rektora Uniwersytetu \u015al\u0105skiego w Katowicach z dnia 26 czerwca 2024 r. w sprawie zasad pobierania oraz warunk\u00f3w i trybu zwalniania z op\u0142at za \u015bwiadczone us\u0142ugi edukacyjne w zakresie studi\u00f3w pierwszego i drugiego stopnia oraz jednolitych studi\u00f3w magisterskich rozpoczynaj\u0105cych si\u0119 w roku akademickim 2024\/2025<\/a><\/li><li><a href=\"https:\/\/aktyprawne.us.edu.pl\/d\/7371\/6\/\">Zarz\u0105dzenie nr 82 Rektora Uniwersytetu \u015al\u0105skiego w Katowicach z dnia 3 czerwca 2024 r. w sprawie wysoko\u015bci op\u0142at za us\u0142ugi edukacyjne dla cykli studi\u00f3w pierwszego i drugiego stopnia oraz jednolitych studi\u00f3w magisterskich rozpoczynaj\u0105cych si\u0119 w roku akademickim 2024\/2025.<\/a><\/li><li><a href=\"https:\/\/aktyprawne.us.edu.pl\/d\/6570\/6\/\">Zarz\u0105dzenie nr 117 Rektora Uniwersytetu \u015al\u0105skiego w Katowicach z dnia 2 sierpnia 2023 r. w sprawie zasad pobierania oraz warunk\u00f3w i trybu zwalniania z op\u0142at za \u015bwiadczone us\u0142ugi edukacyjne w zakresie studi\u00f3w pierwszego i drugiego stopnia oraz jednolitych studi\u00f3w magisterskich rozpoczynaj\u0105cych si\u0119 w roku akademickim 2023\/2024<\/a><\/li><li><a href=\"https:\/\/aktyprawne.us.edu.pl\/d\/6420\/5\/\">Zarz\u0105dzenie nr 90 Rektora Uniwersytetu \u015al\u0105skiego w Katowicach z dnia 31 maja 2023 r. w sprawie wysoko\u015bci op\u0142at za us\u0142ugi edukacyjne dla student\u00f3w studi\u00f3w pierwszego i drugiego stopnia oraz jednolitych studi\u00f3w magisterskich w roku akademickim 2023\/2024.<\/a><\/li><li><a href=\"https:\/\/aktyprawne.us.edu.pl\/d\/5874\/6\/\">Zarz\u0105dzenie nr 105 Rektora Uniwersytetu \u015al\u0105skiego w Katowicach z dnia 20 lipca 2022 r. w sprawie zasad pobierania oraz warunk\u00f3w i trybu zwalniania z op\u0142at za \u015bwiadczone us\u0142ugi edukacyjne w zakresie studi\u00f3w pierwszego i drugiego stopnia oraz jednolitych studi\u00f3w magisterskich rozpoczynaj\u0105cych si\u0119 w roku akademickim 2022\/2023<\/a><\/li><li><a href=\"https:\/\/aktyprawne.us.edu.pl\/d\/5733\/6\/\">Zarz\u0105dzenie nr 78 Rektora Uniwersytetu \u015al\u0105skiego w Katowicach z dnia 31 maja 2022 r. w sprawie wysoko\u015bci op\u0142at za us\u0142ugi edukacyjne dla student\u00f3w studi\u00f3w pierwszego i drugiego stopnia oraz jednolitych studi\u00f3w magisterskich w roku akademickim 2022\/2023<\/a><\/li><li><a href=\"https:\/\/aktyprawne.us.edu.pl\/423-lista\/d\/5347\/5\/\">Zarz\u0105dzenie nr 170\/2021 z dnia 30-09-2021 Rektora U\u015a zmieniaj\u0105ce zarz\u0105dzenie w sprawie wysoko\u015bci op\u0142at za us\u0142ugi edukacyjne dla student\u00f3w studi\u00f3w pierwszego i drugiego stopnia oraz jednolitych studi\u00f3w magisterskich w roku akademickim 2021\/2022.<\/a><\/li><li><a href=\"https:\/\/aktyprawne.us.edu.pl\/423-lista\/d\/5202\/5\/\">Zarz\u0105dzenie nr 113\/2021 z dnia 18-06-2021 Rektora U\u015a w sprawie wysoko\u015bci op\u0142at za us\u0142ugi edukacyjne dla student\u00f3w studi\u00f3w pierwszego i drugiego stopnia oraz jednolitych studi\u00f3w magisterskich w roku akademickim 2021\/2022.<\/a><\/li><li><a href=\"https:\/\/aktyprawne.us.edu.pl\/423-lista\/d\/5265\/5\/\">Zarz\u0105dzenie nr 124\/2021 z dnia 07-07-2021 Rektora U\u015a w sprawie zasad pobierania oraz warunk\u00f3w i trybu zwalniania z op\u0142at za \u015bwiadczone us\u0142ugi edukacyjne w zakresie studi\u00f3w pierwszego i drugiego stopnia oraz jednolitych studi\u00f3w magisterskich rozpoczynaj\u0105cych si\u0119 w roku akademickim 2021\/2022.<\/a><\/li><li><a href=\"https:\/\/aktyprawne.us.edu.pl\/423-lista\/d\/2827\/5\/\">Zarz\u0105dzenie nr 143\/2020 z dnia 02-09-2020 Rektora U\u015a w sprawie zasad pobierania oraz warunk\u00f3w i trybu zwalniania z op\u0142at za \u015bwiadczone us\u0142ugi edukacyjne w zakresie studi\u00f3w pierwszego i drugiego stopnia oraz jednolitych studi\u00f3w magisterskich rozpoczynaj\u0105cych si\u0119 w roku akademickim 2020\/2021.<\/a><\/li><li><a href=\"https:\/\/aktyprawne.us.edu.pl\/423-lista\/d\/275\/5\/\">Zarz\u0105dzenie nr 86\/2019 z dnia 28-06-2019 Rektora U\u015a w sprawie zasad pobierania oraz warunk\u00f3w i trybu zwalniania z op\u0142at za \u015bwiadczone us\u0142ugi edukacyjne w zakresie studi\u00f3w pierwszego i drugiego stopnia oraz jednolitych studi\u00f3w magisterskich rozpoczynaj\u0105cych si\u0119 w roku akademickim 2019\/2020.<\/a><\/li><li><a href=\"https:\/\/aktyprawne.us.edu.pl\/423-lista\/d\/2863\/5\/\">Zarz\u0105dzenie nr 108\/2020 z dnia 16-07-2020 Rektora U\u015a w sprawie wysoko\u015bci op\u0142at za us\u0142ugi edukacyjne dla student\u00f3w studi\u00f3w pierwszego i drugiego stopnia oraz jednolitych studi\u00f3w magisterskich w roku akademickim 2020\/2021<\/a><\/li><li><a href=\"https:\/\/aktyprawne.us.edu.pl\/423-lista\/d\/3717\/5\/\">Uchwa\u0142a nr 552\/2016 z dnia 22-03-2016 Senatu U\u015a w sprawie zasad pobierania op\u0142at za \u015bwiadczone us\u0142ugi edukacyjne oraz trybu i warunk\u00f3w obni\u017cania i zwalniania z tych op\u0142at cudzoziemc\u00f3w podejmuj\u0105cych studia na zasadach innych ni\u017c obowi\u0105zuj\u0105ce obywateli polskich.<\/a><\/li><li><a href=\"https:\/\/aktyprawne.us.edu.pl\/423-lista\/d\/3941\/5\/\">Uchwa\u0142a nr 328\/2014 z dnia 23-09-2014 Senatu U\u015a w sprawie zasad pobierania op\u0142at za \u015bwiadczone us\u0142ugi edukacyjne w zakresie studi\u00f3w pierwszego i drugiego stopnia oraz jednolitych studi\u00f3w magisterskich.<\/a><\/li>\r\n                <\/ul>\r\n            <\/div>[\/vc_column][\/vc_row][vc_row][vc_column][\/vc_column][\/vc_row]<\/p>","protected":false},"excerpt":{"rendered":"<p>[vc_row][vc_column][\/vc_column][\/vc_row][vc_row][vc_column][\/vc_column][\/vc_row] [&#8230;]<\/p>\n<p><a class=\"btn btn-secondary understrap-read-more-link\" href=\"https:\/\/us.edu.pl\/kandydat\/rekrutacja-na-studia-krok-po-kroku\/oplaty-zwiazane-ze-studiami\/oplaty-za-uslugi-edukacyjne\/\">Read More&#8230;<\/a><\/p>\n","protected":false},"author":31,"featured_media":0,"parent":534,"menu_order":0,"comment_status":"closed","ping_status":"closed","template":"page-templates\/inner-page-with-bookmarks.php","meta":{"_expiration-date-status":"","_expiration-date":0,"_expiration-date-type":"","_expiration-date-categories":[],"_expiration-date-options":[]},"acf":[],"_links":{"self":[{"href":"https:\/\/us.edu.pl\/kandydat\/wp-json\/wp\/v2\/pages\/608"}],"collection":[{"href":"https:\/\/us.edu.pl\/kandydat\/wp-json\/wp\/v2\/pages"}],"about":[{"href":"https:\/\/us.edu.pl\/kandydat\/wp-json\/wp\/v2\/types\/page"}],"author":[{"embeddable":true,"href":"https:\/\/us.edu.pl\/kandydat\/wp-json\/wp\/v2\/users\/31"}],"replies":[{"embeddable":true,"href":"https:\/\/us.edu.pl\/kandydat\/wp-json\/wp\/v2\/comments?post=608"}],"version-history":[{"count":11,"href":"https:\/\/us.edu.pl\/kandydat\/wp-json\/wp\/v2\/pages\/608\/revisions"}],"predecessor-version":[{"id":21491,"href":"https:\/\/us.edu.pl\/kandydat\/wp-json\/wp\/v2\/pages\/608\/revisions\/21491"}],"up":[{"embeddable":true,"href":"https:\/\/us.edu.pl\/kandydat\/wp-json\/wp\/v2\/pages\/534"}],"wp:attachment":[{"href":"https:\/\/us.edu.pl\/kandydat\/wp-json\/wp\/v2\/media?parent=608"}],"curies":[{"name":"wp","href":"https:\/\/api.w.org\/{rel}","templated":true}]}}