{"id":628,"date":"2019-10-03T12:35:39","date_gmt":"2019-10-03T10:35:39","guid":{"rendered":"https:\/\/us.edu.pl\/kandydat\/?page_id=628"},"modified":"2023-03-13T11:10:06","modified_gmt":"2023-03-13T10:10:06","slug":"oplaty-za-wydanie-dokumentow","status":"publish","type":"page","link":"https:\/\/us.edu.pl\/kandydat\/rekrutacja-na-studia-krok-po-kroku\/oplaty-zwiazane-ze-studiami\/oplaty-za-wydanie-dokumentow\/","title":{"rendered":"Op\u0142aty za wydanie dokument\u00f3w"},"content":{"rendered":"<p>[vc_row][vc_column]\r\n                <div class='sidebar_moduls sidebar_links color-blue' style='background-color: #FFFFFF'>\r\n                    <h3>Akty prawne:<\/h3>\r\n                    <ul class='angle-list'>\r\n                    <li><a href=\"https:\/\/aktyprawne.us.edu.pl\/d\/3028\/5\/\">Pismo ok\u00f3lne nr 8 Rektora Uniwersytetu \u015al\u0105skiego w Katowicach z dnia 19 czerwca 2019 r. w sprawie wysoko\u015bci op\u0142at pobieranych od student\u00f3w, doktorant\u00f3w, s\u0142uchaczy studi\u00f3w podyplomowych za wydanie dokument\u00f3w pocz\u0105wszy od roku akademickiego 2019\/2020.<\/a><\/li><li><a href=\"https:\/\/aktyprawne.us.edu.pl\/d\/1706\/5\/\">Zarz\u0105dzenie nr 77\/2012 z dnia 17-07-2012 Rektora U\u015a w sprawie elektronicznych legitymacji studenckich i doktoranckich.<\/a><\/li>\r\n                <\/ul>\r\n            <\/div>[\/vc_column][\/vc_row]<\/p>","protected":false},"excerpt":{"rendered":"<p>[vc_row][vc_column][\/vc_column][\/vc_row] [&#8230;]<\/p>\n<p><a class=\"btn btn-secondary understrap-read-more-link\" href=\"https:\/\/us.edu.pl\/kandydat\/rekrutacja-na-studia-krok-po-kroku\/oplaty-zwiazane-ze-studiami\/oplaty-za-wydanie-dokumentow\/\">Read More&#8230;<\/a><\/p>\n","protected":false},"author":31,"featured_media":0,"parent":534,"menu_order":0,"comment_status":"closed","ping_status":"closed","template":"page-templates\/inner-page-with-bookmarks.php","meta":{"_expiration-date-status":"","_expiration-date":0,"_expiration-date-type":"","_expiration-date-categories":[],"_expiration-date-options":[]},"acf":[],"_links":{"self":[{"href":"https:\/\/us.edu.pl\/kandydat\/wp-json\/wp\/v2\/pages\/628"}],"collection":[{"href":"https:\/\/us.edu.pl\/kandydat\/wp-json\/wp\/v2\/pages"}],"about":[{"href":"https:\/\/us.edu.pl\/kandydat\/wp-json\/wp\/v2\/types\/page"}],"author":[{"embeddable":true,"href":"https:\/\/us.edu.pl\/kandydat\/wp-json\/wp\/v2\/users\/31"}],"replies":[{"embeddable":true,"href":"https:\/\/us.edu.pl\/kandydat\/wp-json\/wp\/v2\/comments?post=628"}],"version-history":[{"count":11,"href":"https:\/\/us.edu.pl\/kandydat\/wp-json\/wp\/v2\/pages\/628\/revisions"}],"predecessor-version":[{"id":13110,"href":"https:\/\/us.edu.pl\/kandydat\/wp-json\/wp\/v2\/pages\/628\/revisions\/13110"}],"up":[{"embeddable":true,"href":"https:\/\/us.edu.pl\/kandydat\/wp-json\/wp\/v2\/pages\/534"}],"wp:attachment":[{"href":"https:\/\/us.edu.pl\/kandydat\/wp-json\/wp\/v2\/media?parent=628"}],"curies":[{"name":"wp","href":"https:\/\/api.w.org\/{rel}","templated":true}]}}