{"id":677,"date":"2019-10-03T15:04:22","date_gmt":"2019-10-03T13:04:22","guid":{"rendered":"https:\/\/us.edu.pl\/kandydat\/?page_id=677"},"modified":"2025-03-04T11:27:14","modified_gmt":"2025-03-04T10:27:14","slug":"oferta-dydaktyczna","status":"publish","type":"page","link":"https:\/\/us.edu.pl\/kandydat\/oferta-dydaktyczna\/","title":{"rendered":"Oferta dydaktyczna"},"content":{"rendered":"<p>[vc_row css=&#8221;.vc_custom_1570117067857{background-position: center !important;background-repeat: no-repeat !important;background-size: cover !important;}&#8221;][vc_column css_animation=&#8221;none&#8221; width=&#8221;1\/2&#8243;]\r\n                <div class=\"text-modules\">\r\n                    <div class=\"container\">\r\n                        <h3 class=\"section-title text-modules__title\">8 wydzia\u0142\u00f3w<\/h3> <h3 class=\"subtitle text-modules__subtitle\">4 miasta uniwersyteckie:<\/h3>\r\n                        <div class=\"row m-0\">\r\n                            <div class=\"text-modules__content\">Katowice<\/p>\n<p>Sosnowiec<\/p>\n<p>Cieszyn<\/p>\n<p>Chorz\u00f3w<\/div>\r\n                            <div class=\"text-modules__numerical\"><div><span class=\"text-modules__num\">Prawie 2\u00a0000 nauczycieli akademickich<\/span> <\/div><\/div>\r\n                        <\/div>\r\n                    <\/div>\r\n                <\/div>[\/vc_column][vc_column css_animation=&#8221;none&#8221; width=&#8221;1\/2&#8243;]\r\n                <div class=\"text-modules\">\r\n                    <div class=\"container\">\r\n                        <h3 class=\"section-title text-modules__title\">Ponad 200<\/h3> <h3 class=\"subtitle text-modules__subtitle\">program\u00f3w rekrutacyjnych<\/h3>\r\n                        <div class=\"row m-0\">\r\n                            <div class=\"text-modules__content\"><\/div>\r\n                            <div class=\"text-modules__numerical\"><div><span class=\"text-modules__num\">160<\/span> laboratori\u00f3w i pracowni<\/div><div><span class=\"text-modules__num\">Corocznie oko\u0142o 20\u00a0000<\/span> kandydat\u00f3w zarejestrowanych w IRK<\/div><\/div>\r\n                        <\/div>\r\n                    <\/div>\r\n                <\/div>[\/vc_column][\/vc_row][vc_row][vc_column css_animation=&#8221;none&#8221;]\r\n                <div class=\"text-modules\">\r\n                    <div class=\"container\">\r\n                        <h3 class=\"page-title text__title\">Dlaczego kandydaci wybieraj\u0105 Uniwersytet \u015al\u0105ski?<\/h3>\r\n                        <div class=\"text-modules__content\"><\/p>\n<ul>\n<li>Uniwersytet \u015al\u0105ski to jedna z najwi\u0119kszych uczelni na \u015al\u0105sku. Kszta\u0142cimy ju\u017c od przesz\u0142o 50 lat!<\/li>\n<li>Na naszej Uczelni jest dost\u0119pna atrakcyjna i zr\u00f3\u017cnicowana oferta dydaktyczna \u2013 86 kierunk\u00f3w studi\u00f3w oraz oko\u0142o 200 specjalno\u015bci prowadzonych w formie stacjonarnej i niestacjonarnej na poziomie studi\u00f3w I i II stopnia oraz na jednolitych studiach magisterskich.<\/li>\n<li>Oferta dydaktyczna U\u015a umo\u017cliwia nie tylko rozwijanie pasji i zainteresowa\u0144 student\u00f3w (ponad 300 k\u00f3\u0142 naukowych i 50 sekcji sportowych i rekreacyjnych), lecz tak\u017ce odnalezienie si\u0119 absolwent\u00f3w na rynku pracy.<\/li>\n<li>Na U\u015a mo\u017cna kszta\u0142ci\u0107 si\u0119 wszechstronnie \u2013 do wyboru s\u0105 studia z zakresu nauk humanistycznych, spo\u0142ecznych, \u015bcis\u0142ych, przyrodniczych, technicznych oraz sztuki.<\/li>\n<li>Programy studi\u00f3w realizowane na U\u015a wykraczaj\u0105 poza tradycyjne ramy kszta\u0142cenia \u2013 Indywidualne Studia Mi\u0119dzydziedzinowe.<\/li>\n<li>Unikalne kierunki prowadzone s\u0105 przez Szko\u0142\u0119 Filmow\u0105 im. Krzysztofa Kie\u015blowskiego.<\/li>\n<li>Zaj\u0119cia prowadzone s\u0105 przez wykwalifikowan\u0105 kadr\u0119 dydaktyczn\u0105.<\/li>\n<li>Na Uniwersytecie mamy wysoki poziom kszta\u0142cenia i bada\u0144 naukowych.<\/li>\n<li>Studenci U\u015a maj\u0105 mo\u017cliwo\u015b\u0107 wyjazdu na inn\u0105 uczelni\u0119 w kraju lub za granic\u0105 w ramach wymiany akademickiej student\u00f3w oraz doktorant\u00f3w \u2013 MOST oraz ERASMUS+.<\/li>\n<\/ul>\n<p>Ponadto:<\/p>\n<ul>\n<li>Na Uniwersytecie \u015al\u0105skim panuje wspania\u0142a atmosfera studiowania<\/li>\n<\/ul>\n<p>\n<\/div>\r\n                    <\/div>\r\n                <\/div>\r\n                    <div class=\"locations\">\r\n                        <div class=\"container\">\r\n                            <div class=\"row\">\r\n                            \r\n                        <div class=\"col-lg-3 col-md-3 col-sm-6 col-6\">\r\n                            <a href=\"https:\/\/goo.gl\/maps\/6vy9TcCoaL4bTj489\" class=\"location__item\">\r\n                                <em class=\"fa fa-map-marker\"><\/em>\r\n                                <div class=\"location__name\">kampus Katowice<\/div>\r\n                            <\/a>\r\n                        <\/div> \r\n                        <div class=\"col-lg-3 col-md-3 col-sm-6 col-6\">\r\n                            <a href=\"https:\/\/goo.gl\/maps\/NBmqvoQkd6AyPvMLA\" class=\"location__item\">\r\n                                <em class=\"fa fa-map-marker\"><\/em>\r\n                                <div class=\"location__name\">kampus Chorz\u00f3w<\/div>\r\n                            <\/a>\r\n                        <\/div> \r\n                        <div class=\"col-lg-3 col-md-3 col-sm-6 col-6\">\r\n                            <a href=\"https:\/\/goo.gl\/maps\/jjGoGDNnK1GTD2js8\" class=\"location__item\">\r\n                                <em class=\"fa fa-map-marker\"><\/em>\r\n                                <div class=\"location__name\">kampus Cieszyn<\/div>\r\n                            <\/a>\r\n                        <\/div> \r\n                        <div class=\"col-lg-3 col-md-3 col-sm-6 col-6\">\r\n                            <a href=\"https:\/\/goo.gl\/maps\/292HvQVMk35YrzGi7\" class=\"location__item\">\r\n                                <em class=\"fa fa-map-marker\"><\/em>\r\n                                <div class=\"location__name\">kampus Sosnowiec<\/div>\r\n                            <\/a>\r\n                        <\/div> \r\n                            <\/div>\r\n                        <\/div>\r\n                    <\/div> [\/vc_column][\/vc_row][vc_row][vc_column][vc_video link=&#8221;https:\/\/youtu.be\/Vb2VCsubZcQ&#8221; el_width=&#8221;80&#8243; align=&#8221;center&#8221; title=&#8221;Do\u015bwiadczaj. Studiuj&#8221;][\/vc_column][\/vc_row][vc_row][vc_column][vc_column_text]<\/p>\n<p>[\/vc_column_text][\/vc_column][\/vc_row]<\/p>","protected":false},"excerpt":{"rendered":"<p>[vc_row css=&#8221;.vc_custom_1570117067857{background-position: center !important;background-repeat: no-repeat !important;background-size: cover !important;}&#8221;][vc_column css_animation=&#8221;none&#8221; width=&#8221;1\/2&#8243;][\/vc_column][vc_column css_animation=&#8221;none&#8221; width=&#8221;1\/2&#8243;][\/vc_column][\/vc_row][vc_row][vc_column css_animation=&#8221;none&#8221;][\/vc_column][\/vc_row][vc_row][vc_column][vc_video link=&#8221;https:\/\/youtu.be\/Vb2VCsubZcQ&#8221; el_width=&#8221;80&#8243; align=&#8221;center&#8221; title=&#8221;Do\u015bwiadczaj. Studiuj&#8221;][\/vc_column][\/vc_row][vc_row][vc_column][vc_column_text] [\/vc_column_text][\/vc_column][\/vc_row] [&#8230;]<\/p>\n<p><a class=\"btn btn-secondary understrap-read-more-link\" href=\"https:\/\/us.edu.pl\/kandydat\/oferta-dydaktyczna\/\">Read More&#8230;<\/a><\/p>\n","protected":false},"author":31,"featured_media":0,"parent":0,"menu_order":0,"comment_status":"closed","ping_status":"closed","template":"page-templates\/page-with-sidebar-and-bookmarks.php","meta":{"_expiration-date-status":"","_expiration-date":0,"_expiration-date-type":"","_expiration-date-categories":[],"_expiration-date-options":[]},"acf":[],"_links":{"self":[{"href":"https:\/\/us.edu.pl\/kandydat\/wp-json\/wp\/v2\/pages\/677"}],"collection":[{"href":"https:\/\/us.edu.pl\/kandydat\/wp-json\/wp\/v2\/pages"}],"about":[{"href":"https:\/\/us.edu.pl\/kandydat\/wp-json\/wp\/v2\/types\/page"}],"author":[{"embeddable":true,"href":"https:\/\/us.edu.pl\/kandydat\/wp-json\/wp\/v2\/users\/31"}],"replies":[{"embeddable":true,"href":"https:\/\/us.edu.pl\/kandydat\/wp-json\/wp\/v2\/comments?post=677"}],"version-history":[{"count":11,"href":"https:\/\/us.edu.pl\/kandydat\/wp-json\/wp\/v2\/pages\/677\/revisions"}],"predecessor-version":[{"id":14586,"href":"https:\/\/us.edu.pl\/kandydat\/wp-json\/wp\/v2\/pages\/677\/revisions\/14586"}],"wp:attachment":[{"href":"https:\/\/us.edu.pl\/kandydat\/wp-json\/wp\/v2\/media?parent=677"}],"curies":[{"name":"wp","href":"https:\/\/api.w.org\/{rel}","templated":true}]}}