{"id":7274,"date":"2020-10-01T13:19:52","date_gmt":"2020-10-01T11:19:52","guid":{"rendered":"https:\/\/us.edu.pl\/kandydat\/?page_id=7274"},"modified":"2021-04-14T11:44:03","modified_gmt":"2021-04-14T09:44:03","slug":"warsztaty-maturalne-w-uniwersytecie-slaskim-maturzystow","status":"publish","type":"page","link":"https:\/\/us.edu.pl\/kandydat\/warsztaty-maturalne-w-uniwersytecie-slaskim-maturzystow\/","title":{"rendered":"Nocne Powt\u00f3rki Maturalne 2021"},"content":{"rendered":"<p>[vc_row][vc_column]\r\n                <div class=\"text-modules\">\r\n                    <div class=\"container\">\r\n                        <h3 class=\"page-title text__title\">Nocne Powt\u00f3rki Maturalne 2021 - online w Uniwersytecie \u015al\u0105skim Maturzyst\u00f3w<\/h3>\r\n                        <div class=\"text-modules__content\"><p><strong>Nocne Powt\u00f3rki Maturalne<\/strong><\/p>\n<p><span style=\"font-weight: 400\">Nocne Powt\u00f3rki Maturalne to doroczna impreza edukacyjna skierowana do uczni\u00f3w szk\u00f3\u0142 \u015brednich, b\u0119d\u0105cych na\u00a0ostatniej prostej przed egzaminem dojrza\u0142o\u015bci. Organizatorem jest Uniwersytet \u015al\u0105ski Maturzyst\u00f3w dzia\u0142aj\u0105cy w Uniwersytecie Otwartym U\u015a, od lat zajmuj\u0105cy si\u0119 organizacj\u0105 kurs\u00f3w przygotowuj\u0105cych uczni\u00f3w do majowych zmaga\u0144.\u00a0<\/span><\/p>\n<p><span style=\"font-weight: 400\">Specjalnie dla abiturient\u00f3w nasi Wyk\u0142adowcy opracowuj\u0105 zagadnienia, kt\u00f3re z du\u017cym prawdopodobie\u0144stwem znajd\u0105 si\u0119 na maturze i s\u0105 warte szczeg\u00f3\u0142owego om\u00f3wienia. Zapraszamy na powt\u00f3rki z j\u0119zyka polskiego oraz matematyki (poziom podstawowy oraz rozszerzony). W tym roku zaj\u0119cia przyjm\u0105 form\u0119 wyk\u0142ad\u00f3w on-line z elementami sprz\u0119\u017cenia zwrotnego. W ten spos\u00f3b znosimy bariery geograficzne, a Nocne Powt\u00f3rki staj\u0105 si\u0119 dost\u0119pne dla maturzyst\u00f3w z ca\u0142ej Polski!<\/span><\/p>\n<p><span style=\"font-weight: 400\">Podczas zaj\u0119\u0107 b\u0119dzie mo\u017cliwo\u015b\u0107 zadawania pyta\u0144 prowadz\u0105cym, a\u00a0przyswajalno\u015b\u0107 omawianego materia\u0142u zostanie zwi\u0119kszona poprzez wykorzystanie nowoczesnych technik wizualizacji.<\/span><\/p>\n<p><span style=\"font-weight: 400\">Spotkania odbywa\u0107 si\u0119 b\u0119d\u0105 na platformie ZOOM. Zapisu mo\u017cna dokona\u0107 poprzez formularz dost\u0119pny na\u00a0stronie internetowej <\/span><a href=\"http:\/\/www.maturzysta.us.edu.pl\/\"><span style=\"font-weight: 400\">www.maturzysta.us.edu.pl<\/span><\/a><\/p>\n<p><span style=\"font-weight: 400\">Udzia\u0142 w pierwszych trzech spotkaniach (20, 21 i 22 kwietnia) jest bezp\u0142atny. Udzia\u0142 w kolejnych pi\u0119ciu spotkaniach to koszt 25 z\u0142 za jedne zaj\u0119cia.\u00a0<\/span><\/p>\n<p><strong>Harmonogram tegorocznych Nocnych Powt\u00f3rek:<\/strong><\/p>\n<ul>\n<li><span style=\"font-weight: 400\">20 kwietnia (wtorek), godz. 19.00 \u2013 <\/span><b>j\u0119zyk polski<\/b><span style=\"font-weight: 400\">: <\/span><i><span style=\"font-weight: 400\">M\u0142oda Polska \u2013 synteza<\/span><\/i><span style=\"font-weight: 400\"> (dr hab. Magdalena Piekara)<\/span><\/li>\n<li><i><span style=\"font-weight: 400\">21 kwietnia (\u015broda), godz. 19.00 \u2013 <\/span><b>matematyka: <\/b><span style=\"font-weight: 400\">Zadania dowodowe na egzaminie maturalnym \u2013 poziom\u00a0 podstawowy <\/span><span style=\"font-weight: 400\">(dr Sylwia Kania)<\/span><\/i><\/li>\n<li><span style=\"font-weight: 400\">22 kwietnia (czwartek), godz. 19.00 \u2013 <\/span><b>j\u0119zyk polski:<\/b> <i><span style=\"font-weight: 400\">Na tropach topos\u00f3w \u2013 podstawy poetyki dla licealist\u00f3w<\/span><\/i><span style=\"font-weight: 400\"> (dr hab. Magdalena Piotrowska-Grot)<\/span><\/li>\n<li><span style=\"font-weight: 400\">23 kwietnia (pi\u0105tek), godz. 19.00 \u2013 <\/span><b>matematyka:<\/b> <i><span style=\"font-weight: 400\">Zadania dowodowe na egzaminie maturalnym \u2013 poziom rozszerzony<\/span><\/i><span style=\"font-weight: 400\"> (dr Sylwia Kania)<\/span><\/li>\n<li><i><span style=\"font-weight: 400\">24 kwietnia (sobota), godz. 19.00 \u2013 <\/span><b>matematyka:<\/b> <span style=\"font-weight: 400\">Zadania rozszerzonej odpowiedzi na egzaminie maturalnym \u2013 poziom podstawowy<\/span><span style=\"font-weight: 400\"> (dr Sylwia Kania)<\/span><\/i><\/li>\n<li><span style=\"font-weight: 400\">27 kwietnia (wtorek), godz. 19.00 \u2013 <\/span><b>j\u0119zyk polski:<\/b> <span style=\"font-weight: 400\">Proza pozytywistyczna: Lalka, Nad Niemnem, powie\u015bci historyczne H. Sienkiewicza<\/span><span style=\"font-weight: 400\"> (dr hab. Magdalena Piekara)<\/span><\/li>\n<li><span style=\"font-weight: 400\">28 kwietnia (\u015broda), godz. 19.00 \u2013 <\/span><b>matematyka:<\/b> <span style=\"font-weight: 400\">Rachunek r\u00f3\u017cniczkowy, trygonometria, zadania z\u00a0parametrem na przyk\u0142adzie zada\u0144 maturalnych \u2013 poziom rozszerzony<\/span><span style=\"font-weight: 400\"> (dr Sylwia Kania)<\/span><\/li>\n<li>29 kwietnia (czwartek), godz. 19.00 \u2013 <b>j\u0119zyk polski:<\/b> <i>Awangarda wiecznie \u017cywa? Dwudziestolecie Mi\u0119dzywojenne \u2013 ci\u0105gi dalsze <\/i>(dr hab. Magdalena Piotrowska-Grot)<\/li>\n<\/ul>\n<p>\n<\/div>\r\n                    <\/div>\r\n                <\/div>[\/vc_column][\/vc_row]<\/p>","protected":false},"excerpt":{"rendered":"<p>[vc_row][vc_column][\/vc_column][\/vc_row] [&#8230;]<\/p>\n<p><a class=\"btn btn-secondary understrap-read-more-link\" href=\"https:\/\/us.edu.pl\/kandydat\/warsztaty-maturalne-w-uniwersytecie-slaskim-maturzystow\/\">Read More&#8230;<\/a><\/p>\n","protected":false},"author":31,"featured_media":0,"parent":0,"menu_order":0,"comment_status":"closed","ping_status":"closed","template":"page-templates\/page-with-sidebar-and-bookmarks.php","meta":{"_expiration-date-status":"saved","_expiration-date":0,"_expiration-date-type":"","_expiration-date-categories":[],"_expiration-date-options":[]},"acf":[],"_links":{"self":[{"href":"https:\/\/us.edu.pl\/kandydat\/wp-json\/wp\/v2\/pages\/7274"}],"collection":[{"href":"https:\/\/us.edu.pl\/kandydat\/wp-json\/wp\/v2\/pages"}],"about":[{"href":"https:\/\/us.edu.pl\/kandydat\/wp-json\/wp\/v2\/types\/page"}],"author":[{"embeddable":true,"href":"https:\/\/us.edu.pl\/kandydat\/wp-json\/wp\/v2\/users\/31"}],"replies":[{"embeddable":true,"href":"https:\/\/us.edu.pl\/kandydat\/wp-json\/wp\/v2\/comments?post=7274"}],"version-history":[{"count":7,"href":"https:\/\/us.edu.pl\/kandydat\/wp-json\/wp\/v2\/pages\/7274\/revisions"}],"predecessor-version":[{"id":7514,"href":"https:\/\/us.edu.pl\/kandydat\/wp-json\/wp\/v2\/pages\/7274\/revisions\/7514"}],"wp:attachment":[{"href":"https:\/\/us.edu.pl\/kandydat\/wp-json\/wp\/v2\/media?parent=7274"}],"curies":[{"name":"wp","href":"https:\/\/api.w.org\/{rel}","templated":true}]}}