{"id":8168,"date":"2021-06-17T11:59:31","date_gmt":"2021-06-17T09:59:31","guid":{"rendered":"https:\/\/us.edu.pl\/kandydat\/?page_id=8168"},"modified":"2023-04-17T12:48:35","modified_gmt":"2023-04-17T10:48:35","slug":"kandydaci-niepelnoletni","status":"publish","type":"page","link":"https:\/\/us.edu.pl\/kandydat\/rekrutacja-na-studia-krok-po-kroku\/kandydaci-niepelnoletni\/","title":{"rendered":"Kandydaci niepe\u0142noletni"},"content":{"rendered":"<p>[vc_row][vc_column]\r\n                <div class=\"text-modules\">\r\n                    <div class=\"container\">\r\n                        <h3 class=\"page-title text__title\">Informacje dla rodzic\u00f3w niepe\u0142noletnich kandydat\u00f3w na studia w Uniwersytecie \u015al\u0105skim<\/h3>\r\n                        <div class=\"text-modules__content\"><p><em>Szanowni Rodzice<\/em><em>,<\/em><\/p>\n<p>Osoba niepe\u0142noletnia nie ma prawa samodzielnie podpisywa\u0107 dokument\u00f3w zwi\u0105zanych z rekrutacj\u0105 i podj\u0119ciem studi\u00f3w na Uniwersytecie \u015al\u0105skim. Wszystkie oficjalne dokumenty w imieniu niepe\u0142noletniego kandydata musz\u0105 podpisa\u0107 rodzice, opiekunowie prawni albo pe\u0142nomocnicy.<\/p>\n<p>Je\u015bli rodzice lub opiekunowie prawni nie maj\u0105 mo\u017cliwo\u015bci przyjazdu z kandydatem na Uczelnie w celu podpisania niezb\u0119dnych dokument\u00f3w, musz\u0105 wyrazi\u0107 pisemn\u0105 zgod\u0119, aby dziecko samodzielnie podpisywa\u0142o niezb\u0119dne dokumenty wymagane do podj\u0119cia studi\u00f3w oraz ich odbywania. Zgoda rodzic\u00f3w lub opiekun\u00f3w mo\u017ce zosta\u0107 wyra\u017cona poprzez podpisanie przez oboje rodzic\u00f3w albo opiekun\u00f3w prawnych o\u015bwiadczenia, kt\u00f3rego wz\u00f3r znajduje si\u0119 <a href=\"https:\/\/us.edu.pl\/kandydat\/wp-content\/uploads\/sites\/13\/druki-rekrutacja\/zgoda-rodzicow.pdf\" data-mtli=\"mtli_filesize160,30kB\" data-mtli=\"mtli_filesize160,30kB\"><strong><u>tutaj<\/u>.<\/strong><\/a> Tego typu o\u015bwiadczenie rodzice lub opiekunowie mog\u0105 podpisa\u0107, pod warunkiem, \u017ce w pe\u0142ni rozumiej\u0105 tre\u015b\u0107 podpisywanego dokumentu. Sk\u0142adaj\u0105c na Uniwersytecie \u015al\u0105skim w Katowicach o\u015bwiadczenie rodzic\u00f3w zgodne ze wzorem, kandydat powinien okaza\u0107 w\u0142asne \u015bwiadectwo urodzenia (b\u0105d\u017a jego kopi\u0119) oraz dokumenty po\u015bwiadczaj\u0105ce to\u017csamo\u015b\u0107 rodzic\u00f3w (lub ich kopie).<\/p>\n<p>Zgoda musi by\u0107 podpisana przez oboje rodzic\u00f3w. W przypadku braku jednego z\u00a0rodzic\u00f3w, nale\u017cy przedstawi\u0107 akt zgonu lub dokument o\u00a0pozbawieniu praw rodzicielskich. W wypadku opiekun\u00f3w nale\u017cy przedstawi\u0107 dokument z s\u0105du potwierdzaj\u0105cy status opiekuna prawnego.<\/p>\n<p><strong>Kto powinien by\u0107 obecny podczas wpisu osoby niepe\u0142noletniej?<\/strong><\/p>\n<p>Do wpisu na studia kandydat niepe\u0142noletni powinien przyj\u015b\u0107 z rodzicami\/opiekunami prawnymi, kt\u00f3rzy osobi\u015bcie, przy pracowniku Uczelni, podpisz\u0105 o\u015bwiadczenie o\u00a0wyra\u017ceniu zgody na podj\u0119cie studi\u00f3w.<\/p>\n<p>Na podstawie tego dokumentu kandydat mo\u017ce osobi\u015bcie podpisa\u0107 ankiet\u0119 osobow\u0105 oraz o\u015bwiadczenie o\u00a0warunkach odp\u0142atno\u015bci.<\/p>\n<p><strong>Czy rodzic\/opiekun prawny mo\u017ce wpisa\u0107 niepe\u0142noletniego kandydata bez jego obecno\u015bci?<\/strong><\/p>\n<p>Tak. W takim wypadku oboje rodzic\u00f3w\/opiekunowie prawni r\u00f3wnie\u017c podpisuj\u0105 przy pracowniku Uczelni o\u015bwiadczenie, a nast\u0119pnie ankiet\u0119 osobow\u0105 oraz o\u015bwiadczenie o\u00a0warunkach odp\u0142atno\u015bci.<\/p>\n<p><strong>Czy niepe\u0142noletni kandydat mo\u017ce do wpisu na studia przyj\u015b\u0107 sam?<\/strong><\/p>\n<p>Tak. Musi mie\u0107 wtedy przy sobie o\u015bwiadczenie podpisane przez oboje rodzic\u00f3w.<\/p>\n<p><strong>Wa\u017cne!<\/strong> W przypadku rekrutacji na wi\u0119cej ni\u017c jedne studia do ka\u017cdego wpisu wymagane jest osobne o\u015bwiadczenie.<\/p>\n<p><strong>Co w sytuacji, gdy do wpisu na studia nie mo\u017ce przyj\u015b\u0107 ani kandydat, ani rodzic\/opiekun prawny?<\/strong><\/p>\n<p>W takiej sytuacji rodzic\/opiekun prawny mo\u017ce wyznaczy\u0107 pe\u0142nomocnika, kt\u00f3ry w jego imieniu dostarczy o\u015bwiadczenie (z podpisem rodzic\u00f3w). Pe\u0142nomocnik musi mie\u0107 ze sob\u0105 pe\u0142nomocnictwo podpisane przez rodzic\u00f3w\/opiekun\u00f3w prawnych. Na podstawie tego dokumentu pe\u0142nomocnik mo\u017ce podpisa\u0107 ankiet\u0119 osobow\u0105 oraz o\u015bwiadczenie o warunkach odp\u0142atno\u015bci.<\/p>\n<p><strong>Wa\u017cne!<\/strong> W przypadku rekrutacji na wi\u0119cej ni\u017c jedne studia do ka\u017cdego wpisu wymagane jest osobne o\u015bwiadczenie.<\/p>\n<style type=\"text\/css\">a[data-mtli~=\"mtli_filesize160,30kB\"]:after {content:\" (160,30 kB)\"}<\/style><\/div>\r\n                    <\/div>\r\n                <\/div>[\/vc_column][\/vc_row]<\/p>\n<style type=\"text\/css\">a[data-mtli~=\"mtli_filesize160,30kB\"]:after {content:\" (160,30 kB)\"}<\/style>","protected":false},"excerpt":{"rendered":"<p>[vc_row][vc_column][\/vc_column][\/vc_row] [&#8230;]<\/p>\n<p><a class=\"btn btn-secondary understrap-read-more-link\" href=\"https:\/\/us.edu.pl\/kandydat\/rekrutacja-na-studia-krok-po-kroku\/kandydaci-niepelnoletni\/\">Read More&#8230;<\/a><\/p>\n","protected":false},"author":31,"featured_media":0,"parent":1278,"menu_order":11,"comment_status":"closed","ping_status":"closed","template":"page-templates\/page-with-sidebar-and-bookmarks.php","meta":{"_expiration-date-status":"","_expiration-date":0,"_expiration-date-type":"","_expiration-date-categories":[],"_expiration-date-options":[]},"acf":[],"_links":{"self":[{"href":"https:\/\/us.edu.pl\/kandydat\/wp-json\/wp\/v2\/pages\/8168"}],"collection":[{"href":"https:\/\/us.edu.pl\/kandydat\/wp-json\/wp\/v2\/pages"}],"about":[{"href":"https:\/\/us.edu.pl\/kandydat\/wp-json\/wp\/v2\/types\/page"}],"author":[{"embeddable":true,"href":"https:\/\/us.edu.pl\/kandydat\/wp-json\/wp\/v2\/users\/31"}],"replies":[{"embeddable":true,"href":"https:\/\/us.edu.pl\/kandydat\/wp-json\/wp\/v2\/comments?post=8168"}],"version-history":[{"count":10,"href":"https:\/\/us.edu.pl\/kandydat\/wp-json\/wp\/v2\/pages\/8168\/revisions"}],"predecessor-version":[{"id":13575,"href":"https:\/\/us.edu.pl\/kandydat\/wp-json\/wp\/v2\/pages\/8168\/revisions\/13575"}],"up":[{"embeddable":true,"href":"https:\/\/us.edu.pl\/kandydat\/wp-json\/wp\/v2\/pages\/1278"}],"wp:attachment":[{"href":"https:\/\/us.edu.pl\/kandydat\/wp-json\/wp\/v2\/media?parent=8168"}],"curies":[{"name":"wp","href":"https:\/\/api.w.org\/{rel}","templated":true}]}}