{"id":9092,"date":"2022-05-31T13:40:35","date_gmt":"2022-05-31T11:40:35","guid":{"rendered":"https:\/\/us.edu.pl\/kandydat\/?page_id=9092"},"modified":"2026-02-05T10:41:20","modified_gmt":"2026-02-05T09:41:20","slug":"studia-i-stopnia-oraz-jednolite-magisterskie","status":"publish","type":"page","link":"https:\/\/us.edu.pl\/kandydat\/studia-i-stopnia-oraz-jednolite-magisterskie\/","title":{"rendered":"Studia I stopnia oraz jednolite magisterskie"},"content":{"rendered":"<p>[vc_row][vc_column][vc_empty_space]\r\n                <div class=\"links-with-image-section\">\r\n                    <div class=\"container\">\r\n                        \r\n                        <div class=\"links-with-image-section section-top\">\r\n                            <h2 class=\"section-title\">Studiuj na U\u015a - Rekrutacja na studia I i II stopnia oraz jednolite magisterskie<\/h2>\r\n                        <\/div>\r\n                        <div class=\"row\">\r\n                            <div class=\"col-xs-12 col-sm-12 col-md-4 image-block no-gutter\">\r\n                                <a href=\"https:\/\/us.edu.pl\/kandydat\/oferta-dydaktyczna\/\">\r\n                                <img src=\"https:\/\/us.edu.pl\/kandydat\/wp-content\/uploads\/sites\/13\/Nieprzypisane\/us-93_edited-e1575538257634-1024x670.jpg\" alt=\"\">\r\n                                <\/a>\r\n                                \r\n                    <div class=\"image-block-caption\">\r\n                        <a href=\"https:\/\/us.edu.pl\/kandydat\/oferta-dydaktyczna\/\">Poznaj ofert\u0119 dydaktyczn\u0105 Uniwersytetu \u015al\u0105skiego<\/a>\r\n                    <\/div>\r\n                \r\n                                \r\n                            <\/div>\r\n                            <div class=\"col-xs-12 col-sm-12 col-md-4 center-block no-gutter\">\r\n                                       <ul class='fa-ul'>\r\n                        <li><em class='fa fa-angle-right'><\/em><a href='https:\/\/us.edu.pl\/kandydat\/nabor-na-semestr-letni\/'>TERMINARZ rekrutacji na semestr letni 2025\/2026<\/a><\/li>\r\n                        <li><em class='fa fa-angle-right'><\/em><a href='https:\/\/us.edu.pl\/kandydat\/rekrutacja-na-rok-akademicki\/'>TERMINARZ rekrutacji na rok akademicki 2026\/2027<\/a><\/li>\r\n                        <li><em class='fa fa-angle-right'><\/em><a href='https:\/\/us.edu.pl\/kandydat\/rekrutacja-na-studia-krok-po-kroku\/kryteria-przyjec-na-rok-akademicki-2025-2026\/'>Kryteria przyj\u0119\u0107 na rok akademicki 2025\/2026<\/a><\/li>\r\n                        <li><em class='fa fa-angle-right'><\/em><a href='https:\/\/us.edu.pl\/kandydat\/rekrutacja-na-studia-krok-po-kroku\/kryteria-przyjec-na-rok-akademicki-2026-2027-2\/'>Kryteria przyj\u0119\u0107 na rok akademicki 2026\/2027<\/a><\/li>\r\n                        <li><em class='fa fa-angle-right'><\/em><a href='https:\/\/irk.us.edu.pl\/pl\/'>System IRK - rejestracja, logowanie<\/a><\/li>\r\n                        <li><em class='fa fa-angle-right'><\/em><a href='https:\/\/us.edu.pl\/kandydat\/studia-angielski\/'>Oferta studi\u00f3w w j\u0119zyku angielskim<\/a><\/li>\r\n                        <li><em class='fa fa-angle-right'><\/em><a href='https:\/\/informator.us.edu.pl\/'>Karty kierunk\u00f3w, informator ECTS, plany studi\u00f3w<\/a><\/li>\r\n                        <li><em class='fa fa-angle-right'><\/em><a href='https:\/\/us.edu.pl\/kandydat\/rekrutacja-na-studia-krok-po-kroku\/dodatkowe-kompetencje-wymagane-od-kandydatow-i-studentow-us\/'>Dodatkowe kompetencje wymagane od kandydat\u00f3w na studia<\/a><\/li><\/ul>\r\n                                <br>\r\n                                \r\n                            <\/div>\r\n                            <div class=\"col-xs-12 col-sm-12 col-md-4 right-block\">\r\n                                <div class=\"right-block-content align-self-center\">\r\n                                    <div class=\"inner_block_content\">\r\n                                        <h3>Punkty informacyjne dla kandydat\u00f3w<\/h3>      \r\n                                        <br\/><a class=\"link-button\" href=\"\/kandydat\/punkty-informacyjne-dla-kandydatow\/\"><span>Wa\u017cne kontakty, linki<\/span><\/a>      \r\n                                    <\/div>\r\n                                <\/div>\r\n                            <\/div>\r\n                        <\/div>\r\n                    <\/div>\r\n                <\/div>\r\n            [vc_empty_space]\r\n                <div class=\"text-modules \">\r\n                    <div class=\"container\">\r\n                         \r\n                        <div class=\"row m-0\">\r\n                            <div class=\"text-modules__content\">\r\n                                <span style=\"font-size: 18pt;\"><strong>Cudzoziemcy \u2013 wa\u017cne zmiany dla kandydat\u00f3w zagranicznych aplikuj\u0105cych na studia w roku akademickim 2025\/2026 &#8211; <span style=\"color: #ff0000;\"><a style=\"color: #ff0000;\" href=\"https:\/\/us.edu.pl\/kandydat\/cudzoziemcy\/wazne-zmiany-dla-kandydatow-zagranicznych-2025-2026\/\">czytaj na stronie<\/a><\/span><\/strong><\/span> \r\n                                <div class=\"mt-3\"><\/div>\r\n                            <\/div>\r\n                            \r\n                            \r\n                        <\/div>\r\n                    <\/div>\r\n                <\/div>\r\n                <div class=\"tiles-section\" style=\"background: #EBEBEB\">\r\n                    <div class=\"container\">\r\n                        <h3 class=\"page-title\"><\/h3>\r\n                        <div class=\"tiles tiles-3\">\r\n                            <a href=\"https:\/\/irk.us.edu.pl\/pl\/\" class=\"tile tile_ \" style=\"background-color: #002E5A; font-weight: ; color: #ffffff;  \">\r\n                                \r\n                                   <div class=\"tile__img\"><img src=\"https:\/\/us.edu.pl\/kandydat\/wp-content\/uploads\/sites\/13\/grafiki\/ok-biale.png\" alt=\"Katalog studi\u00f3w na rok akademicki 2025\/2026\"> <\/div>\r\n                               \r\n                                <div class=\"tile__name\">Katalog studi\u00f3w na rok akademicki 2025\/2026<\/div>\r\n                            <\/a>\r\n                            <a href=\"https:\/\/us.edu.pl\/kandydat\/rekrutacja-na-studia-krok-po-kroku\/przebieg-rekrutacji\/\" class=\"tile tile_ \" style=\"background-color: #002E5A; font-weight: ; color: #ffffff;  \">\r\n                                \r\n                                   <div class=\"tile__img\"><img src=\"https:\/\/us.edu.pl\/kandydat\/wp-content\/uploads\/sites\/13\/grafiki\/ok-biale.png\" alt=\"Rekrutacja krok po kroku\"> <\/div>\r\n                               \r\n                                <div class=\"tile__name\">Rekrutacja krok po kroku<\/div>\r\n                            <\/a>\r\n                            <a href=\"https:\/\/us.edu.pl\/kandydat\/rekrutacja-na-studia-krok-po-kroku\/wymagane-dokumenty\/\" class=\"tile tile_ \" style=\"background-color: #002E5A; font-weight: ; color: #ffffff;  \">\r\n                                \r\n                                   <div class=\"tile__img\"><img src=\"https:\/\/us.edu.pl\/kandydat\/wp-content\/uploads\/sites\/13\/grafiki\/ok-biale.png\" alt=\"Wymagane dokumenty\"> <\/div>\r\n                               \r\n                                <div class=\"tile__name\">Wymagane dokumenty<\/div>\r\n                            <\/a>\r\n                            <a href=\"https:\/\/us.edu.pl\/kandydat\/rekrutacja-na-studia-krok-po-kroku\/oplaty-zwiazane-ze-studiami\/\" class=\"tile tile_ \" style=\"background-color: #002E5A; font-weight: ; color: #ffffff;  \">\r\n                                \r\n                                   <div class=\"tile__img\"><img src=\"https:\/\/us.edu.pl\/kandydat\/wp-content\/uploads\/sites\/13\/grafiki\/ok-biale.png\" alt=\"Op\u0142aty zwi\u0105zane ze studiami\"> <\/div>\r\n                               \r\n                                <div class=\"tile__name\">Op\u0142aty zwi\u0105zane ze studiami<\/div>\r\n                            <\/a>\r\n                            <a href=\"https:\/\/irk.us.edu.pl\/pl\/\" class=\"tile tile_ \" style=\"background-color: #002E5A; font-weight: ; color: #ffffff;  \">\r\n                                \r\n                                   <div class=\"tile__img\"><img src=\"https:\/\/us.edu.pl\/kandydat\/wp-content\/uploads\/sites\/13\/grafiki\/ok-biale.png\" alt=\"Rejestracja, logowanie w systemie IRK\"> <\/div>\r\n                               \r\n                                <div class=\"tile__name\">Rejestracja, logowanie w systemie IRK<\/div>\r\n                            <\/a>\r\n                            <a href=\"https:\/\/us.edu.pl\/kandydat\/rekrutacja-na-studia-krok-po-kroku\/olimpiady-i-konkursy\/\" class=\"tile tile_ \" style=\"background-color: #002E5A; font-weight: ; color: #ffffff;  \">\r\n                                \r\n                                   <div class=\"tile__img\"><img src=\"https:\/\/us.edu.pl\/kandydat\/wp-content\/uploads\/sites\/13\/grafiki\/ok-biale.png\" alt=\"Laureaci olimpiad i konkurs\u00f3w\"> <\/div>\r\n                               \r\n                                <div class=\"tile__name\">Laureaci olimpiad i konkurs\u00f3w<\/div>\r\n                            <\/a>\r\n                            <a href=\"https:\/\/us.edu.pl\/kandydat\/rekrutacja-na-studia-krok-po-kroku\/progi-punktowe-liczba-kandydatow-na-1-miejsce\/\" class=\"tile tile_ \" style=\"background-color: #002E5A; font-weight: ; color: #ffffff;  \">\r\n                                \r\n                                   <div class=\"tile__img\"><img src=\"https:\/\/us.edu.pl\/kandydat\/wp-content\/uploads\/sites\/13\/grafiki\/ok-biale.png\" alt=\"Progi punktowe\"> <\/div>\r\n                               \r\n                                <div class=\"tile__name\">Progi punktowe<\/div>\r\n                            <\/a>\r\n                            <a href=\"https:\/\/us.edu.pl\/student\/nowy-student\/nowy-student-pierwsze-kroki\/\" class=\"tile tile_ \" style=\"background-color: #002E5A; font-weight: ; color: #ffffff;  \">\r\n                                \r\n                                   <div class=\"tile__img\"><img src=\"https:\/\/us.edu.pl\/kandydat\/wp-content\/uploads\/sites\/13\/grafiki\/ok-biale.png\" alt=\"Akademiki, stypendia\"> <\/div>\r\n                               \r\n                                <div class=\"tile__name\">Akademiki, stypendia<\/div>\r\n                            <\/a>\r\n                            <a href=\"https:\/\/us.edu.pl\/pracownik\/sprawy-dydaktyczne\/pion-ksztalcenia\/potwierdzania-efektow-uczenia-sie-uzyskanych-poza-systemem-studiow\/\" class=\"tile tile_ \" style=\"background-color: #002E5A; font-weight: ; color: #ffffff;  \">\r\n                                \r\n                                   <div class=\"tile__img\"><img src=\"https:\/\/us.edu.pl\/kandydat\/wp-content\/uploads\/sites\/13\/grafiki\/ok-biale.png\" alt=\"Potwierdzanie efekt\u00f3w uczenia si\u0119\"> <\/div>\r\n                               \r\n                                <div class=\"tile__name\">Potwierdzanie efekt\u00f3w uczenia si\u0119<\/div>\r\n                            <\/a><\/div>\r\n                    <\/div>\r\n                <\/div>\n\t\t\t\t<input type=\"hidden\" name=\"promoted_only\" value=\"\">\n\t\t\t\t<input type=\"hidden\" name=\"order\" value=\"ASC\">\n\t\t\t\t<input type=\"hidden\" name=\"order_by\" value=\"menu_order\">\n\n\t\t\t\t<div class=\"article-loop loop-section  color-blue\" style=\"background: \">\n\t\t\t\t\t <div class=\"container \">\n\t\t\t\t\t \t<div class=\"col-12 article-loop-gutter-left\">\n\t\t\t\t\t\t  <div class=\"article-loop-top loop-section-top\">\n\t\t\t\t\t\t\t\t<h2 class=\"section-title\">Wiadomo\u015bci<\/h2><div class=\"article-loop-top_right loop-section-top__right\" >\n\t\t\t\t\t\t\t\t\t <select name=\"sort\" title = \"filter by category\"\n\t\t\t\t\t\t\t\t\t\t  class=\"article-loop-sort\" >\n\t\t\t\t\t\t\t\t\t\t  <option value = \"\" selected disabled > filtrowanie wed\u0142ug kategorii<\/option>\n\t\t\t\t\t\t\t\t\t\t  <option value = \"13-18\" > Wszystko<\/option> <option data-link='https:\/\/us.edu.pl\/kandydat\/category\/wiadomosci\/' value='13-18'>Wiadomo\u015bci<\/option><\/select>    <a href = \"https:\/\/us.edu.pl\/kandydat\/category\/wiadomosci\/\" class=\"link-button \" > Wszystko<\/a><\/div>  \n\t\t\t\t\t\t  <\/div>\n\t\t\t\t\t\t  <div class=\"article-loop-main carousel\" data-home-url=\"https:\/\/us.edu.pl\/kandydat\" >\n\t\t\t\t\t\t\t\t<a href = \"#\" data-slide = \"prev\" title=\"przesu\u0144 pasek Wiadomo\u015bciw lewo\" class=\"arrow\" >\n\t\t\t\t\t\t\t\t\t <em class=\"ci ci-arrow-left\" ><\/em >\n\t\t\t\t\t\t\t\t\t <span class=\"d-none\" > arrow<\/span >\n\t\t\t\t\t\t\t\t<\/a>\n\t \n\t\t\t\t\t\t\t\t<a href = \"#\" data-slide = \"next\" title=\"przesu\u0144 pasek Wiadomo\u015bci w prawo\" class=\"arrow\" >\n\t\t\t\t\t\t\t\t\t <em class=\"ci ci-arrow-right\" ><\/em >\n\t\t\t\t\t\t\t\t\t <span class=\"d-none\" > arrow<\/span >\n\t\t\t\t\t\t\t\t<\/a>\n\t\t\t\t\t\t\t\t<div class=\"row items\" >\n\t\t\t\t\t\t\t\t\t \r\n            <article class=\"article-loop-post carousel-slide\">\r\n                <a href=\"https:\/\/us.edu.pl\/multimedia\/dzien-otwarty-uniwersytetu-slaskiego-w-liczbach\/\" class=\"article-loop-post__thumbnail thumbnail\"\r\n                    style=\"background-image: url(https:\/\/us.edu.pl\/kandydat\/wp-content\/uploads\/sites\/13\/2026\/03\/Dzien-Otwarty-US-w-liczbach.png)\">\r\n                    <span>wi\u0119cej<\/span>\r\n                <\/a>\r\n\r\n                <div class=\"article-loop-post__content\">\r\n                    <h3 class=\"article-loop-post__title\">\r\n                        <a href=\"https:\/\/us.edu.pl\/multimedia\/dzien-otwarty-uniwersytetu-slaskiego-w-liczbach\/\">Dzie\u0144 Otwarty Uniwersytetu \u015al\u0105skiego w liczbach!<\/a>\r\n                    <\/h3>\r\n            \r\n                    <div class=\"article-loop-post__categories\">\r\n                        <a href=\"https:\/\/us.edu.pl\/kandydat\/category\/wiadomosci\/rekrutacja\/\">rekrutacja<\/a>\r\n                    <\/div>    \r\n                <\/div>\r\n            <\/article>\r\n        \r\n            <article class=\"article-loop-post carousel-slide\">\r\n                <a href=\"https:\/\/us.edu.pl\/wydzial\/wnst\/en\/2026\/02\/09\/vinci-reloaded-interdyscyplinarna-miedzynarodowa-szkola-letnia-proces-rekrutacji-rozpoczety\/\" class=\"article-loop-post__thumbnail thumbnail\"\r\n                    style=\"background-image: url(https:\/\/us.edu.pl\/kandydat\/wp-content\/uploads\/sites\/13\/Bez-kategorii\/registration-600x450.jpg)\">\r\n                    <span>wi\u0119cej<\/span>\r\n                <\/a>\r\n\r\n                <div class=\"article-loop-post__content\">\r\n                    <h3 class=\"article-loop-post__title\">\r\n                        <a href=\"https:\/\/us.edu.pl\/wydzial\/wnst\/en\/2026\/02\/09\/vinci-reloaded-interdyscyplinarna-miedzynarodowa-szkola-letnia-proces-rekrutacji-rozpoczety\/\">VINCI RELOADED Dive into science | Rekrutacja do Szko\u0142y Letniej rozpocz\u0119ta<\/a>\r\n                    <\/h3>\r\n            \r\n                    <div class=\"article-loop-post__categories\">\r\n                        <a href=\"https:\/\/us.edu.pl\/kandydat\/category\/bez-kategorii\/\">Bez kategorii<\/a><a href=\"https:\/\/us.edu.pl\/kandydat\/category\/przyszli-studenci\/\">przyszli studenci<\/a><a href=\"https:\/\/us.edu.pl\/kandydat\/category\/wiadomosci\/rekrutacja\/\">rekrutacja<\/a>\r\n                    <\/div>    \r\n                <\/div>\r\n            <\/article>\r\n        \r\n            <article class=\"article-loop-post carousel-slide\">\r\n                <a href=\"https:\/\/us.edu.pl\/kandydat\/co-dalej-po-studiach-i-stopnia-zaplanuj-kolejny-krok-edukacji-z-us\/\" class=\"article-loop-post__thumbnail thumbnail\"\r\n                    style=\"background-image: url(https:\/\/us.edu.pl\/kandydat\/wp-content\/uploads\/sites\/13\/Bez-kategorii\/Grafika-rekrutacja-202627-600x503.png)\">\r\n                    <span>wi\u0119cej<\/span>\r\n                <\/a>\r\n\r\n                <div class=\"article-loop-post__content\">\r\n                    <h3 class=\"article-loop-post__title\">\r\n                        <a href=\"https:\/\/us.edu.pl\/kandydat\/co-dalej-po-studiach-i-stopnia-zaplanuj-kolejny-krok-edukacji-z-us\/\">Co dalej po studiach I stopnia? Zaplanuj kolejny krok edukacji z U\u015a!<\/a>\r\n                    <\/h3>\r\n            \r\n                    <div class=\"article-loop-post__categories\">\r\n                        <a href=\"https:\/\/us.edu.pl\/kandydat\/category\/wiadomosci\/rekrutacja\/\">rekrutacja<\/a>\r\n                    <\/div>    \r\n                <\/div>\r\n            <\/article>\r\n        \r\n            <article class=\"article-loop-post carousel-slide\">\r\n                <a href=\"https:\/\/us.edu.pl\/kandydat\/dziki-indeks\/\" class=\"article-loop-post__thumbnail thumbnail\"\r\n                    style=\"background-image: url(https:\/\/us.edu.pl\/kandydat\/wp-content\/uploads\/sites\/13\/2026\/01\/2026_us_dziki-indeks_2_-800x600px-600x450.png)\">\r\n                    <span>wi\u0119cej<\/span>\r\n                <\/a>\r\n\r\n                <div class=\"article-loop-post__content\">\r\n                    <h3 class=\"article-loop-post__title\">\r\n                        <a href=\"https:\/\/us.edu.pl\/kandydat\/dziki-indeks\/\">Studia bez standardowej rekrutacji \u2013 sprawd\u017a, jak dzia\u0142a Dziki Indeks<\/a>\r\n                    <\/h3>\r\n            \r\n                    <div class=\"article-loop-post__categories\">\r\n                        <a href=\"https:\/\/us.edu.pl\/kandydat\/category\/przyszli-studenci\/\">przyszli studenci<\/a><a href=\"https:\/\/us.edu.pl\/kandydat\/category\/wiadomosci\/rekrutacja\/\">rekrutacja<\/a>\r\n                    <\/div>    \r\n                <\/div>\r\n            <\/article>\r\n        \r\n            <article class=\"article-loop-post carousel-slide\">\r\n                <a href=\"https:\/\/us.edu.pl\/kandydat\/nabor-na-semestr-letni\/\" class=\"article-loop-post__thumbnail thumbnail\"\r\n                    style=\"background-image: url(https:\/\/us.edu.pl\/kandydat\/wp-content\/uploads\/sites\/13\/zdj\u0119cia-rekrutacja\/us-19-of-93-300x200.jpg)\">\r\n                    <span>wi\u0119cej<\/span>\r\n                <\/a>\r\n\r\n                <div class=\"article-loop-post__content\">\r\n                    <h3 class=\"article-loop-post__title\">\r\n                        <a href=\"https:\/\/us.edu.pl\/kandydat\/nabor-na-semestr-letni\/\">Nab\u00f3r na studia na semestr letni 2025\/2026<\/a>\r\n                    <\/h3>\r\n            \r\n                    <div class=\"article-loop-post__categories\">\r\n                        <a href=\"https:\/\/us.edu.pl\/kandydat\/category\/wiadomosci\/rekrutacja\/\">rekrutacja<\/a><a href=\"https:\/\/us.edu.pl\/kandydat\/category\/wiadomosci\/\">Wiadomo\u015bci<\/a>\r\n                    <\/div>    \r\n                <\/div>\r\n            <\/article>\r\n        \n\t\t\t\t\t\t\t\t<\/div>\n\t\t\t\t\t\t  <\/div>\n\t\t\t\t\t <\/div>\n\t\t\t\t\t <\/div>\n\t\t\t\t<\/div>[\/vc_column][\/vc_row]<\/p>","protected":false},"excerpt":{"rendered":"<p>[vc_row][vc_column][vc_empty_space][vc_empty_space][\/vc_column][\/vc_row] [&#8230;]<\/p>\n<p><a class=\"btn btn-secondary understrap-read-more-link\" href=\"https:\/\/us.edu.pl\/kandydat\/studia-bez-standardowej-rekrutacji-sprawdz-jak-dziala-dziki-indeks\/\">Read More&#8230;<\/a><\/p>\n","protected":false},"author":26,"featured_media":0,"parent":0,"menu_order":0,"comment_status":"closed","ping_status":"closed","template":"page-templates\/index-template.php","meta":{"_expiration-date-status":"","_expiration-date":0,"_expiration-date-type":"","_expiration-date-categories":[],"_expiration-date-options":[]},"acf":[],"_links":{"self":[{"href":"https:\/\/us.edu.pl\/kandydat\/wp-json\/wp\/v2\/pages\/9092"}],"collection":[{"href":"https:\/\/us.edu.pl\/kandydat\/wp-json\/wp\/v2\/pages"}],"about":[{"href":"https:\/\/us.edu.pl\/kandydat\/wp-json\/wp\/v2\/types\/page"}],"author":[{"embeddable":true,"href":"https:\/\/us.edu.pl\/kandydat\/wp-json\/wp\/v2\/users\/26"}],"replies":[{"embeddable":true,"href":"https:\/\/us.edu.pl\/kandydat\/wp-json\/wp\/v2\/comments?post=9092"}],"version-history":[{"count":11,"href":"https:\/\/us.edu.pl\/kandydat\/wp-json\/wp\/v2\/pages\/9092\/revisions"}],"predecessor-version":[{"id":21745,"href":"https:\/\/us.edu.pl\/kandydat\/wp-json\/wp\/v2\/pages\/9092\/revisions\/21745"}],"wp:attachment":[{"href":"https:\/\/us.edu.pl\/kandydat\/wp-json\/wp\/v2\/media?parent=9092"}],"curies":[{"name":"wp","href":"https:\/\/api.w.org\/{rel}","templated":true}]}}