{"id":3369,"date":"2025-03-31T10:49:59","date_gmt":"2025-03-31T08:49:59","guid":{"rendered":"https:\/\/us.edu.pl\/kolegium\/ism\/?page_id=3369"},"modified":"2026-04-24T12:22:34","modified_gmt":"2026-04-24T10:22:34","slug":"modul-zespolowy","status":"publish","type":"page","link":"https:\/\/us.edu.pl\/kolegium\/ism\/en\/modul-zespolowy\/","title":{"rendered":"(Polish) Modu\u0142 zespo\u0142owy &#8220;Zesp\u00f3\u0142 do spraw opracowania rozwi\u0105za\u0144 problem\u00f3w niejednorodnych (ZPN)&#8221;"},"content":{"rendered":"<p class=\"qtranxs-available-languages-message qtranxs-available-languages-message-en\">Sorry, this entry is only available in <a href=\"https:\/\/us.edu.pl\/kolegium\/ism\/pl\/wp-json\/wp\/v2\/pages\/3369\" class=\"qtranxs-available-language-link qtranxs-available-language-link-pl\" title=\"Polish\">Polish<\/a>.<\/p>","protected":false},"excerpt":{"rendered":"<p>Sorry, this entry is only available in Polish. [&#8230;]<\/p>\n<p><a class=\"btn btn-secondary understrap-read-more-link\" href=\"https:\/\/us.edu.pl\/kolegium\/ism\/en\/modul-zespolowy\/\">Read More&#8230;<\/a><\/p>\n","protected":false},"author":5665,"featured_media":0,"parent":0,"menu_order":0,"comment_status":"closed","ping_status":"closed","template":"","meta":{"_expiration-date-status":"","_expiration-date":0,"_expiration-date-type":"","_expiration-date-categories":[],"_expiration-date-options":[]},"acf":[],"_links":{"self":[{"href":"https:\/\/us.edu.pl\/kolegium\/ism\/en\/wp-json\/wp\/v2\/pages\/3369"}],"collection":[{"href":"https:\/\/us.edu.pl\/kolegium\/ism\/en\/wp-json\/wp\/v2\/pages"}],"about":[{"href":"https:\/\/us.edu.pl\/kolegium\/ism\/en\/wp-json\/wp\/v2\/types\/page"}],"author":[{"embeddable":true,"href":"https:\/\/us.edu.pl\/kolegium\/ism\/en\/wp-json\/wp\/v2\/users\/5665"}],"replies":[{"embeddable":true,"href":"https:\/\/us.edu.pl\/kolegium\/ism\/en\/wp-json\/wp\/v2\/comments?post=3369"}],"version-history":[{"count":11,"href":"https:\/\/us.edu.pl\/kolegium\/ism\/en\/wp-json\/wp\/v2\/pages\/3369\/revisions"}],"predecessor-version":[{"id":3389,"href":"https:\/\/us.edu.pl\/kolegium\/ism\/en\/wp-json\/wp\/v2\/pages\/3369\/revisions\/3389"}],"wp:attachment":[{"href":"https:\/\/us.edu.pl\/kolegium\/ism\/en\/wp-json\/wp\/v2\/media?parent=3369"}],"curies":[{"name":"wp","href":"https:\/\/api.w.org\/{rel}","templated":true}]}}