{"id":92,"date":"2021-10-13T09:52:45","date_gmt":"2021-10-13T07:52:45","guid":{"rendered":"https:\/\/us.edu.pl\/kolegium\/ism\/?page_id=92"},"modified":"2026-01-14T11:38:29","modified_gmt":"2026-01-14T10:38:29","slug":"wladze-kolegium-ism","status":"publish","type":"page","link":"https:\/\/us.edu.pl\/kolegium\/ism\/en\/o-kolegium\/wladze-kolegium-ism\/","title":{"rendered":"Authorities"},"content":{"rendered":"<p>[vc_row][vc_column width=&#8221;1\/2&#8243;]\r\n                <div class=\"text-modules\">\r\n                    <div class=\"container\">\r\n                        \r\n                        <div class=\"text-modules__content\"><p><img class=\"wp-image-4105 size-large aligncenter\" src=\"https:\/\/us.edu.pl\/kolegium\/ism\/wp-content\/uploads\/sites\/67\/Bez-kategorii\/P2230021-759x1024.jpg\" alt=\"\" width=\"640\" height=\"863\" srcset=\"https:\/\/us.edu.pl\/kolegium\/ism\/wp-content\/uploads\/sites\/67\/Bez-kategorii\/P2230021-759x1024.jpg 759w, https:\/\/us.edu.pl\/kolegium\/ism\/wp-content\/uploads\/sites\/67\/Bez-kategorii\/P2230021-222x300.jpg 222w, https:\/\/us.edu.pl\/kolegium\/ism\/wp-content\/uploads\/sites\/67\/Bez-kategorii\/P2230021-768x1036.jpg 768w, https:\/\/us.edu.pl\/kolegium\/ism\/wp-content\/uploads\/sites\/67\/Bez-kategorii\/P2230021-1138x1536.jpg 1138w, https:\/\/us.edu.pl\/kolegium\/ism\/wp-content\/uploads\/sites\/67\/Bez-kategorii\/P2230021-1518x2048.jpg 1518w, https:\/\/us.edu.pl\/kolegium\/ism\/wp-content\/uploads\/sites\/67\/Bez-kategorii\/P2230021-426x575.jpg 426w, https:\/\/us.edu.pl\/kolegium\/ism\/wp-content\/uploads\/sites\/67\/Bez-kategorii\/P2230021-scaled.jpg 1897w\" sizes=\"(max-width: 640px) 100vw, 640px\" \/><\/p>\n<\/div>\r\n                    <\/div>\r\n                <\/div>[\/vc_column][vc_column width=&#8221;1\/2&#8243;]\r\n                <div class=\"text-modules\">\r\n                    <div class=\"container\">\r\n                        <h3 class=\"page-title text__title\">Director of the College of Individual Interdisciplinary Studies<\/h3>\r\n                        <div class=\"text-modules__content\"><p><span style=\"font-size: 14pt;\"><strong>Edyta Sierka, PhD, DSc, Assoc. Prof.<\/strong> &#8211; biologist, expert in environmental protection and novel ecosystem functioning. Her scientific interests revolve around the global changes in the natural environment driven by human activity, with a particular emphasis on minimising their consequences. Her research focuses on anthropogenic features, especially reservoirs formed due to land subsidence. She studies how native and alien multi-stemmed plant species respond to environmental stress stimuli, seeking recurring patterns. She has been propagating the idea of sustainable development, underlining the significance of protecting the biological and functional diversity of ecosystems. She supports the use of wild plant biomass and waste for energy generation.<\/span><\/p>\n<p><span style=\"font-size: 14pt;\">As an expert in the Environmental Impact Assessment (EIA), the Lead Auditor for Quality (ISO 9001) and the Environmental Management Systems (ISO 14001), as well as the European Brownfield Manager, she is involved in numerous initiatives related to the environmental protection. Moreover, she specialises in evaluating environmental performance of buildings according to BREEAM, a widely recognised green building certification. Since 2019, she has been a certified Level 1 and Practising Tutor (Certificate No. STA-Z\/196\/I\/2017\/10).<\/span><\/p>\n<p><span style=\"font-size: 14pt;\">She has been the Director of the College of Individual Interdisciplinary Studies at the University of Silesia since September 2019; prior to that, she was the unit\u2019s Deputy Director from March 2018. As a scientist, she has codesigned and coordinated interdisciplinary degree programmes at the University of Silesia\u2014including those related to environmental protection, environmental management\u2014and the Individual Teacher Training Studies. She has also been serving as a member of the Programme Council for Doctoral Studies in Industrial Environmental Engineering at the Technical University of Ostrava, Czechia.<\/span><\/p>\n<p><span style=\"font-size: 14pt;\">She is actively involved in scientific and educational initiatives, serving as the Vice-President of the Environmental Protection and Waste Management Committee of the Polish Academy of Sciences, Katowice Branch, and as a member of the Scientific Committee of the Prosumer Energy Centre at the Silesian University of Technology. She has been supporting the GEOsfera \u2013 Centre for Ecological and Geological Education in Jaworzno. Moreover, she has been engaged in science communication focused on the functioning and protection of the natural environment for over 25 years.<\/span><\/p>\n<p><span style=\"font-size: 14pt;\">She is the admirer of the Czech philosophy of life, and passionate about lavender plantations, biographies, and the might of nature. In her work, she follows the philosophy of Pierre Curie that \u2018It is necessary to make a dream of life, and to make of a dream a reality.\u2019<\/span><\/p>\n<\/div>\r\n                    <\/div>\r\n                <\/div>[\/vc_column][\/vc_row][vc_row][vc_column width=&#8221;1\/2&#8243;]\r\n                <div class=\"text-modules\">\r\n                    <div class=\"container\">\r\n                        \r\n                        <div class=\"text-modules__content\"><p><img class=\"alignnone wp-image-218 size-full\" src=\"https:\/\/us.edu.pl\/kolegium\/ism\/wp-content\/uploads\/sites\/67\/Nieprzypisane\/Fotka-GO.jpg\" alt=\"grzegorz portret\" width=\"700\" height=\"700\" srcset=\"https:\/\/us.edu.pl\/kolegium\/ism\/wp-content\/uploads\/sites\/67\/Nieprzypisane\/Fotka-GO.jpg 700w, https:\/\/us.edu.pl\/kolegium\/ism\/wp-content\/uploads\/sites\/67\/Nieprzypisane\/Fotka-GO-150x150.jpg 150w, https:\/\/us.edu.pl\/kolegium\/ism\/wp-content\/uploads\/sites\/67\/Nieprzypisane\/Fotka-GO-300x300.jpg 300w, https:\/\/us.edu.pl\/kolegium\/ism\/wp-content\/uploads\/sites\/67\/Nieprzypisane\/Fotka-GO-575x575.jpg 575w\" sizes=\"(max-width: 700px) 100vw, 700px\" \/><\/p>\n<\/div>\r\n                    <\/div>\r\n                <\/div>[\/vc_column][vc_column width=&#8221;1\/2&#8243;]\r\n                <div class=\"text-modules\">\r\n                    <div class=\"container\">\r\n                        <h3 class=\"page-title text__title\">Deputy Director<\/h3>\r\n                        <div class=\"text-modules__content\"><p><span style=\"font-size: 14pt;\"><strong>Grzegorz Olsza\u0144ski, PhD, DLitt, Assoc. Prof.<\/strong> \u2013 a literature historian and music critic. Author of a book dedicated to the motif of death in the lyric poetry by Ewa Lipska (<em>Domesticated Death<\/em>, Katowice 2006), a collection of essays dedicated to literature (<em>Apelacje.<\/em> <em>Szkice o literaturze i przygodach jej tw\u00f3rc\u00f3w<\/em>, Miko\u0142\u00f3w 2012), monograph exploring the experience of ageing in literature (<em>The Age of Manhood: The Epic of Decay.<\/em> <em>Motifs of Senility in Polish Poetry After 1989<\/em>, Katowice 2017), co-author of the book <em>Teoretycznie o muzyce<\/em> (Cz\u0119stochowa 2020).<\/span><\/p>\n<p><span style=\"font-size: 14pt;\">Recipient of the <em>Polityka<\/em> weekly scholarship, and the winner of the Kazimiera I\u0142\u0142akowicz\u00f3wna Award for the best literary debut of the year.<\/span><\/p>\n<p><span style=\"font-size: 14pt;\">He is interested in the contemporary poetry, the relationship between literature and other media (music, photography), the art of writing, and roller-blading. Inactive poet.<\/span><\/p>\n<\/div>\r\n                    <\/div>\r\n                <\/div>[\/vc_column][\/vc_row][vc_row][vc_column width=&#8221;1\/2&#8243;]\r\n                <div class=\"text-modules\">\r\n                    <div class=\"container\">\r\n                        \r\n                        <div class=\"text-modules__content\"><p><img class=\"alignnone wp-image-227 size-large\" src=\"https:\/\/us.edu.pl\/kolegium\/ism\/wp-content\/uploads\/sites\/67\/Nieprzypisane\/Maciej-Fic-766x1024.jpg\" alt=\"maciej portret\" width=\"640\" height=\"856\" srcset=\"https:\/\/us.edu.pl\/kolegium\/ism\/wp-content\/uploads\/sites\/67\/Nieprzypisane\/Maciej-Fic-766x1024.jpg 766w, https:\/\/us.edu.pl\/kolegium\/ism\/wp-content\/uploads\/sites\/67\/Nieprzypisane\/Maciej-Fic-224x300.jpg 224w, https:\/\/us.edu.pl\/kolegium\/ism\/wp-content\/uploads\/sites\/67\/Nieprzypisane\/Maciej-Fic-768x1026.jpg 768w, https:\/\/us.edu.pl\/kolegium\/ism\/wp-content\/uploads\/sites\/67\/Nieprzypisane\/Maciej-Fic-430x575.jpg 430w, https:\/\/us.edu.pl\/kolegium\/ism\/wp-content\/uploads\/sites\/67\/Nieprzypisane\/Maciej-Fic.jpg 1165w\" sizes=\"(max-width: 640px) 100vw, 640px\" \/><\/p>\n<\/div>\r\n                    <\/div>\r\n                <\/div>[\/vc_column][vc_column width=&#8221;1\/2&#8243;]\r\n                <div class=\"text-modules\">\r\n                    <div class=\"container\">\r\n                        <h3 class=\"page-title text__title\">Director of the Individual Teacher Training Studies<\/h3>\r\n                        <div class=\"text-modules__content\"><p><span style=\"font-size: 14pt;\"><strong>Prof. Maciej Fic<\/strong> \u2013 the Director of Individual Teacher Training Studies at the College of Individual Interdisciplinary Studies. A member of editorial boards of two academic journals: <em>\u015al\u0105ski Almanach Powsta\u0144czy<\/em> and <em>Wieki Stare i Nowe<\/em> [The Old and the New Ages]. He has authored scientific papers on history of the 20th century (particularly on Upper Silesia) and teaching history and citizenship education. A textbook appraiser at the Ministry of Science and Higher Education, expert of the College of Examination Arbitration at the Central Examination Commission, and President of the Upper Silesian Historical Society.<\/span><\/p>\n<p><span style=\"font-size: 14pt;\">Member of the the History Didactics Section of the Committee of Historical Sciences of the Polish Academy of Sciences, the Main Committee of the History Olympiad for Junior High School Students, the Interdisciplinary Centre for Research on Humanistic Education, and USil Teacher Training Team. Author and co-author of Matura exam textbook, collections of exercises and exam papers. As a former secondary school teacher, he has been conducting classes for teachers and students preparing for this profession for over two decades.<\/span><\/p>\n<p><span style=\"font-size: 14pt;\">A science communicator specialising in regional knowledge. He has co-authored the online platform for regional education \u2018Edu\u015b\u2019 and a permanent exhibition entitled <em>The Light of History.<\/em> <em>Upper Silesia throughout History<\/em> exhibited at the Silesian Museum in Katowice.<\/span><\/p>\n<p><span style=\"font-size: 14pt;\">An avid basketball fan (with a particular interest in the NBA) and a rock music enthusiast (including bands such as The Cure, Happysad, Kult, Leningrad, Molotov, The Pixies, T\u0159i Sestry and Zebda). Born in Zabrze, currently living in Mys\u0142owice.<\/span><\/p>\n<\/div>\r\n                    <\/div>\r\n                <\/div>[\/vc_column][\/vc_row]<\/p>","protected":false},"excerpt":{"rendered":"<p>[vc_row][vc_column width=&#8221;1\/2&#8243;][\/vc_column][vc_column width=&#8221;1\/2&#8243;][\/vc_column][\/vc_row][vc_row][vc_column width=&#8221;1\/2&#8243;][\/vc_column][vc_column width=&#8221;1\/2&#8243;][\/vc_column][\/vc_row][vc_row][vc_column width=&#8221;1\/2&#8243;][\/vc_column][vc_column width=&#8221;1\/2&#8243;][\/vc_column][\/vc_row] [&#8230;]<\/p>\n<p><a class=\"btn btn-secondary understrap-read-more-link\" href=\"https:\/\/us.edu.pl\/kolegium\/ism\/en\/o-kolegium\/wladze-kolegium-ism\/\">Read More&#8230;<\/a><\/p>\n","protected":false},"author":25,"featured_media":0,"parent":74,"menu_order":27,"comment_status":"closed","ping_status":"closed","template":"","meta":{"_expiration-date-status":"","_expiration-date":0,"_expiration-date-type":"","_expiration-date-categories":[],"_expiration-date-options":[]},"acf":[],"_links":{"self":[{"href":"https:\/\/us.edu.pl\/kolegium\/ism\/en\/wp-json\/wp\/v2\/pages\/92"}],"collection":[{"href":"https:\/\/us.edu.pl\/kolegium\/ism\/en\/wp-json\/wp\/v2\/pages"}],"about":[{"href":"https:\/\/us.edu.pl\/kolegium\/ism\/en\/wp-json\/wp\/v2\/types\/page"}],"author":[{"embeddable":true,"href":"https:\/\/us.edu.pl\/kolegium\/ism\/en\/wp-json\/wp\/v2\/users\/25"}],"replies":[{"embeddable":true,"href":"https:\/\/us.edu.pl\/kolegium\/ism\/en\/wp-json\/wp\/v2\/comments?post=92"}],"version-history":[{"count":11,"href":"https:\/\/us.edu.pl\/kolegium\/ism\/en\/wp-json\/wp\/v2\/pages\/92\/revisions"}],"predecessor-version":[{"id":4599,"href":"https:\/\/us.edu.pl\/kolegium\/ism\/en\/wp-json\/wp\/v2\/pages\/92\/revisions\/4599"}],"up":[{"embeddable":true,"href":"https:\/\/us.edu.pl\/kolegium\/ism\/en\/wp-json\/wp\/v2\/pages\/74"}],"wp:attachment":[{"href":"https:\/\/us.edu.pl\/kolegium\/ism\/en\/wp-json\/wp\/v2\/media?parent=92"}],"curies":[{"name":"wp","href":"https:\/\/api.w.org\/{rel}","templated":true}]}}