{"id":98,"date":"2021-10-13T09:55:02","date_gmt":"2021-10-13T07:55:02","guid":{"rendered":"https:\/\/us.edu.pl\/kolegium\/ism\/?page_id=98"},"modified":"2026-01-14T11:39:24","modified_gmt":"2026-01-14T10:39:24","slug":"rada-kolegium-ism","status":"publish","type":"page","link":"https:\/\/us.edu.pl\/kolegium\/ism\/en\/o-kolegium\/rada-kolegium-ism\/","title":{"rendered":"(Polish) Rada Kolegium ISM i wsp\u00f3\u0142praca z wydzia\u0142ami"},"content":{"rendered":"<p class=\"qtranxs-available-languages-message qtranxs-available-languages-message-en\">Sorry, this entry is only available in <a href=\"https:\/\/us.edu.pl\/kolegium\/ism\/pl\/wp-json\/wp\/v2\/pages\/98\" class=\"qtranxs-available-language-link qtranxs-available-language-link-pl\" title=\"Polish\">Polish<\/a>.<\/p>","protected":false},"excerpt":{"rendered":"<p>Sorry, this entry is only available in Polish. [&#8230;]<\/p>\n<p><a class=\"btn btn-secondary understrap-read-more-link\" href=\"https:\/\/us.edu.pl\/kolegium\/ism\/en\/o-kolegium\/rada-kolegium-ism\/\">Read More&#8230;<\/a><\/p>\n","protected":false},"author":25,"featured_media":0,"parent":74,"menu_order":29,"comment_status":"closed","ping_status":"closed","template":"","meta":{"_expiration-date-status":"","_expiration-date":0,"_expiration-date-type":"","_expiration-date-categories":[],"_expiration-date-options":[]},"acf":[],"_links":{"self":[{"href":"https:\/\/us.edu.pl\/kolegium\/ism\/en\/wp-json\/wp\/v2\/pages\/98"}],"collection":[{"href":"https:\/\/us.edu.pl\/kolegium\/ism\/en\/wp-json\/wp\/v2\/pages"}],"about":[{"href":"https:\/\/us.edu.pl\/kolegium\/ism\/en\/wp-json\/wp\/v2\/types\/page"}],"author":[{"embeddable":true,"href":"https:\/\/us.edu.pl\/kolegium\/ism\/en\/wp-json\/wp\/v2\/users\/25"}],"replies":[{"embeddable":true,"href":"https:\/\/us.edu.pl\/kolegium\/ism\/en\/wp-json\/wp\/v2\/comments?post=98"}],"version-history":[{"count":7,"href":"https:\/\/us.edu.pl\/kolegium\/ism\/en\/wp-json\/wp\/v2\/pages\/98\/revisions"}],"predecessor-version":[{"id":4600,"href":"https:\/\/us.edu.pl\/kolegium\/ism\/en\/wp-json\/wp\/v2\/pages\/98\/revisions\/4600"}],"up":[{"embeddable":true,"href":"https:\/\/us.edu.pl\/kolegium\/ism\/en\/wp-json\/wp\/v2\/pages\/74"}],"wp:attachment":[{"href":"https:\/\/us.edu.pl\/kolegium\/ism\/en\/wp-json\/wp\/v2\/media?parent=98"}],"curies":[{"name":"wp","href":"https:\/\/api.w.org\/{rel}","templated":true}]}}