{"id":131,"date":"2021-10-13T10:24:45","date_gmt":"2021-10-13T08:24:45","guid":{"rendered":"https:\/\/us.edu.pl\/kolegium\/ism\/?page_id=131"},"modified":"2025-03-05T13:01:04","modified_gmt":"2025-03-05T12:01:04","slug":"portal-ism","status":"publish","type":"page","link":"https:\/\/us.edu.pl\/kolegium\/ism\/portal-ism\/","title":{"rendered":"Portal ISM"},"content":{"rendered":"<p>[vc_row][vc_column]\r\n                <div class=\"text-modules\">\r\n                    <div class=\"container\">\r\n                        \r\n                        <div class=\"text-modules__content\"><p><span style=\"font-size: 14pt;\">Wymogi dla student\u00f3w ISM znajduj\u0105 si\u0119 w ka\u017cdym semestrze pod wymaganiami dla student\u00f3w kierunku.<\/span><\/p>\n<\/div>\r\n                    <\/div>\r\n                <\/div>\r\n                <div class='sidebar_moduls sidebar_one_header' style='color:#FFFFFF;background-color: #002E5A'>\r\n                    <a href='https:\/\/ismportal.us.edu.pl\/?_s=1' class='link'>ISMPORTAL.US.EDU.PL<\/a>\r\n                <\/div>[\/vc_column][\/vc_row]<\/p>","protected":false},"excerpt":{"rendered":"<p>[vc_row][vc_column][\/vc_column][\/vc_row] [&#8230;]<\/p>\n<p><a class=\"btn btn-secondary understrap-read-more-link\" href=\"https:\/\/us.edu.pl\/kolegium\/ism\/portal-ism\/\">Read More&#8230;<\/a><\/p>\n","protected":false},"author":25,"featured_media":0,"parent":0,"menu_order":22,"comment_status":"closed","ping_status":"closed","template":"","meta":{"_expiration-date-status":"","_expiration-date":0,"_expiration-date-type":"","_expiration-date-categories":[],"_expiration-date-options":[]},"acf":[],"_links":{"self":[{"href":"https:\/\/us.edu.pl\/kolegium\/ism\/wp-json\/wp\/v2\/pages\/131"}],"collection":[{"href":"https:\/\/us.edu.pl\/kolegium\/ism\/wp-json\/wp\/v2\/pages"}],"about":[{"href":"https:\/\/us.edu.pl\/kolegium\/ism\/wp-json\/wp\/v2\/types\/page"}],"author":[{"embeddable":true,"href":"https:\/\/us.edu.pl\/kolegium\/ism\/wp-json\/wp\/v2\/users\/25"}],"replies":[{"embeddable":true,"href":"https:\/\/us.edu.pl\/kolegium\/ism\/wp-json\/wp\/v2\/comments?post=131"}],"version-history":[{"count":5,"href":"https:\/\/us.edu.pl\/kolegium\/ism\/wp-json\/wp\/v2\/pages\/131\/revisions"}],"predecessor-version":[{"id":3033,"href":"https:\/\/us.edu.pl\/kolegium\/ism\/wp-json\/wp\/v2\/pages\/131\/revisions\/3033"}],"wp:attachment":[{"href":"https:\/\/us.edu.pl\/kolegium\/ism\/wp-json\/wp\/v2\/media?parent=131"}],"curies":[{"name":"wp","href":"https:\/\/api.w.org\/{rel}","templated":true}]}}