{"id":133,"date":"2021-10-13T10:25:09","date_gmt":"2021-10-13T08:25:09","guid":{"rendered":"https:\/\/us.edu.pl\/kolegium\/ism\/?page_id=133"},"modified":"2026-01-16T09:40:29","modified_gmt":"2026-01-16T08:40:29","slug":"organizacja-roku","status":"publish","type":"page","link":"https:\/\/us.edu.pl\/kolegium\/ism\/organizacja-roku\/","title":{"rendered":"Organizacja roku akademickiego"},"content":{"rendered":"<p>[vc_row][vc_column]\r\n                <div class=\"text-modules\">\r\n                    <div class=\"container\">\r\n                        <h3 class=\"page-title text__title\">Organizacja roku akademickiego 2025\/2026<\/h3>\r\n                        <div class=\"text-modules__content\"><\/p>\n<p style=\"text-align: center;\"><strong><span style=\"font-size: 14pt;\">SEMESTR ZIMOWY: 1.10.2025-22.02.2026<\/span><\/strong><\/p>\n<ul>\n<li><span style=\"font-size: 14pt;\">Zaj\u0119cia dydaktyczne: <strong>1.10.2025-1.02.2026<\/strong><\/span><\/li>\n<li><span style=\"font-size: 14pt;\">Termin z\u0142o\u017cenia planu zaj\u0119\u0107 oraz deklaracji tutorskiej na semestr zimowy dla student\u00f3w I roku studi\u00f3w I i II stopnia: <strong>22.10.2025<\/strong><\/span><\/li>\n<li><span style=\"font-size: 14pt;\">Termin z\u0142o\u017cenia planu zaj\u0119\u0107 oraz deklaracji tutorskiej na semestr zimowy dla student\u00f3w pozosta\u0142ych lat: <strong>15.10.2025<\/strong><\/span><\/li>\n<li><span style=\"font-size: 14pt;\">Termin dokonania podpi\u0119\u0107 modu\u0142\u00f3w w systemie USOS: <strong>1.11.2025-15.12.2025<\/strong><\/span><\/li>\n<li><span style=\"font-size: 14pt;\">Wakacje zimowe: <strong>22.12.2025-6.01.2026<\/strong><\/span><\/li>\n<li><span style=\"font-size: 14pt;\">Egzaminacyjna sesja zimowa: <strong>2.02.2026-15.02.2026<\/strong><\/span><\/li>\n<li><span style=\"font-size: 14pt;\">Termin z\u0142o\u017cenia pracy semestralnej: <strong>15.02.2026<\/strong><\/span><\/li>\n<li><span style=\"font-size: 14pt;\">Przerwa mi\u0119dzysemestralna: <strong>16.02.2026-22.02.2026<\/strong><\/span><\/li>\n<li><span style=\"font-size: 14pt;\">Egzaminacyjna sesja poprawkowa semestru zimowego: <strong>23.02.2026-8.03.2026<\/strong><\/span><\/li>\n<\/ul>\n<p>\n<\/div>\r\n                    <\/div>\r\n                <\/div><div class=\"container\"><div class=\"separator\" style=\"background-color: #EBEBEB\"><\/div><\/div>\r\n                <div class=\"text-modules\">\r\n                    <div class=\"container\">\r\n                        \r\n                        <div class=\"text-modules__content\"><\/p>\n<p style=\"text-align: center;\"><span style=\"font-size: 14pt;\"><strong>SEMESTR LETNI: 23.02.2026-30.09.2026<\/strong><\/span><\/p>\n<ul>\n<li><span style=\"font-size: 14pt;\">Zaj\u0119cia dydaktyczne: <strong>23.02.2026-16.06.2026<\/strong><\/span><\/li>\n<li><span style=\"font-size: 14pt;\">Termin z\u0142o\u017cenia planu zaj\u0119\u0107 na semestr letni dla student\u00f3w wszystkich lat: <strong>9.03.2026<\/strong><\/span><\/li>\n<li><span style=\"font-size: 14pt;\">Termin dokonania podpi\u0119\u0107 modu\u0142\u00f3w w systemie USOS: <strong>31.03.2026-15.05.2026<\/strong><\/span><\/li>\n<li><span style=\"font-size: 14pt;\">Tydzie\u0144 projektowy: <strong>9.05.2026-16.05.2026<\/strong><\/span><\/li>\n<li><span style=\"font-size: 14pt;\">Wakacje wiosenne: <strong>2.04.2026-7.04.2026<\/strong><\/span><\/li>\n<li><span style=\"font-size: 14pt;\">Egzaminacyjna sesja letnia: <strong>17.06.2026-30.06.2026<\/strong><\/span><\/li>\n<li><span style=\"font-size: 14pt;\">Termin z\u0142o\u017cenia pracy semestralnej: <strong>30.06.2026<\/strong>\u00a0<\/span><\/li>\n<li><span style=\"font-size: 14pt;\">Egzaminacyjna sesja poprawkowa semestru letniego: <strong>7.09.2026-20.09.2026<\/strong><\/span><\/li>\n<li><span style=\"font-size: 14pt;\">Wakacje letnie: <strong>1.07.2026-30.09.2026<\/strong>\u00a0(w tym: minimum 4 tygodnie nieprzerwanych wakacji letnich, praktyki zawodowe)<\/span><\/li>\n<\/ul>\n<p>\n<\/div>\r\n                    <\/div>\r\n                <\/div><div class=\"container\"><div class=\"separator\" style=\"background-color: #EBEBEB\"><\/div><\/div>\r\n                <div class=\"text-modules\">\r\n                    <div class=\"container\">\r\n                        \r\n                        <div class=\"text-modules__content\"><p><span style=\"font-size: 14pt;\">Dodatkowym dniem wolnym od zaj\u0119\u0107 dydaktycznych jest <strong>31 pa\u017adziernika 2025 r.,<\/strong><\/span><strong><span style=\"font-size: 14pt;\">10 listopada 2025 r., 7 kwietnia 2026 r., 5 czerwca 2026 r.<\/span><\/strong><\/p>\n<\/div>\r\n                    <\/div>\r\n                <\/div>[\/vc_column][\/vc_row]<\/p>","protected":false},"excerpt":{"rendered":"<p>[vc_row][vc_column][\/vc_column][\/vc_row] [&#8230;]<\/p>\n<p><a class=\"btn btn-secondary understrap-read-more-link\" href=\"https:\/\/us.edu.pl\/kolegium\/ism\/organizacja-roku\/\">Read More&#8230;<\/a><\/p>\n","protected":false},"author":25,"featured_media":0,"parent":0,"menu_order":18,"comment_status":"closed","ping_status":"closed","template":"","meta":{"_expiration-date-status":"","_expiration-date":0,"_expiration-date-type":"","_expiration-date-categories":[],"_expiration-date-options":[]},"acf":[],"_links":{"self":[{"href":"https:\/\/us.edu.pl\/kolegium\/ism\/wp-json\/wp\/v2\/pages\/133"}],"collection":[{"href":"https:\/\/us.edu.pl\/kolegium\/ism\/wp-json\/wp\/v2\/pages"}],"about":[{"href":"https:\/\/us.edu.pl\/kolegium\/ism\/wp-json\/wp\/v2\/types\/page"}],"author":[{"embeddable":true,"href":"https:\/\/us.edu.pl\/kolegium\/ism\/wp-json\/wp\/v2\/users\/25"}],"replies":[{"embeddable":true,"href":"https:\/\/us.edu.pl\/kolegium\/ism\/wp-json\/wp\/v2\/comments?post=133"}],"version-history":[{"count":10,"href":"https:\/\/us.edu.pl\/kolegium\/ism\/wp-json\/wp\/v2\/pages\/133\/revisions"}],"predecessor-version":[{"id":4616,"href":"https:\/\/us.edu.pl\/kolegium\/ism\/wp-json\/wp\/v2\/pages\/133\/revisions\/4616"}],"wp:attachment":[{"href":"https:\/\/us.edu.pl\/kolegium\/ism\/wp-json\/wp\/v2\/media?parent=133"}],"curies":[{"name":"wp","href":"https:\/\/api.w.org\/{rel}","templated":true}]}}