{"id":135,"date":"2021-10-13T10:25:41","date_gmt":"2021-10-13T08:25:41","guid":{"rendered":"https:\/\/us.edu.pl\/kolegium\/ism\/?page_id=135"},"modified":"2026-01-16T10:02:23","modified_gmt":"2026-01-16T09:02:23","slug":"prawa-i-obowiazki","status":"publish","type":"page","link":"https:\/\/us.edu.pl\/kolegium\/ism\/prawa-i-obowiazki\/","title":{"rendered":"Prawa i obowi\u0105zki studenta Kolegium ISM"},"content":{"rendered":"<p>[vc_row][vc_column]\r\n                <div class=\"text-modules\">\r\n                    <div class=\"container\">\r\n                        <h3 class=\"page-title text__title\">Prawa i obowi\u0105zki studenta Kolegium ISM<\/h3>\r\n                        <div class=\"text-modules__content\"><p><strong><span style=\"font-size: 14pt;\">Student ISM mo\u017ce:<\/span><\/strong><\/p>\n<ul>\n<li><a href=\"https:\/\/us.edu.pl\/kolegium\/ism\/kierunki-studiow-wylaczone-z-mozliwosci-realizacji-przez-studentow-ism\/\"><span style=\"font-size: 14pt;\">studiowa\u0107 na prawie wszystkich kierunkach i specjalno\u015bciach oferowanych przez Uniwersytet \u015al\u0105ski,<\/span><\/a><\/li>\n<li><span style=\"font-size: 14pt;\">samodzielnie tworzy\u0107 sw\u00f3j program kszta\u0142cenia,<\/span><\/li>\n<li><span style=\"font-size: 14pt;\">uczestniczy\u0107 w modu\u0142ach stworzonych wy\u0142\u0105cznie dla student\u00f3w ISM,<\/span><\/li>\n<li><span style=\"font-size: 14pt;\">ubiega\u0107 si\u0119 o zgod\u0119 na udzia\u0142 w zaj\u0119ciach na innych uczelniach,<\/span><\/li>\n<li><span style=\"font-size: 14pt;\">ubiega\u0107 si\u0119 o indywidualne zaliczenie przedmiotu,<\/span><\/li>\n<li><span style=\"font-size: 14pt;\">uczestniczy\u0107 w wyjazdach stypendialnych na zasadach obowi\u0105zuj\u0105cych na Uniwersytecie \u015al\u0105skim.<\/span><\/li>\n<\/ul>\n<p>\n<\/div>\r\n                    <\/div>\r\n                <\/div><div class=\"container\"><div class=\"separator\" style=\"background-color: #EBEBEB\"><\/div><\/div>\r\n                <div class=\"text-modules\">\r\n                    <div class=\"container\">\r\n                        \r\n                        <div class=\"text-modules__content\"><p><strong><span style=\"font-size: 14pt;\">Student ISM jest zobowi\u0105zany do:<\/span><\/strong><\/p>\n<ul>\n<li><span style=\"font-size: 14pt;\">realizacji minimum programowego z wybranego przez siebie kierunku wiod\u0105cego,<\/span><\/li>\n<li><span style=\"font-size: 14pt;\">stworzenia interdyscyplinarnego i mi\u0119dzyobszarowego planu zaj\u0119\u0107,<\/span><\/li>\n<li><span style=\"font-size: 14pt;\">przestrzegania termin\u00f3w wyznaczonych przez Kolegium ISM i Uniwersytet \u015al\u0105ski,<\/span><\/li>\n<li><span style=\"font-size: 14pt;\">zrealizowania odpowiedniej ilo\u015bci godzin zaj\u0119\u0107 og\u00f3lnouczelnianych (wychowanie fizyczne, lektorat j\u0119zyka obcego nowo\u017cytnego) oraz modu\u0142\u00f3w ISM,<\/span><\/li>\n<li><span style=\"font-size: 14pt;\">przygotowania pracy semestralnej w ka\u017cdym semestrze studi\u00f3w.<\/span><\/li>\n<\/ul>\n<p>\n<\/div>\r\n                    <\/div>\r\n                <\/div>[\/vc_column][\/vc_row]<\/p>","protected":false},"excerpt":{"rendered":"<p>[vc_row][vc_column][\/vc_column][\/vc_row] [&#8230;]<\/p>\n<p><a class=\"btn btn-secondary understrap-read-more-link\" href=\"https:\/\/us.edu.pl\/kolegium\/ism\/prawa-i-obowiazki\/\">Read More&#8230;<\/a><\/p>\n","protected":false},"author":25,"featured_media":0,"parent":0,"menu_order":19,"comment_status":"closed","ping_status":"closed","template":"","meta":{"_expiration-date-status":"","_expiration-date":0,"_expiration-date-type":"","_expiration-date-categories":[],"_expiration-date-options":[]},"acf":[],"_links":{"self":[{"href":"https:\/\/us.edu.pl\/kolegium\/ism\/wp-json\/wp\/v2\/pages\/135"}],"collection":[{"href":"https:\/\/us.edu.pl\/kolegium\/ism\/wp-json\/wp\/v2\/pages"}],"about":[{"href":"https:\/\/us.edu.pl\/kolegium\/ism\/wp-json\/wp\/v2\/types\/page"}],"author":[{"embeddable":true,"href":"https:\/\/us.edu.pl\/kolegium\/ism\/wp-json\/wp\/v2\/users\/25"}],"replies":[{"embeddable":true,"href":"https:\/\/us.edu.pl\/kolegium\/ism\/wp-json\/wp\/v2\/comments?post=135"}],"version-history":[{"count":9,"href":"https:\/\/us.edu.pl\/kolegium\/ism\/wp-json\/wp\/v2\/pages\/135\/revisions"}],"predecessor-version":[{"id":4618,"href":"https:\/\/us.edu.pl\/kolegium\/ism\/wp-json\/wp\/v2\/pages\/135\/revisions\/4618"}],"wp:attachment":[{"href":"https:\/\/us.edu.pl\/kolegium\/ism\/wp-json\/wp\/v2\/media?parent=135"}],"curies":[{"name":"wp","href":"https:\/\/api.w.org\/{rel}","templated":true}]}}