{"id":139,"date":"2021-10-13T10:26:19","date_gmt":"2021-10-13T08:26:19","guid":{"rendered":"https:\/\/us.edu.pl\/kolegium\/ism\/?page_id=139"},"modified":"2025-02-17T09:20:40","modified_gmt":"2025-02-17T08:20:40","slug":"plan-zajec","status":"publish","type":"page","link":"https:\/\/us.edu.pl\/kolegium\/ism\/student\/plan-zajec\/","title":{"rendered":"Indywidualny Semestralny Plan Zaj\u0119\u0107"},"content":{"rendered":"<p>[vc_row][vc_column]\r\n\t\t\t\t\t<div class='container'>\r\n\t\t\t\t\t\t<div class='sidebar_moduls sidebar_dropdown zakladki' style='background-color: #FFFFFF'>\r\n\t\t\t\t\t\t\t<h3 class='page-title'>Indywidualny Semestralny Plan Zaj\u0119\u0107<\/h3>\r\n\t\t\t\t\t\t\t<p class='zakladki__desc'><\/p>\r\n\r\n\t\t\t\t\t\t\t<div class='bookmarks'>\r\n\t\t\t\t\t<div class=\"bookmark\">\r\n\t\t\t\t\t\t<div class=\"bookmark__title\">\r\n                            <h1>\r\n                                <span class=\"short\">W jaki spos\u00f3b nale\u017cy z\u0142o\u017cy\u0107 plan zaj\u0119\u0107?<\/span>\r\n                                <span class=\"long\">W jaki spos\u00f3b nale\u017cy z\u0142o\u017cy\u0107 plan zaj\u0119\u0107?<\/span>\r\n                            <\/h1>\r\n\t\t\t\t\t\t<\/div>\r\n\t\t\t\t\t\t\r\n\t\t\t\t\t\t<div class=\"bookmark__content-wrap\">\r\n\t\t\t\t\t\t\t<div class=\"bookmark__content\">\r\n\r\n\t\t\t\t\t\t\t\t\r\n\r\n\t\t\t\t\t\t\t\t<div class=\"bookmark_text\" style=\"font-size:14px;\">\r\n\t\t\t\t\t\t\t\t<p> Plan zaj\u0119\u0107 nale\u017cy z\u0142o\u017cy\u0107 na stronie ismportal.us.edu.pl. \r\n\t\t\t\t\t\t\t\t<br>\r\n\t\t\t\t\t\t\t\t\r\n\t\t\t\t\t\t\t\t<\/div>\r\n\t\t\t\t\t\t\t<\/div>\r\n\t\t\t\t\t\t<\/div>\r\n\t\t\t\t\t<\/div>\r\n\t\t\t\t\t<div class=\"bookmark\">\r\n\t\t\t\t\t\t<div class=\"bookmark__title\">\r\n                            <h1>\r\n                                <span class=\"short\">Do kiedy nale\u017cy z\u0142o\u017cy\u0107 plan zaj\u0119\u0107 na dany semestr?<\/span>\r\n                                <span class=\"long\">Do kiedy nale\u017cy z\u0142o\u017cy\u0107 plan zaj\u0119\u0107 na dany semestr?<\/span>\r\n                            <\/h1>\r\n\t\t\t\t\t\t<\/div>\r\n\t\t\t\t\t\t\r\n\t\t\t\t\t\t<div class=\"bookmark__content-wrap\">\r\n\t\t\t\t\t\t\t<div class=\"bookmark__content\">\r\n\r\n\t\t\t\t\t\t\t\t\r\n\r\n\t\t\t\t\t\t\t\t<div class=\"bookmark_text\" style=\"font-size:14px;\">\r\n\t\t\t\t\t\t\t\t<p> <strong> W przypadku student\u00f3w pierwszego roku studi\u00f3w pierwszego stopnia i jednolitych magisterskich plan zaj\u0119\u0107 nale\u017cy z\u0142o\u017cy\u0107:<\/p> <\/strong>\n<p> - na semestr zimowy: w ci\u0105gu trzech tygodni od dnia rozpocz\u0119cia \nzaj\u0119\u0107 dydaktycznych tego semestru,<\/p>\n<p> - na semestr letni: w ci\u0105gu dw\u00f3ch tygodni od dnia rozpocz\u0119cia \nzaj\u0119\u0107 dydaktycznych tego semestru.<\/p>\n<p> <strong> W przypadku student\u00f3w pozosta\u0142ych lat studi\u00f3w plan zaj\u0119\u0107 nale\u017cy z\u0142o\u017cy\u0107:<\/p><\/strong>\n<p> - na semestr zimowy: w ci\u0105gu dw\u00f3ch tygodni od rozpocz\u0119cia zaj\u0119\u0107 dydaktycznych tego semestru,<\/p>\n<p> - na semestr letni: w ci\u0105gu dw\u00f3ch tygodni od rozpocz\u0119cia zaj\u0119\u0107 dydaktycznych tego semestru.<\/p>\r\n\t\t\t\t\t\t\t\t<br>\r\n\t\t\t\t\t\t\t\t\r\n\t\t\t\t\t\t\t\t<\/div>\r\n\t\t\t\t\t\t\t<\/div>\r\n\t\t\t\t\t\t<\/div>\r\n\t\t\t\t\t<\/div>\r\n\t\t\t\t\t<div class=\"bookmark\">\r\n\t\t\t\t\t\t<div class=\"bookmark__title\">\r\n                            <h1>\r\n                                <span class=\"short\">Co musi uwzgl\u0119dnia\u0107 plan zaj\u0119\u0107?<\/span>\r\n                                <span class=\"long\">Co musi uwzgl\u0119dnia\u0107 plan zaj\u0119\u0107?<\/span>\r\n                            <\/h1>\r\n\t\t\t\t\t\t<\/div>\r\n\t\t\t\t\t\t\r\n\t\t\t\t\t\t<div class=\"bookmark__content-wrap\">\r\n\t\t\t\t\t\t\t<div class=\"bookmark__content\">\r\n\r\n\t\t\t\t\t\t\t\t\r\n\r\n\t\t\t\t\t\t\t\t<div class=\"bookmark_text\" style=\"font-size:14px;\">\r\n\t\t\t\t\t\t\t\t<p> Plan zaj\u0119\u0107 powinien uwzgl\u0119dnia\u0107:<\/p>\n<p> - wym\u00f3g mi\u0119dzyobszarowo\u015bci, tj. wymogi kierunkowe na kierunku wiod\u0105cym oraz wybrane przez studenta modu\u0142y z innych kierunk\u00f3w i dziedzin;<\/p>\n<p> - modu\u0142 <i> Tutoring Naukowy <\/i> w ka\u017cdym semestrze studi\u00f3w;<\/p>\n<p> - obowi\u0105zkowe modu\u0142y ISM; <\/p>\n<p> - zaj\u0119cia wychowania fizycznego oraz lektoratu j\u0119zyka obcego nowo\u017cytnego lub modu\u0142u j\u0119zykowego <\/p>\n<p> - modu\u0142y <i> Wprowadzenie do pracy w zespo\u0142ach <\/i> oraz <i> Problemy Niejednorodne <\/i> - <strong> dotyczy student\u00f3w si\u00f3dmego i \u00f3smego semestru studi\u00f3w jednolitych magisterskich oraz student\u00f3w pierwszego i drugiego semestru studi\u00f3w drugiego stopnia; <\/strong> <\/p>\n<p> - minimum 30 punkt\u00f3w ECTS. <\/p>\r\n\t\t\t\t\t\t\t\t<br>\r\n\t\t\t\t\t\t\t\t\r\n\t\t\t\t\t\t\t\t<\/div>\r\n\t\t\t\t\t\t\t<\/div>\r\n\t\t\t\t\t\t<\/div>\r\n\t\t\t\t\t<\/div>\r\n\t\t\t\t\t<div class=\"bookmark\">\r\n\t\t\t\t\t\t<div class=\"bookmark__title\">\r\n                            <h1>\r\n                                <span class=\"short\">Czy mo\u017cna dokona\u0107 zmian w planie zaj\u0119\u0107?<\/span>\r\n                                <span class=\"long\">Czy mo\u017cna dokona\u0107 zmian w planie zaj\u0119\u0107?<\/span>\r\n                            <\/h1>\r\n\t\t\t\t\t\t<\/div>\r\n\t\t\t\t\t\t\r\n\t\t\t\t\t\t<div class=\"bookmark__content-wrap\">\r\n\t\t\t\t\t\t\t<div class=\"bookmark__content\">\r\n\r\n\t\t\t\t\t\t\t\t\r\n\r\n\t\t\t\t\t\t\t\t<div class=\"bookmark_text\" style=\"font-size:14px;\">\r\n\t\t\t\t\t\t\t\t<p> Student mo\u017ce z\u0142o\u017cy\u0107 wniosek o dokonanie zmian w planie zaj\u0119\u0107, za zgod\u0105 Tutora, do 30 dni po up\u0142ywie terminu na z\u0142o\u017cenie planu zaj\u0119\u0107, do\u0142\u0105czaj\u0105c nowy plan do zatwierdzenia Dyrektorowi Kolegium ISM. <\/p>\r\n\t\t\t\t\t\t\t\t<br>\r\n\t\t\t\t\t\t\t\t\r\n\t\t\t\t\t\t\t\t<\/div>\r\n\t\t\t\t\t\t\t<\/div>\r\n\t\t\t\t\t\t<\/div>\r\n\t\t\t\t\t<\/div><\/div>\r\n\t\t\t\t\t\t<\/div>\r\n\t\t\t\t\t <\/div>[\/vc_column][\/vc_row]<\/p>","protected":false},"excerpt":{"rendered":"<p>[vc_row][vc_column][\/vc_column][\/vc_row] [&#8230;]<\/p>\n<p><a class=\"btn btn-secondary understrap-read-more-link\" href=\"https:\/\/us.edu.pl\/kolegium\/ism\/student\/plan-zajec\/\">Read More&#8230;<\/a><\/p>\n","protected":false},"author":25,"featured_media":0,"parent":76,"menu_order":23,"comment_status":"closed","ping_status":"closed","template":"","meta":{"_expiration-date-status":"","_expiration-date":0,"_expiration-date-type":"","_expiration-date-categories":[],"_expiration-date-options":[]},"acf":[],"_links":{"self":[{"href":"https:\/\/us.edu.pl\/kolegium\/ism\/wp-json\/wp\/v2\/pages\/139"}],"collection":[{"href":"https:\/\/us.edu.pl\/kolegium\/ism\/wp-json\/wp\/v2\/pages"}],"about":[{"href":"https:\/\/us.edu.pl\/kolegium\/ism\/wp-json\/wp\/v2\/types\/page"}],"author":[{"embeddable":true,"href":"https:\/\/us.edu.pl\/kolegium\/ism\/wp-json\/wp\/v2\/users\/25"}],"replies":[{"embeddable":true,"href":"https:\/\/us.edu.pl\/kolegium\/ism\/wp-json\/wp\/v2\/comments?post=139"}],"version-history":[{"count":10,"href":"https:\/\/us.edu.pl\/kolegium\/ism\/wp-json\/wp\/v2\/pages\/139\/revisions"}],"predecessor-version":[{"id":622,"href":"https:\/\/us.edu.pl\/kolegium\/ism\/wp-json\/wp\/v2\/pages\/139\/revisions\/622"}],"up":[{"embeddable":true,"href":"https:\/\/us.edu.pl\/kolegium\/ism\/wp-json\/wp\/v2\/pages\/76"}],"wp:attachment":[{"href":"https:\/\/us.edu.pl\/kolegium\/ism\/wp-json\/wp\/v2\/media?parent=139"}],"curies":[{"name":"wp","href":"https:\/\/api.w.org\/{rel}","templated":true}]}}