{"id":190,"date":"2021-10-13T13:16:42","date_gmt":"2021-10-13T11:16:42","guid":{"rendered":"https:\/\/us.edu.pl\/kolegium\/ism\/?page_id=190"},"modified":"2026-01-14T13:36:41","modified_gmt":"2026-01-14T12:36:41","slug":"dni-otwarte","status":"publish","type":"page","link":"https:\/\/us.edu.pl\/kolegium\/ism\/dni-otwarte\/","title":{"rendered":"Dni Otwarte"},"content":{"rendered":"<p>[vc_row][vc_column]\r\n                <div class=\"text-modules\">\r\n                    <div class=\"container\">\r\n                        \r\n                        <div class=\"text-modules__content\"><p><span style=\"font-size: 14pt;\">Ka\u017cdego roku Kolegium Indywidualnych Studi\u00f3w Mi\u0119dzyobszarowych organizuje Dni Otwarte z udzia\u0142em przedstawicieli Samorz\u0105du Studenckiego ISM oraz pracownikami Kolegium. Poprzez takie spotkania uczestnicy mog\u0105 zobaczy\u0107, co wyr\u00f3\u017cnia Kolegium ISM na tle innych program\u00f3w studi\u00f3w.<\/span><\/p>\n<\/div>\r\n                    <\/div>\r\n                <\/div><div class=\"container\"><div class=\"separator\" style=\"background-color: #EBEBEB\"><\/div><\/div>\r\n                <div class=\"text-modules\">\r\n                    <div class=\"container\">\r\n                        \r\n                        <div class=\"text-modules__content\"><p><strong><span style=\"font-size: 14pt;\">Najbli\u017csze Dni Otwarte odb\u0119d\u0105 si\u0119: 31 marca 2026 r.<\/span><\/strong><\/p>\n<\/div>\r\n                    <\/div>\r\n                <\/div>[\/vc_column][\/vc_row]<\/p>","protected":false},"excerpt":{"rendered":"<p>[vc_row][vc_column][\/vc_column][\/vc_row] [&#8230;]<\/p>\n<p><a class=\"btn btn-secondary understrap-read-more-link\" href=\"https:\/\/us.edu.pl\/kolegium\/ism\/dni-otwarte\/\">Read More&#8230;<\/a><\/p>\n","protected":false},"author":25,"featured_media":0,"parent":0,"menu_order":3,"comment_status":"closed","ping_status":"closed","template":"","meta":{"_expiration-date-status":"","_expiration-date":0,"_expiration-date-type":"","_expiration-date-categories":[],"_expiration-date-options":[]},"acf":[],"_links":{"self":[{"href":"https:\/\/us.edu.pl\/kolegium\/ism\/wp-json\/wp\/v2\/pages\/190"}],"collection":[{"href":"https:\/\/us.edu.pl\/kolegium\/ism\/wp-json\/wp\/v2\/pages"}],"about":[{"href":"https:\/\/us.edu.pl\/kolegium\/ism\/wp-json\/wp\/v2\/types\/page"}],"author":[{"embeddable":true,"href":"https:\/\/us.edu.pl\/kolegium\/ism\/wp-json\/wp\/v2\/users\/25"}],"replies":[{"embeddable":true,"href":"https:\/\/us.edu.pl\/kolegium\/ism\/wp-json\/wp\/v2\/comments?post=190"}],"version-history":[{"count":8,"href":"https:\/\/us.edu.pl\/kolegium\/ism\/wp-json\/wp\/v2\/pages\/190\/revisions"}],"predecessor-version":[{"id":4610,"href":"https:\/\/us.edu.pl\/kolegium\/ism\/wp-json\/wp\/v2\/pages\/190\/revisions\/4610"}],"wp:attachment":[{"href":"https:\/\/us.edu.pl\/kolegium\/ism\/wp-json\/wp\/v2\/media?parent=190"}],"curies":[{"name":"wp","href":"https:\/\/api.w.org\/{rel}","templated":true}]}}