{"id":2441,"date":"2025-01-21T14:57:37","date_gmt":"2025-01-21T13:57:37","guid":{"rendered":"https:\/\/us.edu.pl\/kolegium\/ism\/?page_id=2441"},"modified":"2025-08-04T14:28:26","modified_gmt":"2025-08-04T12:28:26","slug":"islands-of-knowledge","status":"publish","type":"page","link":"https:\/\/us.edu.pl\/kolegium\/ism\/o-kolegium\/projects\/islands-of-knowledge\/","title":{"rendered":"Islands of Knowledge"},"content":{"rendered":"<p>[vc_row][vc_column]\r\n                <div class=\"text-modules\">\r\n                    <div class=\"container\">\r\n                        \r\n                        <div class=\"text-modules__content\"><p><a href=\"https:\/\/us.edu.pl\/kolegium\/ism\/wp-content\/uploads\/sites\/67\/Bez-kategorii\/logo-glownego-partnera.png\"><img class=\"alignnone wp-image-2457 size-full\" src=\"https:\/\/us.edu.pl\/kolegium\/ism\/wp-content\/uploads\/sites\/67\/Bez-kategorii\/logo-glownego-partnera.png\" alt=\"\" width=\"300\" height=\"111\" \/><\/a><\/p>\n<\/div>\r\n                    <\/div>\r\n                <\/div>\r\n                <div class=\"text-modules\">\r\n                    <div class=\"container\">\r\n                        <h3 class=\"page-title text__title\">Islands of Knowledge<\/h3>\r\n                        <div class=\"text-modules__content\"><p><span style=\"font-size: 14pt;\"><strong>Finansowanie:<\/strong> Granty Norweskie<\/span><\/p>\n<p><span style=\"font-size: 14pt;\"><strong>Cel projektu:<\/strong> Celem projektu by\u0142o rozwini\u0119cie kultury jako\u015bci w sektorze edukacji poprzez:<\/span><\/p>\n<ol>\n<li><span style=\"font-size: 14pt;\">diagnoz\u0119, planowanie i wdro\u017cenie koncepcji kszta\u0142cenia uniwersyteckiego opartego na:<\/span><br \/>\n<span style=\"font-size: 14pt;\">&#8211; projektowaniu uniwersalnym,<\/span><br \/>\n<span style=\"font-size: 14pt;\">&#8211; edukacji w\u0142\u0105czaj\u0105cej i spersonalizowanej,<\/span><br \/>\n<span style=\"font-size: 14pt;\">&#8211; rozwoju umiej\u0119tno\u015bci kluczowych istotnych z punktu widzenia potrzeb spo\u0142eczno-gospodarczych;<\/span><\/li>\n<li><span style=\"font-size: 14pt;\">przygotowanie student\u00f3w i absolwent\u00f3w Uniwersytetu \u015al\u0105skiego do dostosowywania si\u0119 do dynamicznie zmieniaj\u0105cej si\u0119 rzeczywisto\u015bci.<\/span><\/li>\n<\/ol>\n<p><span style=\"font-size: 14pt;\"><strong>Wsp\u00f3\u0142praca mi\u0119dzynarodowa<\/strong>: Projekt realizowany by\u0142 w partnerstwie z Islandzkim Instytutem Historii Naturalnej, co umo\u017cliwi\u0142o wymian\u0119 do\u015bwiadcze\u0144 i perspektyw mi\u0119dzyuczelnianych.<\/span><\/p>\n<p><span style=\"font-size: 14pt;\"><strong>Dzia\u0142ania zrealizowane przez KISM:<\/strong> W ramach projektu wypracowano:<\/span><\/p>\n<ol>\n<li><span style=\"font-size: 14pt;\">modu\u0142y edukacyjne dla student\u00f3w, skoncentrowane na zr\u00f3wnowa\u017conym rozwoju i ochronie \u015brodowiska;<\/span><\/li>\n<li><span style=\"font-size: 14pt;\">spotkania mi\u0119dzynarodowe:<\/span><br \/>\n<span style=\"font-size: 14pt;\">&#8211; wizyta przedstawicieli Islandzkiego Instytutu Historii Naturalnej na Uniwersytecie \u015al\u0105skim,<\/span><br \/>\n<span style=\"font-size: 14pt;\">&#8211; wizyta przedstawicieli Uniwersytetu \u015al\u0105skiego w Islandzkim Instytucie Historii Naturalnej;<\/span><\/li>\n<li><span style=\"font-size: 14pt;\">mi\u0119dzynarodow\u0105 debat\u0119 eksperck\u0105 &#8222;Wyspy Wiedzy: \u015arodowisko &#8211; Globalne zmiany &#8211; Strategie dzia\u0142ania &#8211; Perspektywa mi\u0119dzynarodowa&#8221;, kt\u00f3ra odby\u0142a si\u0119 w ramach obchod\u00f3w Europejskiego Miasta Nauki Katowice 2024.<\/span><\/li>\n<\/ol>\n<p>\n<\/div>\r\n                    <\/div>\r\n                <\/div>[\/vc_column][\/vc_row][vc_row][vc_column]\r\n                <div class=\"text-modules\">\r\n                    <div class=\"container\">\r\n                        \r\n                        <div class=\"text-modules__content\"><p><a href=\"https:\/\/us.edu.pl\/kolegium\/ism\/wp-content\/uploads\/sites\/67\/Bez-kategorii\/logo_partnerzy.png\"><img class=\"aligncenter wp-image-2449 size-large\" src=\"https:\/\/us.edu.pl\/kolegium\/ism\/wp-content\/uploads\/sites\/67\/Bez-kategorii\/logo_partnerzy-1024x466.png\" alt=\"\" width=\"640\" height=\"291\" srcset=\"https:\/\/us.edu.pl\/kolegium\/ism\/wp-content\/uploads\/sites\/67\/Bez-kategorii\/logo_partnerzy-1024x466.png 1024w, https:\/\/us.edu.pl\/kolegium\/ism\/wp-content\/uploads\/sites\/67\/Bez-kategorii\/logo_partnerzy-300x137.png 300w, https:\/\/us.edu.pl\/kolegium\/ism\/wp-content\/uploads\/sites\/67\/Bez-kategorii\/logo_partnerzy-768x349.png 768w, https:\/\/us.edu.pl\/kolegium\/ism\/wp-content\/uploads\/sites\/67\/Bez-kategorii\/logo_partnerzy-575x262.png 575w, https:\/\/us.edu.pl\/kolegium\/ism\/wp-content\/uploads\/sites\/67\/Bez-kategorii\/logo_partnerzy.png 1156w\" sizes=\"(max-width: 640px) 100vw, 640px\" \/><\/a><\/p>\n<\/div>\r\n                    <\/div>\r\n                <\/div>[\/vc_column][\/vc_row]<\/p>","protected":false},"excerpt":{"rendered":"<p>[vc_row][vc_column][\/vc_column][\/vc_row][vc_row][vc_column][\/vc_column][\/vc_row] [&#8230;]<\/p>\n<p><a class=\"btn btn-secondary understrap-read-more-link\" href=\"https:\/\/us.edu.pl\/kolegium\/ism\/o-kolegium\/projects\/islands-of-knowledge\/\">Read More&#8230;<\/a><\/p>\n","protected":false},"author":5665,"featured_media":0,"parent":102,"menu_order":0,"comment_status":"closed","ping_status":"closed","template":"","meta":{"_expiration-date-status":"","_expiration-date":0,"_expiration-date-type":"","_expiration-date-categories":[],"_expiration-date-options":[]},"acf":[],"_links":{"self":[{"href":"https:\/\/us.edu.pl\/kolegium\/ism\/wp-json\/wp\/v2\/pages\/2441"}],"collection":[{"href":"https:\/\/us.edu.pl\/kolegium\/ism\/wp-json\/wp\/v2\/pages"}],"about":[{"href":"https:\/\/us.edu.pl\/kolegium\/ism\/wp-json\/wp\/v2\/types\/page"}],"author":[{"embeddable":true,"href":"https:\/\/us.edu.pl\/kolegium\/ism\/wp-json\/wp\/v2\/users\/5665"}],"replies":[{"embeddable":true,"href":"https:\/\/us.edu.pl\/kolegium\/ism\/wp-json\/wp\/v2\/comments?post=2441"}],"version-history":[{"count":6,"href":"https:\/\/us.edu.pl\/kolegium\/ism\/wp-json\/wp\/v2\/pages\/2441\/revisions"}],"predecessor-version":[{"id":4281,"href":"https:\/\/us.edu.pl\/kolegium\/ism\/wp-json\/wp\/v2\/pages\/2441\/revisions\/4281"}],"up":[{"embeddable":true,"href":"https:\/\/us.edu.pl\/kolegium\/ism\/wp-json\/wp\/v2\/pages\/102"}],"wp:attachment":[{"href":"https:\/\/us.edu.pl\/kolegium\/ism\/wp-json\/wp\/v2\/media?parent=2441"}],"curies":[{"name":"wp","href":"https:\/\/api.w.org\/{rel}","templated":true}]}}