{"id":2517,"date":"2025-01-23T11:51:20","date_gmt":"2025-01-23T10:51:20","guid":{"rendered":"https:\/\/us.edu.pl\/kolegium\/ism\/?page_id=2517"},"modified":"2025-11-28T10:40:59","modified_gmt":"2025-11-28T09:40:59","slug":"zasady-funkcjonowania-tutoringu","status":"publish","type":"page","link":"https:\/\/us.edu.pl\/kolegium\/ism\/zasady-funkcjonowania-tutoringu\/","title":{"rendered":"Zasady funkcjonowania tutoringu"},"content":{"rendered":"<p>[vc_row][vc_column]\r\n                <div class=\"text-modules\">\r\n                    <div class=\"container\">\r\n                        <h3 class=\"page-title text__title\">Wprowadzenie do roli Tutora<\/h3>\r\n                        <div class=\"text-modules__content\"><\/p>\n<ul>\n<li><span style=\"font-size: 14pt;\">Tutor jest opiekunem naukowym studenta ISM.<\/span><\/li>\n<li><span style=\"font-size: 14pt;\">Student ISM wybiera Tutora w ka\u017cdym semestrze spo\u015br\u00f3d nauczycieli akademickich reprezentuj\u0105cych dyscyplin\u0119 najbli\u017csz\u0105 naukowym zainteresowaniom studenta ISM.<\/span><\/li>\n<li><span style=\"font-size: 14pt;\">Tutorem mo\u017ce zosta\u0107 osoba, kt\u00f3ra:<\/span><br \/>\n<span style=\"font-size: 14pt;\">a) jest pracownikiem Uniwersytetu,<\/span><br \/>\n<span style=\"font-size: 14pt;\">b) posiada co najmniej stopie\u0144 naukowy doktora.<\/span><\/li>\n<li><span style=\"font-size: 14pt;\">Nauczyciel akademicki nie mo\u017ce by\u0107 Tutorem wi\u0119cej ni\u017c dw\u00f3ch student\u00f3w ISM.<\/span><\/li>\n<li><span style=\"font-size: 14pt;\">Student ISM, planuj\u0105c wsp\u00f3\u0142prac\u0119 z Tutorem, umieszcza w planie modu\u0142 <em>Tutoring Naukowy<\/em> w wymiarze 15 godzin 3 punkty ECTS.<\/span><\/li>\n<li><span style=\"font-size: 14pt;\">Tutor razem ze studentem ISM, okre\u015bla tematyk\u0119, zakres i organizacj\u0119 realizacji modu\u0142u <em>Tutoring Naukowy<\/em> oraz efekty pracy (np. esej naukowy, projekt badawczo-artystyczny, rezultat badania socjologicznego), na podstawie kt\u00f3rej modu\u0142 zostanie zaliczony. Zaleca si\u0119, aby efekty pracy studenta z tutorem by\u0142y podstaw\u0105 przygotowania publikacji naukowej.<\/span><\/li>\n<li><span style=\"font-size: 14pt;\">Zaliczenie modu\u0142u <em>Tutoring Naukowy<\/em> nast\u0119puje zgodnie z harmonogramem sesji.<\/span><\/li>\n<li><span style=\"font-size: 14pt;\"> Tutor nie mo\u017ce pe\u0142ni\u0107 jednocze\u015bnie funkcji tutora zespo\u0142owego w odniesieniu do tego samego studenta ISM, ani by\u0107 promotorem jego pracy dyplomowej.<\/span><\/li>\n<\/ul>\n<p>\n<\/div>\r\n                    <\/div>\r\n                <\/div><div class=\"container\"><div class=\"separator\" style=\"background-color: #EBEBEB\"><\/div><\/div>\r\n                <div class=\"text-modules\">\r\n                    <div class=\"container\">\r\n                        <h3 class=\"page-title text__title\">Zadania Tutora<\/h3>\r\n                        <div class=\"text-modules__content\"><\/p>\n<p><span style=\"font-size: 14pt;\">Do zada\u0144 Tutora nale\u017cy:<\/span><\/p>\n<ul>\n<li><span style=\"font-size: 14pt;\">wsparcie w tworzeniu indywidualnego semestralnego planu zaj\u0119\u0107 studenta ISM,<\/span><\/li>\n<li><span style=\"font-size: 14pt;\">zapewnienie, by indywidualny semestralny plan zaj\u0119\u0107 wykracza\u0142 poza kierunek wiod\u0105cy i zawiera\u0142 modu\u0142y z innych dziedzin nauki,<\/span><\/li>\n<li><span style=\"font-size: 14pt;\">zapewnienie, by inne kierunki ni\u017c wiod\u0105cy, by\u0142y reprezentowane przez kluczowe dla nich modu\u0142y,<\/span><\/li>\n<li><span style=\"font-size: 14pt;\">ustalenie, zrecenzowanie i ocen\u0119 pracy semestralnej studenta ISM,<\/span><\/li>\n<li><span style=\"font-size: 14pt;\">monitorowanie post\u0119p\u00f3w w rozwoju naukowym lub artystycznym studenta ISM,<\/span><\/li>\n<li><span style=\"font-size: 14pt;\">anga\u017cowanie studenta ISM w wydarzenia akademickie i pozaakademickie,<\/span><\/li>\n<li><span style=\"font-size: 14pt;\">wspieranie studenta ISM w rozwi\u0105zywaniu ewentualnych problem\u00f3w<\/span><br \/>\n<span style=\"font-size: 14pt;\">formalnych.<\/span><\/li>\n<\/ul>\n<p>\n<\/div>\r\n                    <\/div>\r\n                <\/div><div class=\"container\"><div class=\"separator\" style=\"background-color: #EBEBEB\"><\/div><\/div>\r\n                <div class=\"text-modules\">\r\n                    <div class=\"container\">\r\n                        <h3 class=\"page-title text__title\">Nawi\u0105zanie wsp\u00f3\u0142pracy<\/h3>\r\n                        <div class=\"text-modules__content\"><\/p>\n<p><span style=\"font-size: 14pt;\">Wsp\u00f3\u0142praca mi\u0119dzy pracownikiem a studentem w Kolegium ISM jest formalizowana co semestr poprzez z\u0142o\u017cenie <strong>Deklaracji opieki tutora naukowego<\/strong>. <strong>Formularz jest dost\u0119pny dla studenta w systemie USOSweb w zak\u0142adce <em>Podania<\/em><\/strong>. Przed z\u0142o\u017ceniem dokumentu student powinien porozmawia\u0107 z pracownikiem i uzyska\u0107 jego zgod\u0119. Zach\u0119camy, by ka\u017cdy Tutor zapozna\u0142 si\u0119 najpierw z <a href=\"https:\/\/us.edu.pl\/kolegium\/ism\/o-kolegium\/akty-prawne\/\">Regulaminem studiowania w Kolegium ISM<\/a> oraz zasadami rozliczania pracy Tutora. W razie pyta\u0144 mo\u017cna zawsze skontaktowa\u0107 si\u0119 z pracownikami Kolegium.\u00a0<\/span><\/p>\n<p><span style=\"font-size: 14pt;\">Je\u015bli student i Tutor zgadzaj\u0105 si\u0119 na warunki wsp\u00f3\u0142pracy, student wype\u0142nia formularz Deklaracji i wysy\u0142a go przez system do Sekretariatu. <span class=\"openTooltip -underline\">Sekretariat<\/span> sprawdza dane pracownika i dodaje go jako osob\u0119 opiniuj\u0105c\u0105 w systemie. Pracownik w tre\u015bci opinii wyra\u017ca zgod\u0119 na podj\u0119cie opieki. W\u00a0razie\u00a0konieczno\u015bci,\u00a0uzupe\u0142nia\u00a0<span class=\"openTooltip -underline\">brakuj\u0105ce<\/span> dane\u00a0(np.\u00a0numer\u00a0komputerowy\u00a0pracownika). Mo\u017ce te\u017c doda\u0107 swoje uwagi dotycz\u0105ce wsp\u00f3\u0142pracy.\u00a0<\/span><\/p>\n<p><span style=\"font-size: 14pt;\"><span class=\"openTooltip -underline\">Zatwierdzenie<\/span> Deklaracji w USOSweb oznacza, \u017ce informacje o wsp\u00f3\u0142pracy ze studentem zosta\u0142y wprowadzone do systemu. Pracownik otrzymuje dost\u0119p do Portalu ISM, kt\u00f3ry s\u0142u\u017cy do komunikacji mi\u0119dzy studentami, Tutorami i Kolegium ISM.<\/span><\/p>\n<\/div>\r\n                    <\/div>\r\n                <\/div><div class=\"container\"><div class=\"separator\" style=\"background-color: #EBEBEB\"><\/div><\/div>[\/vc_column][\/vc_row][vc_row][vc_column]\r\n                <div class=\"text-modules\">\r\n                    <div class=\"container\">\r\n                        <h3 class=\"page-title text__title\">Rozliczenie wsp\u00f3\u0142pracy<\/h3>\r\n                        <div class=\"text-modules__content\"><\/p>\n<p><span style=\"font-size: 14pt;\">Podstaw\u0105 do rozliczenia pracy Tutora Naukowego jest dope\u0142nienie obowi\u0105zk\u00f3w zwi\u0105zanych z akceptacj\u0105 planu zaj\u0119\u0107 studenta oraz wystawienie recenzji pracy semestralnej.\u00a0<\/span><\/p>\n<p><span style=\"font-size: 14pt;\">Modu\u0142 <em>Tutoring Naukowy<\/em> jest cz\u0119\u015bci\u0105 programu indywidualnych studi\u00f3w mi\u0119dzydziedzinowych, <strong>jednak godziny pracy nie s\u0105 wliczane do pensum pracownika.<\/strong> <span class=\"-bg\">Zgodnie\u00a0z\u00a0\u00a7\u00a022\u00a0Regulaminu\u00a0<span class=\"openTooltip -underline\">wynagradzania<\/span>\u00a0pracownik\u00f3w\u00a0w\u00a0Uniwersytecie\u00a0\u015al\u0105skim\u00a0w\u00a0Katowicach\u00a0(Za\u0142\u0105cznik\u00a0do\u00a0<span class=\"openTooltip -underline\">zarz\u0105dzenia<\/span>\u00a0nr\u00a0103\u00a0Rektora\u00a0U\u015a\u00a0z\u00a0dnia\u00a014\u00a0lipca\u00a02020\u00a0r.)\u00a0godziny\u00a0te\u00a0s\u0105\u00a0wyp\u0142acane\u00a0wed\u0142ug\u00a0stawek\u00a0jak\u00a0za\u00a0godziny\u00a0<span class=\"openTooltip -underline\">ponadwymiarowe<\/span>\u00a0na\u00a0zajmowanym\u00a0przez\u00a0opiekuna\u00a0studenta\u00a0stanowisku.<\/span>\u00a0<\/span><\/p>\n<p><span style=\"font-size: 14pt;\">Po zaakceptowaniu recenzji w Portalu ISM, pracownicy Sekretariatu przygotowuj\u0105 list\u0119 dodatk\u00f3w, kt\u00f3ra nast\u0119pnie jest przek\u0142adana do podpisu Dyrekcji Kolegium ISM. Podpisane dokumenty s\u0105 przekazywane bezpo\u015brednio do dzia\u0142u p\u0142ac (dla danego wydzia\u0142u) i rozliczane przy najbli\u017cszej wyp\u0142acie pracownika. Tutorzy nie musz\u0105 sk\u0142ada\u0107 \u017cadnych dodatkowych dokument\u00f3w zwi\u0105zanych z rozliczeniem wsp\u00f3\u0142pracy.<\/span><\/p>\n<\/div>\r\n                    <\/div>\r\n                <\/div>[\/vc_column][\/vc_row]<\/p>","protected":false},"excerpt":{"rendered":"<p>[vc_row][vc_column][\/vc_column][\/vc_row][vc_row][vc_column][\/vc_column][\/vc_row] [&#8230;]<\/p>\n<p><a class=\"btn btn-secondary understrap-read-more-link\" href=\"https:\/\/us.edu.pl\/kolegium\/ism\/zasady-funkcjonowania-tutoringu\/\">Read More&#8230;<\/a><\/p>\n","protected":false},"author":5665,"featured_media":0,"parent":0,"menu_order":0,"comment_status":"closed","ping_status":"closed","template":"","meta":{"_expiration-date-status":"","_expiration-date":0,"_expiration-date-type":"","_expiration-date-categories":[],"_expiration-date-options":[]},"acf":[],"_links":{"self":[{"href":"https:\/\/us.edu.pl\/kolegium\/ism\/wp-json\/wp\/v2\/pages\/2517"}],"collection":[{"href":"https:\/\/us.edu.pl\/kolegium\/ism\/wp-json\/wp\/v2\/pages"}],"about":[{"href":"https:\/\/us.edu.pl\/kolegium\/ism\/wp-json\/wp\/v2\/types\/page"}],"author":[{"embeddable":true,"href":"https:\/\/us.edu.pl\/kolegium\/ism\/wp-json\/wp\/v2\/users\/5665"}],"replies":[{"embeddable":true,"href":"https:\/\/us.edu.pl\/kolegium\/ism\/wp-json\/wp\/v2\/comments?post=2517"}],"version-history":[{"count":10,"href":"https:\/\/us.edu.pl\/kolegium\/ism\/wp-json\/wp\/v2\/pages\/2517\/revisions"}],"predecessor-version":[{"id":4073,"href":"https:\/\/us.edu.pl\/kolegium\/ism\/wp-json\/wp\/v2\/pages\/2517\/revisions\/4073"}],"wp:attachment":[{"href":"https:\/\/us.edu.pl\/kolegium\/ism\/wp-json\/wp\/v2\/media?parent=2517"}],"curies":[{"name":"wp","href":"https:\/\/api.w.org\/{rel}","templated":true}]}}