{"id":2549,"date":"2025-01-23T13:03:57","date_gmt":"2025-01-23T12:03:57","guid":{"rendered":"https:\/\/us.edu.pl\/kolegium\/ism\/?page_id=2549"},"modified":"2025-07-29T13:20:34","modified_gmt":"2025-07-29T11:20:34","slug":"portal-ism-2","status":"publish","type":"page","link":"https:\/\/us.edu.pl\/kolegium\/ism\/portal-ism-2\/","title":{"rendered":"Portal ISM"},"content":{"rendered":"<p>[vc_row][vc_column]\r\n                <div class='sidebar_moduls sidebar_one_header' style='color:#FFFFFF;background-color: #002E5A'>\r\n                    <a href='https:\/\/ismportal.us.edu.pl\/?_s=1' class='link'>PORTAL ISM<\/a>\r\n                <\/div>\r\n                <div class=\"text-modules\">\r\n                    <div class=\"container\">\r\n                        <h3 class=\"page-title text__title\">Portal ISM<\/h3>\r\n                        <div class=\"text-modules__content\"><p><span style=\"font-size: 14pt;\">Do portalu mo\u017cna zalogowa\u0107 si\u0119 za po\u015brednictwem Centralnego Systemu Uwierzytelniania Uniwersytetu \u015al\u0105skiego, a wi\u0119c nie jest potrzebne zak\u0142adanie nowych login\u00f3w i hase\u0142.<\/span><\/p>\n<p><span style=\"font-size: 14pt;\">Za po\u015brednictwem portalu:<\/span><\/p>\n<ol>\n<li><span style=\"font-size: 14pt;\"><span style=\"font-size: 14pt;\">Student tworzy sw\u00f3j plan studi\u00f3w na dany semestr, wybieraj\u0105c z listy dost\u0119pnej w systemie USOS przedmioty, kt\u00f3re go interesuj\u0105. Przedmioty spoza bazy USOS (np. realizowane na innej uczelni) b\u0119d\u0105 uzupe\u0142niane przez Sekretariat na podstawie wcze\u015bniej z\u0142o\u017conych poda\u0144 studenckich. Po stworzeniu planu student wysy\u0142a go do sprawdzenia przez Tutora. Ca\u0142y proces przypomina dzia\u0142anie systemu APD. Zmiany w planie s\u0105 widoczne w ci\u0105gu kilku minut. W przypadku konieczno\u015bci wprowadzenia korekty, plan wraca do etapu wcze\u015bniejszego. Tutor po otrzymaniu planu mo\u017ce go sprawdzi\u0107 i zatwierdzi\u0107 lub odrzuci\u0107, dodaj\u0105c komentarz. Po akceptacji planu przez tutora, dokument trafia do akceptacji przez Kolegium ISM.\u00a0<\/span><\/span><span style=\"font-size: 14pt;\"><br \/>\n<\/span><\/li>\n<\/ol>\n<p style=\"padding-left: 40px;\"><span style=\"font-size: 14pt;\">W danym semestrze obowi\u0105zuj\u0105 \u015bci\u015ble okre\u015blone terminy sk\u0142adania planu. Edycja planu jest mo\u017cliwa tylko w obr\u0119bie tych termin\u00f3w (s\u0105 one widoczne w Portalu przy edycji konkretnego planu). W przypadku, gdy student i Tutor przekrocz\u0105 termin z\u0142o\u017cenia planu, niezb\u0119dne jest z\u0142o\u017cenie podania z pro\u015bb\u0105 o przed\u0142u\u017cenie terminu z\u0142o\u017cenia planu wraz z wyja\u015bnieniem. Przypominamy,\u00a0\u017ce\u00a0niez\u0142o\u017cenie\u00a0planu\u00a0w\u00a0terminie\u00a0i\u00a0brak\u00a0<span class=\"openTooltip -underline\">zaakceptowanego<\/span> podania o przed\u0142u\u017cenie terminu jego z\u0142o\u017cenia mo\u017ce skutkowa\u0107 wszcz\u0119ciem procedury skre\u015blenia studenta z powodu braku post\u0119p\u00f3w w nauce. Terminy te pozwalaj\u0105 studentom na wyb\u00f3r o zapisanie si\u0119 na zaj\u0119cia po rozpocz\u0119ciu roku akademickiego oraz dostosowanie swojego harmonogramu do studi\u00f3w na r\u00f3\u017cnych kierunkach. Jednak wyd\u0142u\u017cenie tego okresu mo\u017ce prowadzi\u0107 do zaleg\u0142o\u015bci w nauce. Prosimy student\u00f3w i tutor\u00f3w o przestrzeganie termin\u00f3w. To pomo\u017ce unikn\u0105\u0107 problem\u00f3w z realizacj\u0105 planu.\u00a0<\/span><\/p>\n<p style=\"padding-left: 40px;\"><span style=\"font-size: 14pt;\">2. Student wysy\u0142a elektronicznie efekt swojej pracy z Tutorem i przekazuje go do recenzji. Tutor pisze elektroniczn\u0105 recenzj\u0119 do pracy, zgodn\u0105 z formularzem oceny.\u00a0<\/span><\/p>\n<p style=\"padding-left: 40px;\"><span style=\"font-size: 14pt;\">System informuje Tutora o pojawieniu si\u0119 nowych dokument\u00f3w. Po wprowadzeniu i zatwierdzeniu recenzji, przechodzi ona do rozpatrzenia przez Kolegium. W przypadku konieczno\u015bci wprowadzenia korekt, recenzja zostaje zwr\u00f3cona Tutorowi do poprawy.<\/span><\/p>\n<p>\n<\/div>\r\n                    <\/div>\r\n                <\/div>[\/vc_column][\/vc_row]<\/p>","protected":false},"excerpt":{"rendered":"<p>[vc_row][vc_column][\/vc_column][\/vc_row] [&#8230;]<\/p>\n<p><a class=\"btn btn-secondary understrap-read-more-link\" href=\"https:\/\/us.edu.pl\/kolegium\/ism\/portal-ism-2\/\">Read More&#8230;<\/a><\/p>\n","protected":false},"author":5665,"featured_media":0,"parent":0,"menu_order":0,"comment_status":"closed","ping_status":"closed","template":"","meta":{"_expiration-date-status":"","_expiration-date":0,"_expiration-date-type":"","_expiration-date-categories":[],"_expiration-date-options":[]},"acf":[],"_links":{"self":[{"href":"https:\/\/us.edu.pl\/kolegium\/ism\/wp-json\/wp\/v2\/pages\/2549"}],"collection":[{"href":"https:\/\/us.edu.pl\/kolegium\/ism\/wp-json\/wp\/v2\/pages"}],"about":[{"href":"https:\/\/us.edu.pl\/kolegium\/ism\/wp-json\/wp\/v2\/types\/page"}],"author":[{"embeddable":true,"href":"https:\/\/us.edu.pl\/kolegium\/ism\/wp-json\/wp\/v2\/users\/5665"}],"replies":[{"embeddable":true,"href":"https:\/\/us.edu.pl\/kolegium\/ism\/wp-json\/wp\/v2\/comments?post=2549"}],"version-history":[{"count":10,"href":"https:\/\/us.edu.pl\/kolegium\/ism\/wp-json\/wp\/v2\/pages\/2549\/revisions"}],"predecessor-version":[{"id":4093,"href":"https:\/\/us.edu.pl\/kolegium\/ism\/wp-json\/wp\/v2\/pages\/2549\/revisions\/4093"}],"wp:attachment":[{"href":"https:\/\/us.edu.pl\/kolegium\/ism\/wp-json\/wp\/v2\/media?parent=2549"}],"curies":[{"name":"wp","href":"https:\/\/api.w.org\/{rel}","templated":true}]}}