{"id":2889,"date":"2025-02-10T14:19:25","date_gmt":"2025-02-10T13:19:25","guid":{"rendered":"https:\/\/us.edu.pl\/kolegium\/ism\/?page_id=2889"},"modified":"2025-02-10T14:19:25","modified_gmt":"2025-02-10T13:19:25","slug":"dr-witold-marzeda","status":"publish","type":"page","link":"https:\/\/us.edu.pl\/kolegium\/ism\/dr-witold-marzeda\/","title":{"rendered":"dr Witold Marz\u0119da"},"content":{"rendered":"<p>[vc_row][vc_column]\r\n                <div class=\"text-modules\">\r\n                    <div class=\"container\">\r\n                        <h3 class=\"page-title text__title\">dr Witold Marz\u0119da z Instytutu Filozofii Wydzia\u0142u Humanistycznego U\u015a<\/h3>\r\n                        <div class=\"text-modules__content\"><\/p>\n<div style=\"width: 640px;\" class=\"wp-video\"><!--[if lt IE 9]><script>document.createElement('video');<\/script><![endif]-->\n<video class=\"wp-video-shortcode\" id=\"video-2889-1\" width=\"640\" height=\"362\" preload=\"metadata\" controls=\"controls\"><source type=\"video\/mp4\" src=\"https:\/\/us.edu.pl\/kolegium\/ism\/wp-content\/uploads\/sites\/67\/2025\/02\/Wideo-WhatsApp-2024-03-03-o-16.53.41_ba24fc23.mp4?_=1\" \/><a href=\"https:\/\/us.edu.pl\/kolegium\/ism\/wp-content\/uploads\/sites\/67\/2025\/02\/Wideo-WhatsApp-2024-03-03-o-16.53.41_ba24fc23.mp4\">https:\/\/us.edu.pl\/kolegium\/ism\/wp-content\/uploads\/sites\/67\/2025\/02\/Wideo-WhatsApp-2024-03-03-o-16.53.41_ba24fc23.mp4<\/a><\/video><\/div>\n<p>\n<\/div>\r\n                    <\/div>\r\n                <\/div>[\/vc_column][\/vc_row]<\/p>","protected":false},"excerpt":{"rendered":"<p>[vc_row][vc_column][\/vc_column][\/vc_row] [&#8230;]<\/p>\n<p><a class=\"btn btn-secondary understrap-read-more-link\" href=\"https:\/\/us.edu.pl\/kolegium\/ism\/dr-witold-marzeda\/\">Read More&#8230;<\/a><\/p>\n","protected":false},"author":5665,"featured_media":0,"parent":0,"menu_order":0,"comment_status":"closed","ping_status":"closed","template":"","meta":{"_expiration-date-status":"","_expiration-date":0,"_expiration-date-type":"","_expiration-date-categories":[],"_expiration-date-options":[]},"acf":[],"_links":{"self":[{"href":"https:\/\/us.edu.pl\/kolegium\/ism\/wp-json\/wp\/v2\/pages\/2889"}],"collection":[{"href":"https:\/\/us.edu.pl\/kolegium\/ism\/wp-json\/wp\/v2\/pages"}],"about":[{"href":"https:\/\/us.edu.pl\/kolegium\/ism\/wp-json\/wp\/v2\/types\/page"}],"author":[{"embeddable":true,"href":"https:\/\/us.edu.pl\/kolegium\/ism\/wp-json\/wp\/v2\/users\/5665"}],"replies":[{"embeddable":true,"href":"https:\/\/us.edu.pl\/kolegium\/ism\/wp-json\/wp\/v2\/comments?post=2889"}],"version-history":[{"count":1,"href":"https:\/\/us.edu.pl\/kolegium\/ism\/wp-json\/wp\/v2\/pages\/2889\/revisions"}],"predecessor-version":[{"id":2893,"href":"https:\/\/us.edu.pl\/kolegium\/ism\/wp-json\/wp\/v2\/pages\/2889\/revisions\/2893"}],"wp:attachment":[{"href":"https:\/\/us.edu.pl\/kolegium\/ism\/wp-json\/wp\/v2\/media?parent=2889"}],"curies":[{"name":"wp","href":"https:\/\/api.w.org\/{rel}","templated":true}]}}