{"id":3393,"date":"2025-03-31T14:57:04","date_gmt":"2025-03-31T12:57:04","guid":{"rendered":"https:\/\/us.edu.pl\/kolegium\/ism\/?page_id=3393"},"modified":"2025-04-04T09:24:12","modified_gmt":"2025-04-04T07:24:12","slug":"sposob-i-kryteria-oceny-wniosku","status":"publish","type":"page","link":"https:\/\/us.edu.pl\/kolegium\/ism\/sposob-i-kryteria-oceny-wniosku\/","title":{"rendered":"Spos\u00f3b i kryteria oceny wniosku"},"content":{"rendered":"<p>[vc_row][vc_column]\r\n                <div class=\"text-modules\">\r\n                    <div class=\"container\">\r\n                        <h3 class=\"page-title text__title\">Spos\u00f3b i kryteria oceny wniosku<\/h3>\r\n                        <div class=\"text-modules__content\"><p><span style=\"font-size: 14pt;\">Przy ocenie wniosku bierze si\u0119 w szczeg\u00f3lno\u015bci pod uwag\u0119:<\/span><\/p>\n<p><span style=\"font-size: 14pt;\">1) Spe\u0142nienie kryteri\u00f3w formalnych (wype\u0142nienie wniosku na odpowiednim formularzu, wype\u0142nienie wszystkich punkt\u00f3w, terminowo\u015b\u0107).<\/span><\/p>\n<p><span style=\"font-size: 14pt;\">2) Spe\u0142nienie kryteri\u00f3w merytorycznych:<\/span><\/p>\n<ul>\n<li><span style=\"font-size: 14pt;\">mi\u0119dzyobszarowo\u015b\u0107,<\/span><\/li>\n<li><span style=\"font-size: 14pt;\">poziom naukowy lub praktyczny bada\u0144 b\u0105d\u017a zada\u0144 przewidzianych do realizacji,<\/span><\/li>\n<li><span style=\"font-size: 14pt;\">nowatorski charakter zadania, kt\u00f3rego rozwi\u0105zanie jest proponowane,<\/span><\/li>\n<li><span style=\"font-size: 14pt;\">ocen\u0119 mo\u017cliwo\u015bci realizacji wnioskowanego projektu badawczego lub wdro\u017ceniowego (w tym prawid\u0142owa analiza ryzyk i zagro\u017ce\u0144 oraz realno\u015b\u0107 planowanych do osi\u0105gni\u0119cia wska\u017anik\u00f3w projektu),<\/span><\/li>\n<li><span style=\"font-size: 14pt;\">dob\u00f3r literatury przedmiotu, spos\u00f3b przygotowania wniosku,<\/span><\/li>\n<li><span style=\"font-size: 14pt;\">zasadno\u015b\u0107 planowanych koszt\u00f3w w stosunku do przedmiotu i zakresu bada\u0144.<\/span><\/li>\n<\/ul>\n<p><span style=\"font-size: 14pt;\">Maksymalna liczba punkt\u00f3w, jakie mo\u017ce uzyska\u0107 projekt to 80.<\/span><\/p>\n<p><span style=\"font-size: 14pt;\">3. Wniosek, kt\u00f3ry zostanie oceniony negatywnie przez Komisj\u0119, zostanie skierowany do poprawy.<\/span><\/p>\n<\/div>\r\n                    <\/div>\r\n                <\/div>[\/vc_column][\/vc_row]<\/p>","protected":false},"excerpt":{"rendered":"<p>[vc_row][vc_column][\/vc_column][\/vc_row] [&#8230;]<\/p>\n<p><a class=\"btn btn-secondary understrap-read-more-link\" href=\"https:\/\/us.edu.pl\/kolegium\/ism\/sposob-i-kryteria-oceny-wniosku\/\">Read More&#8230;<\/a><\/p>\n","protected":false},"author":5665,"featured_media":0,"parent":0,"menu_order":0,"comment_status":"closed","ping_status":"closed","template":"","meta":{"_expiration-date-status":"","_expiration-date":0,"_expiration-date-type":"","_expiration-date-categories":[],"_expiration-date-options":[]},"acf":[],"_links":{"self":[{"href":"https:\/\/us.edu.pl\/kolegium\/ism\/wp-json\/wp\/v2\/pages\/3393"}],"collection":[{"href":"https:\/\/us.edu.pl\/kolegium\/ism\/wp-json\/wp\/v2\/pages"}],"about":[{"href":"https:\/\/us.edu.pl\/kolegium\/ism\/wp-json\/wp\/v2\/types\/page"}],"author":[{"embeddable":true,"href":"https:\/\/us.edu.pl\/kolegium\/ism\/wp-json\/wp\/v2\/users\/5665"}],"replies":[{"embeddable":true,"href":"https:\/\/us.edu.pl\/kolegium\/ism\/wp-json\/wp\/v2\/comments?post=3393"}],"version-history":[{"count":3,"href":"https:\/\/us.edu.pl\/kolegium\/ism\/wp-json\/wp\/v2\/pages\/3393\/revisions"}],"predecessor-version":[{"id":3473,"href":"https:\/\/us.edu.pl\/kolegium\/ism\/wp-json\/wp\/v2\/pages\/3393\/revisions\/3473"}],"wp:attachment":[{"href":"https:\/\/us.edu.pl\/kolegium\/ism\/wp-json\/wp\/v2\/media?parent=3393"}],"curies":[{"name":"wp","href":"https:\/\/api.w.org\/{rel}","templated":true}]}}