{"id":4646,"date":"2026-02-24T13:18:45","date_gmt":"2026-02-24T12:18:45","guid":{"rendered":"https:\/\/us.edu.pl\/kolegium\/ism\/?page_id=4646"},"modified":"2026-02-24T13:18:45","modified_gmt":"2026-02-24T12:18:45","slug":"dzialalnosc-naukowa","status":"publish","type":"page","link":"https:\/\/us.edu.pl\/kolegium\/ism\/en\/dzialalnosc-naukowa\/","title":{"rendered":"(Polish) Dzia\u0142alno\u015b\u0107 naukowa"},"content":{"rendered":"<p class=\"qtranxs-available-languages-message qtranxs-available-languages-message-en\">Sorry, this entry is only available in <a href=\"https:\/\/us.edu.pl\/kolegium\/ism\/pl\/wp-json\/wp\/v2\/pages\/4646\" class=\"qtranxs-available-language-link qtranxs-available-language-link-pl\" title=\"Polish\">Polish<\/a>.<\/p>","protected":false},"excerpt":{"rendered":"<p>Sorry, this entry is only available in Polish. [&#8230;]<\/p>\n<p><a class=\"btn btn-secondary understrap-read-more-link\" href=\"https:\/\/us.edu.pl\/kolegium\/ism\/en\/dzialalnosc-naukowa\/\">Read More&#8230;<\/a><\/p>\n","protected":false},"author":5665,"featured_media":0,"parent":0,"menu_order":0,"comment_status":"closed","ping_status":"closed","template":"","meta":{"_expiration-date-status":"","_expiration-date":0,"_expiration-date-type":"","_expiration-date-categories":[],"_expiration-date-options":[]},"acf":[],"_links":{"self":[{"href":"https:\/\/us.edu.pl\/kolegium\/ism\/en\/wp-json\/wp\/v2\/pages\/4646"}],"collection":[{"href":"https:\/\/us.edu.pl\/kolegium\/ism\/en\/wp-json\/wp\/v2\/pages"}],"about":[{"href":"https:\/\/us.edu.pl\/kolegium\/ism\/en\/wp-json\/wp\/v2\/types\/page"}],"author":[{"embeddable":true,"href":"https:\/\/us.edu.pl\/kolegium\/ism\/en\/wp-json\/wp\/v2\/users\/5665"}],"replies":[{"embeddable":true,"href":"https:\/\/us.edu.pl\/kolegium\/ism\/en\/wp-json\/wp\/v2\/comments?post=4646"}],"version-history":[{"count":11,"href":"https:\/\/us.edu.pl\/kolegium\/ism\/en\/wp-json\/wp\/v2\/pages\/4646\/revisions"}],"predecessor-version":[{"id":4671,"href":"https:\/\/us.edu.pl\/kolegium\/ism\/en\/wp-json\/wp\/v2\/pages\/4646\/revisions\/4671"}],"wp:attachment":[{"href":"https:\/\/us.edu.pl\/kolegium\/ism\/en\/wp-json\/wp\/v2\/media?parent=4646"}],"curies":[{"name":"wp","href":"https:\/\/api.w.org\/{rel}","templated":true}]}}