{"id":4801,"date":"2026-04-13T13:43:19","date_gmt":"2026-04-13T11:43:19","guid":{"rendered":"https:\/\/us.edu.pl\/kolegium\/ism\/?page_id=4801"},"modified":"2026-04-13T13:43:19","modified_gmt":"2026-04-13T11:43:19","slug":"wprowadzenie-do-pracy-w-zespolach","status":"publish","type":"page","link":"https:\/\/us.edu.pl\/kolegium\/ism\/wprowadzenie-do-pracy-w-zespolach\/","title":{"rendered":"Wprowadzenie do pracy w zespo\u0142ach"},"content":{"rendered":"<p>[vc_row][vc_column]\r\n                <div class=\"text-modules\">\r\n                    <div class=\"container\">\r\n                        \r\n                        <div class=\"text-modules__content\"><p><span style=\"font-size: 14pt;\">Segment sk\u0142ada si\u0119 z:<\/span><\/p>\n<ul>\n<li><span style=\"font-size: 14pt;\">zaj\u0119\u0107 prowadzonych przez coacha, kt\u00f3ry dba o dob\u00f3r grup na podstawie ich predyspozycji i kompetencji. Dzi\u0119ki temu zespo\u0142y mog\u0105 efektywnie wsp\u00f3\u0142pracowa\u0107 na kolejnych etapach realizacji modu\u0142u,<\/span><\/li>\n<li><span style=\"font-size: 14pt;\">warsztat\u00f3w wprowadzaj\u0105cych student\u00f3w w proces przygotowania wniosku projektowego, tzw. grantu.<\/span><\/li>\n<\/ul>\n<p>\n<\/div>\r\n                    <\/div>\r\n                <\/div>\r\n                <div class=\"text-modules\">\r\n                    <div class=\"container\">\r\n                        \r\n                        <div class=\"text-modules__content\"><p><strong><span style=\"font-size: 14pt;\">Wyb\u00f3r problemu niejednorodnego:<\/span><\/strong><\/p>\n<p><span style=\"font-size: 14pt;\">Studenci mog\u0105 zaproponowa\u0107 w\u0142asny problem niejednorodny, nad kt\u00f3rym b\u0119d\u0105 pracowa\u0107, lub skorzysta\u0107 z problemu dost\u0119pnego w banku propozycji Kolegium. Nast\u0119pnie, pod opiek\u0105 tutora zespo\u0142owego, zespo\u0142y opracowuj\u0105 wniosek grantowy lub projektowy zgodnie z obowi\u0105zuj\u0105cym wzorem.<\/span><\/p>\n<p><span style=\"font-size: 14pt;\">Przygotowany wniosek jest oceniany przez komisj\u0119 konkursow\u0105 wed\u0142ug okre\u015blonych kryteri\u00f3w. Pozytywna ocena formalna i merytoryczna stanowi podstaw\u0119 do skierowania wniosku do finansowania i realizacji. Wnioski, kt\u00f3re nie uzyskaj\u0105 pozytywnej oceny, mog\u0105 zosta\u0107 uzupe\u0142nione w wyznaczonym terminie. Projekty sk\u0142adane przez uczestnik\u00f3w zespo\u0142\u00f3w dotyczy\u0107 powinny przede wszystkim bada\u0144 naukowych. Dopuszczalne jest r\u00f3wnie\u017c aplikowanie o \u015brodki na realizacj\u0119 projekt\u00f3w wdro\u017ceniowych.<\/span><\/p>\n<\/div>\r\n                    <\/div>\r\n                <\/div>\r\n                <div class='sidebar_moduls sidebar_one_header' style='color:#FFFFFF;background-color: #002E5A'>\r\n                    <a href='https:\/\/us.edu.pl\/kolegium\/ism\/sposob-i-kryteria-oceny-wniosku\/' class='link'>SPOS\u00d3B I KRYTERIA OCENY WNIOSKU<\/a>\r\n                <\/div>[\/vc_column][\/vc_row]<\/p>","protected":false},"excerpt":{"rendered":"<p>[vc_row][vc_column][\/vc_column][\/vc_row] [&#8230;]<\/p>\n<p><a class=\"btn btn-secondary understrap-read-more-link\" href=\"https:\/\/us.edu.pl\/kolegium\/ism\/wprowadzenie-do-pracy-w-zespolach\/\">Read More&#8230;<\/a><\/p>\n","protected":false},"author":5665,"featured_media":0,"parent":0,"menu_order":0,"comment_status":"closed","ping_status":"closed","template":"","meta":{"_expiration-date-status":"","_expiration-date":0,"_expiration-date-type":"","_expiration-date-categories":[],"_expiration-date-options":[]},"acf":[],"_links":{"self":[{"href":"https:\/\/us.edu.pl\/kolegium\/ism\/wp-json\/wp\/v2\/pages\/4801"}],"collection":[{"href":"https:\/\/us.edu.pl\/kolegium\/ism\/wp-json\/wp\/v2\/pages"}],"about":[{"href":"https:\/\/us.edu.pl\/kolegium\/ism\/wp-json\/wp\/v2\/types\/page"}],"author":[{"embeddable":true,"href":"https:\/\/us.edu.pl\/kolegium\/ism\/wp-json\/wp\/v2\/users\/5665"}],"replies":[{"embeddable":true,"href":"https:\/\/us.edu.pl\/kolegium\/ism\/wp-json\/wp\/v2\/comments?post=4801"}],"version-history":[{"count":3,"href":"https:\/\/us.edu.pl\/kolegium\/ism\/wp-json\/wp\/v2\/pages\/4801\/revisions"}],"predecessor-version":[{"id":4804,"href":"https:\/\/us.edu.pl\/kolegium\/ism\/wp-json\/wp\/v2\/pages\/4801\/revisions\/4804"}],"wp:attachment":[{"href":"https:\/\/us.edu.pl\/kolegium\/ism\/wp-json\/wp\/v2\/media?parent=4801"}],"curies":[{"name":"wp","href":"https:\/\/api.w.org\/{rel}","templated":true}]}}