{"id":4834,"date":"2026-04-24T12:18:13","date_gmt":"2026-04-24T10:18:13","guid":{"rendered":"https:\/\/us.edu.pl\/kolegium\/ism\/?page_id=4834"},"modified":"2026-04-24T12:23:53","modified_gmt":"2026-04-24T10:23:53","slug":"problemy-niejednorodne","status":"publish","type":"page","link":"https:\/\/us.edu.pl\/kolegium\/ism\/problemy-niejednorodne\/","title":{"rendered":"Problemy Niejednorodne"},"content":{"rendered":"<p>[vc_row][vc_column]\r\n                <div class=\"text-modules\">\r\n                    <div class=\"container\">\r\n                        <h3 class=\"page-title text__title\">Problemy Niejednorodne<\/h3>\r\n                        <div class=\"text-modules__content\"><p><span style=\"font-size: 14pt;\">Projekt realizowany jest w semestrze letnim bie\u017c\u0105cego roku akademickiego.<\/span><\/p>\n<p><span style=\"font-size: 14pt;\">Grupa pracuje pod opiek\u0105 tutora. W przypadku wyboru w\u0142asnego problemu, tutor zostanie przydzielony na wniosek grupy lub Kolegium. Je\u017celi grupa skorzysta z banku problem\u00f3w, wraz z wyborem problemu zostanie jej przydzielony przypisany do niego tutor.<\/span><\/p>\n<p><span style=\"font-size: 14pt;\">Grupa jest zobowi\u0105zana do z\u0142o\u017cenia raportu z realizacji projektu do 20 wrze\u015bnia oraz do przedstawienia wynik\u00f3w projektu podczas pa\u017adziernikowego spotkania podsumowuj\u0105cego.<\/span><\/p>\n<p><span style=\"font-size: 14pt;\">Raport powinien obejmowa\u0107:<\/span><\/p>\n<ul>\n<li><span style=\"font-size: 14pt;\">opis problemu, kt\u00f3rym zajmowa\u0142a si\u0119 grupa (cel, metodologia i metodyka dzia\u0142a\u0144, pytania badawcze, zastosowane metody i techniki badawcze),<\/span><\/li>\n<li><span style=\"font-size: 14pt;\">opis zaplanowanych oraz faktycznie zrealizowanych dzia\u0142a\u0144 w ramach projektu,<\/span><\/li>\n<li><span style=\"font-size: 14pt;\">opis efekt\u00f3w dzia\u0142a\u0144 podj\u0119tych w ramach projektu,<\/span><\/li>\n<li><span style=\"font-size: 14pt;\">rozliczenie \u015brodk\u00f3w finansowych,<\/span><\/li>\n<li><span style=\"font-size: 14pt;\">ewaluacj\u0119 projektu, w tym samoocen\u0119 w\u0142asnej aktywno\u015bci \u2013 z uwzgl\u0119dnieniem zaanga\u017cowania poszczeg\u00f3lnych uczestnik\u00f3w, terminowo\u015bci realizacji zada\u0144, wykorzystywanych kana\u0142\u00f3w komunikacji itp.<\/span><\/li>\n<\/ul>\n<p>\n<\/div>\r\n                    <\/div>\r\n                <\/div>\r\n                <div class='sidebar_moduls sidebar_one_header' style='color:#FFFFFF;background-color: #002E5A'>\r\n                    <a href='https:\/\/us.edu.pl\/kolegium\/ism\/sposob-i-kryteria-oceny-raportu\/' class='link'>SPOS\u00d3B I KRYTERIA OCENY RAPORTU<\/a>\r\n                <\/div>[\/vc_column][\/vc_row]<\/p>","protected":false},"excerpt":{"rendered":"<p>[vc_row][vc_column][\/vc_column][\/vc_row] [&#8230;]<\/p>\n<p><a class=\"btn btn-secondary understrap-read-more-link\" href=\"https:\/\/us.edu.pl\/kolegium\/ism\/problemy-niejednorodne\/\">Read More&#8230;<\/a><\/p>\n","protected":false},"author":5665,"featured_media":0,"parent":0,"menu_order":0,"comment_status":"closed","ping_status":"closed","template":"","meta":{"_expiration-date-status":"","_expiration-date":0,"_expiration-date-type":"","_expiration-date-categories":[],"_expiration-date-options":[]},"acf":[],"_links":{"self":[{"href":"https:\/\/us.edu.pl\/kolegium\/ism\/wp-json\/wp\/v2\/pages\/4834"}],"collection":[{"href":"https:\/\/us.edu.pl\/kolegium\/ism\/wp-json\/wp\/v2\/pages"}],"about":[{"href":"https:\/\/us.edu.pl\/kolegium\/ism\/wp-json\/wp\/v2\/types\/page"}],"author":[{"embeddable":true,"href":"https:\/\/us.edu.pl\/kolegium\/ism\/wp-json\/wp\/v2\/users\/5665"}],"replies":[{"embeddable":true,"href":"https:\/\/us.edu.pl\/kolegium\/ism\/wp-json\/wp\/v2\/comments?post=4834"}],"version-history":[{"count":1,"href":"https:\/\/us.edu.pl\/kolegium\/ism\/wp-json\/wp\/v2\/pages\/4834\/revisions"}],"predecessor-version":[{"id":4835,"href":"https:\/\/us.edu.pl\/kolegium\/ism\/wp-json\/wp\/v2\/pages\/4834\/revisions\/4835"}],"wp:attachment":[{"href":"https:\/\/us.edu.pl\/kolegium\/ism\/wp-json\/wp\/v2\/media?parent=4834"}],"curies":[{"name":"wp","href":"https:\/\/api.w.org\/{rel}","templated":true}]}}