{"id":594,"date":"2024-07-15T14:24:10","date_gmt":"2024-07-15T12:24:10","guid":{"rendered":"https:\/\/us.edu.pl\/kolegium\/ism\/?page_id=594"},"modified":"2025-05-29T10:27:25","modified_gmt":"2025-05-29T08:27:25","slug":"kierunki-studiow-wylaczone-z-mozliwosci-realizacji-przez-studentow-ism","status":"publish","type":"page","link":"https:\/\/us.edu.pl\/kolegium\/ism\/kierunki-studiow-wylaczone-z-mozliwosci-realizacji-przez-studentow-ism\/","title":{"rendered":"Kierunki studi\u00f3w wy\u0142\u0105czone z mo\u017cliwo\u015bci realizacji przez student\u00f3w ISM"},"content":{"rendered":"<p>[vc_row][vc_column]\r\n                <div class=\"text-modules\">\r\n                    <div class=\"container\">\r\n                        <h3 class=\"page-title text__title\">Kierunki studi\u00f3w wy\u0142\u0105czone z mo\u017cliwo\u015bci realizacji przez student\u00f3w ISM w roku akademickim 2025\/2026<\/h3>\r\n                        <div class=\"text-modules__content\"><p><strong><span style=\"font-size: 14pt;\">Studia I stopnia:<\/span><\/strong><\/p>\n<ul>\n<li><span style=\"font-size: 14pt;\">arteterapia,<\/span><\/li>\n<li><span style=\"font-size: 14pt;\">edukacja artystyczna w zakresie sztuki muzycznej,<\/span><\/li>\n<li><span style=\"font-size: 14pt;\">edukacja artystyczna w zakresie sztuk plastycznych,<\/span><\/li>\n<li><span style=\"font-size: 14pt;\">muzyka w multimediach,<\/span><\/li>\n<li><span style=\"font-size: 14pt;\">organizacja produkcji filmowej i telewizyjnej,<\/span><\/li>\n<li><span style=\"font-size: 14pt;\">projektowanie gier i przestrzeni wirtualnej,<\/span><\/li>\n<li><span style=\"font-size: 14pt;\">re\u017cyseria.<\/span><\/li>\n<\/ul>\n<p><strong><span style=\"font-size: 14pt;\">Studia jednolite magisterskie:<\/span><\/strong><\/p>\n<ul>\n<li><span style=\"font-size: 14pt;\">grafika,<\/span><\/li>\n<li><span style=\"font-size: 14pt;\">teologia,<\/span><\/li>\n<li><span style=\"font-size: 14pt;\">teologia pastoralna,<\/span><\/li>\n<li><span style=\"font-size: 14pt;\">realizacja obrazu filmowego, telewizyjnego i fotografia.<\/span><\/li>\n<\/ul>\n<p><strong><span style=\"font-size: 14pt;\">Studia II stopnia:<\/span><\/strong><\/p>\n<ul>\n<li><span style=\"font-size: 14pt;\">creative management in new media,<\/span><\/li>\n<li><span style=\"font-size: 14pt;\">edukacja artystyczna w zakresie sztuki muzycznej,<\/span><\/li>\n<li><span style=\"font-size: 14pt;\">edukacja artystyczna w zakresie sztuk plastycznych,<\/span><\/li>\n<li><span style=\"font-size: 14pt;\">muzyka w multimediach,<\/span><\/li>\n<li><span style=\"font-size: 14pt;\">projektowanie gier i przestrzeni wirtualnej,<\/span><\/li>\n<li><span style=\"font-size: 14pt;\">re\u017cyseria.<\/span><\/li>\n<\/ul>\n<p>\n<\/div>\r\n                    <\/div>\r\n                <\/div>[\/vc_column][\/vc_row]<\/p>","protected":false},"excerpt":{"rendered":"<p>[vc_row][vc_column][\/vc_column][\/vc_row] [&#8230;]<\/p>\n<p><a class=\"btn btn-secondary understrap-read-more-link\" href=\"https:\/\/us.edu.pl\/kolegium\/ism\/kierunki-studiow-wylaczone-z-mozliwosci-realizacji-przez-studentow-ism\/\">Read More&#8230;<\/a><\/p>\n","protected":false},"author":5665,"featured_media":0,"parent":0,"menu_order":17,"comment_status":"closed","ping_status":"closed","template":"","meta":{"_expiration-date-status":"","_expiration-date":0,"_expiration-date-type":"","_expiration-date-categories":[],"_expiration-date-options":[]},"acf":[],"_links":{"self":[{"href":"https:\/\/us.edu.pl\/kolegium\/ism\/wp-json\/wp\/v2\/pages\/594"}],"collection":[{"href":"https:\/\/us.edu.pl\/kolegium\/ism\/wp-json\/wp\/v2\/pages"}],"about":[{"href":"https:\/\/us.edu.pl\/kolegium\/ism\/wp-json\/wp\/v2\/types\/page"}],"author":[{"embeddable":true,"href":"https:\/\/us.edu.pl\/kolegium\/ism\/wp-json\/wp\/v2\/users\/5665"}],"replies":[{"embeddable":true,"href":"https:\/\/us.edu.pl\/kolegium\/ism\/wp-json\/wp\/v2\/comments?post=594"}],"version-history":[{"count":3,"href":"https:\/\/us.edu.pl\/kolegium\/ism\/wp-json\/wp\/v2\/pages\/594\/revisions"}],"predecessor-version":[{"id":3805,"href":"https:\/\/us.edu.pl\/kolegium\/ism\/wp-json\/wp\/v2\/pages\/594\/revisions\/3805"}],"wp:attachment":[{"href":"https:\/\/us.edu.pl\/kolegium\/ism\/wp-json\/wp\/v2\/media?parent=594"}],"curies":[{"name":"wp","href":"https:\/\/api.w.org\/{rel}","templated":true}]}}