{"id":90,"date":"2021-10-13T09:52:25","date_gmt":"2021-10-13T07:52:25","guid":{"rendered":"https:\/\/us.edu.pl\/kolegium\/ism\/?page_id=90"},"modified":"2026-01-14T11:29:19","modified_gmt":"2026-01-14T10:29:19","slug":"historia","status":"publish","type":"page","link":"https:\/\/us.edu.pl\/kolegium\/ism\/o-kolegium\/historia\/","title":{"rendered":"Historia"},"content":{"rendered":"<p>[vc_row el_class=&#8221;contaner&#8221;][vc_column]\r\n                <div class=\"text-modules\">\r\n                    <div class=\"container\">\r\n                        \r\n                        <div class=\"text-modules__content\"><p><strong><span style=\"font-size: 14pt;\">Kolegium ISM powsta\u0142o z po\u0142\u0105czenia i rozwini\u0119cia istniej\u0105cych wcze\u015bniej na Uniwersytecie \u015al\u0105skim jednostek prowadz\u0105cych kszta\u0142cenie interdyscyplinarne: Mi\u0119dzywydzia\u0142owych Indywidualnych Studi\u00f3w Humanistycznych (MISH) i Mi\u0119dzywydzia\u0142owych Indywidualnych Studi\u00f3w Matematyczno-Przyrodniczych.<\/span><\/strong><\/p>\n<p><span style=\"font-size: 14pt;\">MISH zosta\u0142 powo\u0142any decyzj\u0105 Senatu Uniwersytetu \u015al\u0105skiego w Katowicach 4 marca 1997 roku. Jego celem by\u0142o stworzenie nowoczesnych program\u00f3w kszta\u0142cenia, kt\u00f3re przygotowywa\u0142yby humanist\u00f3w do wyzwa\u0144 wsp\u00f3\u0142czesnego rynku pracy.<\/span><\/p>\n<p><span style=\"font-size: 14pt;\">W latach 1997\u20132014 w ramach MISH studenci mogli korzysta\u0107 z szerokiej oferty edukacyjnej r\u00f3\u017cnych wydzia\u0142\u00f3w:<\/span><\/p>\n<ul>\n<li><span style=\"font-size: 14pt;\">Wydzia\u0142 Filologiczny: filologia polska, filologia klasyczna, filologie obce, kulturoznawstwo, bibliotekoznawstwo, informacja naukowo-techniczna,<\/span><\/li>\n<li><span style=\"font-size: 14pt;\">Wydzia\u0142 Nauk Spo\u0142ecznych: filozofia, historia, socjologia, politologia,<\/span><\/li>\n<li><span style=\"font-size: 14pt;\">Wydzia\u0142 Pedagogiki i Psychologii: pedagogika, psychologia,<\/span><\/li>\n<li><span style=\"font-size: 14pt;\">Wydzia\u0142 Prawa i Administracji: prawo, administracja,<\/span><\/li>\n<li><span style=\"font-size: 14pt;\">Wydzia\u0142 Teologiczny: teologia.<\/span><\/li>\n<\/ul>\n<p><span style=\"font-size: 14pt;\">Studenci MISH mogli tak\u017ce uczestniczy\u0107 w zaj\u0119ciach na innych wydzia\u0142ach U\u015a, innych uczelniach oraz w Polskiej Akademii Nauk<\/span><span style=\"font-size: 14pt;\">, co zapewnia\u0142o im unikaln\u0105, wieloaspektow\u0105 edukacj\u0119.<\/span><\/p>\n<\/div>\r\n                    <\/div>\r\n                <\/div><div class=\"container\"><div class=\"separator\" style=\"background-color: #EBEBEB\"><\/div><\/div>\r\n                <div class=\"text-modules\">\r\n                    <div class=\"container\">\r\n                        \r\n                        <div class=\"text-modules__content\"><p><span style=\"font-size: 14pt;\"><strong>Dyrekcj\u0119 Mi\u0119dzywydzia\u0142owych Indywidualnych Studi\u00f3w Humanistycznych stanowili:<\/strong><\/span><\/p>\n<p><span style=\"font-size: 14pt;\">prof. U\u015a dr hab. Olga Woli\u0144ska &#8211; Dyrektor w latach 1997-2011<\/span><\/p>\n<p><span style=\"font-size: 14pt;\">prof. dr hab. Ryszard Kozio\u0142ek &#8211; Dyrektor w latach 2011-2014<\/span><\/p>\n<p><span style=\"font-size: 14pt;\">prof. dr hab. Wojciech \u015awi\u0105tkiewicz &#8211; Zast\u0119pca Dyrektora w latach 1997-2002<\/span><\/p>\n<p><span style=\"font-size: 14pt;\">prof. dr hab. Wojciech Kaute &#8211; Zast\u0119pca Dyrektora w latach 2002-2005<\/span><\/p>\n<p><span style=\"font-size: 14pt;\">dr hab. Zbigniew Oniszczuk &#8211; Zast\u0119pca Dyrektora w latach 2005-2012)<\/span><\/p>\n<p><span style=\"font-size: 14pt;\">dr hab. Tomasz Nawrocki &#8211; Zast\u0119pca Dyrektora w latach 2012-2014).<\/span><\/p>\n<p>&nbsp;<\/p>\n<p><span style=\"font-size: 14pt;\"><strong>Dyrekcj\u0119 Mi\u0119dzywydzia\u0142owych Indywidualnych Studi\u00f3w Matematyczno-Przyrodniczych stanowili:<\/strong><\/span><\/p>\n<p><span style=\"font-size: 14pt;\">prof. dr hab. Karol Ko\u0142odziej &#8211; Dyrektor w latach 1998-2014<\/span><\/p>\n<p><span style=\"font-size: 14pt;\">prof. dr hab. Les\u0142aw Teper &#8211; Zast\u0119pca Dyrektora w latach 1998-2014).<\/span><\/p>\n<\/div>\r\n                    <\/div>\r\n                <\/div><div class=\"container\"><div class=\"separator\" style=\"background-color: #EBEBEB\"><\/div><\/div>\r\n                <div class=\"text-modules\">\r\n                    <div class=\"container\">\r\n                        \r\n                        <div class=\"text-modules__content\"><p><span style=\"font-size: 14pt;\">21 stycznia 2014 r. Senat Uniwersytetu \u015al\u0105skiego w Katowicach pozytywnie zaopiniowa\u0142 utworzenie mi\u0119dzywydzia\u0142owej jednostki organizacyjnej pod nazw\u0105 Kolegium Indywidualnych Studi\u00f3w Mi\u0119dzyobszarowych Uniwersytetu \u015al\u0105skiego w Katowicach.<\/span><\/p>\n<p><span style=\"font-size: 14pt;\">Jak pisa\u0142 \u00f3wczesny Dyrektor Kolegium, prof. dr hab. Ryszard Kozio\u0142ek, \u201ew 2014 roku po\u0142\u0105czyli\u015bmy dzia\u0142aj\u0105ce w Uniwersytecie \u015al\u0105skim od 16 lat MISH <\/span><span style=\"font-size: 14pt;\">i MISM-P w jedno, czyli w Kolegium Indywidualnych Studi\u00f3w Mi\u0119dzyobszarowych. Podzia\u0142 na dwa wielkie obszary wiedzy: matematyczno-przyrodniczy <\/span><span style=\"font-size: 14pt;\">i humanistyczno-spo\u0142eczny wydawa\u0142 nam si\u0119 od pocz\u0105tku nieuzasadniony, sprzeczny z ide\u0105 uniwersytetu jako uniwersum wiedzy, wreszcie niezgodny <\/span><span style=\"font-size: 14pt;\">z natur\u0105 rzeczywisto\u015bci, kt\u00f3ra nie dzieli si\u0119 na cz\u0119\u015bci odpowiadaj\u0105ce fakultetom akademickim. Ale pow\u00f3d zasadniczy by\u0142 inny i wci\u0105\u017c ten sam, jaki przy\u015bwieca\u0142 powstaniu indywidualnych studi\u00f3w interdyscyplinarnych \u2013 chcieli\u015bmy kszta\u0142ci\u0107 student\u00f3w\u00a0<em>inaczej<\/em>.\u201d<\/span><\/p>\n<p><span style=\"font-size: 14pt;\">Obecnie misj\u0105 Kolegium Indywidualnych Studi\u00f3w Mi\u0119dzyobszarowych jest tworzenie przestrzeni, w\u202fkt\u00f3rej studenci nie tylko zdobywaj\u0105 wiedz\u0119, lecz do\u015bwiadczaj\u0105 jej sensu \u2013 ucz\u0105 si\u0119 rozumie\u0107 z\u0142o\u017cono\u015b\u0107 \u015bwiata, wsp\u00f3\u0142pracowa\u0107, zadawa\u0107 pytania i\u202fposzukiwa\u0107 odpowiedzi. Kolegium ISM to wsp\u00f3lnota oparta na szacunku, zaanga\u017cowaniu i\u202fambicji \u2013 miejsce, kt\u00f3re inspiruje i\u202fprzygotowuje do odpowiedzialnego dzia\u0142ania w\u202f\u017cyciu akademickim, spo\u0142ecznym i\u202fzawodowym.<\/span><\/p>\n<p><span style=\"font-size: 14pt;\">Od 2020 roku Kolegium ISM poszerzy\u0142o swoj\u0105 ofert\u0119 edukacyjn\u0105 o Indywidualne Studia Nauczycielskie, dedykowane osobom, kt\u00f3re marz\u0105 o pracy w zawodzie nauczyciela. Program ten umo\u017cliwia uzyskanie uprawnie\u0144 nauczycielskich w wybranym przedmiocie szkolnym oraz pedagogicznych w specjalno\u015bci opieku\u0144czo-wychowawczej i terapii pedagogicznej. Dzi\u0119ki temu studenci zyskuj\u0105 szerokie kompetencje w obszarze edukacji, a tak\u017ce szans\u0119 na tworzenie w\u0142asnych koncepcji dydaktycznych, kt\u00f3re \u0142\u0105cz\u0105 r\u00f3\u017cnorodne dziedziny. To doskona\u0142a okazja, by zbudowa\u0107 nowoczesne podej\u015bcie do nauczania i pracy w szkole, otwieraj\u0105c si\u0119 na innowacyjne metody nauczania i rozw\u00f3j osobisty w przestrzeni edukacyjnej.<\/span><\/p>\n<\/div>\r\n                    <\/div>\r\n                <\/div><div class=\"container\"><div class=\"separator\" style=\"background-color: #EBEBEB\"><\/div><\/div>\r\n                <div class=\"text-modules\">\r\n                    <div class=\"container\">\r\n                        \r\n                        <div class=\"text-modules__content\"><p><span style=\"font-size: 14pt;\"><strong>Dyrektorzy oraz zast\u0119pcy Kolegium Indywidualnych Studi\u00f3w Mi\u0119dzyobszarowych:<\/strong><\/span><\/p>\n<p><span style=\"font-size: 14pt;\">prof. dr hab. Ryszard Kozio\u0142ek &#8211; Dyrektor w latach 2014-2020<\/span><\/p>\n<p><span style=\"font-size: 14pt;\">prof. U\u015a dr hab. Edyta Skierka &#8211; Zast\u0119pca Dyrektora w latach 2018-2020, Dyrektor od 2020 roku<\/span><\/p>\n<p><span style=\"font-size: 14pt;\">prof. dr hab. Gra\u017cyna Che\u0142kowska &#8211; Zast\u0119pca Dyrektora w latach 2014-2018<\/span><\/p>\n<p><span style=\"font-size: 14pt;\">dr hab. Tomasz Nawrocki &#8211; Zast\u0119pca Dyrektora w latach 2014-2020<\/span><\/p>\n<p><span style=\"font-size: 14pt;\">prof. U\u015a dr hab. Grzegorz Olsza\u0144ski &#8211; Zast\u0119pca Dyrektora od 2020 roku<\/span><\/p>\n<p><span style=\"font-size: 14pt;\">prof. U\u015a dr hab. Maciej Fic &#8211; Dyrektor kierunku Indywidualne Studia Nauczycielskie od 2020 roku.<\/span><\/p>\n<\/div>\r\n                    <\/div>\r\n                <\/div>[\/vc_column][\/vc_row]<\/p>","protected":false},"excerpt":{"rendered":"<p>[vc_row el_class=&#8221;contaner&#8221;][vc_column][\/vc_column][\/vc_row] [&#8230;]<\/p>\n<p><a class=\"btn btn-secondary understrap-read-more-link\" href=\"https:\/\/us.edu.pl\/kolegium\/ism\/o-kolegium\/historia\/\">Read More&#8230;<\/a><\/p>\n","protected":false},"author":25,"featured_media":0,"parent":74,"menu_order":26,"comment_status":"closed","ping_status":"closed","template":"","meta":{"_expiration-date-status":"","_expiration-date":0,"_expiration-date-type":"","_expiration-date-categories":[],"_expiration-date-options":[]},"acf":[],"_links":{"self":[{"href":"https:\/\/us.edu.pl\/kolegium\/ism\/wp-json\/wp\/v2\/pages\/90"}],"collection":[{"href":"https:\/\/us.edu.pl\/kolegium\/ism\/wp-json\/wp\/v2\/pages"}],"about":[{"href":"https:\/\/us.edu.pl\/kolegium\/ism\/wp-json\/wp\/v2\/types\/page"}],"author":[{"embeddable":true,"href":"https:\/\/us.edu.pl\/kolegium\/ism\/wp-json\/wp\/v2\/users\/25"}],"replies":[{"embeddable":true,"href":"https:\/\/us.edu.pl\/kolegium\/ism\/wp-json\/wp\/v2\/comments?post=90"}],"version-history":[{"count":11,"href":"https:\/\/us.edu.pl\/kolegium\/ism\/wp-json\/wp\/v2\/pages\/90\/revisions"}],"predecessor-version":[{"id":4598,"href":"https:\/\/us.edu.pl\/kolegium\/ism\/wp-json\/wp\/v2\/pages\/90\/revisions\/4598"}],"up":[{"embeddable":true,"href":"https:\/\/us.edu.pl\/kolegium\/ism\/wp-json\/wp\/v2\/pages\/74"}],"wp:attachment":[{"href":"https:\/\/us.edu.pl\/kolegium\/ism\/wp-json\/wp\/v2\/media?parent=90"}],"curies":[{"name":"wp","href":"https:\/\/api.w.org\/{rel}","templated":true}]}}