{"id":92,"date":"2021-10-13T09:52:45","date_gmt":"2021-10-13T07:52:45","guid":{"rendered":"https:\/\/us.edu.pl\/kolegium\/ism\/?page_id=92"},"modified":"2026-01-14T11:38:29","modified_gmt":"2026-01-14T10:38:29","slug":"wladze-kolegium-ism","status":"publish","type":"page","link":"https:\/\/us.edu.pl\/kolegium\/ism\/o-kolegium\/wladze-kolegium-ism\/","title":{"rendered":"W\u0142adze Kolegium ISM"},"content":{"rendered":"<p>[vc_row][vc_column width=&#8221;1\/2&#8243;]\r\n                <div class=\"text-modules\">\r\n                    <div class=\"container\">\r\n                        \r\n                        <div class=\"text-modules__content\"><p><img class=\"wp-image-4105 size-large aligncenter\" src=\"https:\/\/us.edu.pl\/kolegium\/ism\/wp-content\/uploads\/sites\/67\/Bez-kategorii\/P2230021-759x1024.jpg\" alt=\"\" width=\"640\" height=\"863\" srcset=\"https:\/\/us.edu.pl\/kolegium\/ism\/wp-content\/uploads\/sites\/67\/Bez-kategorii\/P2230021-759x1024.jpg 759w, https:\/\/us.edu.pl\/kolegium\/ism\/wp-content\/uploads\/sites\/67\/Bez-kategorii\/P2230021-222x300.jpg 222w, https:\/\/us.edu.pl\/kolegium\/ism\/wp-content\/uploads\/sites\/67\/Bez-kategorii\/P2230021-768x1036.jpg 768w, https:\/\/us.edu.pl\/kolegium\/ism\/wp-content\/uploads\/sites\/67\/Bez-kategorii\/P2230021-1138x1536.jpg 1138w, https:\/\/us.edu.pl\/kolegium\/ism\/wp-content\/uploads\/sites\/67\/Bez-kategorii\/P2230021-1518x2048.jpg 1518w, https:\/\/us.edu.pl\/kolegium\/ism\/wp-content\/uploads\/sites\/67\/Bez-kategorii\/P2230021-426x575.jpg 426w, https:\/\/us.edu.pl\/kolegium\/ism\/wp-content\/uploads\/sites\/67\/Bez-kategorii\/P2230021-scaled.jpg 1897w\" sizes=\"(max-width: 640px) 100vw, 640px\" \/><\/p>\n<\/div>\r\n                    <\/div>\r\n                <\/div>[\/vc_column][vc_column width=&#8221;1\/2&#8243;]\r\n                <div class=\"text-modules\">\r\n                    <div class=\"container\">\r\n                        <h3 class=\"page-title text__title\">Dyrektor Kolegium ISM<\/h3>\r\n                        <div class=\"text-modules__content\"><p><span style=\"font-size: 14pt;\"><strong>Dr hab. Edyta Sierka, prof. U\u015a<\/strong> \u2013 biolog, specjalista ochrony \u015brodowiska w zakresie funkcjonowania novel ecosytems. Naukowo koncentruje si\u0119 na przemianach \u015brodowiska przyrodniczego spowodowanych dzia\u0142alno\u015bci\u0105 cz\u0142owieka (global changes), zwracaj\u0105c szczeg\u00f3ln\u0105 uwag\u0119 na minimalizacj\u0119 tych zmian. Jako modelowy obiekt bada\u0144 traktuje obiekty antropogeniczne, zw\u0142aszcza zbiorniki powsta\u0142e w wyniku osiadania terenu. W swojej pracy poszukuje wzorc\u00f3w odpowiedzi na czynniki stresu \u015brodowiskowego, badaj\u0105c rodzimych i obcych gatunk\u00f3w ro\u015blin polikormonalnych. Aktywnie propaguje ide\u0119 trwa\u0142ego rozwoju, podkre\u015blaj\u0105c znaczenie ochrony r\u00f3\u017cnorodno\u015bci biologicznej i funkcjonalnej ekosystem\u00f3w. Jest zwolennikiem wykorzystania biomasy ro\u015blin dzikorosn\u0105cych oraz odpad\u00f3w do produkcji energii.<\/span><\/p>\n<p><span style=\"font-size: 14pt;\">Jako ekspert w zakresie ocen oddzia\u0142ywania przedsi\u0119wzi\u0119\u0107 na \u015brodowisko (EIA), audytor wiod\u0105cy system\u00f3w zarz\u0105dzania jako\u015bci\u0105 (ISO 9001) i \u015brodowiskowego (ISO 14001), a tak\u017ce European Brownfield Manager, anga\u017cuje si\u0119 w wiele inicjatyw zwi\u0105zanych z ochron\u0105 \u015brodowiska. Dodatkowo, specjalizuje si\u0119 w ocenie jako\u015bci budynk\u00f3w przyjaznych \u015brodowisku zgodnie z wielokryterialnym systemem BREEM. W 2019 roku uzyska\u0142 certyfikat tutora I stopnia oraz tutora praktyka (nr certyf. STA-Z\/196\/I\/2017\/10).<\/span><\/p>\n<p><span style=\"font-size: 14pt;\">Pe\u0142ni funkcj\u0119 dyrektora Kolegium Indywidualnych Studi\u00f3w Mi\u0119dzyobszarowych Uniwersytetu \u015al\u0105skiego od wrze\u015bnia 2019 roku, a wcze\u015bniej by\u0142a zast\u0119pc\u0105 dyrektora tej jednostki od marca 2018 roku. Jako naukowiec, wsp\u00f3\u0142tworzy\u0142a i koordynowa\u0142a interdyscyplinarne kierunki studi\u00f3w na Uniwersytecie \u015al\u0105skim, w tym kierunki zwi\u0105zane z ochron\u0105 \u015brodowiska, administracj\u0105 \u015brodowiskow\u0105 oraz indywidualnymi studiami nauczycielskimi. Pe\u0142ni r\u00f3wnie\u017c funkcj\u0119 cz\u0142onka Rady Programowej Studi\u00f3w Doktoranckich Industrial Environmental Engineering w Technical University of Ostrava w Czechach.<\/span><\/p>\n<p><span style=\"font-size: 14pt;\">Aktywnie anga\u017cuje si\u0119 w dzia\u0142alno\u015b\u0107 naukow\u0105 i edukacyjn\u0105, b\u0119d\u0105c v-ce przewodnicz\u0105c\u0105 Komisji Ochrony \u015arodowiska i Gospodarki Odpadami PAN o\/Katowice oraz cz\u0142onkiem Komitetu Naukowego Centrum Energetyki Prosumenckiej Politechniki \u015al\u0105skiej. Wspiera r\u00f3wnie\u017c O\u015brodek Edukacji Ekologiczno-Geologicznej GEOsfera w Jaworznie. Od 25 lat popularyzuje zagadnienia zwi\u0105zane z funkcjonowaniem \u015brodowiska przyrodniczego i jego ochron\u0105.<\/span><\/p>\n<p><span style=\"font-size: 14pt;\">Jest admiratork\u0105 czeskiej filozofii \u017cycia, pasjonuje si\u0119 plantacjami lawendy i biografiami oraz pot\u0119g\u0105 przyrody. W pracy kieruje si\u0119 filozofi\u0105 Pierre\u2019a Curie: \u201e\u017bycie nale\u017cy uczyni\u0107 marzeniem, a marzenie rzeczywisto\u015bci\u0105\u201d.<\/span><\/p>\n<\/div>\r\n                    <\/div>\r\n                <\/div><div class=\"container\"><div class=\"separator\" style=\"background-color: #EBEBEB\"><\/div><\/div>[\/vc_column][\/vc_row][vc_row][vc_column width=&#8221;1\/2&#8243;]\r\n                <div class=\"text-modules\">\r\n                    <div class=\"container\">\r\n                        \r\n                        <div class=\"text-modules__content\"><p><img class=\"alignnone wp-image-218 size-full\" src=\"https:\/\/us.edu.pl\/kolegium\/ism\/wp-content\/uploads\/sites\/67\/Nieprzypisane\/Fotka-GO.jpg\" alt=\"\" width=\"700\" height=\"700\" srcset=\"https:\/\/us.edu.pl\/kolegium\/ism\/wp-content\/uploads\/sites\/67\/Nieprzypisane\/Fotka-GO.jpg 700w, https:\/\/us.edu.pl\/kolegium\/ism\/wp-content\/uploads\/sites\/67\/Nieprzypisane\/Fotka-GO-150x150.jpg 150w, https:\/\/us.edu.pl\/kolegium\/ism\/wp-content\/uploads\/sites\/67\/Nieprzypisane\/Fotka-GO-300x300.jpg 300w, https:\/\/us.edu.pl\/kolegium\/ism\/wp-content\/uploads\/sites\/67\/Nieprzypisane\/Fotka-GO-575x575.jpg 575w\" sizes=\"(max-width: 700px) 100vw, 700px\" \/><\/p>\n<\/div>\r\n                    <\/div>\r\n                <\/div><div class=\"container\"><div class=\"separator\" style=\"background-color: #EBEBEB\"><\/div><\/div>[\/vc_column][vc_column width=&#8221;1\/2&#8243;]\r\n                <div class=\"text-modules\">\r\n                    <div class=\"container\">\r\n                        <h3 class=\"page-title text__title\">Zast\u0119pca Dyrektora<\/h3>\r\n                        <div class=\"text-modules__content\"><p><span style=\"font-size: 14pt;\"><strong>Dr hab. Grzegorz Olsza\u0144ski, prof. U\u015a<\/strong> \u2013 historyk literatury, krytyk muzyczny. Autor ksi\u0105\u017cki po\u015bwi\u0119conej motywowi \u015bmierci w liryce Ewy Lipskiej (\u015amier\u0107 udomowiona. Katowice 2006), zbioru esej\u00f3w po\u015bwi\u0119conych literaturze (Apelacje. Szkice o literaturze i przygodach jej tw\u00f3rc\u00f3w, Miko\u0142\u00f3w 2012), monografii dotycz\u0105cej do\u015bwiadczenia staro\u015bci w literaturze (Wiek m\u0119ski: epopeja rozk\u0142adu. Studia o motywach senilnych w poezji polskiej po 1989 roku, Katowice 2017), wsp\u00f3\u0142autor ksi\u0105\u017cki Teoretycznie o muzyce (Cz\u0119stochowa 2020).<\/span><\/p>\n<p><span style=\"font-size: 14pt;\">Stypendysta tygodnika \u201ePolityka\u201d, laureat nagrody im. Kazimiery I\u0142\u0142akowicz\u00f3wny przyznawanej za najlepszy debiut roku.<\/span><\/p>\n<p><span style=\"font-size: 14pt;\">Zainteresowanie badawcze i nie: najnowsza poezja, relacje literatury z innymi mediami (muzyka, fotografia), sztuka pisania, jazda na rolkach. Poeta w stanie spoczynku.<\/span><\/p>\n<\/div>\r\n                    <\/div>\r\n                <\/div>[\/vc_column][\/vc_row][vc_row][vc_column width=&#8221;1\/2&#8243;]\r\n                <div class=\"text-modules\">\r\n                    <div class=\"container\">\r\n                        \r\n                        <div class=\"text-modules__content\"><p><img class=\"alignnone wp-image-227 size-large\" src=\"https:\/\/us.edu.pl\/kolegium\/ism\/wp-content\/uploads\/sites\/67\/Nieprzypisane\/Maciej-Fic-766x1024.jpg\" alt=\"maciej portret\" width=\"640\" height=\"856\" srcset=\"https:\/\/us.edu.pl\/kolegium\/ism\/wp-content\/uploads\/sites\/67\/Nieprzypisane\/Maciej-Fic-766x1024.jpg 766w, https:\/\/us.edu.pl\/kolegium\/ism\/wp-content\/uploads\/sites\/67\/Nieprzypisane\/Maciej-Fic-224x300.jpg 224w, https:\/\/us.edu.pl\/kolegium\/ism\/wp-content\/uploads\/sites\/67\/Nieprzypisane\/Maciej-Fic-768x1026.jpg 768w, https:\/\/us.edu.pl\/kolegium\/ism\/wp-content\/uploads\/sites\/67\/Nieprzypisane\/Maciej-Fic-430x575.jpg 430w, https:\/\/us.edu.pl\/kolegium\/ism\/wp-content\/uploads\/sites\/67\/Nieprzypisane\/Maciej-Fic.jpg 1165w\" sizes=\"(max-width: 640px) 100vw, 640px\" \/><\/p>\n<\/div>\r\n                    <\/div>\r\n                <\/div>[\/vc_column][vc_column width=&#8221;1\/2&#8243;]\r\n                <div class=\"text-modules\">\r\n                    <div class=\"container\">\r\n                        <h3 class=\"page-title text__title\">Dyrektor kierunku Indywidualne Studia Nauczycielskie<\/h3>\r\n                        <div class=\"text-modules__content\"><p><span style=\"font-size: 14pt;\"><strong>Prof. dr hab. Maciej Fic<\/strong> \u2013 dyrektor kierunku indywidualne studia nauczycielskie w Kolegium ISM U\u015a. Wchodzi w sk\u0142ad redakcji pism naukowych: \u201e\u015al\u0105ski Almanach Powsta\u0144czy\u201d i \u201eWieki Stare i Nowe\u201d. Jest autorem prac naukowych z historii XX w. (g\u0142\u00f3wnie na temat G\u00f3rnego \u015al\u0105ska) oraz dydaktyki historii i wiedzy o spo\u0142ecze\u0144stwie. Rzeczoznawca podr\u0119cznikowy przy MEiN, ekspert Kolegium Arbitra\u017cu Egzaminacyjnego przy CKE, prezes G\u00f3rno\u015bl\u0105skiego Towarzystwa Historycznego.<\/span><\/p>\n<p><span style=\"font-size: 14pt;\">Nale\u017cy m.in. do Komisji Dydaktyki Historii Komitetu Nauk Historycznych Polskiej Akademii Nauk, Komitetu G\u0142\u00f3wnego Olimpiady Historycznej Junior\u00f3w, Interdyscyplinarnego Centrum Bada\u0144 nad Edukacj\u0105 Humanistyczn\u0105 U\u015a oraz Zespo\u0142u ds. Kszta\u0142cenia Nauczycieli w U\u015a. Autor i wsp\u00f3\u0142autor podr\u0119cznika, zbior\u00f3w zada\u0144 i arkuszy maturalnych. By\u0142y nauczyciel w szko\u0142ach ponadpodstawowych, od ponad dw\u00f3ch dekad prowadzi zaj\u0119cia z nauczycielami i studentami przygotowuj\u0105cymi si\u0119 do wykonywania tego zawodu.<\/span><\/p>\n<p><span style=\"font-size: 14pt;\">Popularyzator wiedzy o regionie, wsp\u00f3\u0142autor m.in. internetowej platformy edukacji regionalnej \u201eEdu\u015b\u201d oraz wystawy sta\u0142ej pt. \u201e\u015awiat\u0142o historii. G\u00f3rny \u015al\u0105sk na przestrzeni dziej\u00f3w\u201d w Muzeum \u015al\u0105skim w Katowicach.<\/span><\/p>\n<p><span style=\"font-size: 14pt;\">Mi\u0142o\u015bnik koszyk\u00f3wki (przede wszystkim NBA) i muzyki rockowej (m.in. grup: The Cure, Happysad, Kult, Leningrad, Molotov, The Pixies, T\u0159i Sestry i Zebda). Urodzony w Zabrzu, mieszkaniec Mys\u0142owic.<\/span><\/p>\n<\/div>\r\n                    <\/div>\r\n                <\/div>[\/vc_column][\/vc_row]<\/p>","protected":false},"excerpt":{"rendered":"<p>[vc_row][vc_column width=&#8221;1\/2&#8243;][\/vc_column][vc_column width=&#8221;1\/2&#8243;][\/vc_column][\/vc_row][vc_row][vc_column width=&#8221;1\/2&#8243;][\/vc_column][vc_column width=&#8221;1\/2&#8243;][\/vc_column][\/vc_row][vc_row][vc_column width=&#8221;1\/2&#8243;][\/vc_column][vc_column width=&#8221;1\/2&#8243;][\/vc_column][\/vc_row] [&#8230;]<\/p>\n<p><a class=\"btn btn-secondary understrap-read-more-link\" href=\"https:\/\/us.edu.pl\/kolegium\/ism\/o-kolegium\/wladze-kolegium-ism\/\">Read More&#8230;<\/a><\/p>\n","protected":false},"author":25,"featured_media":0,"parent":74,"menu_order":27,"comment_status":"closed","ping_status":"closed","template":"","meta":{"_expiration-date-status":"","_expiration-date":0,"_expiration-date-type":"","_expiration-date-categories":[],"_expiration-date-options":[]},"acf":[],"_links":{"self":[{"href":"https:\/\/us.edu.pl\/kolegium\/ism\/wp-json\/wp\/v2\/pages\/92"}],"collection":[{"href":"https:\/\/us.edu.pl\/kolegium\/ism\/wp-json\/wp\/v2\/pages"}],"about":[{"href":"https:\/\/us.edu.pl\/kolegium\/ism\/wp-json\/wp\/v2\/types\/page"}],"author":[{"embeddable":true,"href":"https:\/\/us.edu.pl\/kolegium\/ism\/wp-json\/wp\/v2\/users\/25"}],"replies":[{"embeddable":true,"href":"https:\/\/us.edu.pl\/kolegium\/ism\/wp-json\/wp\/v2\/comments?post=92"}],"version-history":[{"count":11,"href":"https:\/\/us.edu.pl\/kolegium\/ism\/wp-json\/wp\/v2\/pages\/92\/revisions"}],"predecessor-version":[{"id":4599,"href":"https:\/\/us.edu.pl\/kolegium\/ism\/wp-json\/wp\/v2\/pages\/92\/revisions\/4599"}],"up":[{"embeddable":true,"href":"https:\/\/us.edu.pl\/kolegium\/ism\/wp-json\/wp\/v2\/pages\/74"}],"wp:attachment":[{"href":"https:\/\/us.edu.pl\/kolegium\/ism\/wp-json\/wp\/v2\/media?parent=92"}],"curies":[{"name":"wp","href":"https:\/\/api.w.org\/{rel}","templated":true}]}}