{"id":94,"date":"2021-10-13T09:53:15","date_gmt":"2021-10-13T07:53:15","guid":{"rendered":"https:\/\/us.edu.pl\/kolegium\/ism\/?page_id=94"},"modified":"2026-01-15T15:04:01","modified_gmt":"2026-01-15T14:04:01","slug":"sekretariat","status":"publish","type":"page","link":"https:\/\/us.edu.pl\/kolegium\/ism\/o-kolegium\/sekretariat\/","title":{"rendered":"Sekretariat"},"content":{"rendered":"<p>[vc_row el_class=&#8221;container&#8221;][vc_column]\r\n                <div class=\"text-modules\">\r\n                    <div class=\"container\">\r\n                        <h3 class=\"page-title text__title\">Sekretariat<\/h3>\r\n                        <div class=\"text-modules__content\"><p><strong>Anna Ku\u017aniak \/ kierownik<\/strong><\/p>\n<p>anna.kuzniak@us.edu.pl, ism@us.edu.pl, 32 359 13 05<\/p>\n<ul>\n<li>kontakt w sprawie oferty dydaktycznej Kolegium ISM (modu\u0142y ISM, problemy niejednorodne)<\/li>\n<li>wsp\u00f3\u0142prace mi\u0119dzywydzia\u0142owe, porozumienia i inne ustalenia prawno-organizacyjne<\/li>\n<li>kontakt w sprawach wymog\u00f3w kierunkowych dla student\u00f3w ISM<\/li>\n<li>zawieranie um\u00f3w, rozliczenia i pozosta\u0142e sprawy finansowe pracownik\u00f3w U\u015a i pracownik\u00f3w zewn\u0119trznych<\/li>\n<li>sprawy finansowe i dzia\u0142alno\u015b\u0107 naukowa student\u00f3w Kolegium<\/li>\n<li>ubezpieczenia student\u00f3w<\/li>\n<\/ul>\n<p>\n<\/div>\r\n                    <\/div>\r\n                <\/div>[\/vc_column][\/vc_row][vc_row el_class=&#8221;container&#8221;][vc_column]\r\n                <div class=\"text-modules\">\r\n                    <div class=\"container\">\r\n                        \r\n                        <div class=\"text-modules__content\"><p><strong>Marta Zaforemska \/ specjalista<\/strong><\/p>\n<p>marta.zaforemska@us.edu.pl, ism@us.edu.pl, 32 359 20 59<\/p>\n<ul>\n<li>bie\u017c\u0105ca obs\u0142uga spraw student\u00f3w ISM, prowadzenie akt osobowych<\/li>\n<li>obs\u0142uga USOS dla student\u00f3w ISM, rejestracje na zaj\u0119cia w USOS<\/li>\n<li>przygotowanie dokument\u00f3w student\u00f3w Kolegium ISM do obrony i po obronie<\/li>\n<li>funkcja koordynatora punkt\u00f3w ECTS dla program\u00f3w ISM<\/li>\n<li>stypendia student\u00f3w ISM<\/li>\n<\/ul>\n<p>\n<\/div>\r\n                    <\/div>\r\n                <\/div>[\/vc_column][\/vc_row][vc_row el_class=&#8221;container&#8221;][vc_column]\r\n                <div class=\"text-modules\">\r\n                    <div class=\"container\">\r\n                        \r\n                        <div class=\"text-modules__content\"><p><strong>Justyna Olesi\u0144ska \/ samodzielny referent<\/strong><\/p>\n<p>justyna.olesinska@us.edu.pl, 32 359 20 59<\/p>\n<ul>\n<li>koordynowanie studenckiej aktywno\u015bci pozadydaktycznej, naukowej, stypendialnej<\/li>\n<li>obs\u0142uga social media ISM oraz prowadzenie strony internetowej<\/li>\n<li>promocja ISM wewn\u0105trz Uniwersytetu<\/li>\n<li>organizacja wydarze\u0144<\/li>\n<\/ul>\n<p>\n<\/div>\r\n                    <\/div>\r\n                <\/div>[\/vc_column][\/vc_row]<\/p>","protected":false},"excerpt":{"rendered":"<p>[vc_row el_class=&#8221;container&#8221;][vc_column][\/vc_column][\/vc_row][vc_row el_class=&#8221;container&#8221;][vc_column][\/vc_column][\/vc_row][vc_row el_class=&#8221;container&#8221;][vc_column][\/vc_column][\/vc_row] [&#8230;]<\/p>\n<p><a class=\"btn btn-secondary understrap-read-more-link\" href=\"https:\/\/us.edu.pl\/kolegium\/ism\/o-kolegium\/sekretariat\/\">Read More&#8230;<\/a><\/p>\n","protected":false},"author":25,"featured_media":0,"parent":74,"menu_order":28,"comment_status":"closed","ping_status":"closed","template":"","meta":{"_expiration-date-status":"saved","_expiration-date":0,"_expiration-date-type":"","_expiration-date-categories":[],"_expiration-date-options":[]},"acf":[],"_links":{"self":[{"href":"https:\/\/us.edu.pl\/kolegium\/ism\/wp-json\/wp\/v2\/pages\/94"}],"collection":[{"href":"https:\/\/us.edu.pl\/kolegium\/ism\/wp-json\/wp\/v2\/pages"}],"about":[{"href":"https:\/\/us.edu.pl\/kolegium\/ism\/wp-json\/wp\/v2\/types\/page"}],"author":[{"embeddable":true,"href":"https:\/\/us.edu.pl\/kolegium\/ism\/wp-json\/wp\/v2\/users\/25"}],"replies":[{"embeddable":true,"href":"https:\/\/us.edu.pl\/kolegium\/ism\/wp-json\/wp\/v2\/comments?post=94"}],"version-history":[{"count":4,"href":"https:\/\/us.edu.pl\/kolegium\/ism\/wp-json\/wp\/v2\/pages\/94\/revisions"}],"predecessor-version":[{"id":4612,"href":"https:\/\/us.edu.pl\/kolegium\/ism\/wp-json\/wp\/v2\/pages\/94\/revisions\/4612"}],"up":[{"embeddable":true,"href":"https:\/\/us.edu.pl\/kolegium\/ism\/wp-json\/wp\/v2\/pages\/74"}],"wp:attachment":[{"href":"https:\/\/us.edu.pl\/kolegium\/ism\/wp-json\/wp\/v2\/media?parent=94"}],"curies":[{"name":"wp","href":"https:\/\/api.w.org\/{rel}","templated":true}]}}