{"id":96,"date":"2021-10-13T09:54:19","date_gmt":"2021-10-13T07:54:19","guid":{"rendered":"https:\/\/us.edu.pl\/kolegium\/ism\/?page_id=96"},"modified":"2026-01-14T11:42:48","modified_gmt":"2026-01-14T10:42:48","slug":"akty-prawne","status":"publish","type":"page","link":"https:\/\/us.edu.pl\/kolegium\/ism\/o-kolegium\/akty-prawne\/","title":{"rendered":"Akty prawne"},"content":{"rendered":"<p>[vc_row el_class=&#8221;container&#8221;][vc_column]\r\n                <div class=\"text-modules\">\r\n                    <div class=\"container\">\r\n                        <h3 class=\"page-title text__title\">Regulamin studi\u00f3w w Uniwersytecie \u015al\u0105skim w Katowicach oraz inne og\u00f3lnouniwersyteckie akty prawne:<\/h3>\r\n                        <div class=\"text-modules__content\"><p>Akty dost\u0119pne na:\u00a0<a href=\"https:\/\/us.edu.pl\/student\/studia\/najwazniejsze-akty-prawne\/?doing_wp_cron=1641895990.7408239841461181640625\">https:\/\/us.edu.pl\/student\/studia\/najwazniejsze-akty-prawne\/?doing_wp_cron=1641895990.7408239841461181640625<\/a><\/p>\n<\/div>\r\n                    <\/div>\r\n                <\/div><div class=\"container\"><div class=\"separator\" style=\"background-color: #EBEBEB\"><\/div><\/div>[\/vc_column][\/vc_row][vc_row el_class=&#8221;container&#8221;][vc_column]\r\n                <div class=\"text-modules\">\r\n                    <div class=\"container\">\r\n                        <h3 class=\"page-title text__title\">Regulamin studiowania w Kolegium ISM:<\/h3>\r\n                        <div class=\"text-modules__content\"><p><a href=\"https:\/\/us.edu.pl\/kolegium\/ism\/wp-content\/uploads\/sites\/67\/Nieprzypisane\/Regulamin-studiowania-w-Kolegium-ISM_dla-rozp.nauk\u0119-w-r.a.2021-2022.pdf\" class=\"mtli_attachment mtli_pdf\" data-mtli=\"mtli_filesize624,46kB\" class=\"mtli_attachment mtli_pdf\" data-mtli=\"mtli_filesize624,46kB\">Regulamin studiowania w Kolegium ISM obowi\u0105zuj\u0105cy od r.a. 2021\/2022<\/a><\/p>\n<p><a href=\"https:\/\/us.edu.pl\/kolegium\/ism\/wp-content\/uploads\/sites\/67\/Nieprzypisane\/Zasady-studiowania-w-Kolegium-ISM_dla-rozp.nauk\u0119-w-r.a.2020-2021.pdf\" class=\"mtli_attachment mtli_pdf\" data-mtli=\"mtli_filesize527,36kB\" class=\"mtli_attachment mtli_pdf\" data-mtli=\"mtli_filesize527,36kB\">Zasady studiowania w Kolegium ISM dla rozp. nauk\u0119 w r.a. 2020\/2021<\/a><\/p>\n<p><a href=\"https:\/\/us.edu.pl\/kolegium\/ism\/wp-content\/uploads\/sites\/67\/Nieprzypisane\/Zasady-studiowania-w-Kolegium-ISM_dla-rozp.nauk\u0119-przed-2020.pdf\" class=\"mtli_attachment mtli_pdf\" data-mtli=\"mtli_filesize285,02kB\" class=\"mtli_attachment mtli_pdf\" data-mtli=\"mtli_filesize285,02kB\">Zasady studiowania w Kolegium ISM dla rozp. nauk\u0119 przed r. 2020<\/a><\/p>\n<style type=\"text\/css\">a[data-mtli~=\"mtli_filesize624,46kB\"]:after {content:\" (624,46 kB)\"}a[data-mtli~=\"mtli_filesize527,36kB\"]:after {content:\" (527,36 kB)\"}a[data-mtli~=\"mtli_filesize285,02kB\"]:after {content:\" (285,02 kB)\"}<\/style><\/div>\r\n                    <\/div>\r\n                <\/div>[\/vc_column][\/vc_row]<\/p>\n<style type=\"text\/css\">a[data-mtli~=\"mtli_filesize624,46kB\"]:after {content:\" (624,46 kB)\"}a[data-mtli~=\"mtli_filesize527,36kB\"]:after {content:\" (527,36 kB)\"}a[data-mtli~=\"mtli_filesize285,02kB\"]:after {content:\" (285,02 kB)\"}<\/style>","protected":false},"excerpt":{"rendered":"<p>[vc_row el_class=&#8221;container&#8221;][vc_column][\/vc_column][\/vc_row][vc_row el_class=&#8221;container&#8221;][vc_column][\/vc_column][\/vc_row] [&#8230;]<\/p>\n<p><a class=\"btn btn-secondary understrap-read-more-link\" href=\"https:\/\/us.edu.pl\/kolegium\/ism\/o-kolegium\/akty-prawne\/\">Read More&#8230;<\/a><\/p>\n","protected":false},"author":25,"featured_media":0,"parent":74,"menu_order":31,"comment_status":"closed","ping_status":"closed","template":"","meta":{"_expiration-date-status":"","_expiration-date":0,"_expiration-date-type":"","_expiration-date-categories":[],"_expiration-date-options":[]},"acf":[],"_links":{"self":[{"href":"https:\/\/us.edu.pl\/kolegium\/ism\/wp-json\/wp\/v2\/pages\/96"}],"collection":[{"href":"https:\/\/us.edu.pl\/kolegium\/ism\/wp-json\/wp\/v2\/pages"}],"about":[{"href":"https:\/\/us.edu.pl\/kolegium\/ism\/wp-json\/wp\/v2\/types\/page"}],"author":[{"embeddable":true,"href":"https:\/\/us.edu.pl\/kolegium\/ism\/wp-json\/wp\/v2\/users\/25"}],"replies":[{"embeddable":true,"href":"https:\/\/us.edu.pl\/kolegium\/ism\/wp-json\/wp\/v2\/comments?post=96"}],"version-history":[{"count":7,"href":"https:\/\/us.edu.pl\/kolegium\/ism\/wp-json\/wp\/v2\/pages\/96\/revisions"}],"predecessor-version":[{"id":4601,"href":"https:\/\/us.edu.pl\/kolegium\/ism\/wp-json\/wp\/v2\/pages\/96\/revisions\/4601"}],"up":[{"embeddable":true,"href":"https:\/\/us.edu.pl\/kolegium\/ism\/wp-json\/wp\/v2\/pages\/74"}],"wp:attachment":[{"href":"https:\/\/us.edu.pl\/kolegium\/ism\/wp-json\/wp\/v2\/media?parent=96"}],"curies":[{"name":"wp","href":"https:\/\/api.w.org\/{rel}","templated":true}]}}