{"id":98,"date":"2021-10-13T09:55:02","date_gmt":"2021-10-13T07:55:02","guid":{"rendered":"https:\/\/us.edu.pl\/kolegium\/ism\/?page_id=98"},"modified":"2026-01-14T11:39:24","modified_gmt":"2026-01-14T10:39:24","slug":"rada-kolegium-ism","status":"publish","type":"page","link":"https:\/\/us.edu.pl\/kolegium\/ism\/o-kolegium\/rada-kolegium-ism\/","title":{"rendered":"Rada Kolegium ISM i wsp\u00f3\u0142praca z wydzia\u0142ami"},"content":{"rendered":"<p>[vc_row el_class=&#8221;container&#8221;][vc_column]\r\n                <div class=\"text-modules\">\r\n                    <div class=\"container\">\r\n                        <h3 class=\"page-title text__title\">Rada Kolegium Indywidualnych Studi\u00f3w Mi\u0119dzyobszarowych<\/h3>\r\n                        <div class=\"text-modules__content\"><p><span style=\"font-size: 14pt;\">Cz\u0142onkowie Rady Kolegium ISM na kadencj\u0119 na lata 2024-2028:<\/span><\/p>\n<p><span style=\"font-size: 14pt;\">prof. dr hab. Gra\u017cyna Che\u0142kowska<\/span><\/p>\n<p><span style=\"font-size: 14pt;\">dr hab. Anna Ka\u0142u\u017ca, prof. U\u015a<\/span><\/p>\n<p><span style=\"font-size: 14pt;\">dr Ilona Fajfer-Kruczek<\/span><\/p>\n<p><span style=\"font-size: 14pt;\">dr Katarzyna Forst<\/span><\/p>\n<p><span style=\"font-size: 14pt;\">dr hab. Tomasz Nawrocki, prof. U\u015a<\/span><\/p>\n<p><span style=\"font-size: 14pt;\">dr Wojciech Surmiak<\/span><\/p>\n<p><span style=\"font-size: 14pt;\">dr hab. Krzysztof Szopa, prof. U\u015a<\/span><\/p>\n<p><span style=\"font-size: 14pt;\">dr Urszula Torbus<\/span><\/p>\n<p><span style=\"font-size: 14pt;\">dr Monika \u017bak<\/span><\/p>\n<p><span style=\"font-size: 14pt;\">dr hab. Edyta Sierka, prof. U\u015a<\/span><\/p>\n<p><span style=\"font-size: 14pt;\">dr hab. Grzegorz Olsza\u0144ski, prof. U\u015a<\/span><\/p>\n<p><span style=\"font-size: 14pt;\">Przedstawiciel Samorz\u0105du Student\u00f3w KISM<\/span><\/p>\n<\/div>\r\n                    <\/div>\r\n                <\/div><div class=\"container\"><div class=\"separator\" style=\"background-color: #EBEBEB\"><\/div><\/div>[\/vc_column][\/vc_row][vc_row el_class=&#8221;container&#8221;][vc_column]\r\n                <div class=\"text-modules\">\r\n                    <div class=\"container\">\r\n                        <h3 class=\"page-title text__title\">Wymogi kierunkowe<\/h3>\r\n                        <div class=\"text-modules__content\"><p><span style=\"font-size: 14pt;\">Kolegium ISM wsp\u00f3\u0142pracuje r\u00f3wnie\u017c z wszystkimi dyrektorami kierunk\u00f3w, kt\u00f3re znajduj\u0105 si\u0119 w ofercie Kolegium w celu ustalania i weryfikowania <strong>wymog\u00f3w kierunkowych dla student\u00f3w ISM<\/strong>, kt\u00f3rzy wybrali dany kierunek jako kierunek dyplomowania. Zasady ustalania wymog\u00f3w kierunkowych s\u0105 ustalane na drodze konsultacji z Rad\u0105 Kolegium ISM. Od r.a.2021\/2022 wymogi s\u0105 publikowane w Karcie kierunku:<\/span><\/p>\n<p><span style=\"font-size: 14pt;\"><a href=\"https:\/\/informator.us.edu.pl\/jednostki\/\">https:\/\/informator.us.edu.pl\/jednostki\/<\/a><\/span><\/p>\n<p><span style=\"font-size: 14pt;\">Aby wy\u015bwietli\u0107 wymogi nale\u017cy wybra\u0107 kolejno: Nazwa Wydzia\u0142u \u2192 Kierunek, stopie\u0144 studi\u00f3w i cykl rozpocz\u0119cia studi\u00f3w (poprzez klikni\u0119cie w odpowiedni znak \u201eV\u201d \u2192 w menu po lewej wybra\u0107: wymogi kierunkowe (odpowiednio dla student\u00f3w ISM lub ISN) \u2192 wyb\u00f3r specjalno\u015bci (je\u015bli s\u0105)<\/span><\/p>\n<\/div>\r\n                    <\/div>\r\n                <\/div>[\/vc_column][\/vc_row]<\/p>","protected":false},"excerpt":{"rendered":"<p>[vc_row el_class=&#8221;container&#8221;][vc_column][\/vc_column][\/vc_row][vc_row el_class=&#8221;container&#8221;][vc_column][\/vc_column][\/vc_row] [&#8230;]<\/p>\n<p><a class=\"btn btn-secondary understrap-read-more-link\" href=\"https:\/\/us.edu.pl\/kolegium\/ism\/o-kolegium\/rada-kolegium-ism\/\">Read More&#8230;<\/a><\/p>\n","protected":false},"author":25,"featured_media":0,"parent":74,"menu_order":29,"comment_status":"closed","ping_status":"closed","template":"","meta":{"_expiration-date-status":"","_expiration-date":0,"_expiration-date-type":"","_expiration-date-categories":[],"_expiration-date-options":[]},"acf":[],"_links":{"self":[{"href":"https:\/\/us.edu.pl\/kolegium\/ism\/wp-json\/wp\/v2\/pages\/98"}],"collection":[{"href":"https:\/\/us.edu.pl\/kolegium\/ism\/wp-json\/wp\/v2\/pages"}],"about":[{"href":"https:\/\/us.edu.pl\/kolegium\/ism\/wp-json\/wp\/v2\/types\/page"}],"author":[{"embeddable":true,"href":"https:\/\/us.edu.pl\/kolegium\/ism\/wp-json\/wp\/v2\/users\/25"}],"replies":[{"embeddable":true,"href":"https:\/\/us.edu.pl\/kolegium\/ism\/wp-json\/wp\/v2\/comments?post=98"}],"version-history":[{"count":7,"href":"https:\/\/us.edu.pl\/kolegium\/ism\/wp-json\/wp\/v2\/pages\/98\/revisions"}],"predecessor-version":[{"id":4600,"href":"https:\/\/us.edu.pl\/kolegium\/ism\/wp-json\/wp\/v2\/pages\/98\/revisions\/4600"}],"up":[{"embeddable":true,"href":"https:\/\/us.edu.pl\/kolegium\/ism\/wp-json\/wp\/v2\/pages\/74"}],"wp:attachment":[{"href":"https:\/\/us.edu.pl\/kolegium\/ism\/wp-json\/wp\/v2\/media?parent=98"}],"curies":[{"name":"wp","href":"https:\/\/api.w.org\/{rel}","templated":true}]}}