{"id":382,"date":"2024-01-09T09:21:19","date_gmt":"2024-01-09T08:21:19","guid":{"rendered":"https:\/\/us.edu.pl\/kolegium\/kdo\/?page_id=382"},"modified":"2025-12-01T16:30:56","modified_gmt":"2025-12-01T15:30:56","slug":"zespol-ds-otwartych-modulow-uniwersyteckich-omu","status":"publish","type":"page","link":"https:\/\/us.edu.pl\/kolegium\/kdo\/en\/omu\/ood\/zespol-ds-otwartych-modulow-uniwersyteckich-omu\/","title":{"rendered":"(Polish) Zesp\u00f3\u0142 ds. Otwartych Modu\u0142\u00f3w Uniwersyteckich (OMU)"},"content":{"rendered":"<p class=\"qtranxs-available-languages-message qtranxs-available-languages-message-en\">Sorry, this entry is only available in <a href=\"https:\/\/us.edu.pl\/kolegium\/kdo\/pl\/wp-json\/wp\/v2\/pages\/382\" class=\"qtranxs-available-language-link qtranxs-available-language-link-pl\" title=\"Polish\">Polish<\/a>.<\/p>","protected":false},"excerpt":{"rendered":"<p>Sorry, this entry is only available in Polish. [&#8230;]<\/p>\n<p><a class=\"btn btn-secondary understrap-read-more-link\" href=\"https:\/\/us.edu.pl\/kolegium\/kdo\/en\/omu\/ood\/zespol-ds-otwartych-modulow-uniwersyteckich-omu\/\">Read More&#8230;<\/a><\/p>\n","protected":false},"author":3047,"featured_media":369,"parent":350,"menu_order":5,"comment_status":"closed","ping_status":"closed","template":"page-templates\/inner-page-with-bookmarks.php","meta":{"_expiration-date-status":"","_expiration-date":0,"_expiration-date-type":"","_expiration-date-categories":[],"_expiration-date-options":[]},"acf":[],"_links":{"self":[{"href":"https:\/\/us.edu.pl\/kolegium\/kdo\/en\/wp-json\/wp\/v2\/pages\/382"}],"collection":[{"href":"https:\/\/us.edu.pl\/kolegium\/kdo\/en\/wp-json\/wp\/v2\/pages"}],"about":[{"href":"https:\/\/us.edu.pl\/kolegium\/kdo\/en\/wp-json\/wp\/v2\/types\/page"}],"author":[{"embeddable":true,"href":"https:\/\/us.edu.pl\/kolegium\/kdo\/en\/wp-json\/wp\/v2\/users\/3047"}],"replies":[{"embeddable":true,"href":"https:\/\/us.edu.pl\/kolegium\/kdo\/en\/wp-json\/wp\/v2\/comments?post=382"}],"version-history":[{"count":4,"href":"https:\/\/us.edu.pl\/kolegium\/kdo\/en\/wp-json\/wp\/v2\/pages\/382\/revisions"}],"predecessor-version":[{"id":8688,"href":"https:\/\/us.edu.pl\/kolegium\/kdo\/en\/wp-json\/wp\/v2\/pages\/382\/revisions\/8688"}],"up":[{"embeddable":true,"href":"https:\/\/us.edu.pl\/kolegium\/kdo\/en\/wp-json\/wp\/v2\/pages\/350"}],"wp:featuredmedia":[{"embeddable":true,"href":"https:\/\/us.edu.pl\/kolegium\/kdo\/en\/wp-json\/wp\/v2\/media\/369"}],"wp:attachment":[{"href":"https:\/\/us.edu.pl\/kolegium\/kdo\/en\/wp-json\/wp\/v2\/media?parent=382"}],"curies":[{"name":"wp","href":"https:\/\/api.w.org\/{rel}","templated":true}]}}