{"id":134,"date":"2023-10-30T09:19:38","date_gmt":"2023-10-30T08:19:38","guid":{"rendered":"https:\/\/us.edu.pl\/kolegium\/kdo\/?page_id=134"},"modified":"2025-10-20T12:13:28","modified_gmt":"2025-10-20T10:13:28","slug":"kontakt","status":"publish","type":"page","link":"https:\/\/us.edu.pl\/kolegium\/kdo\/kontakt\/","title":{"rendered":"Kontakt z Kolegium"},"content":{"rendered":"<p>[vc_row el_class=&#8221;container&#8221;][vc_column][vc_column_text el_class=&#8221;container page-title&#8221;]<\/p>\n<h2><strong>Kontakt z Kolegium\u00a0<\/strong><\/h2>\n<p>[\/vc_column_text][vc_column_text el_class=&#8221;header-toolbar__link f1 container&#8221;]<\/p>\n<div class=\"bg-gray\" style=\"float: left; padding: 15px; margin: 2px;\"><a href=\"https:\/\/us.edu.pl\/kolegium\/kdo\/kontakt\/#kdo\">Kwestie zwi\u0105zane z Kolegium<\/a><\/div>\n<div class=\"bg-gray\" style=\"float: left; padding: 15px; margin: 2px;\"><a href=\"https:\/\/us.edu.pl\/kolegium\/kdo\/kontakt\/#mo\">Kwestie zwi\u0105zane z Modu\u0142ami Obszarowymi<\/a><\/div>\n<div><\/div>\n<div class=\"bg-gray\" style=\"float: left; padding: 15px; margin: 2px;\"><a href=\"https:\/\/us.edu.pl\/kolegium\/kdo\/kontakt\/#moduly\">Kwestie zwi\u0105zane z OMU i OOD<\/a><\/div>\n<div><\/div>\n<div class=\"bg-gray\" style=\"float: left; padding: 15px; margin: 2px;\"><a href=\"https:\/\/us.edu.pl\/kolegium\/kdo\/kontakt\/#ogolne\">Kwestie og\u00f3lne i administracyjne<\/a><\/div>\n<p>[\/vc_column_text]<div class=\"container\"><div class=\"separator\" style=\"background-color: #EBEBEB\"><\/div><\/div>[\/vc_column][\/vc_row][vc_row el_class=&#8221;container&#8221;][vc_column][vc_empty_space]\r\n                <div class=\"text-modules\">\r\n                    <div class=\"container\">\r\n                        \r\n                        <div class=\"text-modules__content\"><\/p>\n<h3 id=\"kdo\"><strong>Kwestie merytoryczne zwi\u0105zane z Kolegium Dydaktyki Og\u00f3lnouniwersyteckiej<\/strong><\/h3>\n<p>\n<\/div>\r\n                    <\/div>\r\n                <\/div>\r\n                <div class=\"text-modules\">\r\n                    <div class=\"container\">\r\n                        \r\n                        <div class=\"text-modules__content\"><p>dr Katarzyna Sujkowska, prof. U\u015a; dyrektorka: <a href=\"mailto:katarzyna.sujkowska@us.edu.pl\">katarzyna.sujkowska@us.edu.pl<\/a><\/p>\n<p>dr hab. Aleksandra Nadg\u00f3rska-Socha, prof. U\u015a; zast\u0119pczyni dyrektorki: <a href=\"mailto:aleksandra.nadgorska-socha@us.edu.pl\">aleksandra.nadgorska-socha@us.edu.pl<\/a><\/p>\n<p>dr Marta Margiel; koordynatorka Zespo\u0142u ds. Otwartych Modu\u0142\u00f3w Uniwersyteckich: <a href=\"mailto:marta.margiel@us.edu.pl\">marta.margiel@us.edu.pl<\/a><\/p>\n<p>dr Katarzyna Balin, prof. U\u015a, zast\u0119pczyni koordynatorki Zespo\u0142u ds. Otwartych Modu\u0142\u00f3w Uniwersyteckich: <a href=\"mailto:katarzyna.balin@us.edu.pl\">katarzyna.balin@us.edu.pl<\/a><\/p>\n<p>dr hab. Jolanta Skutnik, prof. U\u015a; koordynatorka Zespo\u0142u ds. kszta\u0142cenia nauczycieli w Uniwersytecie \u015al\u0105skim w Katowicach: <a href=\"mailto:jolanta.skutnik@us.edu.pl\">jolanta.skutnik@us.edu.pl<\/a><\/p>\n<p>dr Anna Szczerba-Zubek, prof. U\u015a; zast\u0119pczyni koordynatorki Zespo\u0142u ds. kszta\u0142cenia nauczycieli: <a href=\"mailto:anna.szczerba-zubek@us.edu.pl\">anna.szczerba-zubek@us.edu.pl<\/a><\/p>\n<\/div>\r\n                    <\/div>\r\n                <\/div>[vc_empty_space]\r\n                <div class=\"text-modules\">\r\n                    <div class=\"container\">\r\n                        \r\n                        <div class=\"text-modules__content\"><\/p>\n<h3><span style=\"font-family: verdana, geneva, sans-serif;\"><strong><a id=\"mo\"><\/a>Kwestie merytoryczne zwi\u0105zane z Modu\u0142ami Obszarowymi<\/strong><\/span><\/h3>\n<p>&nbsp;<\/p>\n<p><strong>Lider obszaru Cyfrowy \u015bwiat:<\/strong><br \/>\nprof. dr hab. Micha\u0142 Baczy\u0144ski (Wydzia\u0142 Nauk \u015acis\u0142ych i Technicznych): <a href=\"mailto:michal.baczynski@us.edu.pl\">michal.baczynski@us.edu.pl<\/a><br \/>\n<strong>Koordynatorzy modu\u0142\u00f3w:<\/strong><br \/>\n\u2022 dr hab. Agnieszka Nowak-Brzezi\u0144ska prof. U\u015a, e-mail: <a href=\"mailto:agnieszka.nowak-brzezinska@us.edu.pl\">agnieszka.nowak-brzezinska@us.edu.pl<\/a> \u2013 modu\u0142 obszarowy: Sztuczna inteligencja<br \/>\n\u2022 prof. dr hab. Micha\u0142 Baczy\u0144ski, e-mail: <a href=\"mailto:michal.baczynski@us.edu.pl\">michal.baczynski@us.edu.pl<\/a> \u2013 modu\u0142 obszarowy: Analiza danych: metody i narz\u0119dzia<br \/>\n\u2022 dr in\u017c. Roman Simi\u0144ski, prof. U\u015a, e-mail: <a href=\"mailto:roman.siminski@us.edu.pl\">roman.siminski@us.edu.pl<\/a> &#8211; modu\u0142 obszarowy: Wprowadzenie do programowania<br \/>\n\u2022 dr hab. Micha\u0142 K\u0142osi\u0144ski, prof. U\u015a, e-mail: <a href=\"mailto:michal.klosinski@us.edu.pl\">michal.klosinski@us.edu.pl<\/a> &#8211; modu\u0142 obszarowy: Tworzenie cyfrowych \u015bwiat\u00f3w<\/p>\n<p><strong>Liderka obszaru: Granice nauki:<\/strong><br \/>\ndr Magdalena Wo\u0142ek (Wydzia\u0142 Humanistyczny): <a href=\"mailto:magdalena.wolek@us.edu.pl\">magdalena.wolek@us.edu.pl<\/a><br \/>\n<strong>Koordynatorzy modu\u0142\u00f3w:<\/strong><br \/>\n\u2022 dr hab. Dariusz B\u0119ben, prof. U\u015a, e-mail: <a href=\"mailto:dariusz.beben@us.edu.pl\">dariusz.beben@us.edu.pl <\/a>\u2013 modu\u0142 obszarowy: Nauka i pseudonauka<br \/>\n\u2022 dr Magdalena Wo\u0142ek, e-mail: <a href=\"mailto:magdalena.wolek@us.edu.pl\">magdalena.wolek@us.edu.pl<\/a> \u2013 modu\u0142 obszarowy: Nauka i sztuka<br \/>\n\u2022 dr hab. Agnieszka N\u0119cka-Czapska, prof. U\u015a, e-mail: <a href=\"mailto:agnieszka.necka@us.edu.pl\">agnieszka.necka@us.edu.pl<\/a> \u2013 modu\u0142 obszarowy: Zrozumie\u0107 Noblist\u00f3w<\/p>\n<p><strong>Liderka obszaru Ekspresja tw\u00f3rcza i krytyczne my\u015blenie:<\/strong><br \/>\ndr hab. Joanna Wowrzeczka (Wydzia\u0142 Sztuki i Nauk o Edukacji) : <a href=\"mailto:joanna.wowrzeczka@us.edu.pl\">joanna.wowrzeczka@us.edu.pl<\/a><br \/>\n<strong>Koordynatorzy modu\u0142\u00f3w:<\/strong><br \/>\n\u2022 dr hab. Joanna Wowrzeczka, e-mail: <a href=\"mailto:joanna.wowrzeczka@us.edu.pl\">joanna.wowrzeczka@us.edu.pl<\/a> \u2013 modu\u0142 obszarowy: Wyj\u015bcie z komfortocenu<br \/>\n\u2022 dr Szymon Maku\u0142a, e-mail: <a href=\"mailto:szymon.makula@us.edu.pl\">szymon.makula@us.edu.pl<\/a> \u2013 modu\u0142 obszarowy: Sztuka krytycznego my\u015blenia<br \/>\n\u2022 dr Beata Duda, e-mail: <a href=\"mailto:beata.duda@us.edu.pl\">beata.duda@us.edu.pl<\/a> \u2013 modu\u0142 obszarowy: Argumentacja i perswazja<\/p>\n<p><strong>Liderka obszaru \u015arodowisko naturalne i technologie:<\/strong><br \/>\nprof. dr hab. Zofia Piotrowska-Seget (Wydzia\u0142 Nauk Przyrodniczych): <a href=\"mailto:zofia.piotrowska-seget@us.edu.pl\">zofia.piotrowska-seget@us.edu.pl<\/a><br \/>\n<strong>Koordynatorzy modu\u0142\u00f3w:<\/strong><br \/>\n\u2022 dr hab. S\u0142awomir Pytel, prof. U\u015a, e-mail: <a href=\"mailto:slawomir.pytel@us.edu.pl\">slawomir.pytel@us.edu.pl<\/a> \u2013 modu\u0142 obszarowy: Katastrofalne \u017cywio\u0142y<br \/>\n\u2022 dr hab. Aneta S\u0142odek, prof. U\u015a, e-mail: <a href=\"mailto:aneta.slodek@us.edu.pl\">aneta.slodek@us.edu.pl<\/a> \u2013 modu\u0142 obszarowy: Zielone technologie<br \/>\n\u2022 prof. dr hab. Zofia Piotrowska-Seget (Wydzia\u0142 Nauk Przyrodniczych): <a href=\"mailto:zofia.piotrowska-seget@us.edu.pl\">zofia.piotrowska-seget@us.edu.pl<\/a> &#8211; Zr\u00f3wnowa\u017cony rozw\u00f3j<\/p>\n<p><strong>Lider obszaru Spo\u0142ecze\u0144stwo obywatelskie i przedsi\u0119biorczo\u015b\u0107:<\/strong><br \/>\ndr hab. Mariusz Jagielski, prof. U\u015a (Wydzia\u0142 Prawa i Administracji): <a href=\"mailto:mariusz.jagielski@us.edu.pl\">mariusz.jagielski@us.edu.pl<\/a><br \/>\n<strong>Koordynatorzy modu\u0142\u00f3w:<\/strong><br \/>\n\u2022 mgr Jacek Nowak, e-mail: <a href=\"mailto:jacek.nowak@us.edu.pl\">jacek.nowak@us.edu.pl <\/a>\u2013 modu\u0142 obszarowy: Przedsi\u0119biorczo\u015b\u0107<br \/>\n\u2022 dr Mateusz Zeifert, prof. U\u015a, e-mail: <a href=\"mailto:mateusz.zeifert@us.edu.pl\">mateusz.zeifert@us.edu.pl<\/a> \u2013 modu\u0142 obszarowy: Vademecum prawa<br \/>\n\u2022 dr Jolanta Klimczak, e-mail: <a href=\"mailto:jolanta.klimczak@us.edu.pl\">jolanta.klimczak@us.edu.pl<\/a> &#8211; modu\u0142 obszarowy: Partycypacja spo\u0142eczna w praktyce<\/p>\n<p><strong>Liderka obszaru zdrowie i rozw\u00f3j osobisty:<\/strong><br \/>\ndr hab. El\u017cbieta Turska, prof. U\u015a (Wydzia\u0142 Nauk Spo\u0142ecznych): <a href=\"mailto:elzbieta.turska@us.edu.pl\">elzbieta.turska@us.edu.pl<\/a><br \/>\n<strong>Koordynatorzy modu\u0142\u00f3w:<\/strong><br \/>\n\u2022 dr Magdalena Sitko-Dominik, e-mail: <a href=\"mailto:magdalena.sitko-dominik@us.edu.pl\">magdalena.sitko-dominik@us.edu.pl <\/a>\u2013 modu\u0142 obszarowy: Rozw\u00f3j osobisty<br \/>\n\u2022 dr Monika Tarnawska, e-mail: <a href=\"mailto:monika.tarnawska@us.edu.pl\">monika.tarnawska@us.edu.pl<\/a> \u2013 modu\u0142 obszarowy: Styl \u017cycia a zdrowie cz\u0142owieka<br \/>\n\u2022 dr hab. El\u017cbieta Turska, prof. U\u015a, e-mail: <a href=\"mailto:elzbieta.turska@us.edu.pl\">elzbieta.turska@us.edu.pl <\/a>\u2013 modu\u0142 obszarowy: Zarz\u0105dzanie sob\u0105<\/p>\n<\/div>\r\n                    <\/div>\r\n                <\/div>[vc_empty_space]\r\n                <div class=\"text-modules\">\r\n                    <div class=\"container\">\r\n                        \r\n                        <div class=\"text-modules__content\"><\/p>\n<h3 id=\"moduly\"><strong>Kwestie merytoryczne zwi\u0105zane z OMU i OOD:<\/strong><\/h3>\n<p>&nbsp;<\/p>\n<p>Wydzia\u0142u Nauk Przyrodniczych:<br \/>\ndr hab. Agnieszka Babczy\u0144ska, prof. U\u015a: <a href=\"mailto:agnieszka.babczynska@us.edu.pl\">agnieszka.babczynska@us.edu.pl<\/a><\/p>\n<p>Wydzia\u0142u Nauk Spo\u0142ecznych oraz Szko\u0142y Filmowej im. Krzysztofa Kie\u015blowskiego:<br \/>\ndr Bernard Grzonka, prof. U\u015a: <a href=\"mailto:bernard.grzonka@us.edu.pl\">bernard.grzonka@us.edu.pl<\/a><\/p>\n<p>Wydzia\u0142u Prawa i Administracji:<br \/>\ndr hab. Witold Kurowski, prof. U\u015a: <a href=\"mailto:witold.kurowski@us.edu.pl\">witold.kurowski@us.edu.pl<\/a><\/p>\n<p>Wydzia\u0142u Humanistycznego (Katowice) oraz Szko\u0142y J\u0119zyka i Kultury Polskiej:<br \/>\ndr Marta Margiel:\u00a0 <a href=\"mailto:marta.margiel@us.edu.pl\">marta.margiel@us.edu.pl<\/a><\/p>\n<p>Wydzia\u0142u Sztuki i Nauk o Edukacji oraz Wydzia\u0142u Teologicznego:<br \/>\ndr hab. Jolanta Skutnik, prof. U\u015a: <a href=\"mailto:jolanta.skutnik@us.edu.pl\">jolanta.skutnik@us.edu.pl<\/a><\/p>\n<p>Wydzia\u0142u Humanistycznego (Sosnowiec):<br \/>\ndr Katarzyna Sujkowska, prof. U\u015a: <a href=\"mailto:katarzyna.sujkowska-sobisz@us.edu.pl\">katarzyna.sujkowska@us.edu.pl<\/a><\/p>\n<p>Wydzia\u0142u Nauk \u015acis\u0142ych i Technicznych oraz kolegi\u00f3w i jednostek pozawydzia\u0142owych: Centrum Wychowania Fizycznego i Sportu, Studium Praktycznej Nauki J\u0119zyk\u00f3w Obcych, Studium Intensywnej Nauki J\u0119zyka Angielskiego oraz Centrum J\u0119zyka i Kultury Chi\u0144skiej:<br \/>\ndr Anna Szczerba-Zubek, prof. U\u015a: <a href=\"mailto:anna.szczerba-zubek@us.edu.pl\">anna.szczerba-zubek@us.edu.pl<\/a><\/p>\n<\/div>\r\n                    <\/div>\r\n                <\/div>[vc_empty_space]\r\n                <div class=\"text-modules\">\r\n                    <div class=\"container\">\r\n                        \r\n                        <div class=\"text-modules__content\"><\/p>\n<h3 id=\"ogolne\"><strong>Kwestie og\u00f3lne i administracyjne<\/strong><\/h3>\n<p>\n<\/div>\r\n                    <\/div>\r\n                <\/div>\r\n                <div class=\"text-modules\">\r\n                    <div class=\"container\">\r\n                        \r\n                        <div class=\"text-modules__content\"><p>mgr Ma\u0142gorzata Barglik (Modu\u0142y Obszarowe)<br \/>\ntel. 32 359 1597<br \/>\ne-mail: <a href=\"mailto:kdo.biuro@us.edu.pl\">kdo.biuro@us.edu.pl<\/a><\/p>\n<p>mgr Ewa Kalisz (Modu\u0142y Obszarowe)<br \/>\ntel. 32 359 1597<br \/>\ne-mail: <a href=\"mailto:kdo.biuro@us.edu.pl\">kdo.biuro@us.edu.pl<\/a><\/p>\n<p>mgr Karol Sikora\u00a0 (OMU i OOD)<br \/>\ntel. 32 359 16 33<br \/>\ne-mail: <a href=\"mailto:omu@us.edu.pl\">omu@us.edu.pl<\/a>; <a href=\"mailto:ood@us.edu.pl\">ood@us.edu.pl<\/a><\/p>\n<p>mgr Zuzanna Foltak\u00a0 (OMU i OOD)<br \/>\ntel. 32 359 23 76<br \/>\ne-mail: \u00a0<a href=\"mailto:omu@us.edu.pl\">omu@us.edu.pl<\/a>; <a href=\"mailto:ood@us.edu.pl\">ood@us.edu.pl<\/a><\/p>\n<p>mgr Przemys\u0142aw Grzonka, kierownik Dzia\u0142u Jako\u015bci i Analiz Strategicznych<br \/>\ntel. 32 359 1617<\/p>\n<p>mgr Urszula Miemiec, kierownik Dzia\u0142u Kszta\u0142cenia<br \/>\ntel. 32 359 16 22<\/p>\n<\/div>\r\n                    <\/div>\r\n                <\/div>[\/vc_column][\/vc_row]<\/p>","protected":false},"excerpt":{"rendered":"<p>[vc_row el_class=&#8221;container&#8221;][vc_column][vc_column_text el_class=&#8221;container page-title&#8221;] Kontakt z Kolegium\u00a0 [\/vc_column_text][vc_column_text el_class=&#8221;header-toolbar__link f1 container&#8221;] Kwestie zwi\u0105zane z Kolegium Kwestie zwi\u0105zane z Modu\u0142ami Obszarowymi Kwestie zwi\u0105zane z OMU i OOD Kwestie og\u00f3lne i administracyjne [\/vc_column_text][\/vc_column][\/vc_row][vc_row el_class=&#8221;container&#8221;][vc_column][vc_empty_space][vc_empty_space][vc_empty_space][vc_empty_space][\/vc_column][\/vc_row] [&#8230;]<\/p>\n<p><a class=\"btn btn-secondary understrap-read-more-link\" href=\"https:\/\/us.edu.pl\/kolegium\/kdo\/kontakt\/\">Read More&#8230;<\/a><\/p>\n","protected":false},"author":2887,"featured_media":202,"parent":0,"menu_order":0,"comment_status":"closed","ping_status":"closed","template":"","meta":{"_expiration-date-status":"","_expiration-date":0,"_expiration-date-type":"","_expiration-date-categories":[],"_expiration-date-options":[]},"acf":[],"_links":{"self":[{"href":"https:\/\/us.edu.pl\/kolegium\/kdo\/wp-json\/wp\/v2\/pages\/134"}],"collection":[{"href":"https:\/\/us.edu.pl\/kolegium\/kdo\/wp-json\/wp\/v2\/pages"}],"about":[{"href":"https:\/\/us.edu.pl\/kolegium\/kdo\/wp-json\/wp\/v2\/types\/page"}],"author":[{"embeddable":true,"href":"https:\/\/us.edu.pl\/kolegium\/kdo\/wp-json\/wp\/v2\/users\/2887"}],"replies":[{"embeddable":true,"href":"https:\/\/us.edu.pl\/kolegium\/kdo\/wp-json\/wp\/v2\/comments?post=134"}],"version-history":[{"count":12,"href":"https:\/\/us.edu.pl\/kolegium\/kdo\/wp-json\/wp\/v2\/pages\/134\/revisions"}],"predecessor-version":[{"id":8431,"href":"https:\/\/us.edu.pl\/kolegium\/kdo\/wp-json\/wp\/v2\/pages\/134\/revisions\/8431"}],"wp:featuredmedia":[{"embeddable":true,"href":"https:\/\/us.edu.pl\/kolegium\/kdo\/wp-json\/wp\/v2\/media\/202"}],"wp:attachment":[{"href":"https:\/\/us.edu.pl\/kolegium\/kdo\/wp-json\/wp\/v2\/media?parent=134"}],"curies":[{"name":"wp","href":"https:\/\/api.w.org\/{rel}","templated":true}]}}