{"id":1659,"date":"2024-09-18T15:33:33","date_gmt":"2024-09-18T13:33:33","guid":{"rendered":"https:\/\/us.edu.pl\/kolegium\/kdo\/?page_id=1659"},"modified":"2026-05-06T12:01:22","modified_gmt":"2026-05-06T10:01:22","slug":"koordynatorzy-modulow","status":"publish","type":"page","link":"https:\/\/us.edu.pl\/kolegium\/kdo\/ksztalcenie-obszarowe\/koordynatorzy-modulow\/","title":{"rendered":"Koordynatorzy modu\u0142\u00f3w"},"content":{"rendered":"<p>[vc_row el_class=&#8221;container&#8221;][vc_column]\r\n                <div class=\"text-modules \">\r\n                    <div class=\"container\">\r\n                        <h3 class=\"section-title section-title_border-bottom\">Koordynatorzy modu\u0142\u00f3w obszarowych w roku akademickim 2025-2026<\/h3> \r\n                        <div class=\"row m-0\">\r\n                            <div class=\"text-modules__content\">\r\n                                <\/p>\n<ul>\n<li><span style=\"font-size: 12pt;\">dr hab. Agnieszka Nowak-Brzezi\u0144ska prof. U\u015a, e-mail: <a href=\"mailto:agnieszka.nowak-brzezinska@us.edu.pl\">agnieszka.nowak-brzezinska@us.edu.pl<\/a> \u2013 modu\u0142 obszarowy: Sztuczna inteligencja<\/span><\/li>\n<li><span style=\"font-size: 12pt;\">prof. dr hab. Micha\u0142 Baczy\u0144ski, e-mail: <a href=\"mailto:michal.baczynski@us.edu.pl\">michal.baczynski@us.edu.pl<\/a>\u00a0\u2013 modu\u0142 obszarowy: Analiza danych: metody i narz\u0119dzia<\/span><\/li>\n<li><span style=\"font-size: 12pt;\">dr hab. Micha\u0142 K\u0142osi\u0144ski, prof. U\u015a, e-mail: <a href=\"mailto:michal.klosinski@us.edu.pl\">michal.klosinski@us.edu.pl<\/a> &#8211; modu\u0142 obszarowy: Tworzenie cyfrowych \u015bwiat\u00f3w<\/span><\/li>\n<li><span style=\"font-size: 12pt;\">dr Roman Simi\u0144ski, prof. U\u015a, e-mail: <a href=\"mailto:roman.siminski@us.edu.pl\">roman.siminski@us.edu.pl<\/a> &#8211; modu\u0142 obszarowy: Wprowadzenie do projektowania<\/span><\/li>\n<li><span style=\"font-size: 12pt;\">dr Joanna Mercik, e-mail: <a href=\"mailto:joanna.mercik@us.edu.pl\">joanna.mercik@us.edu.pl<\/a> &#8211; modu\u0142 obszarowy: Narz\u0119dzia generatywnej AI w praktyce<\/span><\/li>\n<li><span style=\"font-size: 12pt;\">dr hab. Joanna Wowrzeczka, e-mail:\u00a0<a href=\"mailto:joanna.wowrzeczka@us.edu.pl\">joanna.wowrzeczka@us.edu.pl<\/a>\u00a0\u2013 modu\u0142 obszarowy:\u00a0Wyj\u015bcie z komfortocenu<\/span><\/li>\n<li><span style=\"font-size: 12pt;\">dr Szymon Maku\u0142a, e-mail:\u00a0<a href=\"mailto:szymon.makula@us.edu.pl\">szymon.makula@us.edu.pl<\/a> \u2013 modu\u0142 obszarowy: Sztuka krytycznego my\u015blenia<\/span><\/li>\n<li><span style=\"font-size: 12pt;\">dr Beata Duda, e-mail: <a href=\"mailto:beata.duda@us.edu.pl\">beata.duda@us.edu.pl<\/a> &#8211; modu\u0142 obszarowy: Argumentacja i perswazja,<\/span><\/li>\n<li><span style=\"font-size: 12pt;\">dr Piotr Gorli\u0144ski-Kucik, e-mail: <a href=\"mailto:piotr.gorlinski-kucik@us.edu.pl\">piotr.gorlinski-kucik@us.edu.pl<\/a> &#8211; modu\u0142 obszarowy: Sztuka czytania<\/span><\/li>\n<li><span style=\"font-size: 12pt;\">dr Magdalena Wo\u0142ek, e-mail: <a href=\"mailto:magdalena.wolek@us.edu.pl\">magdalena.wolek@us.edu.pl<\/a> \u2013 modu\u0142 obszarowy: Nauka i sztuka<\/span><\/li>\n<li><span style=\"font-size: 12pt;\">dr hab. Agnieszka N\u0119cka-Czapska, prof. U\u015a, e-mail: <a href=\"mailto:agnieszka.necka@us.edu.pl\">agnieszka.necka@us.edu.pl\u00a0<\/a>\u2013 modu\u0142 obszarowy:\u00a0Zrozumie\u0107 Noblist\u00f3w<\/span><\/li>\n<li><span style=\"font-size: 12pt;\">dr hab. Dariusz B\u0119ben, prof. U\u015a, e-mail: <a href=\"mailto:dariusz.beben@us.edu.pl\">dariusz.beben@us.edu.pl<\/a> &#8211; modu\u0142 obszarowy: Nauka i pseudonauka<\/span><\/li>\n<li><span style=\"font-size: 12pt;\">prof. dr hab. Armand Cholewka, e-mail: <a href=\"mailto:armand.cholewka@us.edu.pl\">armand.cholewka@us.edu.pl<\/a> &#8211; modu\u0142 obszarowy: Zdiagnozuj i wylecz &#8211; najnowsza technologia w s\u0142u\u017cbie zdrowia<\/span><\/li>\n<li><span style=\"font-size: 12pt;\">dr hab. El\u017cbieta Turska, prof. U\u015a, e-mail: <a href=\"mailto:elzbieta.turska@us.edu.pl\">elzbieta.turska@us.edu.pl<\/a> \u2013 modu\u0142 obszarowy: Zarz\u0105dzanie sob\u0105<\/span><\/li>\n<li><span style=\"font-size: 12pt;\">dr Magdalena Sitko-Dominik, e-mail: <a href=\"mailto:magdalena.sitko-dominik@us.edu.pl\">magdalena.sitko-dominik@us.edu.pl<\/a> &#8211; modu\u0142 obszarowy: Rozw\u00f3j osobisty<\/span><\/li>\n<li><span style=\"font-size: 12pt;\">dr Monika Tarnawska, e-mail: <a href=\"mailto:monika.tarnawska@us.edu.pl\">monika.tarnawska@us.edu.pl<\/a>\u00a0\u2013 modu\u0142 obszarowy: Styl \u017cycia a zdrowie cz\u0142owieka<\/span><\/li>\n<li><span style=\"font-size: 12pt;\">dr Pawe\u0142 Kaczmarek, e-mail: <a href=\"mailto:pawel.kaczmarek@us.edu.pl\">pawel.kaczmarek@us.edu.pl<\/a> &#8211; modu\u0142 obszarowy: Bioetyczne i etyczne aspekty zdrowia i \u017cycia<\/span><\/li>\n<li><span style=\"font-size: 12pt;\">dr hab. S\u0142awomir Pytel, prof. U\u015a, e-mail: <a href=\"mailto:slawomir.pytel@us.edu.pl\">slawomir.pytel@us.edu.pl<\/a>\u00a0\u2013 modu\u0142 obszarowy:\u00a0Katastrofalne \u017cywio\u0142y<\/span><\/li>\n<li><span style=\"font-size: 12pt;\">dr hab. Aneta S\u0142odek, prof. U\u015a, e-mail: \u00a0<a href=\"mailto:aneta.slodek@us.edu.pl\">aneta.slodek@us.edu.pl<\/a>\u00a0\u2013 modu\u0142 obszarowy:\u00a0Zielone technologie<\/span><\/li>\n<li><span style=\"font-size: 12pt;\">prof. dr hab. Zofia Piotrowska-Seget, e-mail: <a href=\"mailto:zofia.piotrowska-seget@us.edu.pl\">zofia.piotrowska-seget@us.edu.pl<\/a> &#8211; modu\u0142 obszarowy: Zr\u00f3wnowa\u017cony rozw\u00f3j<\/span><\/li>\n<li><span style=\"font-size: 12pt;\">dr hab. Mariola Krodkiewska, prof. U\u015a, e-mail: <a href=\"mailto:mariola.krodkiewska@us.edu.pl\">mariola.krodkiewska@us.edu.pl<\/a> &#8211; modu\u0142 obszarowy: Woda klucz do \u017cycia na planecie<\/span><\/li>\n<li><span style=\"font-size: 12pt;\">mgr Jacek Nowak, e-mail: <a href=\"mailto:jacek.nowak@us.edu.pl\">jacek.nowak@us.edu.pl<\/a>\u00a0\u2013 modu\u0142 obszarowy:\u00a0Przedsi\u0119biorczo\u015b\u0107<\/span><\/li>\n<li><span style=\"font-size: 12pt;\">dr Mateusz Zeifert, prof. U\u015a, e-mail: <a href=\"mailto:mateusz.zeifert@us.edu.pl\">mateusz.zeifert@us.edu.pl<\/a>\u00a0\u2013 modu\u0142 obszarowy:\u00a0Vademecum prawa<\/span><\/li>\n<li><span style=\"font-size: 12pt;\">dr Jolanta Klimczak, e-mail: <a href=\"mailto:jolanta.klimczak@us.edu.pl\">jolanta.klimczak@us.edu.pl<\/a> &#8211; modu\u0142 obszarowy: Partycypacja spo\u0142eczna w praktyce<\/span><\/li>\n<li><span style=\"font-size: 12pt;\">dr hab. Mariusz Jagielski, prof. U\u015a, e-mail: <a href=\"mailto:mariusz.jagielski@us.edu.pl\">mariusz.jagielski@us.edu.pl<\/a> &#8211; modu\u0142 obszarowy: Prawa cz\u0142owieka<\/span><\/li>\n<\/ul>\n<div class=\"mt-3\"><\/div>\r\n                            <\/div>\r\n                            \r\n                            \r\n                        <\/div>\r\n                    <\/div>\r\n                <\/div>[\/vc_column][\/vc_row][vc_row disable_element=&#8221;yes&#8221; el_class=&#8221;container&#8221;][vc_column][vc_column_text el_class=&#8221;bg-gray container text-modules__content&#8221; css=&#8221;.vc_custom_1727272624116{padding: 10px !important;}&#8221;]I am text block. Click edit button to change this text. Lorem ipsum dolor sit amet, consectetur adipiscing elit. Ut elit tellus, luctus nec ullamcorper mattis, pulvinar dapibus leo.[\/vc_column_text][\/vc_column][\/vc_row]<\/p>","protected":false},"excerpt":{"rendered":"<p>[vc_row el_class=&#8221;container&#8221;][vc_column][\/vc_column][\/vc_row][vc_row disable_element=&#8221;yes&#8221; el_class=&#8221;container&#8221;][vc_column][vc_column_text el_class=&#8221;bg-gray container text-modules__content&#8221; css=&#8221;.vc_custom_1727272624116{padding: 10px !important;}&#8221;]I am text block. Click edit button to change this text. Lorem ipsum dolor sit amet, consectetur adipiscing elit. Ut elit tellus, luctus nec ullamcorper mattis, pulvinar dapibus leo.[\/vc_column_text][\/vc_column][\/vc_row] [&#8230;]<\/p>\n<p><a class=\"btn btn-secondary understrap-read-more-link\" href=\"https:\/\/us.edu.pl\/kolegium\/kdo\/ksztalcenie-obszarowe\/koordynatorzy-modulow\/\">Read More&#8230;<\/a><\/p>\n","protected":false},"author":6720,"featured_media":0,"parent":432,"menu_order":0,"comment_status":"closed","ping_status":"closed","template":"","meta":{"_expiration-date-status":"","_expiration-date":0,"_expiration-date-type":"","_expiration-date-categories":[],"_expiration-date-options":[]},"acf":[],"_links":{"self":[{"href":"https:\/\/us.edu.pl\/kolegium\/kdo\/wp-json\/wp\/v2\/pages\/1659"}],"collection":[{"href":"https:\/\/us.edu.pl\/kolegium\/kdo\/wp-json\/wp\/v2\/pages"}],"about":[{"href":"https:\/\/us.edu.pl\/kolegium\/kdo\/wp-json\/wp\/v2\/types\/page"}],"author":[{"embeddable":true,"href":"https:\/\/us.edu.pl\/kolegium\/kdo\/wp-json\/wp\/v2\/users\/6720"}],"replies":[{"embeddable":true,"href":"https:\/\/us.edu.pl\/kolegium\/kdo\/wp-json\/wp\/v2\/comments?post=1659"}],"version-history":[{"count":11,"href":"https:\/\/us.edu.pl\/kolegium\/kdo\/wp-json\/wp\/v2\/pages\/1659\/revisions"}],"predecessor-version":[{"id":9613,"href":"https:\/\/us.edu.pl\/kolegium\/kdo\/wp-json\/wp\/v2\/pages\/1659\/revisions\/9613"}],"up":[{"embeddable":true,"href":"https:\/\/us.edu.pl\/kolegium\/kdo\/wp-json\/wp\/v2\/pages\/432"}],"wp:attachment":[{"href":"https:\/\/us.edu.pl\/kolegium\/kdo\/wp-json\/wp\/v2\/media?parent=1659"}],"curies":[{"name":"wp","href":"https:\/\/api.w.org\/{rel}","templated":true}]}}