{"id":176,"date":"2023-11-07T21:58:02","date_gmt":"2023-11-07T20:58:02","guid":{"rendered":"https:\/\/us.edu.pl\/kolegium\/kdo\/?page_id=176"},"modified":"2025-09-29T15:39:59","modified_gmt":"2025-09-29T13:39:59","slug":"przewodnik-po-ksztalceniu-ogolnouniwersyteckim","status":"publish","type":"page","link":"https:\/\/us.edu.pl\/kolegium\/kdo\/przewodnik-po-ksztalceniu-ogolnouniwersyteckim\/","title":{"rendered":"Przewodnik po kszta\u0142ceniu og\u00f3lnouniwersyteckim"},"content":{"rendered":"<p>[vc_row][vc_column][vc_column_text el_class=&#8221;container page-title&#8221;]<\/p>\n<div class=\"container\">\n<h2><strong>Przewodnik po kszta\u0142ceniu og\u00f3lnouniwersyteckim<\/strong><\/h2>\n<\/div>\n<p>[\/vc_column_text][\/vc_column][\/vc_row][vc_row el_class=&#8221;container&#8221;][vc_column]\r\n                <div class=\"text-modules\">\r\n                    <div class=\"container\">\r\n                        \r\n                        <div class=\"text-modules__content\"><p>G\u0142\u00f3wnym celem kszta\u0142cenia obszarowego jest wspieranie kszta\u0142cenia kierunkowego. W\u00a0ramach modu\u0142\u00f3w proponowanych na tym poziomie kszta\u0142cenia studenci i\u00a0studentki maj\u0105 mo\u017cliwo\u015b\u0107 wzbogacenia swojego wykszta\u0142cenia o\u00a0dodatkowe kompetencje istotne z punktu widzenia ich kierunku studi\u00f3w, powi\u0105zane z\u00a0innymi dyscyplinami, w\u00a0ramach kt\u00f3rych prowadzone s\u0105 badania w\u00a0Uniwersytecie \u015al\u0105skim w\u00a0Katowicach.<\/p>\n<p>Osoby studiuj\u0105ce na studiach I stopnia realizuj\u0105:<\/p>\n<ul>\n<li><a href=\"https:\/\/us.edu.pl\/kolegium\/kdo\/ksztalcenie-obszarowe\/\" target=\"_blank\" rel=\"noopener\">modu\u0142y obszarowe<\/a><\/li>\n<li><a href=\"https:\/\/us.edu.pl\/kolegium\/kdo\/omu\/omu\/\" target=\"_blank\" rel=\"noopener\">otwarte modu\u0142y uniwersyteckie<\/a> (w skr\u00f3cie OMU)<\/li>\n<li><a href=\"https:\/\/us.edu.pl\/kolegium\/kdo\/ksztalcenie-nauczycielskie\/\" target=\"_blank\" rel=\"noopener\">kszta\u0142cenie nauczycielskie<\/a><\/li>\n<\/ul>\n<p>&nbsp;<\/p>\n<p>Osoby studiuj\u0105ce na studiach II stopnia realizuj\u0105:<\/p>\n<ul>\n<li><a href=\"https:\/\/us.edu.pl\/kolegium\/kdo\/omu\/ood\/\">og\u00f3lnoakademick\u0105 ofert\u0119 dydaktyczn\u0105<\/a> (w skr\u00f3cie OOD)<\/li>\n<\/ul>\n<p>\n<\/div>\r\n                    <\/div>\r\n                <\/div>[\/vc_column][\/vc_row][vc_row][vc_column][\/vc_column][\/vc_row]<\/p>","protected":false},"excerpt":{"rendered":"<p>[vc_row][vc_column][vc_column_text el_class=&#8221;container page-title&#8221;] Przewodnik po kszta\u0142ceniu og\u00f3lnouniwersyteckim [\/vc_column_text][\/vc_column][\/vc_row][vc_row el_class=&#8221;container&#8221;][vc_column][\/vc_column][\/vc_row][vc_row][vc_column][\/vc_column][\/vc_row] [&#8230;]<\/p>\n<p><a class=\"btn btn-secondary understrap-read-more-link\" href=\"https:\/\/us.edu.pl\/kolegium\/kdo\/przewodnik-po-ksztalceniu-ogolnouniwersyteckim\/\">Read More&#8230;<\/a><\/p>\n","protected":false},"author":26,"featured_media":192,"parent":0,"menu_order":0,"comment_status":"closed","ping_status":"closed","template":"","meta":{"_expiration-date-status":"","_expiration-date":0,"_expiration-date-type":"","_expiration-date-categories":[],"_expiration-date-options":[]},"acf":[],"_links":{"self":[{"href":"https:\/\/us.edu.pl\/kolegium\/kdo\/wp-json\/wp\/v2\/pages\/176"}],"collection":[{"href":"https:\/\/us.edu.pl\/kolegium\/kdo\/wp-json\/wp\/v2\/pages"}],"about":[{"href":"https:\/\/us.edu.pl\/kolegium\/kdo\/wp-json\/wp\/v2\/types\/page"}],"author":[{"embeddable":true,"href":"https:\/\/us.edu.pl\/kolegium\/kdo\/wp-json\/wp\/v2\/users\/26"}],"replies":[{"embeddable":true,"href":"https:\/\/us.edu.pl\/kolegium\/kdo\/wp-json\/wp\/v2\/comments?post=176"}],"version-history":[{"count":11,"href":"https:\/\/us.edu.pl\/kolegium\/kdo\/wp-json\/wp\/v2\/pages\/176\/revisions"}],"predecessor-version":[{"id":4985,"href":"https:\/\/us.edu.pl\/kolegium\/kdo\/wp-json\/wp\/v2\/pages\/176\/revisions\/4985"}],"wp:featuredmedia":[{"embeddable":true,"href":"https:\/\/us.edu.pl\/kolegium\/kdo\/wp-json\/wp\/v2\/media\/192"}],"wp:attachment":[{"href":"https:\/\/us.edu.pl\/kolegium\/kdo\/wp-json\/wp\/v2\/media?parent=176"}],"curies":[{"name":"wp","href":"https:\/\/api.w.org\/{rel}","templated":true}]}}