{"id":213,"date":"2023-11-08T12:09:29","date_gmt":"2023-11-08T11:09:29","guid":{"rendered":"https:\/\/us.edu.pl\/kolegium\/kdo\/?page_id=213"},"modified":"2023-11-08T15:11:34","modified_gmt":"2023-11-08T14:11:34","slug":"akty-prawne","status":"publish","type":"page","link":"https:\/\/us.edu.pl\/kolegium\/kdo\/o-kolegium\/akty-prawne\/","title":{"rendered":"Akty prawne"},"content":{"rendered":"<p>[vc_row][vc_column][vc_column_text el_class=&#8221;container page-title&#8221;]<\/p>\n<div class=\"container\">\n<h2><strong>Akty prawne<\/strong><\/h2>\n<\/div>\n<p>[\/vc_column_text][\/vc_column][\/vc_row][vc_row el_class=&#8221;container&#8221;][vc_column]\r\n                <div class=\"text-modules reverse\">\r\n                    <div class=\"container\">\r\n                         \r\n                        <div class=\"row m-0\">\r\n                            <div class=\"text-modules__content\">\r\n                                Regulamin Kolegium Dydaktyki Og\u00f3lnouniwersyteckiej \r\n                                <div class=\"mt-3\"><a href=\"http:\/\/us.edu.pl\/kolegium\/kdo\/wp-content\/uploads\/sites\/75\/pliki\/zalacznik-49-do-Regulaminu-organizacyjnego-Uniwersytetu-Slaskiego-Kolegum-Dydaktyki-Ogolnouniwersyteckiej.pdf\" class=\"mtli_attachment mtli_pdf\" class=\"link-button mr-3 \">Zapoznaj si\u0119 z dokumentem PDF: za\u0142\u0105cznik 49 do regulaminu organizacyjnego Uniwersytetu \u015al\u0105skiego \u2013 Kolegum Dydaktyki Og\u00f3lnouniwersyteckiej<\/a><\/div>\r\n                            <\/div>\r\n                            \r\n                            <div class=\"text-modules__img\"><img src=\"https:\/\/us.edu.pl\/kolegium\/kdo\/wp-content\/uploads\/sites\/75\/ikony\/ikona-dokument-granat-150x150.png\" alt=\"img\"><\/div>\r\n                        <\/div>\r\n                    <\/div>\r\n                <\/div>\r\n                <div class=\"text-modules reverse\">\r\n                    <div class=\"container\">\r\n                         \r\n                        <div class=\"row m-0\">\r\n                            <div class=\"text-modules__content\">\r\n                                Uchwa\u0142a nr 385\/2023 Senatu Uniwersytetu \u015al\u0105skiego w Katowicach z dnia 23 maja 2023 r. w sprawie wytycznych dotycz\u0105cych wymaga\u0144 w zakresie tworzenia i zmiany program\u00f3w studi\u00f3w prowadzonych w Uniwersytecie \u015al\u0105skim w Katowicach \r\n                                <div class=\"mt-3\"><a href=\"https:\/\/aktyprawne.us.edu.pl\/423-lista\/d\/6396\/5\/?reporef=%2F%3Fsearch-global%3Duchwa%25c5%2582a%2B385%252f2023)\" class=\"link-button mr-3 \">Zapoznaj si\u0119 z dokumentem w serwisie aktyprawne.us.edu.pl<\/a><\/div>\r\n                            <\/div>\r\n                            \r\n                            <div class=\"text-modules__img\"><img src=\"https:\/\/us.edu.pl\/kolegium\/kdo\/wp-content\/uploads\/sites\/75\/ikony\/ikona-dokument-granat-150x150.png\" alt=\"img\"><\/div>\r\n                        <\/div>\r\n                    <\/div>\r\n                <\/div>\r\n                <div class=\"text-modules reverse\">\r\n                    <div class=\"container\">\r\n                         \r\n                        <div class=\"row m-0\">\r\n                            <div class=\"text-modules__content\">\r\n                                Zarz\u0105dzenie nr 165\/2023 Rektora Uniwersytetu \u015al\u0105skiego w Katowicach z dnia 24 pa\u017adziernika 2023 r. w sprawie sposobu organizacji zaj\u0119\u0107 realizowanych w ramach modu\u0142\u00f3w obszarowych wspieraj\u0105cych kszta\u0142cenie kierunkowe \r\n                                <div class=\"mt-3\"><a href=\"https:\/\/aktyprawne.us.edu.pl\/d\/6761\/5\/?tc=17\" class=\"link-button mr-3 \">Zapoznaj si\u0119 z dokumentem w serwisie aktyprawne.us.edu.pl<\/a><\/div>\r\n                            <\/div>\r\n                            \r\n                            <div class=\"text-modules__img\"><img src=\"https:\/\/us.edu.pl\/kolegium\/kdo\/wp-content\/uploads\/sites\/75\/ikony\/ikona-dokument-granat-150x150.png\" alt=\"img\"><\/div>\r\n                        <\/div>\r\n                    <\/div>\r\n                <\/div>\r\n                <div class=\"text-modules reverse\">\r\n                    <div class=\"container\">\r\n                         \r\n                        <div class=\"row m-0\">\r\n                            <div class=\"text-modules__content\">\r\n                                Zarz\u0105dzenie nr 166\/2023 Rektora Uniwersytetu \u015al\u0105skiego w Katowicach z dnia 24 pa\u017adziernika 2023 r. w sprawie sposobu organizacji zaj\u0119\u0107 w ramach Otwartych Modu\u0142\u00f3w Uniwersyteckich (OMU) i Og\u00f3lnouczelnianej Oferty Dydaktycznej (OOD) \r\n                                <div class=\"mt-3\"><a href=\"https:\/\/aktyprawne.us.edu.pl\/d\/6763\/5\/?tc=17\" class=\"link-button mr-3 \">Zapoznaj si\u0119 z dokumentem w serwisie aktyprawne.us.edu.pl<\/a><\/div>\r\n                            <\/div>\r\n                            \r\n                            <div class=\"text-modules__img\"><img src=\"https:\/\/us.edu.pl\/kolegium\/kdo\/wp-content\/uploads\/sites\/75\/ikony\/ikona-dokument-granat-150x150.png\" alt=\"img\"><\/div>\r\n                        <\/div>\r\n                    <\/div>\r\n                <\/div>[\/vc_column][\/vc_row][vc_row][vc_column][\/vc_column][\/vc_row]<\/p>","protected":false},"excerpt":{"rendered":"<p>[vc_row][vc_column][vc_column_text el_class=&#8221;container page-title&#8221;] Akty prawne [\/vc_column_text][\/vc_column][\/vc_row][vc_row el_class=&#8221;container&#8221;][vc_column][\/vc_column][\/vc_row][vc_row][vc_column][\/vc_column][\/vc_row] [&#8230;]<\/p>\n<p><a class=\"btn btn-secondary understrap-read-more-link\" href=\"https:\/\/us.edu.pl\/kolegium\/kdo\/o-kolegium\/akty-prawne\/\">Read More&#8230;<\/a><\/p>\n","protected":false},"author":26,"featured_media":219,"parent":221,"menu_order":0,"comment_status":"closed","ping_status":"closed","template":"","meta":{"_expiration-date-status":"","_expiration-date":0,"_expiration-date-type":"","_expiration-date-categories":[],"_expiration-date-options":[]},"acf":[],"_links":{"self":[{"href":"https:\/\/us.edu.pl\/kolegium\/kdo\/wp-json\/wp\/v2\/pages\/213"}],"collection":[{"href":"https:\/\/us.edu.pl\/kolegium\/kdo\/wp-json\/wp\/v2\/pages"}],"about":[{"href":"https:\/\/us.edu.pl\/kolegium\/kdo\/wp-json\/wp\/v2\/types\/page"}],"author":[{"embeddable":true,"href":"https:\/\/us.edu.pl\/kolegium\/kdo\/wp-json\/wp\/v2\/users\/26"}],"replies":[{"embeddable":true,"href":"https:\/\/us.edu.pl\/kolegium\/kdo\/wp-json\/wp\/v2\/comments?post=213"}],"version-history":[{"count":7,"href":"https:\/\/us.edu.pl\/kolegium\/kdo\/wp-json\/wp\/v2\/pages\/213\/revisions"}],"predecessor-version":[{"id":1851,"href":"https:\/\/us.edu.pl\/kolegium\/kdo\/wp-json\/wp\/v2\/pages\/213\/revisions\/1851"}],"up":[{"embeddable":true,"href":"https:\/\/us.edu.pl\/kolegium\/kdo\/wp-json\/wp\/v2\/pages\/221"}],"wp:featuredmedia":[{"embeddable":true,"href":"https:\/\/us.edu.pl\/kolegium\/kdo\/wp-json\/wp\/v2\/media\/219"}],"wp:attachment":[{"href":"https:\/\/us.edu.pl\/kolegium\/kdo\/wp-json\/wp\/v2\/media?parent=213"}],"curies":[{"name":"wp","href":"https:\/\/api.w.org\/{rel}","templated":true}]}}