{"id":2195,"date":"2024-09-27T14:17:37","date_gmt":"2024-09-27T12:17:37","guid":{"rendered":"https:\/\/us.edu.pl\/kolegium\/kdo\/?page_id=2195"},"modified":"2025-10-23T11:48:44","modified_gmt":"2025-10-23T09:48:44","slug":"pliki-do-pobrania","status":"publish","type":"page","link":"https:\/\/us.edu.pl\/kolegium\/kdo\/ksztalcenie-nauczycielskie\/pliki-do-pobrania\/","title":{"rendered":"Pliki do pobrania"},"content":{"rendered":"<p>[vc_row disable_element=&#8221;yes&#8221; el_class=&#8221;container&#8221;][vc_column width=&#8221;2\/3&#8243;]\r\n                <div class=\"text-modules\">\r\n                    <div class=\"container\">\r\n                        <h3 class=\"page-title text__title\">Dokumenty do pobrania<\/h3>\r\n                        <div class=\"text-modules__content\"><p>Za\u0142\u0105cznik nr 1 porozumienie z zak\u0142adem pracy<\/p>\n<p>Za\u0142\u0105cznik nr 2 porozumienie z plac\u00f3wk\u0105<\/p>\n<p>Za\u0142\u0105cznik nr 3 porozumienie ze szko\u0142\u0105<\/p>\n<p>Za\u0142\u0105cznik nr 4 skierowanie<\/p>\n<p>Za\u0142\u0105cznik nr 5 o\u015bwiadczenie<\/p>\n<p>Za\u0142\u0105cznik nr 6 raport z przebiegu praktyki zawodowej<\/p>\n<p>Za\u0142\u0105cznik nr 7 wniosek o zaliczenie praktyki na podstawie pracy<\/p>\n<p>&nbsp;<\/p>\n<p><strong><span style=\"font-size: 12pt;\">PRAKTYKI PSYCHOLOGICZNO-PEDAGOGICZNE<\/span><\/strong><\/p>\n<p>Regulamin praktyki psychologiczno-pedagogicznej<\/p>\n<p>Za\u0142_1\u00a0 EFEKTY-I-PROGRAM.pdf<\/p>\n<p>Za\u0142_2 Porozumienie ze szko\u0142\u0105<\/p>\n<p>Za\u0142_3 Dziennik praktyki zawodowej<\/p>\n<p>Za\u0142_4 Opinia opiekuna<\/p>\n<p>Za\u0142_5 Arkusz oceny praktyki zawodowej nauczycielskiej<\/p>\n<p>&nbsp;<\/p>\n<p>&nbsp;<\/p>\n<p>Kontakt z Dzia\u0142em Kszta\u0142cenia, tel. 32\/359 16 22, e-mail:\u00a0<a href=\"mailto:anna.laskowska@us.edu.pl\">anna.laskowska@us.edu.pl<\/a><\/p>\n<p>Wszystkie informacje na temat praktyk studenckich znajduj\u0105 si\u0119 \u21d2 <a href=\"https:\/\/us.edu.pl\/student\/studia\/praktyki-studenckie\/\" target=\"_blank\" rel=\"noopener\">TUTAJ<\/a><\/p>\n<\/div>\r\n                    <\/div>\r\n                <\/div>[\/vc_column][vc_column width=&#8221;1\/3&#8243;][vc_column_text]<img class=\"wp-image-2151 aligncenter\" src=\"https:\/\/us.edu.pl\/kolegium\/kdo\/wp-content\/uploads\/sites\/75\/obrazki-stron\/books-4158244_1280-800x533.jpg\" alt=\"Kobieta stoj\u0105ca ty\u0142em na tle biblioteki, zamiast g\u0142owy ma stos ksi\u0105\u017cek\" width=\"721\" height=\"480\" srcset=\"https:\/\/us.edu.pl\/kolegium\/kdo\/wp-content\/uploads\/sites\/75\/obrazki-stron\/books-4158244_1280-800x533.jpg 800w, https:\/\/us.edu.pl\/kolegium\/kdo\/wp-content\/uploads\/sites\/75\/obrazki-stron\/books-4158244_1280-768x512.jpg 768w, https:\/\/us.edu.pl\/kolegium\/kdo\/wp-content\/uploads\/sites\/75\/obrazki-stron\/books-4158244_1280-575x383.jpg 575w, https:\/\/us.edu.pl\/kolegium\/kdo\/wp-content\/uploads\/sites\/75\/obrazki-stron\/books-4158244_1280.jpg 1280w\" sizes=\"(max-width: 721px) 100vw, 721px\" \/><br \/>\n<span style=\"font-size: 10pt;\">Obraz autorstwa Geralt mat. darmowy pobrany z pixabay.com<\/span>[\/vc_column_text][\/vc_column][\/vc_row]<\/p>","protected":false},"excerpt":{"rendered":"<p>[vc_row disable_element=&#8221;yes&#8221; el_class=&#8221;container&#8221;][vc_column width=&#8221;2\/3&#8243;][\/vc_column][vc_column width=&#8221;1\/3&#8243;][vc_column_text] Obraz autorstwa Geralt mat. darmowy pobrany z pixabay.com[\/vc_column_text][\/vc_column][\/vc_row] [&#8230;]<\/p>\n<p><a class=\"btn btn-secondary understrap-read-more-link\" href=\"https:\/\/us.edu.pl\/kolegium\/kdo\/ksztalcenie-nauczycielskie\/pliki-do-pobrania\/\">Read More&#8230;<\/a><\/p>\n","protected":false},"author":6720,"featured_media":0,"parent":763,"menu_order":0,"comment_status":"closed","ping_status":"closed","template":"","meta":{"_expiration-date-status":"","_expiration-date":0,"_expiration-date-type":"","_expiration-date-categories":[],"_expiration-date-options":[]},"acf":[],"_links":{"self":[{"href":"https:\/\/us.edu.pl\/kolegium\/kdo\/wp-json\/wp\/v2\/pages\/2195"}],"collection":[{"href":"https:\/\/us.edu.pl\/kolegium\/kdo\/wp-json\/wp\/v2\/pages"}],"about":[{"href":"https:\/\/us.edu.pl\/kolegium\/kdo\/wp-json\/wp\/v2\/types\/page"}],"author":[{"embeddable":true,"href":"https:\/\/us.edu.pl\/kolegium\/kdo\/wp-json\/wp\/v2\/users\/6720"}],"replies":[{"embeddable":true,"href":"https:\/\/us.edu.pl\/kolegium\/kdo\/wp-json\/wp\/v2\/comments?post=2195"}],"version-history":[{"count":10,"href":"https:\/\/us.edu.pl\/kolegium\/kdo\/wp-json\/wp\/v2\/pages\/2195\/revisions"}],"predecessor-version":[{"id":8441,"href":"https:\/\/us.edu.pl\/kolegium\/kdo\/wp-json\/wp\/v2\/pages\/2195\/revisions\/8441"}],"up":[{"embeddable":true,"href":"https:\/\/us.edu.pl\/kolegium\/kdo\/wp-json\/wp\/v2\/pages\/763"}],"wp:attachment":[{"href":"https:\/\/us.edu.pl\/kolegium\/kdo\/wp-json\/wp\/v2\/media?parent=2195"}],"curies":[{"name":"wp","href":"https:\/\/api.w.org\/{rel}","templated":true}]}}