{"id":235,"date":"2023-11-08T13:13:48","date_gmt":"2023-11-08T12:13:48","guid":{"rendered":"https:\/\/us.edu.pl\/kolegium\/kdo\/?page_id=235"},"modified":"2025-09-15T12:50:19","modified_gmt":"2025-09-15T10:50:19","slug":"dyrekcja-kolegium-dydaktyki-ogolnouniwersyteckiej","status":"publish","type":"page","link":"https:\/\/us.edu.pl\/kolegium\/kdo\/o-kolegium\/dyrekcja-kolegium-dydaktyki-ogolnouniwersyteckiej\/","title":{"rendered":"Dyrekcja Kolegium Dydaktyki Og\u00f3lnouniwersyteckiej"},"content":{"rendered":"<p>[vc_row][vc_column][vc_empty_space][vc_column_text el_class=&#8221;container page-title text__title&#8221;]<\/p>\n<h2><strong>Dyrekcja Kolegium Dydaktyki Og\u00f3lnouniwersyteckiej<\/strong><\/h2>\n<p>[\/vc_column_text]<div class=\"container\"><div class=\"separator\" style=\"background-color: #EBEBEB\"><\/div><\/div>\r\n                <div class=\"text-modules\">\r\n                    <div class=\"container\">\r\n                        \r\n                        <div class=\"text-modules__content\"><\/p>\n<h3>Dyrektorka<\/h3>\n<p>\n<\/div>\r\n                    <\/div>\r\n                <\/div>[\/vc_column][\/vc_row][vc_row gap=&#8221;10&#8243; content_placement=&#8221;middle&#8221; css=&#8221;.vc_custom_1699454976200{margin-left: 20px !important;padding-top: 20px !important;background-color: #ebebed !important;}&#8221; el_class=&#8221;container bg-gray&#8221;][vc_column width=&#8221;1\/3&#8243;]\r\n                <div class=\"text-modules\">\r\n                    <div class=\"container\">\r\n                        \r\n                        <div class=\"text-modules__content\"><p><img class=\"alignnone size-medium wp-image-258\" src=\"https:\/\/us.edu.pl\/kolegium\/kdo\/wp-content\/uploads\/sites\/75\/ikony\/ikona-kobieta-1-800x790.webp\" alt=\"&quot;&quot;\" width=\"800\" height=\"790\" srcset=\"https:\/\/us.edu.pl\/kolegium\/kdo\/wp-content\/uploads\/sites\/75\/ikony\/ikona-kobieta-1-800x790.webp 800w, https:\/\/us.edu.pl\/kolegium\/kdo\/wp-content\/uploads\/sites\/75\/ikony\/ikona-kobieta-1-1037x1024.webp 1037w, https:\/\/us.edu.pl\/kolegium\/kdo\/wp-content\/uploads\/sites\/75\/ikony\/ikona-kobieta-1-768x759.webp 768w, https:\/\/us.edu.pl\/kolegium\/kdo\/wp-content\/uploads\/sites\/75\/ikony\/ikona-kobieta-1-1536x1517.webp 1536w, https:\/\/us.edu.pl\/kolegium\/kdo\/wp-content\/uploads\/sites\/75\/ikony\/ikona-kobieta-1-575x568.webp 575w, https:\/\/us.edu.pl\/kolegium\/kdo\/wp-content\/uploads\/sites\/75\/ikony\/ikona-kobieta-1.webp 1872w\" sizes=\"(max-width: 800px) 100vw, 800px\" \/><\/p>\n<\/div>\r\n                    <\/div>\r\n                <\/div>[\/vc_column][vc_column width=&#8221;2\/3&#8243;]\r\n                <div class=\"text-modules\">\r\n                    <div class=\"container\">\r\n                        \r\n                        <div class=\"text-modules__content\"><\/p>\n<div><span class=\"people-loop-post__prof\">dr <\/span><br \/>\n<span class=\"people-loop-post__title\">Katarzyna Sujkowska<\/span><span class=\"people-loop-post__prof\">, prof. U\u015a<\/span><\/div>\n<p>&nbsp;<\/p>\n<p>e-mail: <a href=\"mailto:kdo@us.edu.pl\">kdo@us.edu.pl<\/a>, <a href=\"mailto:katarzyna.sujkowska@us.edu.pl\">katarzyna.sujkowska@us.edu.pl<\/a><\/p>\n<\/div>\r\n                    <\/div>\r\n                <\/div>[\/vc_column][\/vc_row][vc_row][vc_column][vc_empty_space][\/vc_column][\/vc_row][vc_row css=&#8221;.vc_custom_1573689761545{margin-left: 20px !important;}&#8221;][vc_column]\r\n                <div class=\"text-modules\">\r\n                    <div class=\"container\">\r\n                        \r\n                        <div class=\"text-modules__content\"><\/p>\n<h3>Zast\u0119pczyni dyrektorki<\/h3>\n<p>\n<\/div>\r\n                    <\/div>\r\n                <\/div>[\/vc_column][\/vc_row][vc_row gap=&#8221;10&#8243; content_placement=&#8221;middle&#8221; css=&#8221;.vc_custom_1699454976200{margin-left: 20px !important;padding-top: 20px !important;background-color: #ebebed !important;}&#8221; el_class=&#8221;container bg-gray&#8221;][vc_column width=&#8221;1\/3&#8243;]\r\n                <div class=\"text-modules\">\r\n                    <div class=\"container\">\r\n                        \r\n                        <div class=\"text-modules__content\"><p><img class=\"alignnone size-medium wp-image-259\" src=\"https:\/\/us.edu.pl\/kolegium\/kdo\/wp-content\/uploads\/sites\/75\/ikony\/ikona-kobieta-2-800x796.webp\" alt=\"&quot;&quot;\" width=\"800\" height=\"796\" srcset=\"https:\/\/us.edu.pl\/kolegium\/kdo\/wp-content\/uploads\/sites\/75\/ikony\/ikona-kobieta-2-800x796.webp 800w, https:\/\/us.edu.pl\/kolegium\/kdo\/wp-content\/uploads\/sites\/75\/ikony\/ikona-kobieta-2-1029x1024.webp 1029w, https:\/\/us.edu.pl\/kolegium\/kdo\/wp-content\/uploads\/sites\/75\/ikony\/ikona-kobieta-2-150x150.webp 150w, https:\/\/us.edu.pl\/kolegium\/kdo\/wp-content\/uploads\/sites\/75\/ikony\/ikona-kobieta-2-768x764.webp 768w, https:\/\/us.edu.pl\/kolegium\/kdo\/wp-content\/uploads\/sites\/75\/ikony\/ikona-kobieta-2-1536x1529.webp 1536w, https:\/\/us.edu.pl\/kolegium\/kdo\/wp-content\/uploads\/sites\/75\/ikony\/ikona-kobieta-2-575x572.webp 575w, https:\/\/us.edu.pl\/kolegium\/kdo\/wp-content\/uploads\/sites\/75\/ikony\/ikona-kobieta-2.webp 1854w\" sizes=\"(max-width: 800px) 100vw, 800px\" \/><\/p>\n<\/div>\r\n                    <\/div>\r\n                <\/div>[\/vc_column][vc_column width=&#8221;2\/3&#8243;]\r\n                <div class=\"text-modules\">\r\n                    <div class=\"container\">\r\n                        \r\n                        <div class=\"text-modules__content\"><\/p>\n<div><span class=\"people-loop-post__prof\">dr hab. <\/span><br \/>\n<span class=\"people-loop-post__title\">Aleksandra Nadg\u00f3rska-Socha<\/span><span class=\"people-loop-post__prof\">, prof. U\u015a<\/span><\/div>\n<p>&nbsp;<\/p>\n<p>e-mail: <a href=\"mailto:aleksandra.nadgorska-socha@us.edu.pl\">aleksandra.nadgorska-socha@us.edu.pl<\/a><\/p>\n<p>\n<\/div>\r\n                    <\/div>\r\n                <\/div>[\/vc_column][\/vc_row][vc_row][vc_column][vc_empty_space][\/vc_column][\/vc_row][vc_row css=&#8221;.vc_custom_1573689761545{margin-left: 20px !important;}&#8221;][vc_column]\r\n                <div class=\"text-modules\">\r\n                    <div class=\"container\">\r\n                        \r\n                        <div class=\"text-modules__content\"><\/p>\n<h3>Koordynatorka Zespo\u0142u ds. Otwartych Modu\u0142\u00f3w Uniwersyteckich<\/h3>\n<p>\n<\/div>\r\n                    <\/div>\r\n                <\/div>[\/vc_column][\/vc_row][vc_row gap=&#8221;10&#8243; content_placement=&#8221;middle&#8221; css=&#8221;.vc_custom_1699454976200{margin-left: 20px !important;padding-top: 20px !important;background-color: #ebebed !important;}&#8221; el_class=&#8221;container bg-gray&#8221;][vc_column width=&#8221;1\/3&#8243;]\r\n                <div class=\"text-modules\">\r\n                    <div class=\"container\">\r\n                        \r\n                        <div class=\"text-modules__content\"><p><img class=\"alignnone size-medium wp-image-259\" src=\"https:\/\/us.edu.pl\/kolegium\/kdo\/wp-content\/uploads\/sites\/75\/ikony\/ikona-kobieta-2-800x796.webp\" alt=\"&quot;&quot;\" width=\"800\" height=\"796\" srcset=\"https:\/\/us.edu.pl\/kolegium\/kdo\/wp-content\/uploads\/sites\/75\/ikony\/ikona-kobieta-2-800x796.webp 800w, https:\/\/us.edu.pl\/kolegium\/kdo\/wp-content\/uploads\/sites\/75\/ikony\/ikona-kobieta-2-1029x1024.webp 1029w, https:\/\/us.edu.pl\/kolegium\/kdo\/wp-content\/uploads\/sites\/75\/ikony\/ikona-kobieta-2-150x150.webp 150w, https:\/\/us.edu.pl\/kolegium\/kdo\/wp-content\/uploads\/sites\/75\/ikony\/ikona-kobieta-2-768x764.webp 768w, https:\/\/us.edu.pl\/kolegium\/kdo\/wp-content\/uploads\/sites\/75\/ikony\/ikona-kobieta-2-1536x1529.webp 1536w, https:\/\/us.edu.pl\/kolegium\/kdo\/wp-content\/uploads\/sites\/75\/ikony\/ikona-kobieta-2-575x572.webp 575w, https:\/\/us.edu.pl\/kolegium\/kdo\/wp-content\/uploads\/sites\/75\/ikony\/ikona-kobieta-2.webp 1854w\" sizes=\"(max-width: 800px) 100vw, 800px\" \/><\/p>\n<\/div>\r\n                    <\/div>\r\n                <\/div>[\/vc_column][vc_column width=&#8221;2\/3&#8243;]\r\n                <div class=\"text-modules\">\r\n                    <div class=\"container\">\r\n                        \r\n                        <div class=\"text-modules__content\"><\/p>\n<div><span class=\"people-loop-post__prof\">dr\u00a0<\/span><br \/>\n<span class=\"people-loop-post__title\">Marta Margiel<\/span><\/div>\n<p>&nbsp;<\/p>\n<p>e-mail: <a href=\"mailto:marta.margiel@us.edu.pl\">marta.margiel@us.edu.pl<\/a><\/p>\n<\/div>\r\n                    <\/div>\r\n                <\/div>[\/vc_column][\/vc_row][vc_row][vc_column][vc_empty_space][\/vc_column][\/vc_row][vc_row css=&#8221;.vc_custom_1573689761545{margin-left: 20px !important;}&#8221;][vc_column]\r\n                <div class=\"text-modules\">\r\n                    <div class=\"container\">\r\n                        \r\n                        <div class=\"text-modules__content\"><\/p>\n<h3>Zast\u0119pczyni koordynatorki Zespo\u0142u ds. Otwartych Modu\u0142\u00f3w Uniwersyteckich<\/h3>\n<p>\n<\/div>\r\n                    <\/div>\r\n                <\/div>[\/vc_column][\/vc_row][vc_row gap=&#8221;10&#8243; content_placement=&#8221;middle&#8221; css=&#8221;.vc_custom_1699454976200{margin-left: 20px !important;padding-top: 20px !important;background-color: #ebebed !important;}&#8221; el_class=&#8221;container bg-gray&#8221;][vc_column width=&#8221;1\/3&#8243;]\r\n                <div class=\"text-modules\">\r\n                    <div class=\"container\">\r\n                        \r\n                        <div class=\"text-modules__content\"><p><img class=\"alignnone size-medium wp-image-259\" src=\"https:\/\/us.edu.pl\/kolegium\/kdo\/wp-content\/uploads\/sites\/75\/ikony\/ikona-kobieta-2-800x796.webp\" alt=\"&quot;&quot;\" width=\"800\" height=\"796\" srcset=\"https:\/\/us.edu.pl\/kolegium\/kdo\/wp-content\/uploads\/sites\/75\/ikony\/ikona-kobieta-2-800x796.webp 800w, https:\/\/us.edu.pl\/kolegium\/kdo\/wp-content\/uploads\/sites\/75\/ikony\/ikona-kobieta-2-1029x1024.webp 1029w, https:\/\/us.edu.pl\/kolegium\/kdo\/wp-content\/uploads\/sites\/75\/ikony\/ikona-kobieta-2-150x150.webp 150w, https:\/\/us.edu.pl\/kolegium\/kdo\/wp-content\/uploads\/sites\/75\/ikony\/ikona-kobieta-2-768x764.webp 768w, https:\/\/us.edu.pl\/kolegium\/kdo\/wp-content\/uploads\/sites\/75\/ikony\/ikona-kobieta-2-1536x1529.webp 1536w, https:\/\/us.edu.pl\/kolegium\/kdo\/wp-content\/uploads\/sites\/75\/ikony\/ikona-kobieta-2-575x572.webp 575w, https:\/\/us.edu.pl\/kolegium\/kdo\/wp-content\/uploads\/sites\/75\/ikony\/ikona-kobieta-2.webp 1854w\" sizes=\"(max-width: 800px) 100vw, 800px\" \/><\/p>\n<\/div>\r\n                    <\/div>\r\n                <\/div>[\/vc_column][vc_column width=&#8221;2\/3&#8243;]\r\n                <div class=\"text-modules\">\r\n                    <div class=\"container\">\r\n                        \r\n                        <div class=\"text-modules__content\"><\/p>\n<div><span class=\"people-loop-post__prof\">dr <\/span><br \/>\n<span class=\"people-loop-post__title\">Katarzyna Balin, prof. U\u015a<\/span><\/div>\n<div><\/div>\n<p>&nbsp;<\/p>\n<p>e-mail: <a href=\"mailto:katarzyna.balin@us.edu.pl\">katarzyna.balin@us.edu.pl<\/a><\/p>\n<\/div>\r\n                    <\/div>\r\n                <\/div>[\/vc_column][\/vc_row][vc_row][vc_column][vc_empty_space][\/vc_column][\/vc_row][vc_row css=&#8221;.vc_custom_1573689761545{margin-left: 20px !important;}&#8221;][vc_column]\r\n                <div class=\"text-modules\">\r\n                    <div class=\"container\">\r\n                        \r\n                        <div class=\"text-modules__content\"><\/p>\n<h3>Koordynatorka Zespo\u0142u ds. kszta\u0142cenia nauczycieli<\/h3>\n<p>\n<\/div>\r\n                    <\/div>\r\n                <\/div>[\/vc_column][\/vc_row][vc_row gap=&#8221;10&#8243; content_placement=&#8221;middle&#8221; css=&#8221;.vc_custom_1699454976200{margin-left: 20px !important;padding-top: 20px !important;background-color: #ebebed !important;}&#8221; el_class=&#8221;container bg-gray&#8221;][vc_column width=&#8221;1\/3&#8243;]\r\n                <div class=\"text-modules\">\r\n                    <div class=\"container\">\r\n                        \r\n                        <div class=\"text-modules__content\"><p><img class=\"alignnone size-medium wp-image-259\" src=\"https:\/\/us.edu.pl\/kolegium\/kdo\/wp-content\/uploads\/sites\/75\/ikony\/ikona-kobieta-2-800x796.webp\" alt=\"&quot;&quot;\" width=\"800\" height=\"796\" srcset=\"https:\/\/us.edu.pl\/kolegium\/kdo\/wp-content\/uploads\/sites\/75\/ikony\/ikona-kobieta-2-800x796.webp 800w, https:\/\/us.edu.pl\/kolegium\/kdo\/wp-content\/uploads\/sites\/75\/ikony\/ikona-kobieta-2-1029x1024.webp 1029w, https:\/\/us.edu.pl\/kolegium\/kdo\/wp-content\/uploads\/sites\/75\/ikony\/ikona-kobieta-2-150x150.webp 150w, https:\/\/us.edu.pl\/kolegium\/kdo\/wp-content\/uploads\/sites\/75\/ikony\/ikona-kobieta-2-768x764.webp 768w, https:\/\/us.edu.pl\/kolegium\/kdo\/wp-content\/uploads\/sites\/75\/ikony\/ikona-kobieta-2-1536x1529.webp 1536w, https:\/\/us.edu.pl\/kolegium\/kdo\/wp-content\/uploads\/sites\/75\/ikony\/ikona-kobieta-2-575x572.webp 575w, https:\/\/us.edu.pl\/kolegium\/kdo\/wp-content\/uploads\/sites\/75\/ikony\/ikona-kobieta-2.webp 1854w\" sizes=\"(max-width: 800px) 100vw, 800px\" \/><\/p>\n<\/div>\r\n                    <\/div>\r\n                <\/div>[\/vc_column][vc_column width=&#8221;2\/3&#8243;]\r\n                <div class=\"text-modules\">\r\n                    <div class=\"container\">\r\n                        \r\n                        <div class=\"text-modules__content\"><\/p>\n<div><span class=\"people-loop-post__prof\">dr hab. <\/span><br \/>\n<span class=\"people-loop-post__title\">Jolanta Skutnik<\/span><span class=\"people-loop-post__prof\">, prof. U\u015a<\/span><\/div>\n<p>&nbsp;<\/p>\n<p>e-mail: <a href=\"mailto:jolanta.skutnik@us.edu.pl\">jolanta.skutnik@us.edu.pl<\/a><\/p>\n<p>\n<\/div>\r\n                    <\/div>\r\n                <\/div>[\/vc_column][\/vc_row][vc_row][vc_column][vc_empty_space][\/vc_column][\/vc_row][vc_row css=&#8221;.vc_custom_1573689761545{margin-left: 20px !important;}&#8221;][vc_column]\r\n                <div class=\"text-modules\">\r\n                    <div class=\"container\">\r\n                        \r\n                        <div class=\"text-modules__content\"><\/p>\n<h3>Zast\u0119pczyni koordynatorki Zespo\u0142u ds. kszta\u0142cenia nauczycieli<\/h3>\n<p>\n<\/div>\r\n                    <\/div>\r\n                <\/div>[\/vc_column][\/vc_row][vc_row gap=&#8221;10&#8243; content_placement=&#8221;middle&#8221; css=&#8221;.vc_custom_1699454976200{margin-left: 20px !important;padding-top: 20px !important;background-color: #ebebed !important;}&#8221; el_class=&#8221;container bg-gray&#8221;][vc_column width=&#8221;1\/3&#8243;]\r\n                <div class=\"text-modules\">\r\n                    <div class=\"container\">\r\n                        \r\n                        <div class=\"text-modules__content\"><p><img class=\"alignnone size-medium wp-image-259\" src=\"https:\/\/us.edu.pl\/kolegium\/kdo\/wp-content\/uploads\/sites\/75\/ikony\/ikona-kobieta-2-800x796.webp\" alt=\"&quot;&quot;\" width=\"800\" height=\"796\" srcset=\"https:\/\/us.edu.pl\/kolegium\/kdo\/wp-content\/uploads\/sites\/75\/ikony\/ikona-kobieta-2-800x796.webp 800w, https:\/\/us.edu.pl\/kolegium\/kdo\/wp-content\/uploads\/sites\/75\/ikony\/ikona-kobieta-2-1029x1024.webp 1029w, https:\/\/us.edu.pl\/kolegium\/kdo\/wp-content\/uploads\/sites\/75\/ikony\/ikona-kobieta-2-150x150.webp 150w, https:\/\/us.edu.pl\/kolegium\/kdo\/wp-content\/uploads\/sites\/75\/ikony\/ikona-kobieta-2-768x764.webp 768w, https:\/\/us.edu.pl\/kolegium\/kdo\/wp-content\/uploads\/sites\/75\/ikony\/ikona-kobieta-2-1536x1529.webp 1536w, https:\/\/us.edu.pl\/kolegium\/kdo\/wp-content\/uploads\/sites\/75\/ikony\/ikona-kobieta-2-575x572.webp 575w, https:\/\/us.edu.pl\/kolegium\/kdo\/wp-content\/uploads\/sites\/75\/ikony\/ikona-kobieta-2.webp 1854w\" sizes=\"(max-width: 800px) 100vw, 800px\" \/><\/p>\n<\/div>\r\n                    <\/div>\r\n                <\/div>[\/vc_column][vc_column width=&#8221;2\/3&#8243;]\r\n                <div class=\"text-modules\">\r\n                    <div class=\"container\">\r\n                        \r\n                        <div class=\"text-modules__content\"><\/p>\n<div><span class=\"people-loop-post__prof\">dr<\/span><br \/>\n<span class=\"people-loop-post__title\">Anna Szczerba-Zubek<\/span><span class=\"people-loop-post__prof\">, prof. U\u015a<\/span><\/div>\n<p>&nbsp;<\/p>\n<p>e-mail: <a href=\"mailto:anna.szczerba-zubek@us.edu.pl\">anna.szczerba-zubek@us.edu.pl<\/a><\/p>\n<\/div>\r\n                    <\/div>\r\n                <\/div>[\/vc_column][\/vc_row]<\/p>","protected":false},"excerpt":{"rendered":"<p>[vc_row][vc_column][vc_empty_space][vc_column_text el_class=&#8221;container page-title text__title&#8221;] Dyrekcja Kolegium Dydaktyki Og\u00f3lnouniwersyteckiej [\/vc_column_text][\/vc_column][\/vc_row][vc_row gap=&#8221;10&#8243; content_placement=&#8221;middle&#8221; css=&#8221;.vc_custom_1699454976200{margin-left: 20px !important;padding-top: 20px !important;background-color: #ebebed !important;}&#8221; el_class=&#8221;container bg-gray&#8221;][vc_column width=&#8221;1\/3&#8243;][\/vc_column][vc_column width=&#8221;2\/3&#8243;][\/vc_column][\/vc_row][vc_row][vc_column][vc_empty_space][\/vc_column][\/vc_row][vc_row css=&#8221;.vc_custom_1573689761545{margin-left: 20px !important;}&#8221;][vc_column][\/vc_column][\/vc_row][vc_row gap=&#8221;10&#8243; content_placement=&#8221;middle&#8221; css=&#8221;.vc_custom_1699454976200{margin-left: 20px !important;padding-top: 20px !important;background-color: #ebebed !important;}&#8221; el_class=&#8221;container bg-gray&#8221;][vc_column width=&#8221;1\/3&#8243;][\/vc_column][vc_column width=&#8221;2\/3&#8243;][\/vc_column][\/vc_row][vc_row][vc_column][vc_empty_space][\/vc_column][\/vc_row][vc_row css=&#8221;.vc_custom_1573689761545{margin-left: 20px !important;}&#8221;][vc_column][\/vc_column][\/vc_row][vc_row gap=&#8221;10&#8243; content_placement=&#8221;middle&#8221; css=&#8221;.vc_custom_1699454976200{margin-left: 20px !important;padding-top: 20px !important;background-color: #ebebed !important;}&#8221; el_class=&#8221;container bg-gray&#8221;][vc_column width=&#8221;1\/3&#8243;][\/vc_column][vc_column width=&#8221;2\/3&#8243;][\/vc_column][\/vc_row][vc_row][vc_column][vc_empty_space][\/vc_column][\/vc_row][vc_row css=&#8221;.vc_custom_1573689761545{margin-left: [&#8230;]<\/p>\n<p><a class=\"btn btn-secondary understrap-read-more-link\" href=\"https:\/\/us.edu.pl\/kolegium\/kdo\/o-kolegium\/dyrekcja-kolegium-dydaktyki-ogolnouniwersyteckiej\/\">Read More&#8230;<\/a><\/p>\n","protected":false},"author":26,"featured_media":222,"parent":221,"menu_order":0,"comment_status":"closed","ping_status":"closed","template":"page-templates\/page-with-sidebar.php","meta":{"_expiration-date-status":"","_expiration-date":0,"_expiration-date-type":"","_expiration-date-categories":[],"_expiration-date-options":[]},"acf":[],"_links":{"self":[{"href":"https:\/\/us.edu.pl\/kolegium\/kdo\/wp-json\/wp\/v2\/pages\/235"}],"collection":[{"href":"https:\/\/us.edu.pl\/kolegium\/kdo\/wp-json\/wp\/v2\/pages"}],"about":[{"href":"https:\/\/us.edu.pl\/kolegium\/kdo\/wp-json\/wp\/v2\/types\/page"}],"author":[{"embeddable":true,"href":"https:\/\/us.edu.pl\/kolegium\/kdo\/wp-json\/wp\/v2\/users\/26"}],"replies":[{"embeddable":true,"href":"https:\/\/us.edu.pl\/kolegium\/kdo\/wp-json\/wp\/v2\/comments?post=235"}],"version-history":[{"count":10,"href":"https:\/\/us.edu.pl\/kolegium\/kdo\/wp-json\/wp\/v2\/pages\/235\/revisions"}],"predecessor-version":[{"id":8062,"href":"https:\/\/us.edu.pl\/kolegium\/kdo\/wp-json\/wp\/v2\/pages\/235\/revisions\/8062"}],"up":[{"embeddable":true,"href":"https:\/\/us.edu.pl\/kolegium\/kdo\/wp-json\/wp\/v2\/pages\/221"}],"wp:featuredmedia":[{"embeddable":true,"href":"https:\/\/us.edu.pl\/kolegium\/kdo\/wp-json\/wp\/v2\/media\/222"}],"wp:attachment":[{"href":"https:\/\/us.edu.pl\/kolegium\/kdo\/wp-json\/wp\/v2\/media?parent=235"}],"curies":[{"name":"wp","href":"https:\/\/api.w.org\/{rel}","templated":true}]}}