{"id":2867,"date":"2024-11-06T11:39:34","date_gmt":"2024-11-06T10:39:34","guid":{"rendered":"https:\/\/us.edu.pl\/kolegium\/kdo\/?page_id=2867"},"modified":"2025-02-12T13:30:19","modified_gmt":"2025-02-12T12:30:19","slug":"dla-nauczycieli","status":"publish","type":"page","link":"https:\/\/us.edu.pl\/kolegium\/kdo\/ksztalcenie-nauczycielskie\/dla-kogo\/dla-nauczycieli\/","title":{"rendered":"Dla nauczycieli"},"content":{"rendered":"<p>[vc_row el_class=&#8221;container&#8221;][vc_column]<div class=\"container\"><div class=\"separator\" style=\"background-color: #EBEBEB\"><\/div><\/div>\r\n                <div class=\"text-modules\">\r\n                    <div class=\"container\">\r\n                        \r\n                        <div class=\"text-modules__content\"><p><span style=\"font-size: 12pt;\"><strong>ORGANIZACJA SPECJALNO\u015aCI NAUCZYCIELSKIEJ NA KIERUNKACH STUDI\u00d3W PRZYGOTOWUJ\u0104CYCH DO WYKONYWANIA ZAWODU NAUCZYCIELA PRZEDMIOTU\/\u00d3W\/ZAJ\u0118\u0106 W UNIWERSYTECIE \u015aL\u0104SKIM UWZGL\u0118DNIAJ\u0104CY PRZYGOTOWANIE PSYCHOLOGICZNO-PEDAGOGICZNEGO W RAMACH KOLEGIUM DYDAKTYKI OG\u00d3LNOUNIWERSYTECKIEJ <\/strong><\/span><br \/>\n<span style=\"font-size: 12pt;\"><em>(od cyklu\u00a0 2023.2024)<\/em><\/span><\/p>\n<p><span style=\"font-size: 12pt;\">Przygotowanie do wykonywania zawodu nauczyciela w Uniwersytecie \u015al\u0105skim realizowane jest w ramach:<\/span><\/p>\n<ol>\n<li><span style=\"font-size: 12pt;\">jednolitych studi\u00f3w magisterskich,<\/span><\/li>\n<li><span style=\"font-size: 12pt;\">studi\u00f3w I i II stopnia, w ramach specjalno\u015bci nauczycielskich,<\/span><\/li>\n<li><span style=\"font-size: 12pt;\">indywidualnej \u015bcie\u017cki przygotowania do wykonywania zawodu nauczyciela\/ki,<\/span><\/li>\n<li><span style=\"font-size: 12pt;\">studi\u00f3w podyplomowych kierowanych do pracownik\u00f3w sektora edukacji i os\u00f3b uzupe\u0142niaj\u0105cych przygotowanie pedagogiczne niezb\u0119dne do wykonywania zawodu nauczyciela.<\/span><\/li>\n<\/ol>\n<p><span style=\"font-size: 12pt;\">Forma i program kszta\u0142cenia pozostaj\u0105 w zgodzie z zapisami <em>Rozporz\u0105dzenia Ministra nauki i Szkolnictwa Wy\u017cszego z 25.07.2019 r. w sprawie standardu kszta\u0142cenia przygotowuj\u0105cego do wykonywania zawodu nauczyciela <\/em>[z p\u00f3\u017a. zm.]<strong>. <\/strong><\/span><\/p>\n<p><span style=\"font-size: 12pt;\">W \u015bwietle zapis\u00f3w <em>Rozporz\u0105dzenia<\/em>, po uko\u0144czeniu studi\u00f3w, w szko\u0142ach i innych plac\u00f3wkach o\u015bwiatowych prowadzi\u0107 zaj\u0119cia mog\u0105 osoby, kt\u00f3re:<\/span><\/p>\n<ol style=\"list-style-type: lower-alpha;\">\n<li><span style=\"font-size: 12pt;\">uzyska\u0142y wykszta\u0142cenie wy\u017csze magisterskie zgodne z nauczanym przedmiotem\u00a0(w obszarze wskazanym w podstawie programowej dla nauczanego przedmiotu); oznacza to, \u017ce uko\u0144czy\u0142y studia kierunkowe w cyklu obejmuj\u0105cym studia pierwszego i drugiego stopnia (na tym samym kierunku) lub pi\u0119cioletnie &#8211; jednolite studia magisterskie w wymaganym zakresie,<\/span><\/li>\n<li><span style=\"font-size: 12pt;\">posiadaj\u0105 pe\u0142ne przygotowanie pedagogiczne, kt\u00f3re obejmuje <em>przygotowanie merytoryczne i przygotowanie pedagogiczne. Przygotowanie pedagogiczne obejmuje przygotowanie psychologiczno-pedagogiczne i przygotowanie dydaktyczne. Przygotowanie dydaktyczne obejmuje podstawy dydaktyki i emisj\u0119 g\u0142osu oraz przygotowanie dydaktyczne do nauczania przedmiotu lub\u00a0 prowadzenia zaj\u0119\u0107, <\/em>za: Rozporz\u0105dzeniem MNiSW z dnia 25 lipca 2019 r. , za\u0142.1., pkt.2.3.; oraz: [..] <em>przez przygotowanie\u00a0 pedagogiczne nale\u017cy rozumie\u0107 nabycie wiedzy i umiej\u0119tno\u015bci z zakresu psychologii, pedagogiki i dydaktyki szczeg\u00f3\u0142owej, nauczanych w wymiarze nie mniejszym ni\u017c 270 godzin w powi\u0105zaniu z kierunkiem (specjalno\u015bci\u0105) kszta\u0142cenia oraz pozytywnie ocenion\u0105 praktyk\u0105\u00a0 pedagogiczn\u0105 \u2013 w wymiarze nie mniejszym ni\u017c 150 godzin. <\/em>Za:<em>\u00a0<\/em>Rozporz\u0105dzeniem MEN z dnia 1 sierpnia 2017 r. w sprawie szczeg\u00f3\u0142owych <em>kwalifikacji<\/em> wymaganych od nauczycieli; \u00a7 2 pkt 2.<\/span><\/li>\n<li><span style=\"font-size: 12pt;\">po uko\u0144czeniu studi\u00f3w nie zwi\u0105zanych z kierunkiem, dla kt\u00f3rego istnieje opracowana podstawa programowa nauczania lub inne przepisy reguluj\u0105ce zakres kwalifikacji, odby\u0142y kwalifikacyjne studia podyplomowe (zgodnie z wymaganiami okre\u015blonymi w tre\u015bci <em> MNiSW z 25.07.2019 r. w sprawie standardu kszta\u0142cenia przygotowuj\u0105cego do wykonywania zawodu nauczyciela z p\u00f3\u017a. zm.\/ ost. 2023 rok<\/em>), zgodne z nauczanym przedmiotem lub zakresem dzia\u0142ania,<\/span><\/li>\n<li><span style=\"font-size: 12pt;\">zaj\u0119cia z zakresu j\u0119zyka obcego nowo\u017cytnego mog\u0105 poprowadzi\u0107 tak\u017ce osoby, kt\u00f3re s\u0105 absolwentami dowolnego kierunku studi\u00f3w i kt\u00f3re legitymuj\u0105 si\u0119 zaawansowan\u0105, potwierdzon\u0105 stosownymi dokumentami znajomo\u015bci\u0105 j\u0119zyka obcego (zachodnioeuropejskiego) oraz posiadaj\u0105 pe\u0142ne uprawnienia pedagogiczne (patrz p. b.).<\/span><\/li>\n<\/ol>\n<p><span style=\"font-size: 12pt;\"><strong>\u00a0<\/strong><\/span><\/p>\n<p><span style=\"font-size: 12pt;\">Ka\u017cda osoba studiuj\u0105ca w uniwersytecie \u015al\u0105skim, chc\u0105ca zosta\u0107 w przysz\u0142o\u015bci nauczycielk\u0105 lub nauczycielem przedmiotu\/zaj\u0119\u0107, zobowi\u0105zana jest do uko\u0144czenia studi\u00f3w, specjalno\u015bci lub indywidualnej \u015bcie\u017cki przygotowuj\u0105cej do wykonywania zawodu nauczyciela. \u00a0\u00a0<\/span><\/p>\n<p><span style=\"font-size: 12pt;\">Program kszta\u0142cenia nauczycieli w Uniwersytecie \u015al\u0105skim, od roku akademickiego 2023\/2024, na kierunkach zorganizowanych w ramach Nowej Koncepcji Studi\u00f3w (NKS), okre\u015blony zosta\u0142 jako <strong>zintegrowana \u015bcie\u017cka kszta\u0142cenia (Zo\u015aKa)<\/strong> i realizowany jest na I i II stopniu studi\u00f3w. W ramach zintegrowanej \u015bcie\u017cki kszta\u0142cenia nauczycielskiego osoby studiuj\u0105ce uzyskuj\u0105 mo\u017cliwo\u015b\u0107 przygotowania si\u0119 do wykonywania zawodu nauczyciela\/ki na kierunkach ze specjalno\u015bciami nauczycielskimi (lub obieraj\u0105c indywidualn\u0105 \u015bcie\u017ck\u0119 kszta\u0142cenia nauczycielskiego (I\u015aKa)).<\/span><\/p>\n<p><span style=\"font-size: 12pt;\"><strong>Og\u00f3lny plan kszta\u0142cenia nauczycielskiego w ramach specjalno\u015bci obejmuje nast\u0119puj\u0105ce grupy zaj\u0119\u0107:<\/strong><\/span><\/p>\n<ol>\n<li><span style=\"font-size: 12pt;\"><strong>zaj\u0119cia kierunkowe<\/strong> obejmuj\u0105ce modu\u0142y i grupy modu\u0142\u00f3w merytorycznie powi\u0105zane z celami i tre\u015bciami podstawy programowej (na odpowiednim etapie edukacyjnym) przedmiotu (pierwszego), do nauczania kt\u00f3rego studentki i studenci si\u0119 przygotowuj\u0105. W <em>Rozporz\u0105dzeniu<\/em> ten blok zaj\u0119\u0107 okre\u015bla si\u0119 jako: <strong>GRUPA ZAJ\u0118\u0106 A 1.,<\/strong> a jej zakres i tre\u015b\u0107 okre\u015blone s\u0105 na kierunku studi\u00f3w. Blok zaj\u0119\u0107 kierunkowych osoby studiuj\u0105ce realizuj\u0105 i zaliczaj\u0105 z innymi studentami i studentkami na macierzystym kierunku. w przypadku przygotowania do <strong>nauczania drugiego\/kolejnego przedmiotu\/zaj\u0119\u0107,<\/strong> zakres zaj\u0119\u0107 okre\u015blony jako <strong>GRUPA ZAJ\u0118\u0106 A2<\/strong> obejmuje tre\u015bci\u00a0\u00a0 \u00a0i efekty ustalone przez jednostki prowadz\u0105ce studia kierunkowe uwzgl\u0119dniaj\u0105ce w warstwie merytorycznej kszta\u0142cenia tre\u015bci podstawy programowej drugiego\/kolejnego przedmiotu\/zaj\u0119\u0107.<\/span><\/li>\n<\/ol>\n<p><span style=\"font-size: 12pt;\">Zaj\u0119cia grupy A1 i A2 realizowane s\u0105 na w\u0142a\u015bciwych kierunkach; harmonogramy tych zaj\u0119\u0107 ustalane s\u0105 w porozumieniu z jednostk\u0105 prowadz\u0105c\u0105 kierunek wiod\u0105cy dla specjalno\u015bci dwuprzedmiotowej\/wieloprzedmiotowej.\u00a0<\/span><\/p>\n<ol start=\"2\">\n<li><span style=\"font-size: 12pt;\"><strong>zaj\u0119cia z zakresu przygotowania pedagogicznego <\/strong>(opisane jako <strong>GRUPA ZAJ\u0118\u0106 B i C<\/strong>) obejmuj\u0105ce \u015bci\u015ble okre\u015blone w <em>Rozporz\u0105dzeniu<\/em> tre\u015bci i zakresy, w tym:<\/span><\/li>\n<\/ol>\n<ul>\n<li><span style=\"font-size: 12pt;\"><strong>w zakresie przygotowania psychologiczno-pedagogicznego &#8211;<\/strong><strong> GRUPA ZAJ\u0118\u0106<\/strong><strong> B:<\/strong><\/span>\n<ul>\n<li>psychologi\u0119 \u2013 90h<\/li>\n<li>pedagogik\u0119 \u2013 90h<\/li>\n<li>warsztaty psychologiczne \u2013 15h<\/li>\n<li>warsztaty pedagogiczne \u2013 15h<\/li>\n<li>praktyk\u0119 psychologiczno-pedagogiczn\u0105 \u2013 30h<\/li>\n<\/ul>\n<\/li>\n<li><span style=\"font-size: 12pt;\"><strong>w zakresie przygotowania dydaktycznego &#8211; <\/strong><strong>GRUPA ZAJ\u0118\u0106 <\/strong><strong>C<\/strong>:<\/span>\n<ul>\n<li>dydaktyk\u0119 og\u00f3ln\u0105 \u2013 30h<\/li>\n<li>emisj\u0119 g\u0142osu \u2013 30h<\/li>\n<li>pierwsz\u0105 pomoc przedmedyczn\u0105 \u2013 15h<\/li>\n<\/ul>\n<\/li>\n<\/ul>\n<p><span style=\"font-size: 12pt;\">Pe\u0142ny zakres tre\u015bciowy i godzinowy zaj\u0119\u0107 przygotowania pedagogicznego realizowany jest na studiach I i II stopnia. <strong>Za opracowanie i organizacj\u0119 tej grupy zaj\u0119\u0107 odpowiedzialny jest Zesp\u00f3\u0142 ds. kszta\u0142cenia nauczycieli w Kolegium Dydaktyki Og\u00f3lnouniwersyteckiej<\/strong> (KDO). Oznacza to, \u017ce osoby studiuj\u0105ce w ramach specjalno\u015bci lub \u015bcie\u017cki indywidualnej, blok zaj\u0119\u0107: B i C realizuj\u0105 ze studentkami i studentami innych specjalno\u015bci nauczycielskich, w grupach mieszanych, w ramach bloku zaj\u0119\u0107 nauczycielskich zaplanowanego w pi\u0105tki w godzinach 8.00\u00a0 do 15.00.<\/span><\/p>\n<ol start=\"3\">\n<li><span style=\"font-size: 12pt;\">ostatni blok zaj\u0119\u0107 (<strong>GRUPA ZAJ\u0118\u0106 D<\/strong>), wymaganych do uzyskania pe\u0142nego przygotowania do wykonywania zawodu nauczyciela obejmuj\u0105cy przygotowanie w zakresie dydaktyki szczeg\u00f3\u0142owej danego przedmiotu\/zaj\u0119\u0107, na danym etapie edukacji, w tym:<\/span><\/li>\n<\/ol>\n<ul style=\"list-style-type: square;\">\n<li><span style=\"font-size: 12pt;\">150 godzin dydaktyki szczeg\u00f3\u0142owej oraz 120 godzin praktyki pedagogicznej dla przedmiotu nauczanego <strong>na II i III etapie<\/strong> edukacyjnym, czyli <strong>w szkole podstawowej i ponadpodstawowej<\/strong>,<\/span><\/li>\n<li><span style=\"font-size: 12pt;\">lub 90 godzin dydaktyki szczeg\u00f3\u0142owej oraz 60 godzin praktyki pedagogicznej dla przedmiotu nauczanego <strong>na II lub III etapie<\/strong> edukacyjnym, czyli <strong>w szkole podstawowej lub ponadpodstawowej<\/strong>.<\/span><\/li>\n<\/ul>\n<p><span style=\"font-size: 12pt;\">Zaj\u0119cia z grupy D organizowane i zaliczane s\u0105 na macierzystym kierunku studi\u00f3w, w grupie os\u00f3b studiuj\u0105cych na specjalno\u015bci nauczycielskiej.<strong> \u00a0W przypadku przygotowania do wykonywania zawodu nauczyciela dw\u00f3ch przedmiot\u00f3w\/zaj\u0119\u0107 przygotowanie dydaktyczne z GRUPY ZAJ\u0118\u0106 E. \u00a0<\/strong>Obejmuj\u0105 one <strong>dydaktyk\u0119 drugiego\/kolejnego <\/strong><strong>przedmiotu<\/strong> nauczania lub rodzaju zaj\u0119\u0107 i praktyk\u0119 zawodow\u0105: (w ilo\u015bci: 90 godzin dydaktyki przedmiotowej i 60 godzin praktyki zawodowej\u00a0 w przypadku uzyskiwania uprawnie\u0144 do nauczania drugiego przedmiotu w szkole <u>podstawowej lub ponadpodstawowej<\/u>; do uzyskania uprawnie\u0144 do nauczania drugiego przedmiotu w szkole <u>podstawowej i ponadpodstawowej<\/u>\u00a0 osoby studiuj\u0105ce realizuj\u0105 150 godzin dydaktyki przedmiotowej i 120 godzin praktyki zawodowej).\u00a0<\/span><\/p>\n<p><span style=\"font-size: 12pt;\">Zaj\u0119cia z grupy D i E organizowane i zaliczane s\u0105 na kierunkach prowadz\u0105cych kszta\u0142cenie merytoryczne (analogicznie do GRUPY ZAJ\u0118\u0106 A1 i A2). Harmonogram i zakres zaj\u0119\u0107 ustalane s\u0105 w porozumieniu z kierunkiem wiod\u0105cym dla kszta\u0142cenia dwuprzedmiotowego\/wieloprzedmiotowego.<\/span><\/p>\n<p><span style=\"font-size: 12pt; color: #333399;\"><strong>WA\u017bNE:<\/strong><\/span><\/p>\n<ol>\n<li><span style=\"font-size: 12pt; color: #000000;\">Przygotowanie pedagogiczne<strong> (grupa zaj\u0119\u0107 B i C), realizowane jest przez osob\u0119 studiuj\u0105ca tylko raz, <\/strong>bez wzgl\u0119du na ilo\u015b\u0107 podj\u0119tych specjalno\u015bci nauczycielskich.<\/span><\/li>\n<li><span style=\"font-size: 12pt; color: #000000;\">Studia przygotowuj\u0105ce do wykonywania zawodu nauczyciela\/ki trwaj\u0105<strong> co najmniej 10 semestr\u00f3w, <\/strong>co oznacza, \u017ce realizowane s\u0105 jako studia pierwszego i drugiego stopnia, na kierunku, kt\u00f3rego efekty uczenia si\u0119 i tre\u015bci zaj\u0119\u0107 zgodne s\u0105 z celami i tre\u015bciami opisanymi w podstawie programowej przedmiotu\/zaj\u0119\u0107, do nauczania kt\u00f3rego osoby studiuj\u0105ce si\u0119 przygotowuj\u0105.<\/span><\/li>\n<li><span style=\"font-size: 12pt; color: #000000;\">W\u0142a\u015bciwy dla kierunku i specjalno\u015bci<strong> dyplom z suplementem potwierdzaj\u0105cym przygotowanie pedagogiczne wystawiany jest na g\u0142\u00f3wnym kierunku studi\u00f3w, <\/strong>po uko\u0144czeniu pe\u0142nego cyklu kszta\u0142cenia.<\/span><\/li>\n<\/ol>\n<p>\n<\/div>\r\n                    <\/div>\r\n                <\/div>[\/vc_column][vc_column]<div class=\"container\"><div class=\"separator\" style=\"background-color: #EBEBEB\"><\/div><\/div>[vc_column_text el_class=&#8221;container bg-gray text-modules__content&#8221;]<strong>Szczeg\u00f3\u0142owe informacje dotycz\u0105ce zasad organizacji kszta\u0142cenia nauczycielskiego mo\u017cna uzyska\u0107 w <a href=\"https:\/\/us.edu.pl\/kolegium\/kdo\/ksztalcenie-nauczycielskie\/kontakt-z-zespolem-ksztalcenia-nauczycielskiego\/\" target=\"_blank\" rel=\"noopener\">Zespole ds. kszta\u0142cenia nauczycieli<\/a>.<\/strong><br \/>\n<strong>KDO &#8211; pok\u00f3j 0.35, ul. Bankowa 12 lub pod numerami telefon\u00f3w: 32 359 15 96; 32 359 15 97.<\/strong>[\/vc_column_text]<div class=\"container\"><div class=\"separator\" style=\"background-color: #EBEBEB\"><\/div><\/div>[\/vc_column][\/vc_row]<\/p>","protected":false},"excerpt":{"rendered":"<p>[vc_row el_class=&#8221;container&#8221;][vc_column][\/vc_column][vc_column][vc_column_text el_class=&#8221;container bg-gray text-modules__content&#8221;]Szczeg\u00f3\u0142owe informacje dotycz\u0105ce zasad organizacji kszta\u0142cenia nauczycielskiego mo\u017cna uzyska\u0107 w Zespole ds. kszta\u0142cenia nauczycieli. KDO &#8211; pok\u00f3j 0.35, ul. Bankowa 12 lub pod numerami telefon\u00f3w: 32 359 15 96; 32 359 15 97.[\/vc_column_text][\/vc_column][\/vc_row] [&#8230;]<\/p>\n<p><a class=\"btn btn-secondary understrap-read-more-link\" href=\"https:\/\/us.edu.pl\/kolegium\/kdo\/ksztalcenie-nauczycielskie\/dla-kogo\/dla-nauczycieli\/\">Read More&#8230;<\/a><\/p>\n","protected":false},"author":6720,"featured_media":0,"parent":2815,"menu_order":0,"comment_status":"closed","ping_status":"closed","template":"","meta":{"_expiration-date-status":"","_expiration-date":0,"_expiration-date-type":"","_expiration-date-categories":[],"_expiration-date-options":[]},"acf":[],"_links":{"self":[{"href":"https:\/\/us.edu.pl\/kolegium\/kdo\/wp-json\/wp\/v2\/pages\/2867"}],"collection":[{"href":"https:\/\/us.edu.pl\/kolegium\/kdo\/wp-json\/wp\/v2\/pages"}],"about":[{"href":"https:\/\/us.edu.pl\/kolegium\/kdo\/wp-json\/wp\/v2\/types\/page"}],"author":[{"embeddable":true,"href":"https:\/\/us.edu.pl\/kolegium\/kdo\/wp-json\/wp\/v2\/users\/6720"}],"replies":[{"embeddable":true,"href":"https:\/\/us.edu.pl\/kolegium\/kdo\/wp-json\/wp\/v2\/comments?post=2867"}],"version-history":[{"count":10,"href":"https:\/\/us.edu.pl\/kolegium\/kdo\/wp-json\/wp\/v2\/pages\/2867\/revisions"}],"predecessor-version":[{"id":5121,"href":"https:\/\/us.edu.pl\/kolegium\/kdo\/wp-json\/wp\/v2\/pages\/2867\/revisions\/5121"}],"up":[{"embeddable":true,"href":"https:\/\/us.edu.pl\/kolegium\/kdo\/wp-json\/wp\/v2\/pages\/2815"}],"wp:attachment":[{"href":"https:\/\/us.edu.pl\/kolegium\/kdo\/wp-json\/wp\/v2\/media?parent=2867"}],"curies":[{"name":"wp","href":"https:\/\/api.w.org\/{rel}","templated":true}]}}