{"id":3593,"date":"2025-01-20T11:12:35","date_gmt":"2025-01-20T10:12:35","guid":{"rendered":"https:\/\/us.edu.pl\/kolegium\/kdo\/?page_id=3593"},"modified":"2025-01-22T09:11:24","modified_gmt":"2025-01-22T08:11:24","slug":"analiza-danych-metody-i-narzedzia","status":"publish","type":"page","link":"https:\/\/us.edu.pl\/kolegium\/kdo\/ksztalcenie-obszarowe\/tydzien-projektowy-2024\/analiza-danych-metody-i-narzedzia\/","title":{"rendered":"Analiza danych: metody i narz\u0119dzia"},"content":{"rendered":"<p>[vc_row el_class=&#8221;container&#8221;][vc_column]\r\n                <div class=\"text-modules \">\r\n                    <div class=\"container\">\r\n                        <h3 class=\"section-title section-title_border-bottom\">Analiza danych: metody i narz\u0119dzia<\/h3> \r\n                        <div class=\"row m-0\">\r\n                            <div class=\"text-modules__content\">\r\n                                <\/p>\n<p><strong>Koordynator prof. dr hab. Micha\u0142 Baczy\u0144ski <\/strong><\/p>\n<p>Celem modu\u0142u \u201eAnaliza Danych: Narz\u0119dzia i Metody&#8221; jest dostarczenie uczestnikom wiedzy z zakresu analizy danych (ang. data analysis), umo\u017cliwiaj\u0105cej skuteczne wykorzystanie r\u00f3\u017cnorodnych technik w badaniach naukowych. Modu\u0142 stawia sobie za zadanie umo\u017cliwienie praktycznego zastosowania zdobytych umiej\u0119tno\u015bci w zagadnieniach powi\u0105zanych ze studiowanym kierunkiem. W rezultacie osoby ucz\u0105ce si\u0119 b\u0119d\u0105 mog\u0142y nie tylko poszerzy\u0107 swoj\u0105 wiedz\u0119 teoretyczn\u0105, lecz przede wszystkim zdoby\u0107 praktyczne umiej\u0119tno\u015bci, zyskuj\u0105c tym samym solidny fundament dla przysz\u0142ej kariery zawodowej. Kompetencje zwi\u0105zane z analiz\u0105 danych s\u0105 kluczowe w wielu obszarach, w tym w badaniach naukowych, biznesie, medycynie, polityce oraz innych obszarach \u017cycia spo\u0142ecznego. Potwierdzeniem tych s\u0142\u00f3w jest m.in. ranking opublikowany przez CareerCast w 2021 roku, gdzie najlepszym zawodem okaza\u0142 si\u0119 analityk danych, za\u015b statystyk uplasowa\u0142 si\u0119 na trzeciej pozycji.<\/p>\n<p>Szczeg\u00f3lny nacisk b\u0119dzie k\u0142adziony na zaj\u0119cia praktyczne, realizowane w formie warsztatowej z wykorzystaniem komputer\u00f3w, kt\u00f3re b\u0119d\u0105 poprzedzone wiedz\u0105 teoretyczn\u0105 zdobyt\u0105 na wyk\u0142adzie. Osoby studiuj\u0105ce w ramach tego modu\u0142u poznaj\u0105:<\/p>\n<p>&#8211; metody manipulacji danymi: pozyskiwanie, przetwarzanie i przygotowywanie danych do analizy,<\/p>\n<p>&#8211; sposoby wyznaczania i interpretacji statystyk podstawowych,<\/p>\n<p>&#8211; techniki przetwarzania wst\u0119pnego danych: jak radzi\u0107 sobie z brakuj\u0105cymi warto\u015bciami w zbiorach danych, normalizacja, standaryzacja,<\/p>\n<p>&#8211; sposoby wizualizacji danych i tworzenia infografik; techniki przedstawiania danych: histogram, wykres punktowy, wykresy pude\u0142kowe, tworzenie infografik,<\/p>\n<p>&#8211; otwarte zbiory danych: jak ich szuka\u0107 i jak z nimi pracowa\u0107. \r\n                                <div class=\"mt-3\"><\/div>\r\n                            <\/div>\r\n                            \r\n                            \r\n                        <\/div>\r\n                    <\/div>\r\n                <\/div>[\/vc_column][\/vc_row]<\/p>","protected":false},"excerpt":{"rendered":"<p>[vc_row el_class=&#8221;container&#8221;][vc_column][\/vc_column][\/vc_row] [&#8230;]<\/p>\n<p><a class=\"btn btn-secondary understrap-read-more-link\" href=\"https:\/\/us.edu.pl\/kolegium\/kdo\/ksztalcenie-obszarowe\/tydzien-projektowy-2024\/analiza-danych-metody-i-narzedzia\/\">Read More&#8230;<\/a><\/p>\n","protected":false},"author":6720,"featured_media":0,"parent":530,"menu_order":0,"comment_status":"closed","ping_status":"closed","template":"","meta":{"_expiration-date-status":"","_expiration-date":0,"_expiration-date-type":"","_expiration-date-categories":[],"_expiration-date-options":[]},"acf":[],"_links":{"self":[{"href":"https:\/\/us.edu.pl\/kolegium\/kdo\/wp-json\/wp\/v2\/pages\/3593"}],"collection":[{"href":"https:\/\/us.edu.pl\/kolegium\/kdo\/wp-json\/wp\/v2\/pages"}],"about":[{"href":"https:\/\/us.edu.pl\/kolegium\/kdo\/wp-json\/wp\/v2\/types\/page"}],"author":[{"embeddable":true,"href":"https:\/\/us.edu.pl\/kolegium\/kdo\/wp-json\/wp\/v2\/users\/6720"}],"replies":[{"embeddable":true,"href":"https:\/\/us.edu.pl\/kolegium\/kdo\/wp-json\/wp\/v2\/comments?post=3593"}],"version-history":[{"count":5,"href":"https:\/\/us.edu.pl\/kolegium\/kdo\/wp-json\/wp\/v2\/pages\/3593\/revisions"}],"predecessor-version":[{"id":4181,"href":"https:\/\/us.edu.pl\/kolegium\/kdo\/wp-json\/wp\/v2\/pages\/3593\/revisions\/4181"}],"up":[{"embeddable":true,"href":"https:\/\/us.edu.pl\/kolegium\/kdo\/wp-json\/wp\/v2\/pages\/530"}],"wp:attachment":[{"href":"https:\/\/us.edu.pl\/kolegium\/kdo\/wp-json\/wp\/v2\/media?parent=3593"}],"curies":[{"name":"wp","href":"https:\/\/api.w.org\/{rel}","templated":true}]}}