{"id":3617,"date":"2025-01-20T11:30:24","date_gmt":"2025-01-20T10:30:24","guid":{"rendered":"https:\/\/us.edu.pl\/kolegium\/kdo\/?page_id=3617"},"modified":"2025-01-22T09:14:48","modified_gmt":"2025-01-22T08:14:48","slug":"sztuczna-inteligencja","status":"publish","type":"page","link":"https:\/\/us.edu.pl\/kolegium\/kdo\/ksztalcenie-obszarowe\/tydzien-projektowy-2024\/sztuczna-inteligencja\/","title":{"rendered":"Sztuczna inteligencja"},"content":{"rendered":"<p>[vc_row el_class=&#8221;container&#8221;][vc_column]\r\n                <div class=\"text-modules \">\r\n                    <div class=\"container\">\r\n                        <h3 class=\"section-title section-title_border-bottom\">Sztuczna inteligencja<\/h3> \r\n                        <div class=\"row m-0\">\r\n                            <div class=\"text-modules__content\">\r\n                                <strong>Koordynator dr hab. Agnieszka Nowak-Brzezi\u0144ska prof. U\u015a<\/strong><\/p>\n<p>Celem zaj\u0119\u0107 jest przedstawienie podstaw teoretycznych sztucznej inteligencji i wyzwa\u0144 zwi\u0105zanych z jej implementacj\u0105 na przeci\u0119ciu wielu perspektyw: matematyczno-informatycznej, prawnej, spo\u0142ecznej, filozoficznej i artystycznej. Zastosowania SI zostan\u0105 r\u00f3wnie\u017c przyst\u0119pnie om\u00f3wione na przyk\u0142adzie dzia\u0142ania urz\u0105dze\u0144 i aplikacji codziennego u\u017cytku, a tak\u017ce w kontek\u015bcie przekszta\u0142ce\u0144 cywilizacyjnych zwi\u0105zanych z szeroko poj\u0119t\u0105 automatyzacj\u0105 proces\u00f3w.<\/p>\n<p>Uczestnictwo w zaj\u0119ciach z modu\u0142u Sztuczna Inteligencja pozwoli zg\u0142\u0119bi\u0107 tematyk\u0119 sztucznej inteligencji (AI) z szerokiej i interdyscyplinarnej perspektywy. To wi\u0119cej ni\u017c tylko nauka o algorytmach \u2013 to wnikliwe spojrzenie na to, jak AI wp\u0142ywa na wsp\u00f3\u0142czesny \u015bwiat i kszta\u0142tuje nasz\u0105 przysz\u0142o\u015b\u0107.<\/p>\n<p>Zaj\u0119cia s\u0105 okazj\u0105 do zg\u0142\u0119bienia zar\u00f3wno technicznych podstaw SI, jak i szerszego kontekstu jej implementacji. Dzi\u0119ki temu:<\/p>\n<p>B\u0119dzie mo\u017cliwe zrozumienie, jak AI kszta\u0142tuje nasze spo\u0142ecze\u0144stwo, od globalnych wyzwa\u0144, takich jak dezinformacja, po osobiste do\u015bwiadczenia z technologi\u0105 na co dzie\u0144. Wyposa\u017cymy student\u00f3w w wiedz\u0119 potrzebn\u0105, by krytycznie ocenia\u0107 i \u015bwiadomie korzysta\u0107 z rozwi\u0105za\u0144 AI. Zaj\u0119cia dedykowane s\u0105 ka\u017cdemu, kto chce pozna\u0107 potencja\u0142 sztucznej inteligencji i jej wp\u0142yw na nasze \u017cycie \u2013 bez wzgl\u0119du na to, czy jeste\u015b in\u017cynierem, humanist\u0105, artyst\u0105, czy po prostu osob\u0105 ciekaw\u0105 \u015bwiata. \r\n                                <div class=\"mt-3\"><\/div>\r\n                            <\/div>\r\n                            \r\n                            \r\n                        <\/div>\r\n                    <\/div>\r\n                <\/div>[\/vc_column][\/vc_row]<\/p>","protected":false},"excerpt":{"rendered":"<p>[vc_row el_class=&#8221;container&#8221;][vc_column][\/vc_column][\/vc_row] [&#8230;]<\/p>\n<p><a class=\"btn btn-secondary understrap-read-more-link\" href=\"https:\/\/us.edu.pl\/kolegium\/kdo\/ksztalcenie-obszarowe\/tydzien-projektowy-2024\/sztuczna-inteligencja\/\">Read More&#8230;<\/a><\/p>\n","protected":false},"author":6720,"featured_media":0,"parent":530,"menu_order":0,"comment_status":"closed","ping_status":"closed","template":"","meta":{"_expiration-date-status":"","_expiration-date":0,"_expiration-date-type":"","_expiration-date-categories":[],"_expiration-date-options":[]},"acf":[],"_links":{"self":[{"href":"https:\/\/us.edu.pl\/kolegium\/kdo\/wp-json\/wp\/v2\/pages\/3617"}],"collection":[{"href":"https:\/\/us.edu.pl\/kolegium\/kdo\/wp-json\/wp\/v2\/pages"}],"about":[{"href":"https:\/\/us.edu.pl\/kolegium\/kdo\/wp-json\/wp\/v2\/types\/page"}],"author":[{"embeddable":true,"href":"https:\/\/us.edu.pl\/kolegium\/kdo\/wp-json\/wp\/v2\/users\/6720"}],"replies":[{"embeddable":true,"href":"https:\/\/us.edu.pl\/kolegium\/kdo\/wp-json\/wp\/v2\/comments?post=3617"}],"version-history":[{"count":5,"href":"https:\/\/us.edu.pl\/kolegium\/kdo\/wp-json\/wp\/v2\/pages\/3617\/revisions"}],"predecessor-version":[{"id":4185,"href":"https:\/\/us.edu.pl\/kolegium\/kdo\/wp-json\/wp\/v2\/pages\/3617\/revisions\/4185"}],"up":[{"embeddable":true,"href":"https:\/\/us.edu.pl\/kolegium\/kdo\/wp-json\/wp\/v2\/pages\/530"}],"wp:attachment":[{"href":"https:\/\/us.edu.pl\/kolegium\/kdo\/wp-json\/wp\/v2\/media?parent=3617"}],"curies":[{"name":"wp","href":"https:\/\/api.w.org\/{rel}","templated":true}]}}