{"id":3641,"date":"2025-01-20T11:49:56","date_gmt":"2025-01-20T10:49:56","guid":{"rendered":"https:\/\/us.edu.pl\/kolegium\/kdo\/?page_id=3641"},"modified":"2025-09-10T10:52:39","modified_gmt":"2025-09-10T08:52:39","slug":"nauka-i-pseudonauka","status":"publish","type":"page","link":"https:\/\/us.edu.pl\/kolegium\/kdo\/ksztalcenie-obszarowe\/tydzien-projektowy-2024\/nauka-i-pseudonauka\/","title":{"rendered":"Nauka i pseudonauka"},"content":{"rendered":"<p>[vc_row el_class=&#8221;container&#8221;][vc_column]\r\n                <div class=\"text-modules \">\r\n                    <div class=\"container\">\r\n                        <h3 class=\"section-title section-title_border-bottom\">Nauka i pseudonauka<\/h3> \r\n                        <div class=\"row m-0\">\r\n                            <div class=\"text-modules__content\">\r\n                                <strong>Koordynator: dr hab. Dariusz B\u0119ben, prof. U\u015a<\/strong><\/p>\n<p>Studiuj\u0105c r\u00f3\u017cne kierunki poznajemy specyfik\u0119 i metody badawcze wybranego obszaru nauki. Mo\u017cemy te\u017c przyj\u0105\u0107 szerszy punkt widzenia. Zastanowi\u0107 si\u0119 nad tym, czym w og\u00f3le jest nauka dzisiaj i czym by\u0142a wczoraj. Jaka jest specyfika r\u00f3\u017cnych jej odmian. Jakie mechanizmy i zabiegi stosuje pseudonauka. Dlaczego tak \u0142atwo mylimy j\u0105 z rzetelnymi badaniami.<\/p>\n<p>W trakcie zaj\u0119\u0107 zastanowimy si\u0119 nad tym, co r\u00f3\u017cni nauki przyrodnicze i formalne od humanistyki i nauk spo\u0142ecznych. Czy literaturoznawstwo jest mniej \u201enaukowe\u201d od neurobiologii, a je\u015bli tak, to jakie kryteria o tym decyduj\u0105? Czym jest prawda w nauce?\u00a0 Jak dystrybuowana jest dzi\u015b wiedza? Jak krytycznie podchodzi\u0107 do informacji w erze fake news\u00f3w i clickbaitu? Przyjrzymy si\u0119 genezie i niezwyk\u0142ej popularno\u015bci pseudonauki. Dowiemy si\u0119 jak rozpozna\u0107 \u201emodne bzdury\u201d i naukowe prowokacje powa\u017cnych jajcarzy. Podczas warsztat\u00f3w poznamy i prze\u0107wiczymy stosowanie przydatnych narz\u0119dzi. Narz\u0119dzia te pozwol\u0105 na odr\u00f3\u017cnienie nauki od pseudonauki. \r\n                                <div class=\"mt-3\"><\/div>\r\n                            <\/div>\r\n                            \r\n                            \r\n                        <\/div>\r\n                    <\/div>\r\n                <\/div>[\/vc_column][\/vc_row]<\/p>","protected":false},"excerpt":{"rendered":"<p>[vc_row el_class=&#8221;container&#8221;][vc_column][\/vc_column][\/vc_row] [&#8230;]<\/p>\n<p><a class=\"btn btn-secondary understrap-read-more-link\" href=\"https:\/\/us.edu.pl\/kolegium\/kdo\/ksztalcenie-obszarowe\/tydzien-projektowy-2024\/nauka-i-pseudonauka\/\">Read More&#8230;<\/a><\/p>\n","protected":false},"author":6720,"featured_media":0,"parent":530,"menu_order":0,"comment_status":"closed","ping_status":"closed","template":"","meta":{"_expiration-date-status":"","_expiration-date":0,"_expiration-date-type":"","_expiration-date-categories":[],"_expiration-date-options":[]},"acf":[],"_links":{"self":[{"href":"https:\/\/us.edu.pl\/kolegium\/kdo\/wp-json\/wp\/v2\/pages\/3641"}],"collection":[{"href":"https:\/\/us.edu.pl\/kolegium\/kdo\/wp-json\/wp\/v2\/pages"}],"about":[{"href":"https:\/\/us.edu.pl\/kolegium\/kdo\/wp-json\/wp\/v2\/types\/page"}],"author":[{"embeddable":true,"href":"https:\/\/us.edu.pl\/kolegium\/kdo\/wp-json\/wp\/v2\/users\/6720"}],"replies":[{"embeddable":true,"href":"https:\/\/us.edu.pl\/kolegium\/kdo\/wp-json\/wp\/v2\/comments?post=3641"}],"version-history":[{"count":4,"href":"https:\/\/us.edu.pl\/kolegium\/kdo\/wp-json\/wp\/v2\/pages\/3641\/revisions"}],"predecessor-version":[{"id":8023,"href":"https:\/\/us.edu.pl\/kolegium\/kdo\/wp-json\/wp\/v2\/pages\/3641\/revisions\/8023"}],"up":[{"embeddable":true,"href":"https:\/\/us.edu.pl\/kolegium\/kdo\/wp-json\/wp\/v2\/pages\/530"}],"wp:attachment":[{"href":"https:\/\/us.edu.pl\/kolegium\/kdo\/wp-json\/wp\/v2\/media?parent=3641"}],"curies":[{"name":"wp","href":"https:\/\/api.w.org\/{rel}","templated":true}]}}