{"id":3657,"date":"2025-01-20T12:34:15","date_gmt":"2025-01-20T11:34:15","guid":{"rendered":"https:\/\/us.edu.pl\/kolegium\/kdo\/?page_id=3657"},"modified":"2025-09-10T11:58:46","modified_gmt":"2025-09-10T09:58:46","slug":"zrozumiec-noblistow","status":"publish","type":"page","link":"https:\/\/us.edu.pl\/kolegium\/kdo\/ksztalcenie-obszarowe\/tydzien-projektowy-2024\/zrozumiec-noblistow\/","title":{"rendered":"Zrozumie\u0107 Noblist\u00f3w"},"content":{"rendered":"<p>[vc_row el_class=&#8221;container&#8221;][vc_column]\r\n                <div class=\"text-modules \">\r\n                    <div class=\"container\">\r\n                        <h3 class=\"section-title section-title_border-bottom\">Zrozumie\u0107 Noblist\u00f3w<\/h3> \r\n                        <div class=\"row m-0\">\r\n                            <div class=\"text-modules__content\">\r\n                                <strong>Koordynatorka: dr hab. Agnieszka N\u0119cka-Czapska, prof. U\u015a<\/strong><\/p>\n<p>Co roku,\u00a0 w pa\u017adzierniku, \u015bwiat nauki czeka na decyzj\u0119\u00a0 kilku szwedzkich i jednego\u00a0 norweskiego\u00a0 towarzystwa naukowego dotycz\u0105c\u0105 przyznania Nagr\u00f3d Nobla. Dokonania noblist\u00f3w i noblistek ( czasem odkrycie i nagrod\u0119 dzieli wiele lat) s\u0105 na og\u00f3\u0142 ma\u0142o zrozumia\u0142e dla nie-specjalist\u00f3w, a o nagrodzonych pisarzach nie s\u0142yszeli czasem nawet literaturoznawcy. Najbardziej przyst\u0119pna (chocia\u017c cz\u0119sto najbardziej kontrowersyjna) jest Pokojowa Nagroda Nobla. Nie zmienia to faktu, \u017ce uhonorowane odkrycia zmieniaj\u0105 \u015bwiat. Celem proponowanego modu\u0142u jest nie tylko zapoznanie uczestnik\u00f3w z dokonaniami noblist\u00f3w, ale przedstawienie, dlaczego s\u0105 one wa\u017cne dla naukowc\u00f3w i dla ludzi spoza akademii. \r\n                                <div class=\"mt-3\"><\/div>\r\n                            <\/div>\r\n                            \r\n                            \r\n                        <\/div>\r\n                    <\/div>\r\n                <\/div>[\/vc_column][\/vc_row]<\/p>","protected":false},"excerpt":{"rendered":"<p>[vc_row el_class=&#8221;container&#8221;][vc_column][\/vc_column][\/vc_row] [&#8230;]<\/p>\n<p><a class=\"btn btn-secondary understrap-read-more-link\" href=\"https:\/\/us.edu.pl\/kolegium\/kdo\/ksztalcenie-obszarowe\/tydzien-projektowy-2024\/zrozumiec-noblistow\/\">Read More&#8230;<\/a><\/p>\n","protected":false},"author":6720,"featured_media":0,"parent":530,"menu_order":0,"comment_status":"closed","ping_status":"closed","template":"","meta":{"_expiration-date-status":"","_expiration-date":0,"_expiration-date-type":"","_expiration-date-categories":[],"_expiration-date-options":[]},"acf":[],"_links":{"self":[{"href":"https:\/\/us.edu.pl\/kolegium\/kdo\/wp-json\/wp\/v2\/pages\/3657"}],"collection":[{"href":"https:\/\/us.edu.pl\/kolegium\/kdo\/wp-json\/wp\/v2\/pages"}],"about":[{"href":"https:\/\/us.edu.pl\/kolegium\/kdo\/wp-json\/wp\/v2\/types\/page"}],"author":[{"embeddable":true,"href":"https:\/\/us.edu.pl\/kolegium\/kdo\/wp-json\/wp\/v2\/users\/6720"}],"replies":[{"embeddable":true,"href":"https:\/\/us.edu.pl\/kolegium\/kdo\/wp-json\/wp\/v2\/comments?post=3657"}],"version-history":[{"count":5,"href":"https:\/\/us.edu.pl\/kolegium\/kdo\/wp-json\/wp\/v2\/pages\/3657\/revisions"}],"predecessor-version":[{"id":8032,"href":"https:\/\/us.edu.pl\/kolegium\/kdo\/wp-json\/wp\/v2\/pages\/3657\/revisions\/8032"}],"up":[{"embeddable":true,"href":"https:\/\/us.edu.pl\/kolegium\/kdo\/wp-json\/wp\/v2\/pages\/530"}],"wp:attachment":[{"href":"https:\/\/us.edu.pl\/kolegium\/kdo\/wp-json\/wp\/v2\/media?parent=3657"}],"curies":[{"name":"wp","href":"https:\/\/api.w.org\/{rel}","templated":true}]}}