{"id":3681,"date":"2025-01-20T12:40:25","date_gmt":"2025-01-20T11:40:25","guid":{"rendered":"https:\/\/us.edu.pl\/kolegium\/kdo\/?page_id=3681"},"modified":"2025-01-22T09:10:08","modified_gmt":"2025-01-22T08:10:08","slug":"nauka-i-sztuka","status":"publish","type":"page","link":"https:\/\/us.edu.pl\/kolegium\/kdo\/ksztalcenie-obszarowe\/tydzien-projektowy-2024\/nauka-i-sztuka\/","title":{"rendered":"Nauka i sztuka"},"content":{"rendered":"<p>[vc_row el_class=&#8221;container&#8221;][vc_column]\r\n                <div class=\"text-modules \">\r\n                    <div class=\"container\">\r\n                        <h3 class=\"section-title section-title_border-bottom\">Nauka i sztuka<\/h3> \r\n                        <div class=\"row m-0\">\r\n                            <div class=\"text-modules__content\">\r\n                                <strong>Koordynatorka: dr Magdalena Wo\u0142ek<\/strong><\/p>\n<p>Nauka i sztuka to jedne z najwa\u017cniejszych, ale i najbardziej z\u0142o\u017conych, aktywno\u015bci cz\u0142owieka. Zrozumienie czym s\u0105, podobnie jak zrozumienie zachodz\u0105cych mi\u0119dzy nimi relacji stanowi wyzwanie.\u00a0 Zobaczymy na przyk\u0142adzie r\u00f3\u017cnych tekst\u00f3w kultury \u2013 od literatury, przez malarstwo, fotografi\u0119, muzyk\u0119, po filmy i kresk\u00f3wki \u2013 jak przedstawiana jest\u00a0nauka jej instytucje. Zastanowimy si\u0119\u00a0nad tym, w jakim stopniu praca naukowa przypomina praktyki artystyczne. Jak poznajemy \u015bwiat przez nauk\u0119, a jak (je\u015bli w og\u00f3le) dzi\u0119ki sztuce?\u00a0 Dowiemy si\u0119 czy ewolucja wp\u0142yn\u0119\u0142a na nasze gusta? Om\u00f3wimy rol\u0119 wyobra\u017ani w pracy artystycznej i naukowej oraz wp\u0142yw technologii na obie dziedziny. Zapytamy, czy sztuczna inteligencja mo\u017ce stworzy\u0107 dzie\u0142o sztuki i jakie to rodzi konsekwencje? W szczeg\u00f3lno\u015bci, pomy\u015blimy nad tym, dlaczego, teoria naukowa mo\u017ce by\u0107 pi\u0119kna, a dzie\u0142o sztuki prawdziwe? \r\n                                <div class=\"mt-3\"><\/div>\r\n                            <\/div>\r\n                            \r\n                            \r\n                        <\/div>\r\n                    <\/div>\r\n                <\/div>[\/vc_column][\/vc_row]<\/p>","protected":false},"excerpt":{"rendered":"<p>[vc_row el_class=&#8221;container&#8221;][vc_column][\/vc_column][\/vc_row] [&#8230;]<\/p>\n<p><a class=\"btn btn-secondary understrap-read-more-link\" href=\"https:\/\/us.edu.pl\/kolegium\/kdo\/ksztalcenie-obszarowe\/tydzien-projektowy-2024\/nauka-i-sztuka\/\">Read More&#8230;<\/a><\/p>\n","protected":false},"author":6720,"featured_media":0,"parent":530,"menu_order":0,"comment_status":"closed","ping_status":"closed","template":"","meta":{"_expiration-date-status":"","_expiration-date":0,"_expiration-date-type":"","_expiration-date-categories":[],"_expiration-date-options":[]},"acf":[],"_links":{"self":[{"href":"https:\/\/us.edu.pl\/kolegium\/kdo\/wp-json\/wp\/v2\/pages\/3681"}],"collection":[{"href":"https:\/\/us.edu.pl\/kolegium\/kdo\/wp-json\/wp\/v2\/pages"}],"about":[{"href":"https:\/\/us.edu.pl\/kolegium\/kdo\/wp-json\/wp\/v2\/types\/page"}],"author":[{"embeddable":true,"href":"https:\/\/us.edu.pl\/kolegium\/kdo\/wp-json\/wp\/v2\/users\/6720"}],"replies":[{"embeddable":true,"href":"https:\/\/us.edu.pl\/kolegium\/kdo\/wp-json\/wp\/v2\/comments?post=3681"}],"version-history":[{"count":2,"href":"https:\/\/us.edu.pl\/kolegium\/kdo\/wp-json\/wp\/v2\/pages\/3681\/revisions"}],"predecessor-version":[{"id":4169,"href":"https:\/\/us.edu.pl\/kolegium\/kdo\/wp-json\/wp\/v2\/pages\/3681\/revisions\/4169"}],"up":[{"embeddable":true,"href":"https:\/\/us.edu.pl\/kolegium\/kdo\/wp-json\/wp\/v2\/pages\/530"}],"wp:attachment":[{"href":"https:\/\/us.edu.pl\/kolegium\/kdo\/wp-json\/wp\/v2\/media?parent=3681"}],"curies":[{"name":"wp","href":"https:\/\/api.w.org\/{rel}","templated":true}]}}