{"id":371,"date":"2024-01-09T09:03:57","date_gmt":"2024-01-09T08:03:57","guid":{"rendered":"https:\/\/us.edu.pl\/kolegium\/kdo\/?page_id=371"},"modified":"2025-12-03T09:17:41","modified_gmt":"2025-12-03T08:17:41","slug":"nabor-projektow-modulow","status":"publish","type":"page","link":"https:\/\/us.edu.pl\/kolegium\/kdo\/omu\/ood\/nabor-projektow-modulow\/","title":{"rendered":"Nab\u00f3r projekt\u00f3w modu\u0142\u00f3w"},"content":{"rendered":"<p>[vc_row][vc_column]\r\n                <div class=\"text-modules \">\r\n                    <div class=\"container\">\r\n                        <h3 class=\"section-title section-title_border-bottom\">Nab\u00f3r modu\u0142\u00f3w do Og\u00f3lnoakademickiej Oferty Dydaktycznej (OOD) na rok akademicki 2026\/2027<\/h3> \r\n                        <div class=\"row m-0\">\r\n                            <div class=\"text-modules__content\">\r\n                                Kolegium Dydaktyki Og\u00f3lnouniwersyteckiej informuje, \u017ce 3 grudnia 2025 roku rozpocznie si\u0119 nab\u00f3r projekt\u00f3w modu\u0142\u00f3w do realizacji w roku akademickim 2026\/2027 w ramach Og\u00f3lnoakademickiej Oferty Dydaktycznej (OOD) dla studi\u00f3w drugiego stopnia.<br \/>\nKa\u017cdy\/a nauczyciel\/ka akademicki\/a \u2014 indywidualnie lub w zespole \u2014 mo\u017ce zg\u0142osi\u0107 propozycj\u0119 modu\u0142u, o ile spe\u0142nia ona kryteria okre\u015blone w <a href=\"https:\/\/us.edu.pl\/kolegium\/kdo\/wp-content\/uploads\/sites\/75\/OMU-i-OOD\/Warunki-naboru-modulow-do-Ogolnoakademickiej-Oferty-Dydaktycznej-OOD.pdf\" class=\"mtli_attachment mtli_pdf\">Warunkach naboru dla OOD na rok 2026\/2027<\/a> .<br \/>\nModu\u0142y mog\u0105 by\u0107 przygotowane w j\u0119zyku polskim j\u0119zyku obcym (nowo\u017cytnym). Zg\u0142aszaj\u0105cy mog\u0105 r\u00f3wnie\u017c wyrazi\u0107 gotowo\u015b\u0107 prowadzenia zaj\u0119\u0107 w jednym z tych j\u0119zyk\u00f3w, pozostawiaj\u0105c decyzj\u0119 Zespo\u0142owi ds. OMU.<\/p>\n<p>Prosimy o uwa\u017cne zapoznanie si\u0119 z wymaganiami formalnymi i merytorycznymi oraz o staranne przygotowanie projekt\u00f3w sylabus\u00f3w.<\/p>\n<p>Zach\u0119camy r\u00f3wnie\u017c do zapoznania si\u0119 z odpowiedziami na najcz\u0119\u015bciej zadawane pytania zamieszczone na stronie Kolegium Dydaktyki Og\u00f3lnouniwersyteckiej.<br \/>\nW razie jakichkolwiek pyta\u0144 prosimy o kontakt z <a href=\"https:\/\/us.edu.pl\/kolegium\/kdo\/omu\/omu\/zespol-ds-otwartych-modulow-uniwersyteckich-omu\/\">Zespo\u0142em ds. OMU<\/a> . \r\n                                <div class=\"mt-3\"><\/div>\r\n                            <\/div>\r\n                            \r\n                            \r\n                        <\/div>\r\n                    <\/div>\r\n                <\/div>[\/vc_column][\/vc_row]<\/p>","protected":false},"excerpt":{"rendered":"<p>[vc_row][vc_column][\/vc_column][\/vc_row] [&#8230;]<\/p>\n<p><a class=\"btn btn-secondary understrap-read-more-link\" href=\"https:\/\/us.edu.pl\/kolegium\/kdo\/omu\/ood\/nabor-projektow-modulow\/\">Read More&#8230;<\/a><\/p>\n","protected":false},"author":3047,"featured_media":369,"parent":350,"menu_order":2,"comment_status":"closed","ping_status":"closed","template":"page-templates\/inner-page-with-bookmarks.php","meta":{"_expiration-date-status":"","_expiration-date":0,"_expiration-date-type":"","_expiration-date-categories":[],"_expiration-date-options":[]},"acf":[],"_links":{"self":[{"href":"https:\/\/us.edu.pl\/kolegium\/kdo\/wp-json\/wp\/v2\/pages\/371"}],"collection":[{"href":"https:\/\/us.edu.pl\/kolegium\/kdo\/wp-json\/wp\/v2\/pages"}],"about":[{"href":"https:\/\/us.edu.pl\/kolegium\/kdo\/wp-json\/wp\/v2\/types\/page"}],"author":[{"embeddable":true,"href":"https:\/\/us.edu.pl\/kolegium\/kdo\/wp-json\/wp\/v2\/users\/3047"}],"replies":[{"embeddable":true,"href":"https:\/\/us.edu.pl\/kolegium\/kdo\/wp-json\/wp\/v2\/comments?post=371"}],"version-history":[{"count":10,"href":"https:\/\/us.edu.pl\/kolegium\/kdo\/wp-json\/wp\/v2\/pages\/371\/revisions"}],"predecessor-version":[{"id":8746,"href":"https:\/\/us.edu.pl\/kolegium\/kdo\/wp-json\/wp\/v2\/pages\/371\/revisions\/8746"}],"up":[{"embeddable":true,"href":"https:\/\/us.edu.pl\/kolegium\/kdo\/wp-json\/wp\/v2\/pages\/350"}],"wp:featuredmedia":[{"embeddable":true,"href":"https:\/\/us.edu.pl\/kolegium\/kdo\/wp-json\/wp\/v2\/media\/369"}],"wp:attachment":[{"href":"https:\/\/us.edu.pl\/kolegium\/kdo\/wp-json\/wp\/v2\/media?parent=371"}],"curies":[{"name":"wp","href":"https:\/\/api.w.org\/{rel}","templated":true}]}}