{"id":3749,"date":"2025-01-20T13:00:36","date_gmt":"2025-01-20T12:00:36","guid":{"rendered":"https:\/\/us.edu.pl\/kolegium\/kdo\/?page_id=3749"},"modified":"2025-01-22T09:09:28","modified_gmt":"2025-01-22T08:09:28","slug":"wyjscie-z-komfortocenu","status":"publish","type":"page","link":"https:\/\/us.edu.pl\/kolegium\/kdo\/ksztalcenie-obszarowe\/tydzien-projektowy-2024\/wyjscie-z-komfortocenu\/","title":{"rendered":"Wyj\u015bcie z komfortocenu"},"content":{"rendered":"<p>[vc_row el_class=&#8221;container&#8221;][vc_column]\r\n                <div class=\"text-modules \">\r\n                    <div class=\"container\">\r\n                        <h3 class=\"section-title section-title_border-bottom\">Wyj\u015bcie z komfortocenu<\/h3> \r\n                        <div class=\"row m-0\">\r\n                            <div class=\"text-modules__content\">\r\n                                <strong>Koordynatorka: dr hab. Joanna Wowrzeczka <\/strong><\/p>\n<p>Przed ka\u017cdym obywatelem, obywatelk\u0105 \u015bwiata konieczno\u015b\u0107 odej\u015bcia od komfortu opartego na dotychczasowym sposobie wykorzystywania dost\u0119pnych zasob\u00f3w, odej\u015bcia od \u017cycia nastawionego na komfort w ka\u017cdym wymiarze, przedefiniowanie dobrostanu. Czy kultura, sztuka wsp\u00f3\u0142czesna mog\u0105 by\u0107 w tej kwestii przewodnikami?<\/p>\n<p>Podczas wyk\u0142ad\u00f3w przybli\u017cone zostan\u0105 z r\u00f3\u017cnych perspektyw nauki zagadnienia zwi\u0105zane z tym, co z\u0142o\u017cy\u0142o si\u0119 na komfortocen, jak dosz\u0142o do podzia\u0142u \u015bwiata z uwagi na komfort, czy mamy pomys\u0142y na gospodark\u0119 przysz\u0142o\u015bci, gdzie odnajdziemy nowe \u017ar\u00f3d\u0142a optymizmu, jak poradzi\u0107 sobie z kryzysami oraz sytuacj\u0105 niedoboru.<\/p>\n<p>\u0106wiczenia maj\u0105 s\u0142u\u017cy\u0107 wyj\u015bciu z utartych \u015bcie\u017cek post\u0119powania, kolein przyzwyczaje\u0144, maj\u0105 pobudzi\u0107 wyobra\u017ani\u0119 za pomoc\u0105 sztuki wsp\u00f3\u0142czesnej. \r\n                                <div class=\"mt-3\"><\/div>\r\n                            <\/div>\r\n                            \r\n                            \r\n                        <\/div>\r\n                    <\/div>\r\n                <\/div>[\/vc_column][\/vc_row]<\/p>","protected":false},"excerpt":{"rendered":"<p>[vc_row el_class=&#8221;container&#8221;][vc_column][\/vc_column][\/vc_row] [&#8230;]<\/p>\n<p><a class=\"btn btn-secondary understrap-read-more-link\" href=\"https:\/\/us.edu.pl\/kolegium\/kdo\/ksztalcenie-obszarowe\/tydzien-projektowy-2024\/wyjscie-z-komfortocenu\/\">Read More&#8230;<\/a><\/p>\n","protected":false},"author":6720,"featured_media":0,"parent":530,"menu_order":0,"comment_status":"closed","ping_status":"closed","template":"","meta":{"_expiration-date-status":"","_expiration-date":0,"_expiration-date-type":"","_expiration-date-categories":[],"_expiration-date-options":[]},"acf":[],"_links":{"self":[{"href":"https:\/\/us.edu.pl\/kolegium\/kdo\/wp-json\/wp\/v2\/pages\/3749"}],"collection":[{"href":"https:\/\/us.edu.pl\/kolegium\/kdo\/wp-json\/wp\/v2\/pages"}],"about":[{"href":"https:\/\/us.edu.pl\/kolegium\/kdo\/wp-json\/wp\/v2\/types\/page"}],"author":[{"embeddable":true,"href":"https:\/\/us.edu.pl\/kolegium\/kdo\/wp-json\/wp\/v2\/users\/6720"}],"replies":[{"embeddable":true,"href":"https:\/\/us.edu.pl\/kolegium\/kdo\/wp-json\/wp\/v2\/comments?post=3749"}],"version-history":[{"count":3,"href":"https:\/\/us.edu.pl\/kolegium\/kdo\/wp-json\/wp\/v2\/pages\/3749\/revisions"}],"predecessor-version":[{"id":4161,"href":"https:\/\/us.edu.pl\/kolegium\/kdo\/wp-json\/wp\/v2\/pages\/3749\/revisions\/4161"}],"up":[{"embeddable":true,"href":"https:\/\/us.edu.pl\/kolegium\/kdo\/wp-json\/wp\/v2\/pages\/530"}],"wp:attachment":[{"href":"https:\/\/us.edu.pl\/kolegium\/kdo\/wp-json\/wp\/v2\/media?parent=3749"}],"curies":[{"name":"wp","href":"https:\/\/api.w.org\/{rel}","templated":true}]}}