{"id":3797,"date":"2025-01-20T13:39:11","date_gmt":"2025-01-20T12:39:11","guid":{"rendered":"https:\/\/us.edu.pl\/kolegium\/kdo\/?page_id=3797"},"modified":"2025-01-22T09:09:07","modified_gmt":"2025-01-22T08:09:07","slug":"tworzenie-cyfrowych-swiatow","status":"publish","type":"page","link":"https:\/\/us.edu.pl\/kolegium\/kdo\/ksztalcenie-obszarowe\/tydzien-projektowy-2024\/tworzenie-cyfrowych-swiatow\/","title":{"rendered":"Tworzenie cyfrowych \u015bwiat\u00f3w"},"content":{"rendered":"<p>[vc_row el_class=&#8221;container&#8221;][vc_column]\r\n                <div class=\"text-modules \">\r\n                    <div class=\"container\">\r\n                        <h3 class=\"section-title section-title_border-bottom\">Tworzenie cyfrowych \u015bwiat\u00f3w<\/h3> \r\n                        <div class=\"row m-0\">\r\n                            <div class=\"text-modules__content\">\r\n                                <strong>Koordynator modu\u0142u: dr hab. Micha\u0142 K\u0142osi\u0144ski, prof. U\u015a<\/strong><\/p>\n<p>Tworzenie Cyfrowych \u015awiat\u00f3w to zaj\u0119cia praktyczne o profilu humanistycznym skierowane do os\u00f3b studenckich zainteresowanych projektowaniem \u015bwiat\u00f3w cyfrowych (serial, gra) i analogowych (gra planszowa, \u015bwiat RPG) z u\u017cyciem nowoczesnych narz\u0119dzi.<\/p>\n<p>Celem kursu jest \u0107wiczenie kompetencji zwi\u0105zanych z projektowaniem rozwi\u0105za\u0144 zaanga\u017cowanych spo\u0142ecznie, rozwijanie my\u015blenia o \u015bwiatotw\u00f3rstwie jako kreatywnej przestrzeni rozwi\u0105zywania problem\u00f3w, budowania umiej\u0119tno\u015bci pracy w zespole, lepszego zrozumienia otaczaj\u0105cego \u015bwiata.<\/p>\n<p>Zaj\u0119cia projektowe uzupe\u0142nione zosta\u0142y wyk\u0142adami po\u015bwi\u0119conymi teorii oraz krytycznym aspektom \u015bwiatotw\u00f3rstwa, jak r\u00f3wnie\u017c praktycznym aspektom tworzenia \u015bwiat\u00f3w przy u\u017cyciu narz\u0119dzi cyfrowych, antropologii i narratologii. Kurs \u0142\u0105czy zatem zagadnienia krytyczne zwi\u0105zane z tym co i jak mediuj\u0105 wsp\u00f3\u0142czesne \u015bwiaty cyfrowe z \u0107wiczeniem umiej\u0119tno\u015bci projektowania w\u0142asnych \u015bwiat\u00f3w.<\/p>\n<p>Kurs obejmuje przeprowadzenie grupowych projekt\u00f3w \u015bwiatotw\u00f3rczych od fazy projektowania do stworzenia Game Design Document \/ project pitch. Osoby studenckie poznaj\u0105 podstawowe metody pracy zespo\u0142owej, stworz\u0105 dokument projektowy (design document), oraz wypracuj\u0105 autorski projekt fikcyjnego \u015bwiata. \r\n                                <div class=\"mt-3\"><\/div>\r\n                            <\/div>\r\n                            \r\n                            \r\n                        <\/div>\r\n                    <\/div>\r\n                <\/div>[\/vc_column][\/vc_row]<\/p>","protected":false},"excerpt":{"rendered":"<p>[vc_row el_class=&#8221;container&#8221;][vc_column][\/vc_column][\/vc_row] [&#8230;]<\/p>\n<p><a class=\"btn btn-secondary understrap-read-more-link\" href=\"https:\/\/us.edu.pl\/kolegium\/kdo\/ksztalcenie-obszarowe\/tydzien-projektowy-2024\/tworzenie-cyfrowych-swiatow\/\">Read More&#8230;<\/a><\/p>\n","protected":false},"author":6720,"featured_media":0,"parent":530,"menu_order":0,"comment_status":"closed","ping_status":"closed","template":"","meta":{"_expiration-date-status":"","_expiration-date":0,"_expiration-date-type":"","_expiration-date-categories":[],"_expiration-date-options":[]},"acf":[],"_links":{"self":[{"href":"https:\/\/us.edu.pl\/kolegium\/kdo\/wp-json\/wp\/v2\/pages\/3797"}],"collection":[{"href":"https:\/\/us.edu.pl\/kolegium\/kdo\/wp-json\/wp\/v2\/pages"}],"about":[{"href":"https:\/\/us.edu.pl\/kolegium\/kdo\/wp-json\/wp\/v2\/types\/page"}],"author":[{"embeddable":true,"href":"https:\/\/us.edu.pl\/kolegium\/kdo\/wp-json\/wp\/v2\/users\/6720"}],"replies":[{"embeddable":true,"href":"https:\/\/us.edu.pl\/kolegium\/kdo\/wp-json\/wp\/v2\/comments?post=3797"}],"version-history":[{"count":2,"href":"https:\/\/us.edu.pl\/kolegium\/kdo\/wp-json\/wp\/v2\/pages\/3797\/revisions"}],"predecessor-version":[{"id":4157,"href":"https:\/\/us.edu.pl\/kolegium\/kdo\/wp-json\/wp\/v2\/pages\/3797\/revisions\/4157"}],"up":[{"embeddable":true,"href":"https:\/\/us.edu.pl\/kolegium\/kdo\/wp-json\/wp\/v2\/pages\/530"}],"wp:attachment":[{"href":"https:\/\/us.edu.pl\/kolegium\/kdo\/wp-json\/wp\/v2\/media?parent=3797"}],"curies":[{"name":"wp","href":"https:\/\/api.w.org\/{rel}","templated":true}]}}