{"id":380,"date":"2024-01-09T09:09:32","date_gmt":"2024-01-09T08:09:32","guid":{"rendered":"https:\/\/us.edu.pl\/kolegium\/kdo\/?page_id=380"},"modified":"2025-12-01T14:11:40","modified_gmt":"2025-12-01T13:11:40","slug":"dokumenty","status":"publish","type":"page","link":"https:\/\/us.edu.pl\/kolegium\/kdo\/omu\/ood\/dokumenty\/","title":{"rendered":"Dokumenty"},"content":{"rendered":"<p>[vc_row][vc_column]\r\n                <div class=\"text-modules\">\r\n                    <div class=\"container\">\r\n                        <h3 class=\"page-title text__title\">Dokumenty<\/h3>\r\n                        <div class=\"text-modules__content\"><\/p>\n<ul>\n<li><a href=\"https:\/\/aktyprawne.us.edu.pl\/d\/6396\/5\/\" target=\"_blank\" rel=\"noopener\">Uchwa\u0142a nr 385\/2023 Senatu U\u015a w sprawie wytycznych dotycz\u0105cych wymaga\u0144 w zakresie tworzenia i zmiany program\u00f3w studi\u00f3w prowadzonych w Uniwersytecie \u015al\u0105skim w Katowicach<\/a><\/li>\n<li><a href=\"https:\/\/aktyprawne.us.edu.pl\/423-lista\/d\/6763\/5\/\" target=\"_blank\" rel=\"noopener\">Zarz\u0105dzenie nr 166 Rektora Uniwersytetu \u015al\u0105skiego w Katowicach z dnia 24 pa\u017adziernika 2023 r. w sprawie sposobu organizacji zaj\u0119\u0107 w ramach Otwartych Modu\u0142\u00f3w Uniwersyteckich (OMU) i Og\u00f3lnoakademickiej Oferty Dydaktycznej (OOD)<\/a><\/li>\n<li><a href=\"https:\/\/us.edu.pl\/kolegium\/kdo\/wp-content\/uploads\/sites\/75\/Bez-kategorii\/2024.01.15-regulamin-konkursu-OOD-2024.pdf\" class=\"mtli_attachment mtli_pdf\" class=\"mtli_attachment mtli_pdf\" target=\"_blank\" rel=\"noopener\">Regulamin konkursu na modu\u0142y realizowane w ramach Og\u00f3lnoakademickiej Oferty Dydaktycznej w roku akademickim 2024\/2025<\/a><\/li>\n<li><a href=\"https:\/\/us.edu.pl\/kolegium\/kdo\/wp-content\/uploads\/sites\/75\/2025\/01\/Warunki-naboru-modulow-do-Ogolnoakademickiej-Oferty-Dydaktycznej-OOD-w-roku-akademickim-2025-26-1.pdf\" class=\"mtli_attachment mtli_pdf\" class=\"mtli_attachment mtli_pdf\">Warunki naboru modu\u0142\u00f3w do Og\u00f3lnoakademickiej Oferty Dydaktycznej (OOD) w roku akademickim 2025\/2026<\/a><\/li>\n<li><a href=\"https:\/\/us.edu.pl\/kolegium\/kdo\/wp-content\/uploads\/sites\/75\/OMU-i-OOD\/Warunki-naboru-modulow-do-Ogolnoakademickiej-Oferty-Dydaktycznej-OOD.pdf\" class=\"mtli_attachment mtli_pdf\" class=\"mtli_attachment mtli_pdf\">Warunki naboru modu\u0142\u00f3w Og\u00f3lnoakademickiej Oferty Dydaktycznej (OOD) w roku akademickim 2026\/2027<\/a><\/li>\n<\/ul>\n<p>\n<\/div>\r\n                    <\/div>\r\n                <\/div>[\/vc_column][\/vc_row][vc_row][vc_column][\/vc_column][\/vc_row]<\/p>","protected":false},"excerpt":{"rendered":"<p>[vc_row][vc_column][\/vc_column][\/vc_row][vc_row][vc_column][\/vc_column][\/vc_row] [&#8230;]<\/p>\n<p><a class=\"btn btn-secondary understrap-read-more-link\" href=\"https:\/\/us.edu.pl\/kolegium\/kdo\/omu\/ood\/dokumenty\/\">Read More&#8230;<\/a><\/p>\n","protected":false},"author":3047,"featured_media":369,"parent":350,"menu_order":3,"comment_status":"closed","ping_status":"closed","template":"page-templates\/inner-page-with-bookmarks.php","meta":{"_expiration-date-status":"","_expiration-date":0,"_expiration-date-type":"","_expiration-date-categories":[],"_expiration-date-options":[]},"acf":[],"_links":{"self":[{"href":"https:\/\/us.edu.pl\/kolegium\/kdo\/wp-json\/wp\/v2\/pages\/380"}],"collection":[{"href":"https:\/\/us.edu.pl\/kolegium\/kdo\/wp-json\/wp\/v2\/pages"}],"about":[{"href":"https:\/\/us.edu.pl\/kolegium\/kdo\/wp-json\/wp\/v2\/types\/page"}],"author":[{"embeddable":true,"href":"https:\/\/us.edu.pl\/kolegium\/kdo\/wp-json\/wp\/v2\/users\/3047"}],"replies":[{"embeddable":true,"href":"https:\/\/us.edu.pl\/kolegium\/kdo\/wp-json\/wp\/v2\/comments?post=380"}],"version-history":[{"count":9,"href":"https:\/\/us.edu.pl\/kolegium\/kdo\/wp-json\/wp\/v2\/pages\/380\/revisions"}],"predecessor-version":[{"id":8665,"href":"https:\/\/us.edu.pl\/kolegium\/kdo\/wp-json\/wp\/v2\/pages\/380\/revisions\/8665"}],"up":[{"embeddable":true,"href":"https:\/\/us.edu.pl\/kolegium\/kdo\/wp-json\/wp\/v2\/pages\/350"}],"wp:featuredmedia":[{"embeddable":true,"href":"https:\/\/us.edu.pl\/kolegium\/kdo\/wp-json\/wp\/v2\/media\/369"}],"wp:attachment":[{"href":"https:\/\/us.edu.pl\/kolegium\/kdo\/wp-json\/wp\/v2\/media?parent=380"}],"curies":[{"name":"wp","href":"https:\/\/api.w.org\/{rel}","templated":true}]}}