{"id":382,"date":"2024-01-09T09:21:19","date_gmt":"2024-01-09T08:21:19","guid":{"rendered":"https:\/\/us.edu.pl\/kolegium\/kdo\/?page_id=382"},"modified":"2025-12-01T16:30:56","modified_gmt":"2025-12-01T15:30:56","slug":"zespol-ds-otwartych-modulow-uniwersyteckich-omu","status":"publish","type":"page","link":"https:\/\/us.edu.pl\/kolegium\/kdo\/omu\/ood\/zespol-ds-otwartych-modulow-uniwersyteckich-omu\/","title":{"rendered":"Zesp\u00f3\u0142 ds. Otwartych Modu\u0142\u00f3w Uniwersyteckich (OMU)"},"content":{"rendered":"<p>[vc_row][vc_column]\r\n                <div class=\"text-modules\">\r\n                    <div class=\"container\">\r\n                        <h3 class=\"page-title text__title\">Sk\u0142ad Zespo\u0142u ds. Otwartych Modu\u0142\u00f3w Uniwersyteckich (OMU)<\/h3>\r\n                        <div class=\"text-modules__content\"><p><strong>Koordynatorka Zespo\u0142u: <\/strong><\/p>\n<p>dr Marta Margiel<\/p>\n<p><strong>Zast\u0119pczyni koordynatorki<\/strong><\/p>\n<p>dr Katarzyna Balin, prof. U\u015a<\/p>\n<p>&nbsp;<\/p>\n<p><strong>Cz\u0142onkowie i Cz\u0142onkinie Zespo\u0142u:<\/strong><\/p>\n<ul>\n<li>dr hab. Agnieszka BABCZY\u0143SKA, prof. U\u015a,<\/li>\n<li>dr Bernard GRZONKA, prof. U\u015a,<\/li>\n<li>dr hab. Witold KUROWSKI, prof. U\u015a,<\/li>\n<li>dr hab. Jolanta SKUTNIK, prof. U\u015a,<\/li>\n<li>dr Katarzyna SUJKOWSKA, prof. U\u015a,<\/li>\n<li>dr Anna SZCZERBA-ZUBEK, prof. U\u015a.<\/li>\n<\/ul>\n<p><strong>\u00a0<\/strong><\/p>\n<p><strong>Opieka administracyjna:<\/strong><\/p>\n<p>mgr Karol SIKORA, Dzia\u0142 Jako\u015bci i Analiz Strategicznych<\/p>\n<p>&nbsp;<\/p>\n<p><strong>Zesp\u00f3\u0142 funkcjonowa\u0142 wcze\u015bniej jako Rada OOD<\/strong><\/p>\n<p><em>Zgodnie z <a href=\"https:\/\/aktyprawne.us.edu.pl\/423-lista\/d\/6763\/5\/\" target=\"_blank\" rel=\"noopener\">Zarz\u0105dzeniem nr 166 Rektora Uniwersytetu \u015al\u0105skiego w Katowicach z dnia 24 pa\u017adziernika 2023 r. w sprawie sposobu organizacji zaj\u0119\u0107 w ramach Otwartych Modu\u0142\u00f3w Uniwersyteckich (OMU) i Og\u00f3lnoakademickiej Oferty Dydaktycznej (OOD)<\/a> dotychczasowa Rada OOD staje si\u0119 Zespo\u0142em ds. OMU i staje si\u0119 cz\u0119\u015bci\u0105 Kolegium Dydaktyki Og\u00f3lnouniwersyteckiej (KDO).<\/em><\/p>\n<p><em>Rad\u0119 Og\u00f3lnoakademickiej Oferty Dydaktycznej powo\u0142a\u0142 Rektor Uniwersytetu \u015al\u0105skiego w dniu 14 wrze\u015bnia 2021 roku, na podstawie \u00a714 ust.3 Statutu Uniwersytetu \u015al\u0105skiego w Katowicach oraz\u00a0 \u00a73 zarz\u0105dzenia nr 155 Rektora Uniwersytetu \u015al\u0105skiego\u00a0 w Katowicach z dnia 13 wrze\u015bnia 2021 roku.<\/em><\/p>\n<\/div>\r\n                    <\/div>\r\n                <\/div>[\/vc_column][\/vc_row][vc_row][vc_column][\/vc_column][\/vc_row]<\/p>","protected":false},"excerpt":{"rendered":"<p>[vc_row][vc_column][\/vc_column][\/vc_row][vc_row][vc_column][\/vc_column][\/vc_row] [&#8230;]<\/p>\n<p><a class=\"btn btn-secondary understrap-read-more-link\" href=\"https:\/\/us.edu.pl\/kolegium\/kdo\/omu\/ood\/zespol-ds-otwartych-modulow-uniwersyteckich-omu\/\">Read More&#8230;<\/a><\/p>\n","protected":false},"author":3047,"featured_media":369,"parent":350,"menu_order":5,"comment_status":"closed","ping_status":"closed","template":"page-templates\/inner-page-with-bookmarks.php","meta":{"_expiration-date-status":"","_expiration-date":0,"_expiration-date-type":"","_expiration-date-categories":[],"_expiration-date-options":[]},"acf":[],"_links":{"self":[{"href":"https:\/\/us.edu.pl\/kolegium\/kdo\/wp-json\/wp\/v2\/pages\/382"}],"collection":[{"href":"https:\/\/us.edu.pl\/kolegium\/kdo\/wp-json\/wp\/v2\/pages"}],"about":[{"href":"https:\/\/us.edu.pl\/kolegium\/kdo\/wp-json\/wp\/v2\/types\/page"}],"author":[{"embeddable":true,"href":"https:\/\/us.edu.pl\/kolegium\/kdo\/wp-json\/wp\/v2\/users\/3047"}],"replies":[{"embeddable":true,"href":"https:\/\/us.edu.pl\/kolegium\/kdo\/wp-json\/wp\/v2\/comments?post=382"}],"version-history":[{"count":4,"href":"https:\/\/us.edu.pl\/kolegium\/kdo\/wp-json\/wp\/v2\/pages\/382\/revisions"}],"predecessor-version":[{"id":8688,"href":"https:\/\/us.edu.pl\/kolegium\/kdo\/wp-json\/wp\/v2\/pages\/382\/revisions\/8688"}],"up":[{"embeddable":true,"href":"https:\/\/us.edu.pl\/kolegium\/kdo\/wp-json\/wp\/v2\/pages\/350"}],"wp:featuredmedia":[{"embeddable":true,"href":"https:\/\/us.edu.pl\/kolegium\/kdo\/wp-json\/wp\/v2\/media\/369"}],"wp:attachment":[{"href":"https:\/\/us.edu.pl\/kolegium\/kdo\/wp-json\/wp\/v2\/media?parent=382"}],"curies":[{"name":"wp","href":"https:\/\/api.w.org\/{rel}","templated":true}]}}